{"id":14083,"date":"2025-07-28T05:08:04","date_gmt":"2025-07-28T05:08:04","guid":{"rendered":"https:\/\/toprisesafety.com\/?post_type=product&#038;p=14083"},"modified":"2025-07-28T07:04:21","modified_gmt":"2025-07-28T07:04:21","slug":"motorized-aluminum-louvered-pergola","status":"publish","type":"product","link":"https:\/\/toprisesafety.com\/fr\/produit\/motorized-aluminum-louvered-pergola\/","title":{"rendered":"Pergola motoris\u00e9e \u00e0 persiennes en aluminium"},"content":{"rendered":"<h1><strong><b>Pergola motoris\u00e9e \u00e0 persiennes en aluminium<\/b><\/strong><\/h1>\n<p>La pergola \u00e0 lamelles motoris\u00e9es en aluminium est un syst\u00e8me d'ombrage ext\u00e9rieur moderne con\u00e7u pour un confort et un style par tous les temps. Fabriqu\u00e9e en aluminium thermolaqu\u00e9 de haute qualit\u00e9, elle est dot\u00e9e de persiennes r\u00e9glables qui s'orientent \u00e0 l'aide d'une t\u00e9l\u00e9commande pour laisser entrer la lumi\u00e8re du soleil ou bloquer la pluie. Id\u00e9ale pour les patios, les jardins, les restaurants et les espaces commerciaux, cette pergola allie durabilit\u00e9, \u00e9l\u00e9gance et fonctionnalit\u00e9 intelligente. Elle offre une excellente protection contre le soleil, le vent et la pluie, am\u00e9liorant ainsi votre exp\u00e9rience de vie en plein air tout au long de l'ann\u00e9e. Des \u00e9crans lat\u00e9raux, des \u00e9clairages et des syst\u00e8mes de chauffage sont \u00e9galement disponibles en option pour une personnalisation compl\u00e8te.<\/p>\n<table>\n<tbody>\n<tr>\n<td width=\"78\"><strong><b>Mod\u00e8le de produit<\/b><\/strong><\/td>\n<td width=\"125\"><strong><b>HR-147<\/b><\/strong><\/td>\n<td width=\"152\"><strong><b>HR-163<\/b><\/strong><\/td>\n<td width=\"128\"><strong><b>HR-175<\/b><\/strong><\/td>\n<td width=\"138\"><strong><b>HR-180<\/b><\/strong><\/td>\n<td width=\"131\"><strong><b>HR-220<\/b><\/strong><\/td>\n<\/tr>\n<tr>\n<td width=\"78\">Pic.<\/td>\n<td width=\"125\"><img decoding=\"async\" class=\"alignnone size-full wp-image-14084\" src=\"https:\/\/toprisesafety.com\/wp-content\/uploads\/2025\/07\/\u56fe\u72471.png\" alt=\"\" width=\"120\" height=\"96\" \/><\/td>\n<td width=\"152\"><img decoding=\"async\" class=\"alignnone size-full wp-image-14085\" src=\"https:\/\/toprisesafety.com\/wp-content\/uploads\/2025\/07\/\u56fe\u72472.png\" alt=\"\" width=\"125\" height=\"93\" \/><\/td>\n<td width=\"128\"><img decoding=\"async\" class=\"alignnone size-full wp-image-14086\" src=\"https:\/\/toprisesafety.com\/wp-content\/uploads\/2025\/07\/\u56fe\u72473.png\" alt=\"\" width=\"124\" height=\"93\" \/><\/td>\n<td width=\"138\"><img loading=\"lazy\" decoding=\"async\" class=\"alignnone size-full wp-image-14087\" src=\"https:\/\/toprisesafety.com\/wp-content\/uploads\/2025\/07\/\u56fe\u72474.png\" alt=\"\" width=\"122\" height=\"87\" \/><\/td>\n<td width=\"131\"><img loading=\"lazy\" decoding=\"async\" class=\"alignnone size-full wp-image-14088\" src=\"https:\/\/toprisesafety.com\/wp-content\/uploads\/2025\/07\/\u56fe\u72475.png\" alt=\"\" width=\"124\" height=\"90\" \/><\/td>\n<\/tr>\n<tr>\n<td width=\"78\">Piliers optionnels<\/td>\n<td colspan=\"2\" width=\"277\">120 mm, 150 mm, 180 mm<\/td>\n<td colspan=\"3\" width=\"398\">150 mm, 180 mm<\/td>\n<\/tr>\n<tr>\n<td width=\"78\">Poutrelles en option<\/td>\n<td colspan=\"2\" width=\"277\">Poutre int\u00e9gr\u00e9e de 152 mm, poutre divis\u00e9e de 175 mm<\/td>\n<td colspan=\"2\" width=\"267\">Poutre fendue de 175 mm<\/td>\n<td width=\"131\">Poutre fendue de 280 mm<\/td>\n<\/tr>\n<tr>\n<td width=\"78\">Persiennes en option<\/td>\n<td width=\"125\">147 persiennes \u00e0 simple couche, 147 persiennes \u00e0 double couche<\/td>\n<td width=\"152\">163 persienne double plate, 163 persienne double inclin\u00e9e, 163 persienne trap\u00e9zo\u00efdale \u00e0 une couche<\/td>\n<td width=\"128\">175 persiennes<\/td>\n<td width=\"138\">181 persiennes<\/td>\n<td width=\"131\">220 persiennes<\/td>\n<\/tr>\n<\/tbody>\n<\/table>\n<p>Pergola motoris\u00e9e \u00e0 persiennes en aluminium<\/p>\n<h2 data-start=\"122\" data-end=\"224\"><img loading=\"lazy\" decoding=\"async\" class=\"alignnone size-medium wp-image-14093\" src=\"https:\/\/toprisesafety.com\/wp-content\/uploads\/2025\/07\/Motorized-Aluminum-Louvered-Pergola-1-1-300x300.jpg\" alt=\"\" width=\"300\" height=\"300\" srcset=\"https:\/\/toprisesafety.com\/wp-content\/uploads\/2025\/07\/Motorized-Aluminum-Louvered-Pergola-1-1-300x300.jpg 300w, https:\/\/toprisesafety.com\/wp-content\/uploads\/2025\/07\/Motorized-Aluminum-Louvered-Pergola-1-1-1024x1024.jpg 1024w, https:\/\/toprisesafety.com\/wp-content\/uploads\/2025\/07\/Motorized-Aluminum-Louvered-Pergola-1-1-150x150.jpg 150w, https:\/\/toprisesafety.com\/wp-content\/uploads\/2025\/07\/Motorized-Aluminum-Louvered-Pergola-1-1-768x768.jpg 768w, https:\/\/toprisesafety.com\/wp-content\/uploads\/2025\/07\/Motorized-Aluminum-Louvered-Pergola-1-1-1536x1536.jpg 1536w, https:\/\/toprisesafety.com\/wp-content\/uploads\/2025\/07\/Motorized-Aluminum-Louvered-Pergola-1-1-2048x2048.jpg 2048w, https:\/\/toprisesafety.com\/wp-content\/uploads\/2025\/07\/Motorized-Aluminum-Louvered-Pergola-1-1-600x600.jpg 600w, https:\/\/toprisesafety.com\/wp-content\/uploads\/2025\/07\/Motorized-Aluminum-Louvered-Pergola-1-1-100x100.jpg 100w\" sizes=\"(max-width: 300px) 100vw, 300px\" \/><img loading=\"lazy\" decoding=\"async\" class=\"alignnone size-medium wp-image-14094\" src=\"https:\/\/toprisesafety.com\/wp-content\/uploads\/2025\/07\/Motorized-Aluminum-Louvered-Pergola-4-300x300.jpg\" alt=\"\" width=\"300\" height=\"300\" srcset=\"https:\/\/toprisesafety.com\/wp-content\/uploads\/2025\/07\/Motorized-Aluminum-Louvered-Pergola-4-300x300.jpg 300w, https:\/\/toprisesafety.com\/wp-content\/uploads\/2025\/07\/Motorized-Aluminum-Louvered-Pergola-4-1024x1024.jpg 1024w, https:\/\/toprisesafety.com\/wp-content\/uploads\/2025\/07\/Motorized-Aluminum-Louvered-Pergola-4-150x150.jpg 150w, https:\/\/toprisesafety.com\/wp-content\/uploads\/2025\/07\/Motorized-Aluminum-Louvered-Pergola-4-768x768.jpg 768w, https:\/\/toprisesafety.com\/wp-content\/uploads\/2025\/07\/Motorized-Aluminum-Louvered-Pergola-4-1536x1536.jpg 1536w, https:\/\/toprisesafety.com\/wp-content\/uploads\/2025\/07\/Motorized-Aluminum-Louvered-Pergola-4-2048x2048.jpg 2048w, https:\/\/toprisesafety.com\/wp-content\/uploads\/2025\/07\/Motorized-Aluminum-Louvered-Pergola-4-600x600.jpg 600w, https:\/\/toprisesafety.com\/wp-content\/uploads\/2025\/07\/Motorized-Aluminum-Louvered-Pergola-4-100x100.jpg 100w\" sizes=\"(max-width: 300px) 100vw, 300px\" \/><\/h2>\n<h2 data-start=\"122\" data-end=\"224\">Pourquoi choisir <strong data-start=\"139\" data-end=\"157\">Ningbo Toprise<\/strong> en tant que fabricant de pergolas en Chine ?<\/h2>\n<ul data-start=\"226\" data-end=\"1210\">\n<li data-start=\"226\" data-end=\"332\">\n<p data-start=\"228\" data-end=\"332\">\u2705 <strong data-start=\"230\" data-end=\"264\">Plus de 15 ans d'exp\u00e9rience dans l'exportation<\/strong><br data-start=\"264\" data-end=\"267\" \/>Fournisseur de confiance de syst\u00e8mes d'ombrage ext\u00e9rieurs pour des clients internationaux.<\/p>\n<\/li>\n<li data-start=\"334\" data-end=\"441\">\n<p data-start=\"336\" data-end=\"441\">\u2705 <strong data-start=\"338\" data-end=\"363\">Approvisionnement direct de l'usine<\/strong><br data-start=\"363\" data-end=\"366\" \/>Prix comp\u00e9titifs, d\u00e9lais de livraison rapides et contr\u00f4le de qualit\u00e9 interne strict.<\/p>\n<\/li>\n<li data-start=\"443\" data-end=\"544\">\n<p data-start=\"445\" data-end=\"544\">\u2705 <strong data-start=\"447\" data-end=\"468\">Mat\u00e9riaux durables<\/strong><br data-start=\"468\" data-end=\"471\" \/>Aluminium de qualit\u00e9 sup\u00e9rieure rev\u00eatu par poudre pour une meilleure r\u00e9sistance aux intemp\u00e9ries et une plus grande long\u00e9vit\u00e9.<\/p>\n<\/li>\n<li data-start=\"546\" data-end=\"652\">\n<p data-start=\"548\" data-end=\"652\">\u2705 <strong data-start=\"550\" data-end=\"576\">Syst\u00e8me motoris\u00e9 intelligent<\/strong><br data-start=\"576\" data-end=\"579\" \/>Volets t\u00e9l\u00e9command\u00e9s pour un r\u00e9glage en continu de la lumi\u00e8re et du flux d'air.<\/p>\n<\/li>\n<li data-start=\"654\" data-end=\"764\">\n<p data-start=\"656\" data-end=\"764\">\u2705 <strong data-start=\"658\" data-end=\"689\">Styles et tailles personnalisables<\/strong><br data-start=\"689\" data-end=\"692\" \/>Soutien aux <strong data-start=\"706\" data-end=\"740\">conceptions et dimensions sp\u00e9ciales<\/strong> en fonction des besoins du projet.<\/p>\n<\/li>\n<li data-start=\"766\" data-end=\"883\">\n<p data-start=\"768\" data-end=\"883\">\u2705 <strong data-start=\"770\" data-end=\"805\">Solutions d'installation flexibles<\/strong><br data-start=\"805\" data-end=\"808\" \/>Compatible avec <strong data-start=\"826\" data-end=\"871\">montage mural, autoportant ou int\u00e9gr\u00e9<\/strong> structures.<\/p>\n<\/li>\n<li data-start=\"885\" data-end=\"982\">\n<p data-start=\"887\" data-end=\"982\">\u2705 <strong data-start=\"889\" data-end=\"917\">Options suppl\u00e9mentaires disponibles<\/strong><br data-start=\"917\" data-end=\"920\" \/>\u00c9clairage, \u00e9crans lat\u00e9raux, syst\u00e8mes de chauffage, drainage, etc.<\/p>\n<\/li>\n<li data-start=\"984\" data-end=\"1097\">\n<p data-start=\"986\" data-end=\"1097\">\u2705 <strong data-start=\"988\" data-end=\"1025\">Le design moderne au service de la fonctionnalit\u00e9<\/strong><br data-start=\"1025\" data-end=\"1028\" \/>Convient aux applications r\u00e9sidentielles, commerciales et h\u00f4teli\u00e8res.<\/p>\n<\/li>\n<li data-start=\"1099\" data-end=\"1210\">\n<p data-start=\"1101\" data-end=\"1210\">\u2705 <strong data-start=\"1103\" data-end=\"1145\">Exp\u00e9dition porte-\u00e0-porte et soutien \u00e0 l'exportation<\/strong><br data-start=\"1145\" data-end=\"1148\" \/>Documentation compl\u00e8te et assistance logistique pour faciliter l'importation.<\/p>\n<\/li>\n<\/ul>\n<p><a href=\"https:\/\/toprisesafety.com\/fr\/contact-us\/\">Contacter Ningbo Toprise maintenant<\/a> pour personnaliser votre propre design de pergola motoris\u00e9e en aluminium \u00e0 persiennes. Si vous avez des questions concernant la pergola, n'h\u00e9sitez pas \u00e0 contacter Ningbo Toprise.<\/p>\n<p>&nbsp;<\/p>","protected":false},"excerpt":{"rendered":"<p>N\u00b0 d'art : HR147\/163\/175\/180\/220<\/p>\n<p>Mat\u00e9riau : Aluminium<\/p>\n<p>Persiennes en option : Support<\/p>\n<p>Bandes lumineuses \u00e0 LED : aide au choix<\/p>\n<p>Taille personnalis\u00e9e : Support<\/p>\n<p>Conception sp\u00e9ciale : Soutien<\/p>","protected":false},"featured_media":14089,"template":"","meta":{"_acf_changed":false},"product_brand":[],"product_cat":[403],"product_tag":[],"class_list":{"0":"post-14083","1":"product","2":"type-product","3":"status-publish","4":"has-post-thumbnail","6":"product_cat-motorized-aluminum-louvered-pergola","8":"first","9":"instock","10":"shipping-taxable","11":"product-type-simple"},"acf":[],"_links":{"self":[{"href":"https:\/\/toprisesafety.com\/fr\/wp-json\/wp\/v2\/product\/14083","targetHints":{"allow":["GET"]}}],"collection":[{"href":"https:\/\/toprisesafety.com\/fr\/wp-json\/wp\/v2\/product"}],"about":[{"href":"https:\/\/toprisesafety.com\/fr\/wp-json\/wp\/v2\/types\/product"}],"wp:featuredmedia":[{"embeddable":true,"href":"https:\/\/toprisesafety.com\/fr\/wp-json\/wp\/v2\/media\/14089"}],"wp:attachment":[{"href":"https:\/\/toprisesafety.com\/fr\/wp-json\/wp\/v2\/media?parent=14083"}],"wp:term":[{"taxonomy":"product_brand","embeddable":true,"href":"https:\/\/toprisesafety.com\/fr\/wp-json\/wp\/v2\/product_brand?post=14083"},{"taxonomy":"product_cat","embeddable":true,"href":"https:\/\/toprisesafety.com\/fr\/wp-json\/wp\/v2\/product_cat?post=14083"},{"taxonomy":"product_tag","embeddable":true,"href":"https:\/\/toprisesafety.com\/fr\/wp-json\/wp\/v2\/product_tag?post=14083"}],"curies":[{"name":"wp","href":"https:\/\/api.w.org\/{rel}","templated":true}]}}