{"id":14052,"date":"2025-07-23T06:58:25","date_gmt":"2025-07-23T06:58:25","guid":{"rendered":"https:\/\/toprisesafety.com\/?post_type=product&#038;p=14052"},"modified":"2025-07-23T06:58:36","modified_gmt":"2025-07-23T06:58:36","slug":"fiberglass-fire-retardant-tarp","status":"publish","type":"product","link":"https:\/\/toprisesafety.com\/fr\/produit\/fiberglass-fire-retardant-tarp\/","title":{"rendered":"B\u00e2che ignifuge en fibre de verre"},"content":{"rendered":"<h1>B\u00e2che ignifuge en fibre de verre<\/h1>\n<h2 data-start=\"106\" data-end=\"149\">\u2705 <strong data-start=\"112\" data-end=\"149\">Qu'est-ce qu'une b\u00e2che ignifuge en fibre de verre ?<\/strong><\/h2>\n<p data-start=\"151\" data-end=\"572\"><strong data-start=\"151\" data-end=\"179\">B\u00e2che ignifuge en fibre de verre<\/strong>\u00a0est un tissu composite haute performance fabriqu\u00e9 en enduisant une maille de fibre de verre avec du chlorure de polyvinyle (PVC). Cette structure combine la r\u00e9sistance \u00e0 la chaleur et la solidit\u00e9 de la fibre de verre avec la flexibilit\u00e9, l'imperm\u00e9abilit\u00e9 et la r\u00e9sistance chimique du PVC. Le r\u00e9sultat est une b\u00e2che qui peut r\u00e9sister \u00e0 des temp\u00e9ratures extr\u00eames, au feu et \u00e0 des environnements industriels difficiles tout en conservant sa durabilit\u00e9 et sa stabilit\u00e9.<\/p>\n<hr data-start=\"574\" data-end=\"577\" \/>\n<h2 data-start=\"579\" data-end=\"630\">\ud83d\udccc <strong data-start=\"586\" data-end=\"630\">Applications de la b\u00e2che ignifuge en fibre de verre<\/strong><\/h2>\n<ol data-start=\"632\" data-end=\"1673\">\n<li data-start=\"632\" data-end=\"792\">\n<p data-start=\"635\" data-end=\"792\"><strong data-start=\"635\" data-end=\"682\">Rideaux de soudure et barri\u00e8res de protection contre l'incendie<\/strong><br data-start=\"682\" data-end=\"685\" \/>Id\u00e9al pour prot\u00e9ger l'\u00e9quipement et le personnel des \u00e9tincelles, des \u00e9claboussures et de la chaleur dans les zones de soudage et de d\u00e9coupage.<\/p>\n<\/li>\n<li data-start=\"794\" data-end=\"926\">\n<p data-start=\"797\" data-end=\"926\"><strong data-start=\"797\" data-end=\"834\">Housses d'isolation thermique industrielles<\/strong><br data-start=\"834\" data-end=\"837\" \/>Utilis\u00e9 pour envelopper les tuyaux, les conduits, les chaudi\u00e8res ou les machines fonctionnant \u00e0 des temp\u00e9ratures \u00e9lev\u00e9es.<\/p>\n<\/li>\n<li data-start=\"928\" data-end=\"1088\">\n<p data-start=\"931\" data-end=\"1088\"><strong data-start=\"931\" data-end=\"963\">Barri\u00e8res de s\u00e9curit\u00e9 pour la construction<\/strong><br data-start=\"963\" data-end=\"966\" \/>Install\u00e9s sur les chantiers o\u00f9 la r\u00e9sistance au feu et la solidit\u00e9 sont essentielles, en particulier dans les immeubles de grande hauteur ou les zones confin\u00e9es.<\/p>\n<\/li>\n<li data-start=\"1090\" data-end=\"1216\">\n<p data-start=\"1093\" data-end=\"1216\"><strong data-start=\"1093\" data-end=\"1126\">Installations \u00e9lectriques et de production d'\u00e9nergie<\/strong><br data-start=\"1126\" data-end=\"1129\" \/>Sert de couverture d'isolation ou de protection dans les sous-stations et les centrales \u00e9nerg\u00e9tiques.<\/p>\n<\/li>\n<li data-start=\"1218\" data-end=\"1386\">\n<p data-start=\"1221\" data-end=\"1386\"><strong data-start=\"1221\" data-end=\"1264\">Mat\u00e9riaux pour tentes et abris r\u00e9sistants au feu<\/strong><br data-start=\"1264\" data-end=\"1267\" \/>Utilis\u00e9 dans les abris d'urgence, les applications militaires ou les zones dangereuses n\u00e9cessitant un retardateur de flamme et une durabilit\u00e9.<\/p>\n<\/li>\n<li data-start=\"1388\" data-end=\"1520\">\n<p data-start=\"1391\" data-end=\"1520\"><strong data-start=\"1391\" data-end=\"1419\">Couvertures d'\u00e9quipement ext\u00e9rieur<\/strong><br data-start=\"1419\" data-end=\"1422\" \/>Prot\u00e8ge les \u00e9quipements industriels, les v\u00e9hicules et les mat\u00e9riaux expos\u00e9s \u00e0 la chaleur, aux produits chimiques et aux intemp\u00e9ries.<\/p>\n<\/li>\n<li data-start=\"1522\" data-end=\"1673\">\n<p data-start=\"1525\" data-end=\"1673\"><strong data-start=\"1525\" data-end=\"1562\">Cloisonnement des installations chimiques et des laboratoires<\/strong><br data-start=\"1562\" data-end=\"1565\" \/>Sert de cloison ou de rideau dans les laboratoires chimiques ou les usines o\u00f9 l'exposition \u00e0 des substances corrosives est fr\u00e9quente.<\/p>\n<\/li>\n<\/ol>\n<h2><\/h2>\n<div style=\"width: 720px;\" class=\"wp-video\"><!--[if lt IE 9]><script>document.createElement('video');<\/script><![endif]-->\n<video class=\"wp-video-shortcode\" id=\"video-14052-1\" width=\"720\" height=\"1280\" preload=\"metadata\" controls=\"controls\"><source type=\"video\/mp4\" src=\"https:\/\/toprisesafety.com\/wp-content\/uploads\/2025\/07\/SOwm63sYTPjXschDzwH.mp4?_=1\" \/><a href=\"https:\/\/toprisesafety.com\/wp-content\/uploads\/2025\/07\/SOwm63sYTPjXschDzwH.mp4\">https:\/\/toprisesafety.com\/wp-content\/uploads\/2025\/07\/SOwm63sYTPjXschDzwH.mp4<\/a><\/video><\/div>\n<h2><strong><b>B\u00e2che ignifuge en fibre de verre <\/b><\/strong><strong><b>Sp\u00e9cifications des mat\u00e9riaux<\/b><\/strong><\/h2>\n<table>\n<tbody>\n<tr>\n<td width=\"210\">Poids (g\/m\u00b2)<\/td>\n<td width=\"192\">\u00c9paisseur<\/td>\n<td width=\"192\">Couleurs disponibles<\/td>\n<\/tr>\n<tr>\n<td width=\"210\">400<\/td>\n<td width=\"192\">0,23-0,25 mm<\/td>\n<td width=\"192\">Vert<\/td>\n<\/tr>\n<\/tbody>\n<\/table>\n<h2><strong><b>\u00a0<\/b><\/strong><\/h2>\n<h2><strong><b>B\u00e2che ignifuge en fibre de verre <\/b><\/strong><strong><b>Tableau de r\u00e9f\u00e9rence des tailles standard et r\u00e9elles (m)<\/b><\/strong><\/h2>\n<p>&nbsp;<\/p>\n<table>\n<tbody>\n<tr>\n<td width=\"96\">Taille standard<\/td>\n<td width=\"96\">Taille r\u00e9elle<\/td>\n<td width=\"96\">Taille standard<\/td>\n<td width=\"96\">Taille r\u00e9elle<\/td>\n<td width=\"96\">Taille standard<\/td>\n<td width=\"96\">Taille r\u00e9elle<\/td>\n<\/tr>\n<tr>\n<td width=\"96\">1,5x2m<\/td>\n<td width=\"96\">1.35\u00d71.85m<\/td>\n<td width=\"96\">3x6m<\/td>\n<td width=\"96\">2.85\u00d75.8m<\/td>\n<td width=\"96\">6x6m<\/td>\n<td width=\"96\">5.75\u00d75.8m<\/td>\n<\/tr>\n<tr>\n<td width=\"96\">1.5\u00d72.5m<\/td>\n<td width=\"96\">1.35\u00d72.35m<\/td>\n<td width=\"96\">4.5x4m<\/td>\n<td width=\"96\">4.25\u00d73.8m<\/td>\n<td width=\"96\">6x8m<\/td>\n<td width=\"96\">5.75\u00d77.8m<\/td>\n<\/tr>\n<tr>\n<td width=\"96\">1,5x3m<\/td>\n<td width=\"96\">1.35\u00d72.85m<\/td>\n<td width=\"96\">4.5x5m<\/td>\n<td width=\"96\">4.25\u00d74.8m<\/td>\n<td width=\"96\">6x10m<\/td>\n<td width=\"96\">5.75\u00d79.8m<\/td>\n<\/tr>\n<tr>\n<td width=\"96\">1,5x4m<\/td>\n<td width=\"96\">1.35\u00d73.85m<\/td>\n<td width=\"96\">4.5x6m<\/td>\n<td width=\"96\">4.25\u00d75.8m<\/td>\n<td width=\"96\">7,5x10m<\/td>\n<td width=\"96\">7.2\u00d79.8m<\/td>\n<\/tr>\n<tr>\n<td width=\"96\">2x3m<\/td>\n<td width=\"96\">1.85\u00d72.85m<\/td>\n<td width=\"96\">4.5x7m<\/td>\n<td width=\"96\">4.25\u00d76.8m<\/td>\n<td width=\"96\">7.5x12m<\/td>\n<td width=\"96\">7.2\u00d711.7m<\/td>\n<\/tr>\n<tr>\n<td width=\"96\">3x3m<\/td>\n<td width=\"96\">2.85\u00d72.85m<\/td>\n<td width=\"96\">4,5x10m<\/td>\n<td width=\"96\">4.25\u00d79.8m<\/td>\n<td width=\"96\">9x12m<\/td>\n<td width=\"96\">8.7\u00d711.7m<\/td>\n<\/tr>\n<tr>\n<td width=\"96\">3x4m<\/td>\n<td width=\"96\">2.85\u00d73.85m<\/td>\n<td width=\"96\">5.8\u00d74.8m<\/td>\n<td width=\"96\"><\/td>\n<td width=\"96\">12x10m<\/td>\n<td width=\"96\">11.55\u00d79.7m<\/td>\n<\/tr>\n<tr>\n<td width=\"96\">3x5m<\/td>\n<td width=\"96\">2.8\u00d74.8m<\/td>\n<td width=\"96\">6x5m<\/td>\n<td width=\"96\"><\/td>\n<td width=\"96\">12x12m<\/td>\n<td width=\"96\">11.55\u00d711.7m<\/td>\n<\/tr>\n<\/tbody>\n<\/table>\n<p>Si vous avez des exigences particuli\u00e8res en mati\u00e8re de dimensions et de conception, <a href=\"https:\/\/toprisesafety.com\/fr\/contact-us\/\">nous contacter<\/a> librement.<\/p>\n<p>Nous pouvons produire la b\u00e2che sur mesure.<\/p>","protected":false},"excerpt":{"rendered":"<p><strong><b>Art No.<\/b><\/strong>: FPT03<\/p>\n<p><strong><b>Mat\u00e9riau<\/b><\/strong>: Fibre de verre PVC<\/p>\n<p><strong><b>Couleur<\/b><\/strong>: Vert<\/p>\n<p><strong><b>Poids<\/b><\/strong>: 400 g\/m\u00b2.<\/p>\n<p><strong><b>\u00c9paisseur : 0,23-0,25<\/b><\/strong>\u00a0mm<\/p>\n<p><strong><b>Taille<\/b><\/strong>Les dimensions : voir la feuille de dimensions ci-dessous ou selon les exigences du client.<\/p>","protected":false},"featured_media":14054,"template":"","meta":{"_acf_changed":false},"product_brand":[],"product_cat":[319],"product_tag":[],"class_list":{"0":"post-14052","1":"product","2":"type-product","3":"status-publish","4":"has-post-thumbnail","6":"product_cat-tarpaulin","8":"first","9":"instock","10":"shipping-taxable","11":"product-type-simple"},"acf":[],"_links":{"self":[{"href":"https:\/\/toprisesafety.com\/fr\/wp-json\/wp\/v2\/product\/14052"}],"collection":[{"href":"https:\/\/toprisesafety.com\/fr\/wp-json\/wp\/v2\/product"}],"about":[{"href":"https:\/\/toprisesafety.com\/fr\/wp-json\/wp\/v2\/types\/product"}],"wp:featuredmedia":[{"embeddable":true,"href":"https:\/\/toprisesafety.com\/fr\/wp-json\/wp\/v2\/media\/14054"}],"wp:attachment":[{"href":"https:\/\/toprisesafety.com\/fr\/wp-json\/wp\/v2\/media?parent=14052"}],"wp:term":[{"taxonomy":"product_brand","embeddable":true,"href":"https:\/\/toprisesafety.com\/fr\/wp-json\/wp\/v2\/product_brand?post=14052"},{"taxonomy":"product_cat","embeddable":true,"href":"https:\/\/toprisesafety.com\/fr\/wp-json\/wp\/v2\/product_cat?post=14052"},{"taxonomy":"product_tag","embeddable":true,"href":"https:\/\/toprisesafety.com\/fr\/wp-json\/wp\/v2\/product_tag?post=14052"}],"curies":[{"name":"wp","href":"https:\/\/api.w.org\/{rel}","templated":true}]}}