{"id":14049,"date":"2025-07-23T06:39:45","date_gmt":"2025-07-23T06:39:45","guid":{"rendered":"https:\/\/toprisesafety.com\/?post_type=product&#038;p=14049"},"modified":"2025-07-23T06:39:45","modified_gmt":"2025-07-23T06:39:45","slug":"fire-retardant-pvc-tarp","status":"publish","type":"product","link":"https:\/\/toprisesafety.com\/fr\/produit\/fire-retardant-pvc-tarp\/","title":{"rendered":"B\u00e2che en PVC ignifuge"},"content":{"rendered":"<h1>B\u00e2che en PVC ignifuge<\/h1>\n<h2 data-start=\"40\" data-end=\"82\">\u2705 <strong data-start=\"46\" data-end=\"82\">Qu'est-ce qu'une b\u00e2che en PVC ignifuge ?<\/strong><\/h2>\n<p data-start=\"84\" data-end=\"643\">A <strong data-start=\"86\" data-end=\"113\">b\u00e2che en PVC ignifuge<\/strong> est une b\u00e2che r\u00e9sistante et imperm\u00e9able compos\u00e9e de <strong data-start=\"160\" data-end=\"267\">Tissu enduit de PVC sp\u00e9cialement trait\u00e9 avec des agents ignifuges au cours du processus de fabrication.<\/strong>. Ces additifs chimiques r\u00e9duisent consid\u00e9rablement l'inflammabilit\u00e9, aidant \u00e0 pr\u00e9venir l'inflammation et \u00e0 ralentir la propagation du feu. Outre sa fonction ignifuge, la b\u00e2che offre \u00e9galement une excellente durabilit\u00e9, une r\u00e9sistance aux UV et une protection contre les intemp\u00e9ries.<\/p>\n<hr data-start=\"645\" data-end=\"648\" \/>\n<h2 data-start=\"650\" data-end=\"700\">\ud83d\udccc <strong data-start=\"657\" data-end=\"700\">Applications de la b\u00e2che en PVC ignifuge<\/strong><\/h2>\n<ol data-start=\"702\" data-end=\"1749\">\n<li data-start=\"702\" data-end=\"844\">\n<p data-start=\"705\" data-end=\"844\"><strong data-start=\"705\" data-end=\"727\">Chantiers de construction<\/strong><br data-start=\"727\" data-end=\"730\" \/>Utilis\u00e9 pour les enveloppes d'\u00e9chafaudages, les couvertures de b\u00e2timents ou les enveloppes de d\u00e9bris - assurant la s\u00e9curit\u00e9 et la pr\u00e9vention des incendies sur le site.<\/p>\n<\/li>\n<li data-start=\"846\" data-end=\"1023\">\n<p data-start=\"849\" data-end=\"1023\"><strong data-start=\"849\" data-end=\"891\">Rideaux de soudure et barri\u00e8res industrielles<\/strong><br data-start=\"891\" data-end=\"894\" \/>Agit comme une cloison protectrice dans les zones o\u00f9 il y a des \u00e9tincelles ou une forte chaleur, r\u00e9duisant ainsi les risques d'incendie dans les usines et les ateliers.<\/p>\n<\/li>\n<li data-start=\"1025\" data-end=\"1179\">\n<p data-start=\"1028\" data-end=\"1179\"><strong data-start=\"1028\" data-end=\"1063\">Tentes \u00e9v\u00e9nementielles et structures publiques<\/strong><br data-start=\"1063\" data-end=\"1066\" \/>Garantir des abris temporaires s\u00fbrs pour les expositions, les festivals et les sc\u00e8nes, en particulier dans les zones dens\u00e9ment peupl\u00e9es.<\/p>\n<\/li>\n<li data-start=\"1181\" data-end=\"1308\">\n<p data-start=\"1184\" data-end=\"1308\"><strong data-start=\"1184\" data-end=\"1211\">Entreposage et logistique<\/strong><br data-start=\"1211\" data-end=\"1214\" \/>Couvre les marchandises qui n\u00e9cessitent une protection contre les flammes pendant le stockage \u00e0 l'int\u00e9rieur ou dans les centres de transport.<\/p>\n<\/li>\n<li data-start=\"1310\" data-end=\"1448\">\n<p data-start=\"1313\" data-end=\"1448\"><strong data-start=\"1313\" data-end=\"1341\">Housses pour camions et remorques<\/strong><br data-start=\"1341\" data-end=\"1344\" \/>Utilis\u00e9 en transit pour prot\u00e9ger les mat\u00e9riaux sensibles ou inflammables de l'exposition \u00e0 la chaleur ou des risques \u00e9lectriques.<\/p>\n<\/li>\n<li data-start=\"1450\" data-end=\"1607\">\n<p data-start=\"1453\" data-end=\"1607\"><strong data-start=\"1453\" data-end=\"1491\">Installations pour l'agriculture et l'\u00e9levage<\/strong><br data-start=\"1491\" data-end=\"1494\" \/>Appliqu\u00e9 dans les \u00e9tables ou les zones de stockage d'aliments pour animaux afin de r\u00e9duire le risque d'incendie caus\u00e9 par la chaleur, les machines ou les mat\u00e9riaux secs.<\/p>\n<\/li>\n<li data-start=\"1609\" data-end=\"1749\">\n<p data-start=\"1612\" data-end=\"1749\"><strong data-start=\"1612\" data-end=\"1652\">Secours en cas de catastrophe et abris d'urgence<\/strong><br data-start=\"1652\" data-end=\"1655\" \/>Id\u00e9al pour un d\u00e9ploiement rapide dans les zones d'urgence o\u00f9 la s\u00e9curit\u00e9 et la protection contre les incendies sont cruciales.<\/p>\n<\/li>\n<\/ol>\n<h2><strong><b>B\u00e2che en PVC ignifuge <\/b><\/strong><strong><b>Sp\u00e9cifications des mat\u00e9riaux<\/b><\/strong><\/h2>\n<table>\n<tbody>\n<tr>\n<td width=\"210\">Poids (g)<\/td>\n<td width=\"192\">\u00c9paisseur<\/td>\n<td width=\"192\">Couleurs disponibles<\/td>\n<\/tr>\n<tr>\n<td width=\"210\">300-600<\/td>\n<td width=\"192\">0,30-0,60 mm<\/td>\n<td width=\"192\">Vert ou bleu<\/td>\n<\/tr>\n<\/tbody>\n<\/table>\n<h2><strong><b>\u00a0<\/b><\/strong><\/h2>\n<h2><strong><b>B\u00e2che en PVC <\/b><\/strong><strong><b>Tableau de r\u00e9f\u00e9rence des tailles standard et r\u00e9elles (m)<\/b><\/strong><\/h2>\n<p>&nbsp;<\/p>\n<table>\n<tbody>\n<tr>\n<td width=\"96\">Taille standard<\/td>\n<td width=\"96\">Taille r\u00e9elle<\/td>\n<td width=\"96\">Taille standard<\/td>\n<td width=\"96\">Taille r\u00e9elle<\/td>\n<td width=\"96\">Taille standard<\/td>\n<td width=\"96\">Taille r\u00e9elle<\/td>\n<\/tr>\n<tr>\n<td width=\"96\">1,5x2m<\/td>\n<td width=\"96\">1.35\u00d71.85m<\/td>\n<td width=\"96\">3x6m<\/td>\n<td width=\"96\">2.85\u00d75.8m<\/td>\n<td width=\"96\">6x6m<\/td>\n<td width=\"96\">5.75\u00d75.8m<\/td>\n<\/tr>\n<tr>\n<td width=\"96\">1.5\u00d72.5m<\/td>\n<td width=\"96\">1.35\u00d72.35m<\/td>\n<td width=\"96\">4.5x4m<\/td>\n<td width=\"96\">4.25\u00d73.8m<\/td>\n<td width=\"96\">6x8m<\/td>\n<td width=\"96\">5.75\u00d77.8m<\/td>\n<\/tr>\n<tr>\n<td width=\"96\">1,5x3m<\/td>\n<td width=\"96\">1.35\u00d72.85m<\/td>\n<td width=\"96\">4.5x5m<\/td>\n<td width=\"96\">4.25\u00d74.8m<\/td>\n<td width=\"96\">6x10m<\/td>\n<td width=\"96\">5.75\u00d79.8m<\/td>\n<\/tr>\n<tr>\n<td width=\"96\">1,5x4m<\/td>\n<td width=\"96\">1.35\u00d73.85m<\/td>\n<td width=\"96\">4.5x6m<\/td>\n<td width=\"96\">4.25\u00d75.8m<\/td>\n<td width=\"96\">7,5x10m<\/td>\n<td width=\"96\">7.2\u00d79.8m<\/td>\n<\/tr>\n<tr>\n<td width=\"96\">2x3m<\/td>\n<td width=\"96\">1.85\u00d72.85m<\/td>\n<td width=\"96\">4.5x7m<\/td>\n<td width=\"96\">4.25\u00d76.8m<\/td>\n<td width=\"96\">7.5x12m<\/td>\n<td width=\"96\">7.2\u00d711.7m<\/td>\n<\/tr>\n<tr>\n<td width=\"96\">3x3m<\/td>\n<td width=\"96\">2.85\u00d72.85m<\/td>\n<td width=\"96\">4,5x10m<\/td>\n<td width=\"96\">4.25\u00d79.8m<\/td>\n<td width=\"96\">9x12m<\/td>\n<td width=\"96\">8.7\u00d711.7m<\/td>\n<\/tr>\n<tr>\n<td width=\"96\">3x4m<\/td>\n<td width=\"96\">2.85\u00d73.85m<\/td>\n<td width=\"96\">5.8\u00d74.8m<\/td>\n<td width=\"96\">&nbsp;<\/td>\n<td width=\"96\">12x10m<\/td>\n<td width=\"96\">11.55\u00d79.7m<\/td>\n<\/tr>\n<tr>\n<td width=\"96\">3x5m<\/td>\n<td width=\"96\">2.8\u00d74.8m<\/td>\n<td width=\"96\">6x5m<\/td>\n<td width=\"96\">&nbsp;<\/td>\n<td width=\"96\">12x12m<\/td>\n<td width=\"96\">11.55\u00d711.7m<\/td>\n<\/tr>\n<\/tbody>\n<\/table>\n<p>Si vous avez des exigences particuli\u00e8res en mati\u00e8re de dimensions et de conception, <a href=\"https:\/\/toprisesafety.com\/fr\/contact-us\/\">nous contacter<\/a> librement.<\/p>\n<figure id=\"attachment_14051\" aria-describedby=\"caption-attachment-14051\" style=\"width: 300px\" class=\"wp-caption alignnone\"><img fetchpriority=\"high\" decoding=\"async\" class=\"size-medium wp-image-14051\" src=\"https:\/\/toprisesafety.com\/wp-content\/uploads\/2025\/07\/FE2C4D6A80C728EC34A112B2E397B13C-300x294.jpg\" alt=\"PVC tarpalin application \" width=\"300\" height=\"294\" srcset=\"https:\/\/toprisesafety.com\/wp-content\/uploads\/2025\/07\/FE2C4D6A80C728EC34A112B2E397B13C-300x294.jpg 300w, https:\/\/toprisesafety.com\/wp-content\/uploads\/2025\/07\/FE2C4D6A80C728EC34A112B2E397B13C-1024x1002.jpg 1024w, https:\/\/toprisesafety.com\/wp-content\/uploads\/2025\/07\/FE2C4D6A80C728EC34A112B2E397B13C-768x751.jpg 768w, https:\/\/toprisesafety.com\/wp-content\/uploads\/2025\/07\/FE2C4D6A80C728EC34A112B2E397B13C-1536x1503.jpg 1536w, https:\/\/toprisesafety.com\/wp-content\/uploads\/2025\/07\/FE2C4D6A80C728EC34A112B2E397B13C-2048x2004.jpg 2048w, https:\/\/toprisesafety.com\/wp-content\/uploads\/2025\/07\/FE2C4D6A80C728EC34A112B2E397B13C-600x587.jpg 600w\" sizes=\"(max-width: 300px) 100vw, 300px\" \/><figcaption id=\"caption-attachment-14051\" class=\"wp-caption-text\">Application PVC tarpalin<\/figcaption><\/figure>","protected":false},"excerpt":{"rendered":"<p><strong><b>Art. Non. <\/b><\/strong>: PVCT03<\/p>\n<p><strong><b>Mat\u00e9riau <\/b><\/strong>: PVC<\/p>\n<p><strong><b>Couleur <\/b><\/strong>: vert ou bleu.<\/p>\n<p><b>Poids : <\/b>300-600 G\/SQM<\/p>\n<p><strong><b>\u00c9paisseur : 0,<\/b><\/strong>30-0,60 mm<\/p>\n<p><strong><b>Qualit\u00e9 ignifuge<\/b><\/strong>\u00a0: B1<\/p>\n<p><strong><b>Taille<\/b><\/strong>Les dimensions : voir la feuille de dimensions ci-dessous ou selon les exigences du client.<\/p>","protected":false},"featured_media":14050,"template":"","meta":{"_acf_changed":false},"product_brand":[],"product_cat":[319],"product_tag":[],"class_list":{"0":"post-14049","1":"product","2":"type-product","3":"status-publish","4":"has-post-thumbnail","6":"product_cat-tarpaulin","8":"first","9":"instock","10":"shipping-taxable","11":"product-type-simple"},"acf":[],"_links":{"self":[{"href":"https:\/\/toprisesafety.com\/fr\/wp-json\/wp\/v2\/product\/14049","targetHints":{"allow":["GET"]}}],"collection":[{"href":"https:\/\/toprisesafety.com\/fr\/wp-json\/wp\/v2\/product"}],"about":[{"href":"https:\/\/toprisesafety.com\/fr\/wp-json\/wp\/v2\/types\/product"}],"wp:featuredmedia":[{"embeddable":true,"href":"https:\/\/toprisesafety.com\/fr\/wp-json\/wp\/v2\/media\/14050"}],"wp:attachment":[{"href":"https:\/\/toprisesafety.com\/fr\/wp-json\/wp\/v2\/media?parent=14049"}],"wp:term":[{"taxonomy":"product_brand","embeddable":true,"href":"https:\/\/toprisesafety.com\/fr\/wp-json\/wp\/v2\/product_brand?post=14049"},{"taxonomy":"product_cat","embeddable":true,"href":"https:\/\/toprisesafety.com\/fr\/wp-json\/wp\/v2\/product_cat?post=14049"},{"taxonomy":"product_tag","embeddable":true,"href":"https:\/\/toprisesafety.com\/fr\/wp-json\/wp\/v2\/product_tag?post=14049"}],"curies":[{"name":"wp","href":"https:\/\/api.w.org\/{rel}","templated":true}]}}