{"id":14044,"date":"2025-07-23T06:04:01","date_gmt":"2025-07-23T06:04:01","guid":{"rendered":"https:\/\/toprisesafety.com\/?post_type=product&#038;p=14044"},"modified":"2025-07-23T06:04:01","modified_gmt":"2025-07-23T06:04:01","slug":"camouflage-tarpaulin","status":"publish","type":"product","link":"https:\/\/toprisesafety.com\/fr\/produit\/camouflage-tarpaulin\/","title":{"rendered":"B\u00e2che de camouflage"},"content":{"rendered":"<h1>B\u00e2che de camouflage<\/h1>\n<h2 data-start=\"90\" data-end=\"129\">\u2705 <strong data-start=\"96\" data-end=\"129\">Qu'est-ce qu'une b\u00e2che de camouflage ?<\/strong><\/h2>\n<p data-start=\"131\" data-end=\"529\">La b\u00e2che de camouflage est un tissu imperm\u00e9able et durable compos\u00e9 de <strong data-start=\"195\" data-end=\"231\">Tissu Oxford avec rev\u00eatement PVC<\/strong>Il est imprim\u00e9 de motifs de camouflage. Il allie solidit\u00e9, r\u00e9sistance \u00e0 l'eau et flexibilit\u00e9. Con\u00e7u pour se fondre naturellement dans les environnements ext\u00e9rieurs, ce mat\u00e9riau est id\u00e9al pour la dissimulation et la protection. Ses applications couvrent les secteurs de l'arm\u00e9e, du camping, de l'agriculture, de la construction et du transport.<\/p>\n<hr data-start=\"531\" data-end=\"534\" \/>\n<h2 data-start=\"536\" data-end=\"583\">\ud83d\udccc <strong data-start=\"543\" data-end=\"583\">Applications de la b\u00e2che de camouflage<\/strong><\/h2>\n<ol data-start=\"585\" data-end=\"1620\">\n<li data-start=\"585\" data-end=\"749\">\n<p data-start=\"588\" data-end=\"749\"><strong data-start=\"588\" data-end=\"622\">Abris et camouflage militaires<\/strong><br data-start=\"622\" data-end=\"625\" \/>Utilis\u00e9 pour camoufler les tentes, les v\u00e9hicules et les \u00e9quipements militaires, il assure une couverture efficace et r\u00e9duit la visibilit\u00e9 sur le terrain.<\/p>\n<\/li>\n<li data-start=\"751\" data-end=\"887\">\n<p data-start=\"754\" data-end=\"887\"><strong data-start=\"754\" data-end=\"784\">Camping ext\u00e9rieur et parasol<\/strong><br data-start=\"784\" data-end=\"787\" \/>Parfait pour les tentes, les tapis de sol ou les b\u00e2ches d'ombrage - offrant \u00e0 la fois protection et esth\u00e9tique ext\u00e9rieure.<\/p>\n<\/li>\n<li data-start=\"889\" data-end=\"1026\">\n<p data-start=\"892\" data-end=\"1026\"><strong data-start=\"892\" data-end=\"923\">Sylviculture et agriculture<\/strong><br data-start=\"923\" data-end=\"926\" \/>Convient pour couvrir les grumes, les engrais, les machines agricoles ou les produits pour les prot\u00e9ger du soleil et de la pluie.<\/p>\n<\/li>\n<li data-start=\"1028\" data-end=\"1169\">\n<p data-start=\"1031\" data-end=\"1169\"><strong data-start=\"1031\" data-end=\"1060\">Couvertures et barri\u00e8res ext\u00e9rieures<\/strong><br data-start=\"1060\" data-end=\"1063\" \/>Utilis\u00e9s sur les chantiers ou dans les espaces ouverts comme b\u00e2ches de cl\u00f4ture ou \u00e9crans d'intimit\u00e9 pour bloquer le vent et prot\u00e9ger la vue.<\/p>\n<\/li>\n<li data-start=\"1171\" data-end=\"1318\">\n<p data-start=\"1174\" data-end=\"1318\"><strong data-start=\"1174\" data-end=\"1213\">Protection du transport et du stockage<\/strong><br data-start=\"1213\" data-end=\"1216\" \/>Utilis\u00e9 comme b\u00e2che pour les camions, les cargaisons ou les \u00e9quipements stock\u00e9s - aide \u00e0 pr\u00e9venir la poussi\u00e8re, l'eau et l'exposition aux UV.<\/p>\n<\/li>\n<li data-start=\"1320\" data-end=\"1470\">\n<p data-start=\"1323\" data-end=\"1470\"><strong data-start=\"1323\" data-end=\"1357\">Applications pour la chasse et la p\u00eache<\/strong><br data-start=\"1357\" data-end=\"1360\" \/>Id\u00e9al pour les caches de chasse, les abris camoufl\u00e9s ou les couvertures de p\u00eache, se fondant parfaitement dans l'environnement naturel.<\/p>\n<\/li>\n<li data-start=\"1472\" data-end=\"1620\">\n<p data-start=\"1475\" data-end=\"1620\"><strong data-start=\"1475\" data-end=\"1509\">\u00c9v\u00e9nements en plein air et stands de march\u00e9<\/strong><br data-start=\"1509\" data-end=\"1512\" \/>Convient parfaitement comme couverture de stand ou d'auvent pour les march\u00e9s, les foires et les expositions - \u00e0 la fois pratique et attrayant.<\/p>\n<\/li>\n<\/ol>\n<h2><strong><b>B\u00e2che de camouflage <\/b><\/strong><strong><b>Sp\u00e9cification du produit <\/b><\/strong><\/h2>\n<table>\n<tbody>\n<tr>\n<td width=\"288\">Sp\u00e9cifications<\/td>\n<td width=\"288\">D\u00e9tails<\/td>\n<\/tr>\n<tr>\n<td width=\"288\">Nom du produit<\/td>\n<td width=\"288\">B\u00e2che de camouflage<\/td>\n<\/tr>\n<tr>\n<td width=\"288\">Couleur<\/td>\n<td width=\"288\">Camouflage\/fleur\/espace\/sable<\/td>\n<\/tr>\n<tr>\n<td width=\"288\">Poids<\/td>\n<td width=\"288\">350g \u00b15% \/m\u00b2<\/td>\n<\/tr>\n<tr>\n<td width=\"288\">\u00c9paisseur<\/td>\n<td width=\"288\">0,35-0,37mm \u00b15%<\/td>\n<\/tr>\n<tr>\n<td width=\"288\">Mat\u00e9riau<\/td>\n<td width=\"288\">Mat\u00e9riau PE original + rev\u00eatement PVC<\/td>\n<\/tr>\n<tr>\n<td width=\"288\">Performance en mati\u00e8re d'\u00e9tanch\u00e9it\u00e9<\/td>\n<td width=\"288\">99.9% \u00c9tanche \u00e0 l'eau<\/td>\n<\/tr>\n<tr>\n<td width=\"288\">Utilisation<\/td>\n<td width=\"288\">Largement utilis\u00e9 dans le transport, la couverture ext\u00e9rieure, le transport de marchandises, l'\u00e9quipement agricole et la protection des machines.<\/td>\n<\/tr>\n<\/tbody>\n<\/table>\n<p><strong><b>B\u00e2che de camouflage Taille du produit et tableau de r\u00e9f\u00e9rence<\/b><\/strong><\/p>\n<table>\n<tbody>\n<tr>\n<td width=\"96\"><strong>Taille standard<\/strong><\/td>\n<td width=\"96\"><strong>Taille r\u00e9elle<\/strong><\/td>\n<td width=\"96\"><strong>Taille standard<\/strong><\/td>\n<td width=\"96\"><strong>Taille r\u00e9elle<\/strong><\/td>\n<td width=\"96\"><strong>Taille standard<\/strong><\/td>\n<td width=\"96\"><strong>Taille r\u00e9elle<\/strong><\/td>\n<\/tr>\n<tr>\n<td width=\"96\">1.5*2m<\/td>\n<td width=\"96\">1.4*2.4m<\/td>\n<td width=\"96\">5*5m<\/td>\n<td width=\"96\">4.8*5.8m<\/td>\n<td width=\"96\">6*7m<\/td>\n<td width=\"96\">5.8*6.8m<\/td>\n<\/tr>\n<tr>\n<td width=\"96\">1.5*3m<\/td>\n<td width=\"96\">1.4*2.8m<\/td>\n<td width=\"96\">5*6m<\/td>\n<td width=\"96\">4.8*6.8m<\/td>\n<td width=\"96\">6*8m<\/td>\n<td width=\"96\">5.8*7.8m<\/td>\n<\/tr>\n<tr>\n<td width=\"96\">2*2m<\/td>\n<td width=\"96\">1.8*2.8m<\/td>\n<td width=\"96\">5*7m<\/td>\n<td width=\"96\">4.8*7.8m<\/td>\n<td width=\"96\">7*8m<\/td>\n<td width=\"96\">6.7*7.7m<\/td>\n<\/tr>\n<tr>\n<td width=\"96\">2*3m<\/td>\n<td width=\"96\">1.8*3.3m<\/td>\n<td width=\"96\">5*8m<\/td>\n<td width=\"96\">4.8*8.8m<\/td>\n<td width=\"96\">8*10m<\/td>\n<td width=\"96\">7.7*9.7m<\/td>\n<\/tr>\n<tr>\n<td width=\"96\">3*3m<\/td>\n<td width=\"96\">2.8*3.8m<\/td>\n<td width=\"96\">5*10m<\/td>\n<td width=\"96\">4.8*9.8m<\/td>\n<td width=\"96\">10*12m<\/td>\n<td width=\"96\">9.6*11.7m<\/td>\n<\/tr>\n<tr>\n<td width=\"96\">3*4m<\/td>\n<td width=\"96\">2.8*4.8m<\/td>\n<td width=\"96\">6*6m<\/td>\n<td width=\"96\">5.8*5.8m<\/td>\n<td width=\"96\">10*15m<\/td>\n<td width=\"96\">9.8*14.8m<\/td>\n<\/tr>\n<tr>\n<td width=\"96\">4*4m<\/td>\n<td width=\"96\">3.8*4.8m<\/td>\n<td width=\"96\">6*8m<\/td>\n<td width=\"96\">5.8*7.8m<\/td>\n<td width=\"96\">10*20m<\/td>\n<td width=\"96\">9.6*19.7m<\/td>\n<\/tr>\n<tr>\n<td width=\"96\">4*5m<\/td>\n<td width=\"96\">3.8*5.8m<\/td>\n<td width=\"96\">7*8m<\/td>\n<td width=\"96\">5.8*8.8m<\/td>\n<td width=\"96\">12*20m<\/td>\n<td width=\"96\">11.8*19.8m<\/td>\n<\/tr>\n<\/tbody>\n<\/table>\n<p>Si vous avez des exigences particuli\u00e8res en mati\u00e8re de dimensions et de conception,\u00a0<a href=\"https:\/\/toprisesafety.com\/fr\/contact-us\/\">nous contacter<\/a>\u00a0librement.<\/p>","protected":false},"excerpt":{"rendered":"<p><strong><b>Art No.<\/b><\/strong>: OT01<\/p>\n<p><strong><b>Mat\u00e9riau<\/b><\/strong>: Oxford avec rev\u00eatement PVC<\/p>\n<p><strong><b>Poids<\/b><\/strong>: 350g \u00b15% \/m\u00b2<\/p>\n<p><strong><b>\u00c9paisseur : 0,35-0,37 MM<\/b><\/strong><\/p>\n<p><strong><b>Taille<\/b><\/strong>Les dimensions : voir la feuille de dimensions ci-dessous ou selon les exigences du client.<\/p>\n<p><strong><b>Couleur<\/b><\/strong>: clair<\/p>","protected":false},"featured_media":14045,"template":"","meta":{"_acf_changed":false},"product_brand":[],"product_cat":[319],"product_tag":[],"class_list":{"0":"post-14044","1":"product","2":"type-product","3":"status-publish","4":"has-post-thumbnail","6":"product_cat-tarpaulin","8":"first","9":"instock","10":"shipping-taxable","11":"product-type-simple"},"acf":[],"_links":{"self":[{"href":"https:\/\/toprisesafety.com\/fr\/wp-json\/wp\/v2\/product\/14044","targetHints":{"allow":["GET"]}}],"collection":[{"href":"https:\/\/toprisesafety.com\/fr\/wp-json\/wp\/v2\/product"}],"about":[{"href":"https:\/\/toprisesafety.com\/fr\/wp-json\/wp\/v2\/types\/product"}],"wp:featuredmedia":[{"embeddable":true,"href":"https:\/\/toprisesafety.com\/fr\/wp-json\/wp\/v2\/media\/14045"}],"wp:attachment":[{"href":"https:\/\/toprisesafety.com\/fr\/wp-json\/wp\/v2\/media?parent=14044"}],"wp:term":[{"taxonomy":"product_brand","embeddable":true,"href":"https:\/\/toprisesafety.com\/fr\/wp-json\/wp\/v2\/product_brand?post=14044"},{"taxonomy":"product_cat","embeddable":true,"href":"https:\/\/toprisesafety.com\/fr\/wp-json\/wp\/v2\/product_cat?post=14044"},{"taxonomy":"product_tag","embeddable":true,"href":"https:\/\/toprisesafety.com\/fr\/wp-json\/wp\/v2\/product_tag?post=14044"}],"curies":[{"name":"wp","href":"https:\/\/api.w.org\/{rel}","templated":true}]}}