{"id":14038,"date":"2025-07-23T05:37:46","date_gmt":"2025-07-23T05:37:46","guid":{"rendered":"https:\/\/toprisesafety.com\/?post_type=product&#038;p=14038"},"modified":"2025-07-23T05:37:46","modified_gmt":"2025-07-23T05:37:46","slug":"clear-pvc-tarpaulin","status":"publish","type":"product","link":"https:\/\/toprisesafety.com\/fr\/produit\/clear-pvc-tarpaulin\/","title":{"rendered":"B\u00e2che en PVC transparent"},"content":{"rendered":"<h1 data-start=\"35\" data-end=\"73\">B\u00e2che en PVC transparent<\/h1>\n<h3 data-start=\"137\" data-end=\"171\">\u2705 Qu'est-ce qu'une b\u00e2che en PVC transparent ?<\/h3>\n<p data-start=\"173\" data-end=\"534\">Il s'agit d'un mat\u00e9riau de protection fabriqu\u00e9 \u00e0 partir de chlorure de polyvinyle hautement transparent. Il offre une excellente imperm\u00e9abilit\u00e9, une r\u00e9sistance aux UV et une grande durabilit\u00e9. En outre, sa flexibilit\u00e9 et sa r\u00e9sistance \u00e0 la d\u00e9chirure en font un mat\u00e9riau id\u00e9al pour divers environnements ext\u00e9rieurs et industriels. Il est donc couramment utilis\u00e9 lorsque la visibilit\u00e9 et la protection contre les intemp\u00e9ries sont toutes deux essentielles.<\/p>\n<hr data-start=\"536\" data-end=\"539\" \/>\n<h3 data-start=\"541\" data-end=\"583\">\ud83d\udccc Applications de la b\u00e2che PVC transparente<\/h3>\n<p data-start=\"585\" data-end=\"780\"><strong data-start=\"585\" data-end=\"610\">Protection des serres<\/strong><br data-start=\"610\" data-end=\"613\" \/>Cette b\u00e2che laisse passer la lumi\u00e8re et cr\u00e9e un environnement chaud, r\u00e9sistant au vent et \u00e0 la pluie pour les cultures. C'est pourquoi elle est largement utilis\u00e9e dans les serres agricoles.<\/p>\n<p data-start=\"782\" data-end=\"1005\"><strong data-start=\"782\" data-end=\"814\">Abris contre les intemp\u00e9ries et surplombs<\/strong><br data-start=\"814\" data-end=\"817\" \/>Il est parfait pour les balcons, les devantures de magasins et les patios. Non seulement il offre un abri fiable contre les \u00e9l\u00e9ments, mais il conserve \u00e9galement une transparence totale pour la lumi\u00e8re naturelle et la visibilit\u00e9.<\/p>\n<p data-start=\"1007\" data-end=\"1223\"><strong data-start=\"1007\" data-end=\"1041\">Couvertures de transport et d'\u00e9quipement<\/strong><br data-start=\"1041\" data-end=\"1044\" \/>Pour les camions, les cargaisons et les outils, il constitue un bouclier fiable contre l'humidit\u00e9, la poussi\u00e8re et les rayons UV nocifs. En outre, il r\u00e9duit les co\u00fbts d'entretien en prot\u00e9geant les biens de valeur.<\/p>\n<p data-start=\"1225\" data-end=\"1417\"><strong data-start=\"1225\" data-end=\"1257\">Barri\u00e8res et s\u00e9parateurs de chantier<\/strong><br data-start=\"1257\" data-end=\"1260\" \/>Utilis\u00e9 sur les chantiers de construction et dans les usines, il permet de s\u00e9parer les zones de mani\u00e8re s\u00fbre et efficace. En outre, il sert de brise-vent temporaire ou d'\u00e9cran de protection de la vie priv\u00e9e.<\/p>\n<p data-start=\"1419\" data-end=\"1623\"><strong data-start=\"1419\" data-end=\"1447\">Enceintes pour \u00e9v\u00e9nements en plein air<\/strong><br data-start=\"1447\" data-end=\"1450\" \/>Qu'il s'agisse d'expositions, de march\u00e9s ou d'\u00e9v\u00e9nements priv\u00e9s, ce mat\u00e9riau est id\u00e9al. Ses panneaux transparents am\u00e9liorent l'esth\u00e9tique tout en offrant une protection contre les changements climatiques soudains.<\/p>\n<p data-start=\"1625\" data-end=\"1836\"><strong data-start=\"1625\" data-end=\"1649\">Syst\u00e8mes de rideaux lat\u00e9raux<\/strong><br data-start=\"1649\" data-end=\"1652\" \/>Couramment install\u00e9s dans les garages, les centres logistiques et les entrep\u00f4ts, ces rideaux peuvent \u00eatre enroul\u00e9s ou d\u00e9roul\u00e9s selon les besoins. Ils offrent donc \u00e0 la fois accessibilit\u00e9 et protection contre les intemp\u00e9ries.<\/p>\n<p data-start=\"1838\" data-end=\"2026\"><strong data-start=\"1838\" data-end=\"1868\">Enclos pour b\u00e9tail et animaux de compagnie<\/strong><br data-start=\"1868\" data-end=\"1871\" \/>Pour l'h\u00e9bergement des animaux, il apporte chaleur, visibilit\u00e9 et isolation. En outre, sa texture douce garantit la s\u00e9curit\u00e9 et le confort des animaux domestiques et du b\u00e9tail.<\/p>\n<h2><strong><b>Sp\u00e9cifications des mat\u00e9riaux<\/b><\/strong><\/h2>\n<table>\n<tbody>\n<tr>\n<td width=\"210\">Poids (g)<\/td>\n<td width=\"192\">\u00c9paisseur (soie)<\/td>\n<td width=\"192\">Couleurs disponibles<\/td>\n<\/tr>\n<tr>\n<td width=\"210\">400<\/td>\n<td width=\"192\">30<\/td>\n<td width=\"192\">Clair<\/td>\n<\/tr>\n<\/tbody>\n<\/table>\n<h1><strong><b>Tableau des tailles standard<\/b><\/strong><\/h1>\n<table>\n<tbody>\n<tr>\n<td width=\"192\">Taille standard (m)<\/td>\n<td width=\"192\">Taille standard (m)<\/td>\n<td width=\"192\">Taille standard (m)<\/td>\n<\/tr>\n<tr>\n<td width=\"192\">2\u00d74m<\/td>\n<td width=\"192\">4\u00d76m<\/td>\n<td width=\"192\">6\u00d76m<\/td>\n<\/tr>\n<tr>\n<td width=\"192\">2\u00d75m<\/td>\n<td width=\"192\">4\u00d77m<\/td>\n<td width=\"192\">6\u00d77 m<\/td>\n<\/tr>\n<tr>\n<td width=\"192\">2\u00d76m<\/td>\n<td width=\"192\">4\u00d78m<\/td>\n<td width=\"192\">6\u00d78m<\/td>\n<\/tr>\n<tr>\n<td width=\"192\">3\u00d73m<\/td>\n<td width=\"192\">4\u00d710m<\/td>\n<td width=\"192\">6\u00d710m<\/td>\n<\/tr>\n<tr>\n<td width=\"192\">3\u00d74 m<\/td>\n<td width=\"192\">5\u00d75 m<\/td>\n<td width=\"192\">6\u00d712m<\/td>\n<\/tr>\n<tr>\n<td width=\"192\">3\u00d75m<\/td>\n<td width=\"192\">5\u00d76 m<\/td>\n<td width=\"192\">8\u00d78 m<\/td>\n<\/tr>\n<tr>\n<td width=\"192\">3\u00d76m<\/td>\n<td width=\"192\">5\u00d77 m<\/td>\n<td width=\"192\">8\u00d710m<\/td>\n<\/tr>\n<tr>\n<td width=\"192\">3\u00d712m<\/td>\n<td width=\"192\">5\u00d78m<\/td>\n<td width=\"192\">8\u00d712m<\/td>\n<\/tr>\n<tr>\n<td width=\"192\">4\u00d74 m<\/td>\n<td width=\"192\">5\u00d710m<\/td>\n<td width=\"192\">Pour les tailles personnalis\u00e9es, veuillez contacter le service client\u00e8le<\/td>\n<\/tr>\n<tr>\n<td width=\"192\">4\u00d75m<\/td>\n<td width=\"192\">5\u00d720m<\/td>\n<td width=\"192\">&nbsp;<\/td>\n<\/tr>\n<\/tbody>\n<\/table>\n<p>Remarque : tous les c\u00f4t\u00e9s sont scell\u00e9s \u00e0 chaud avec des \u0153illets. La taille finale r\u00e9elle est inf\u00e9rieure de 10 \u00e0 15 cm \u00e0 la taille nominale.<\/p>\n<p>Si vous avez des exigences particuli\u00e8res en mati\u00e8re de dimensions et de conception, <a href=\"https:\/\/toprisesafety.com\/fr\/contact-us\/\">nous contacter<\/a> librement.<\/p>","protected":false},"excerpt":{"rendered":"<p><strong><b>Art No.<\/b><\/strong>: PVCT02<\/p>\n<p><strong><b>Mat\u00e9riau<\/b><\/strong>: PVC<\/p>\n<p><strong><b>Poids<\/b><\/strong>\u00a0: 400G\/SQM<\/p>\n<p><strong><b>\u00c9paisseur : <\/b><\/strong>0,30 MM<\/p>\n<p><strong><b>Taille<\/b><\/strong>Les dimensions : voir la feuille de dimensions ci-dessous ou selon les exigences du client.<\/p>\n<p><strong><b>Couleur<\/b><\/strong>: clair<\/p>","protected":false},"featured_media":14039,"template":"","meta":{"_acf_changed":false},"product_brand":[],"product_cat":[319],"product_tag":[],"class_list":{"0":"post-14038","1":"product","2":"type-product","3":"status-publish","4":"has-post-thumbnail","6":"product_cat-tarpaulin","8":"first","9":"instock","10":"shipping-taxable","11":"product-type-simple"},"acf":[],"_links":{"self":[{"href":"https:\/\/toprisesafety.com\/fr\/wp-json\/wp\/v2\/product\/14038"}],"collection":[{"href":"https:\/\/toprisesafety.com\/fr\/wp-json\/wp\/v2\/product"}],"about":[{"href":"https:\/\/toprisesafety.com\/fr\/wp-json\/wp\/v2\/types\/product"}],"wp:featuredmedia":[{"embeddable":true,"href":"https:\/\/toprisesafety.com\/fr\/wp-json\/wp\/v2\/media\/14039"}],"wp:attachment":[{"href":"https:\/\/toprisesafety.com\/fr\/wp-json\/wp\/v2\/media?parent=14038"}],"wp:term":[{"taxonomy":"product_brand","embeddable":true,"href":"https:\/\/toprisesafety.com\/fr\/wp-json\/wp\/v2\/product_brand?post=14038"},{"taxonomy":"product_cat","embeddable":true,"href":"https:\/\/toprisesafety.com\/fr\/wp-json\/wp\/v2\/product_cat?post=14038"},{"taxonomy":"product_tag","embeddable":true,"href":"https:\/\/toprisesafety.com\/fr\/wp-json\/wp\/v2\/product_tag?post=14038"}],"curies":[{"name":"wp","href":"https:\/\/api.w.org\/{rel}","templated":true}]}}