{"id":14008,"date":"2025-07-22T08:24:42","date_gmt":"2025-07-22T08:24:42","guid":{"rendered":"https:\/\/toprisesafety.com\/?post_type=product&#038;p=14008"},"modified":"2025-07-22T08:45:03","modified_gmt":"2025-07-22T08:45:03","slug":"transparent-pe-tarpaulin","status":"publish","type":"product","link":"https:\/\/toprisesafety.com\/fr\/produit\/transparent-pe-tarpaulin\/","title":{"rendered":"B\u00e2che PE transparente"},"content":{"rendered":"<h1>B\u00e2che PE transparente<\/h1>\n<p><strong><b>Transparent<\/b><\/strong><strong><b>\u00a0B\u00e2che PE <\/b><\/strong><strong><b>Sp\u00e9cifications<\/b><\/strong><\/p>\n<table>\n<tbody>\n<tr>\n<td width=\"288\"><strong><b>Nom<\/b><\/strong><\/td>\n<td width=\"288\">Housse de pluie transparente<\/td>\n<\/tr>\n<tr>\n<td width=\"288\"><strong><b>Couleur<\/b><\/strong><\/td>\n<td width=\"288\">Blanc transparent<\/td>\n<\/tr>\n<tr>\n<td width=\"288\"><strong><b>Mat\u00e9riau<\/b><\/strong><\/td>\n<td width=\"288\">Principalement film plastique PE + bordures en tissu enduit<\/td>\n<\/tr>\n<tr>\n<td width=\"288\"><strong><b>Taille<\/b><\/strong><\/td>\n<td width=\"288\">Taille en stock + Taille sur mesure<\/td>\n<\/tr>\n<tr>\n<td width=\"288\"><strong><b>\u00c9paisseur <\/b><\/strong><\/td>\n<td width=\"288\">0,08 mm, 0,10 mm<\/td>\n<\/tr>\n<tr>\n<td width=\"288\"><strong><b>Zone<\/b><\/strong><\/td>\n<td width=\"288\">Personnalisable<\/td>\n<\/tr>\n<tr>\n<td width=\"288\"><strong><b>Caract\u00e9ristiques<\/b><\/strong><\/td>\n<td width=\"288\">Bonne transmission de la lumi\u00e8re, respectueux de l'environnement et inodore, r\u00e9sistant au vent et \u00e0 la pluie et pr\u00e9servant la chaleur et l'humidit\u00e9.<\/td>\n<\/tr>\n<\/tbody>\n<\/table>\n<h2><strong><b>Formes<\/b><\/strong><\/h2>\n<p>Forme r\u00e9guli\u00e8re : Fournir la taille<\/p>\n<p>Forme sp\u00e9ciale : Fournir le dessin<\/p>\n<h2><strong><b>Dimensions du produit<\/b><\/strong><\/h2>\n<table>\n<tbody>\n<tr>\n<td width=\"96\"><strong><b>Taille<\/b><\/strong><\/td>\n<td width=\"96\"><strong><b>Taille r\u00e9elle<\/b><\/strong><\/td>\n<td width=\"96\"><strong><b>Taille<\/b><\/strong><\/td>\n<td width=\"96\"><strong><b>Taille r\u00e9elle<\/b><\/strong><\/td>\n<td width=\"96\"><strong><b>Taille<\/b><\/strong><\/td>\n<td width=\"96\"><strong><b>Taille r\u00e9elle<\/b><\/strong><\/td>\n<\/tr>\n<tr>\n<td width=\"96\">2x2m<\/td>\n<td width=\"96\">1.9\u00d71.9m<\/td>\n<td width=\"96\">4x6m<\/td>\n<td width=\"96\">3.8\u00d75.8m<\/td>\n<td width=\"96\">6x7m<\/td>\n<td width=\"96\">5.8\u00d76.8m<\/td>\n<\/tr>\n<tr>\n<td width=\"96\">2x3m<\/td>\n<td width=\"96\">1.9\u00d72.9m<\/td>\n<td width=\"96\">4x8m<\/td>\n<td width=\"96\">3.8\u00d77.8m<\/td>\n<td width=\"96\">6x8m<\/td>\n<td width=\"96\">5.8\u00d77.8m<\/td>\n<\/tr>\n<tr>\n<td width=\"96\">3x3m<\/td>\n<td width=\"96\">2.8\u00d72.8m<\/td>\n<td width=\"96\">5x5m<\/td>\n<td width=\"96\">4.8\u00d74.8m<\/td>\n<td width=\"96\">6x10m<\/td>\n<td width=\"96\">5.8\u00d79.8m<\/td>\n<\/tr>\n<tr>\n<td width=\"96\">3x4m<\/td>\n<td width=\"96\">2.8\u00d73.8m<\/td>\n<td width=\"96\">5x6m<\/td>\n<td width=\"96\">4.8\u00d75.8m<\/td>\n<td width=\"96\">6x12m<\/td>\n<td width=\"96\">5.8\u00d711.7m<\/td>\n<\/tr>\n<tr>\n<td width=\"96\">3x5m<\/td>\n<td width=\"96\">2.8\u00d74.8m<\/td>\n<td width=\"96\">5x7m<\/td>\n<td width=\"96\">4.8\u00d76.8m<\/td>\n<td width=\"96\">7x8m<\/td>\n<td width=\"96\">6.7\u00d77.7m<\/td>\n<\/tr>\n<tr>\n<td width=\"96\">3x6m<\/td>\n<td width=\"96\">2.8\u00d75.8m<\/td>\n<td width=\"96\">5x8m<\/td>\n<td width=\"96\">4.8\u00d77.8m<\/td>\n<td width=\"96\">8x10m<\/td>\n<td width=\"96\">7.7\u00d79.7m<\/td>\n<\/tr>\n<tr>\n<td width=\"96\">4x4m<\/td>\n<td width=\"96\">3.8\u00d73.8m<\/td>\n<td width=\"96\">5x10m<\/td>\n<td width=\"96\">4.8\u00d79.8m<\/td>\n<td width=\"96\">10x20m<\/td>\n<td width=\"96\">9.6\u00d719.7m<\/td>\n<\/tr>\n<tr>\n<td width=\"96\">4x5m<\/td>\n<td width=\"96\">3.8\u00d74.8m<\/td>\n<td width=\"96\">6x6m<\/td>\n<td width=\"96\">5.8\u00d75.8m<\/td>\n<td width=\"96\"><\/td>\n<td width=\"96\"><\/td>\n<\/tr>\n<\/tbody>\n<\/table>\n<h2 data-start=\"58\" data-end=\"110\">\ud83c\udf1f <strong data-start=\"65\" data-end=\"110\">Applications de la b\u00e2che PE transparente :<\/strong><\/h2>\n<ol data-start=\"112\" data-end=\"1164\">\n<li data-start=\"112\" data-end=\"235\">\n<p data-start=\"115\" data-end=\"235\"><strong data-start=\"115\" data-end=\"138\">Couverture de serre<\/strong><br data-start=\"138\" data-end=\"141\" \/>Id\u00e9al pour la croissance des plantes, avec une bonne isolation, une bonne transmission de la lumi\u00e8re et une bonne protection contre l'eau.<\/p>\n<\/li>\n<li data-start=\"237\" data-end=\"342\">\n<p data-start=\"240\" data-end=\"342\"><strong data-start=\"240\" data-end=\"272\">Abri de march\u00e9 ext\u00e9rieur<\/strong><br data-start=\"272\" data-end=\"275\" \/>Prot\u00e8ge de la pluie et du soleil tout en gardant les produits visibles.<\/p>\n<\/li>\n<li data-start=\"344\" data-end=\"440\">\n<p data-start=\"347\" data-end=\"440\"><strong data-start=\"347\" data-end=\"378\">Auvents\/portes ext\u00e9rieurs<\/strong><br data-start=\"378\" data-end=\"381\" \/>Utilis\u00e9es comme couvertures imperm\u00e9ables, coupe-vent ou simples parasols.<\/p>\n<\/li>\n<li data-start=\"442\" data-end=\"544\">\n<p data-start=\"445\" data-end=\"544\"><strong data-start=\"445\" data-end=\"477\">Protection des chantiers de construction<\/strong><br data-start=\"477\" data-end=\"480\" \/>Bloque le vent, la pluie et la poussi\u00e8re ; prot\u00e8ge les mat\u00e9riaux de construction.<\/p>\n<\/li>\n<li data-start=\"546\" data-end=\"662\">\n<p data-start=\"549\" data-end=\"662\"><strong data-start=\"549\" data-end=\"597\">Barri\u00e8res contre le vent et la pluie pour portes et fen\u00eatres<\/strong><br data-start=\"597\" data-end=\"600\" \/>Fermetures temporaires pour les balcons, les entr\u00e9es d'usine, etc.<\/p>\n<\/li>\n<li data-start=\"664\" data-end=\"821\">\n<p data-start=\"667\" data-end=\"821\"><strong data-start=\"667\" data-end=\"699\">Fermes d'\u00e9levage et de semis<\/strong><br data-start=\"699\" data-end=\"702\" \/>Assure la chaleur, le contr\u00f4le de l'humidit\u00e9 et l'isolation de la contamination. Convient \u00e0 la volaille, \u00e0 l'aquaculture et aux p\u00e9pini\u00e8res.<\/p>\n<\/li>\n<li data-start=\"823\" data-end=\"923\">\n<p data-start=\"826\" data-end=\"923\"><strong data-start=\"826\" data-end=\"856\">Entrep\u00f4t\/Couverture de marchandises<\/strong><br data-start=\"856\" data-end=\"859\" \/>Prot\u00e8ge les machines et les mat\u00e9riaux contre la poussi\u00e8re, l'eau et le vieillissement.<\/p>\n<\/li>\n<li data-start=\"925\" data-end=\"1036\">\n<p data-start=\"928\" data-end=\"1036\"><strong data-start=\"928\" data-end=\"955\">B\u00e2che pour \u00e9v\u00e9nements ext\u00e9rieurs<\/strong><br data-start=\"955\" data-end=\"958\" \/>Sert d'ombre ou d'abri contre la pluie pour le camping, les stands, les banquets en plein air, etc.<\/p>\n<\/li>\n<li data-start=\"1038\" data-end=\"1164\">\n<p data-start=\"1041\" data-end=\"1164\"><strong data-start=\"1041\" data-end=\"1094\">Rideaux anti-poussi\u00e8re industriels\/Cloisons transparentes<\/strong><br data-start=\"1094\" data-end=\"1097\" \/>Ils servent de s\u00e9parateurs clairs pour les espaces de travail afin de minimiser la contamination.<\/p>\n<\/li>\n<\/ol>\n<h2 data-start=\"90\" data-end=\"138\"><strong data-start=\"96\" data-end=\"138\">Avantages de la b\u00e2che PE transparente<\/strong><\/h2>\n<ul data-start=\"140\" data-end=\"955\">\n<li data-start=\"140\" data-end=\"250\">\n<p data-start=\"143\" data-end=\"250\"><strong data-start=\"143\" data-end=\"164\">Transparence \u00e9lev\u00e9e<\/strong>-Laisse passer la lumi\u00e8re naturelle, id\u00e9al pour les serres et les pr\u00e9sentoirs de produits.<\/p>\n<\/li>\n<li data-start=\"251\" data-end=\"317\">\n<p data-start=\"254\" data-end=\"317\"><strong data-start=\"254\" data-end=\"268\">Imperm\u00e9able \u00e0 l'eau<\/strong>-Bloque efficacement la pluie, la neige et l'humidit\u00e9.<\/p>\n<\/li>\n<li data-start=\"318\" data-end=\"416\">\n<p data-start=\"321\" data-end=\"416\"><strong data-start=\"321\" data-end=\"349\">Durable et r\u00e9sistant \u00e0 la d\u00e9chirure<\/strong>-Fabriqu\u00e9 en PE renforc\u00e9 pour des performances durables.<\/p>\n<\/li>\n<li data-start=\"417\" data-end=\"487\">\n<p data-start=\"420\" data-end=\"487\"><strong data-start=\"420\" data-end=\"446\">L\u00e9ger et portable<\/strong>-Facile \u00e0 transporter et \u00e0 ranger.<\/p>\n<\/li>\n<li data-start=\"488\" data-end=\"567\">\n<p data-start=\"491\" data-end=\"567\"><strong data-start=\"491\" data-end=\"507\">R\u00e9sistant aux UV<\/strong>-Prot\u00e8ge contre les effets n\u00e9fastes de l'exposition au soleil et retarde le vieillissement.<\/p>\n<\/li>\n<li data-start=\"568\" data-end=\"661\">\n<p data-start=\"571\" data-end=\"661\"><strong data-start=\"571\" data-end=\"599\">Respectueux de l'environnement et sans odeur<\/strong>-Fabriqu\u00e9 avec un film plastique PE non toxique et inodore.<\/p>\n<\/li>\n<li data-start=\"662\" data-end=\"742\">\n<p data-start=\"665\" data-end=\"742\"><strong data-start=\"665\" data-end=\"684\">Souple et flexible<\/strong>-Facile \u00e0 installer, \u00e0 plier et \u00e0 adapter \u00e0 diff\u00e9rentes surfaces.<\/p>\n<\/li>\n<li data-start=\"743\" data-end=\"839\">\n<p data-start=\"746\" data-end=\"839\"><strong data-start=\"746\" data-end=\"775\">Taille et forme personnalisables<\/strong>-Peut \u00eatre adapt\u00e9 \u00e0 des structures et \u00e0 des exigences particuli\u00e8res.<\/p>\n<\/li>\n<li data-start=\"840\" data-end=\"955\">\n<p data-start=\"843\" data-end=\"955\"><strong data-start=\"843\" data-end=\"868\">Application polyvalente<\/strong>-Largement utilis\u00e9 dans l'agriculture, la construction, la logistique, les \u00e9v\u00e9nements et les abris temporaires.<\/p>\n<\/li>\n<\/ul>\n<h2><a href=\"https:\/\/toprisesafety.com\/fr\/categorie-produit\/outdoor-goods\/tarpaulin\/\">En savoir plus sur la b\u00e2che TOPRISE PE<\/a>. Nous pouvons personnaliser les couleurs et les tailles.<\/h2>\n<p>&nbsp;<\/p>\n<ol>\n<li style=\"list-style-type: none;\"><\/li>\n<\/ol>\n<p>&nbsp;<\/p>","protected":false},"excerpt":{"rendered":"<p><strong><b>Art No.<\/b><\/strong>: PET02<\/p>\n<p><strong><b>Mat\u00e9riau<\/b><\/strong>: PE<\/p>\n<p><strong><b>Poids<\/b><\/strong> 60 g\/m\u00b2 ou g\/m\u00b2.<\/p>\n<p><strong><b>\u00c9paisseur : 0,08 mm, 0,10 mm<\/b><\/strong><\/p>\n<p><strong><b>Taille<\/b><\/strong>Les dimensions : voir la feuille de dimensions ci-dessous ou selon les exigences du client.<\/p>\n<p><strong><b>Couleur<\/b><\/strong>: clair<\/p>\n<p>&nbsp;<\/p>","protected":false},"featured_media":14015,"template":"","meta":{"_acf_changed":false},"product_brand":[],"product_cat":[319],"product_tag":[317],"class_list":{"0":"post-14008","1":"product","2":"type-product","3":"status-publish","4":"has-post-thumbnail","6":"product_cat-tarpaulin","7":"product_tag-pe-tarpaulin","9":"first","10":"instock","11":"product-type-simple"},"acf":[],"_links":{"self":[{"href":"https:\/\/toprisesafety.com\/fr\/wp-json\/wp\/v2\/product\/14008"}],"collection":[{"href":"https:\/\/toprisesafety.com\/fr\/wp-json\/wp\/v2\/product"}],"about":[{"href":"https:\/\/toprisesafety.com\/fr\/wp-json\/wp\/v2\/types\/product"}],"wp:featuredmedia":[{"embeddable":true,"href":"https:\/\/toprisesafety.com\/fr\/wp-json\/wp\/v2\/media\/14015"}],"wp:attachment":[{"href":"https:\/\/toprisesafety.com\/fr\/wp-json\/wp\/v2\/media?parent=14008"}],"wp:term":[{"taxonomy":"product_brand","embeddable":true,"href":"https:\/\/toprisesafety.com\/fr\/wp-json\/wp\/v2\/product_brand?post=14008"},{"taxonomy":"product_cat","embeddable":true,"href":"https:\/\/toprisesafety.com\/fr\/wp-json\/wp\/v2\/product_cat?post=14008"},{"taxonomy":"product_tag","embeddable":true,"href":"https:\/\/toprisesafety.com\/fr\/wp-json\/wp\/v2\/product_tag?post=14008"}],"curies":[{"name":"wp","href":"https:\/\/api.w.org\/{rel}","templated":true}]}}