{"id":13155,"date":"2025-06-12T07:06:39","date_gmt":"2025-06-12T07:06:39","guid":{"rendered":"https:\/\/toprisesafety.com\/?post_type=product&#038;p=13155"},"modified":"2025-06-12T07:06:39","modified_gmt":"2025-06-12T07:06:39","slug":"security-polo-shirt-pant","status":"publish","type":"product","link":"https:\/\/toprisesafety.com\/fr\/produit\/security-polo-shirt-pant\/","title":{"rendered":"S\u00e9curit\u00e9 Polo Shirt Pantalon"},"content":{"rendered":"<h2>S\u00e9curit\u00e9 Polo Shirt Pantalon<\/h2>\n<p>Ningbo Toprise est sp\u00e9cialis\u00e9e dans la production d'uniformes de s\u00e9curit\u00e9 de haute qualit\u00e9. Nous offrons des services de personnalisation, notamment en ce qui concerne les styles, les logos, les tailles, les couleurs et l'emballage. Nous utilisons des techniques de production avanc\u00e9es et des tissus de haute qualit\u00e9 pour garantir le confort et la durabilit\u00e9 des uniformes. Qu'il s'agisse d'une personnalisation d'entreprise ou d'exigences de groupe, nous pouvons fournir des solutions sur mesure pour r\u00e9pondre aux besoins de diff\u00e9rents clients. Gr\u00e2ce \u00e0 notre riche exp\u00e9rience et \u00e0 nos services professionnels, nous veillons \u00e0 ce que chaque uniforme r\u00e9ponde \u00e0 des normes \u00e9lev\u00e9es.<\/p>\n<p>Comment commander des uniformes de s\u00e9curit\u00e9 ?<\/p>\n<ul>\n<li>Faites-nous part de vos exigences, notamment en ce qui concerne le style, la couleur, la quantit\u00e9, la conception du logo et les sp\u00e9cifications d'emballage.<\/li>\n<li>Nous proposons des devis. Nous fournissons des prix d\u00e9taill\u00e9s en fonction de vos besoins.<\/li>\n<li>Aide \u00e0 l'\u00e9preuvage : Nous vous fournirons des \u00e9chantillons afin de nous assurer qu'ils r\u00e9pondent \u00e0 vos exigences.<\/li>\n<li>Passer une commande pour la production : Apr\u00e8s confirmation de l'\u00e9chantillon, vous pouvez passer la commande officielle. Nous ach\u00e8verons la production dans les d\u00e9lais et la livrerons.<\/li>\n<\/ul>\n<table style=\"height: 522px;\" width=\"785\">\n<tbody>\n<tr>\n<td colspan=\"2\" width=\"748\"><strong><b>S\u00e9rie de tissus<\/b><\/strong><\/td>\n<\/tr>\n<tr>\n<td width=\"105\">Composition du tissu<\/td>\n<td width=\"643\">100% coton, 150g\/170g\/200g\/240g\/260g\/280g\/310g\/330g\/360g\/400g\/420g au choix<\/td>\n<\/tr>\n<tr>\n<td width=\"105\"><\/td>\n<td width=\"643\">100% coton, 150g\/170g\/200g\/240g\/260g\/280g\/310g\/330g\/360g\/400g\/420g au choix<\/td>\n<\/tr>\n<tr>\n<td width=\"105\"><\/td>\n<td width=\"643\">Tissu polyester\/coton (80\/20 ou 65\/35 ou 90\/10), 90\/10), 150g\/170g\/200g\/240g\/260g\/280g\/310g\/330g\/360g\/400g\/420g au choix.<\/td>\n<\/tr>\n<tr>\n<td width=\"105\"><\/td>\n<td width=\"643\">Fibre aramide, 120g\/150g\/180g\/210g\/260g\/300g<\/td>\n<\/tr>\n<tr>\n<td width=\"105\">Diff\u00e9rentes couleurs au choix<\/td>\n<td width=\"643\"><img decoding=\"async\" class=\"alignnone size-medium wp-image-13105\" src=\"https:\/\/toprisesafety.com\/wp-content\/uploads\/2025\/06\/color-300x24.png\" alt=\"\" width=\"300\" height=\"24\" srcset=\"https:\/\/toprisesafety.com\/wp-content\/uploads\/2025\/06\/color-300x24.png 300w, https:\/\/toprisesafety.com\/wp-content\/uploads\/2025\/06\/color-600x49.png 600w, https:\/\/toprisesafety.com\/wp-content\/uploads\/2025\/06\/color.png 712w\" sizes=\"(max-width: 300px) 100vw, 300px\" \/><\/td>\n<\/tr>\n<tr>\n<td colspan=\"2\" width=\"748\"><strong><b>S\u00e9rie v\u00eatements de travail<\/b><\/strong><\/td>\n<\/tr>\n<tr>\n<td width=\"105\">S\u00e9rie principale<\/td>\n<td width=\"643\">V\u00eatements ignifug\u00e9s, v\u00eatements antistatiques, v\u00eatements pour soudeurs, v\u00eatements anti-feu, v\u00eatements d'urgence, v\u00eatements de protection contre les acides et les alcalis, et v\u00eatements multifonctionnels. Personnalisation de l'assistance.<\/td>\n<\/tr>\n<tr>\n<td width=\"105\">Principales fonctions<\/td>\n<td width=\"643\">Retardateur de flammes, antistatique, anti-huile, anti-acide, anti-alcalin, anti-moustique, anti-UV<\/td>\n<\/tr>\n<tr>\n<td width=\"105\">Domaines d'application<\/td>\n<td width=\"643\">Pr\u00e9vention des incendies de for\u00eat, p\u00e9trochimie, gaz naturel, r\u00e9paration automobile, \u00e9nergie \u00e9lectrique, exploitation mini\u00e8re, soudage, s\u00e9curit\u00e9, etc.<\/td>\n<\/tr>\n<tr>\n<td width=\"105\">March\u00e9 d'exportation<\/td>\n<td width=\"643\">Europe, Am\u00e9rique du Nord, Afrique, Afrique du Sud, Am\u00e9rique du Sud<\/td>\n<\/tr>\n<\/tbody>\n<\/table>\n<p>&nbsp;<\/p>","protected":false},"excerpt":{"rendered":"<p>Art No. SP09<\/p>\n<p>Mati\u00e8re : 100%Coton, T\/C 80\/20, T\/C 65\/35, 100%Polyester<\/p>\n<p>Poids : 120-420G\/SQM ou personnalis\u00e9<\/p>\n<p>Couleur : diff\u00e9rentes couleurs au choix.<\/p>\n<p>Taille : S-XXXL ( Personnalisation possible\uff09)<\/p>\n<p>MOQ :1000 PCS.<\/p>","protected":false},"featured_media":13159,"template":"","meta":{"_acf_changed":false},"product_brand":[],"product_cat":[402],"product_tag":[],"class_list":{"0":"post-13155","1":"product","2":"type-product","3":"status-publish","4":"has-post-thumbnail","6":"product_cat-security-uniform","8":"first","9":"instock","10":"shipping-taxable","11":"product-type-simple"},"acf":[],"_links":{"self":[{"href":"https:\/\/toprisesafety.com\/fr\/wp-json\/wp\/v2\/product\/13155"}],"collection":[{"href":"https:\/\/toprisesafety.com\/fr\/wp-json\/wp\/v2\/product"}],"about":[{"href":"https:\/\/toprisesafety.com\/fr\/wp-json\/wp\/v2\/types\/product"}],"wp:featuredmedia":[{"embeddable":true,"href":"https:\/\/toprisesafety.com\/fr\/wp-json\/wp\/v2\/media\/13159"}],"wp:attachment":[{"href":"https:\/\/toprisesafety.com\/fr\/wp-json\/wp\/v2\/media?parent=13155"}],"wp:term":[{"taxonomy":"product_brand","embeddable":true,"href":"https:\/\/toprisesafety.com\/fr\/wp-json\/wp\/v2\/product_brand?post=13155"},{"taxonomy":"product_cat","embeddable":true,"href":"https:\/\/toprisesafety.com\/fr\/wp-json\/wp\/v2\/product_cat?post=13155"},{"taxonomy":"product_tag","embeddable":true,"href":"https:\/\/toprisesafety.com\/fr\/wp-json\/wp\/v2\/product_tag?post=13155"}],"curies":[{"name":"wp","href":"https:\/\/api.w.org\/{rel}","templated":true}]}}