{"id":12961,"date":"2025-06-04T07:05:31","date_gmt":"2025-06-04T07:05:31","guid":{"rendered":"https:\/\/toprisesafety.com\/?post_type=product&#038;p=12961"},"modified":"2025-06-05T06:26:32","modified_gmt":"2025-06-05T06:26:32","slug":"custom-waterproof-car-cover","status":"publish","type":"product","link":"https:\/\/toprisesafety.com\/fr\/produit\/custom-waterproof-car-cover\/","title":{"rendered":"Housse de voiture imperm\u00e9able personnalis\u00e9e"},"content":{"rendered":"<h2>Housse de voiture imperm\u00e9able personnalis\u00e9e<\/h2>\n<p><strong><b>Housse de voiture imperm\u00e9able personnalis\u00e9e<\/b><\/strong><strong><b>\u00a0<\/b><\/strong><strong><b>Caract\u00e9ristiques : <\/b><\/strong><\/p>\n<ul>\n<li>Protection solaire : Bloque efficacement les rayons ultraviolets, prot\u00e9geant ainsi la peinture de la voiture de la d\u00e9coloration.<\/li>\n<li>Imperm\u00e9able : Emp\u00eache l'eau de p\u00e9n\u00e9trer, prot\u00e9geant ainsi la carrosserie du v\u00e9hicule contre l'humidit\u00e9.<\/li>\n<li>Pr\u00e9vention de la poussi\u00e8re : Emp\u00eache la poussi\u00e8re et les particules de sable de p\u00e9n\u00e9trer dans le v\u00e9hicule et le garde propre.<\/li>\n<li>R\u00e9sistant aux intemp\u00e9ries : Prot\u00e8ge efficacement la voiture contre les effets de la pluie et de la neige.<\/li>\n<li>Anti-salissures : Emp\u00eache la contamination de la carrosserie du v\u00e9hicule par l'huile, la r\u00e9sine, etc.<\/li>\n<li>Anti-statique : R\u00e9duit l'accumulation d'\u00e9lectricit\u00e9 statique et maintient la propret\u00e9 \u00e0 l'int\u00e9rieur et \u00e0 l'ext\u00e9rieur du v\u00e9hicule.<\/li>\n<li>Antigel : Prot\u00e8ge la voiture contre les effets du froid.<\/li>\n<li>R\u00e9sistance aux rayures : haute r\u00e9sistance \u00e0 l'usure, pr\u00e9vention efficace des rayures.<\/li>\n<li>Service personnalis\u00e9 : Vous pouvez personnaliser la taille, la couleur, le tissu, le logo et l'emballage.<\/li>\n<\/ul>\n<div style=\"width: 800px;\" class=\"wp-video\"><!--[if lt IE 9]><script>document.createElement('video');<\/script><![endif]-->\n<video class=\"wp-video-shortcode\" id=\"video-12961-1\" width=\"800\" height=\"450\" preload=\"metadata\" controls=\"controls\"><source type=\"video\/mp4\" src=\"https:\/\/toprisesafety.com\/wp-content\/uploads\/2025\/06\/waterproof-car-cover.mp4?_=1\" \/><a href=\"https:\/\/toprisesafety.com\/wp-content\/uploads\/2025\/06\/waterproof-car-cover.mp4\">https:\/\/toprisesafety.com\/wp-content\/uploads\/2025\/06\/waterproof-car-cover.mp4<\/a><\/video><\/div>\n<table>\n<tbody>\n<tr>\n<td width=\"284\">ART NO.<\/td>\n<td width=\"284\">CC01<\/td>\n<\/tr>\n<tr>\n<td width=\"284\">Mat\u00e9riau<\/td>\n<td width=\"284\">Tissu Oxford 210D \/420D avec enduction PA ou polyester 190T \/210T avec enduction argent\u00e9e personnalis\u00e9e<\/td>\n<\/tr>\n<tr>\n<td width=\"284\">Taille<\/td>\n<td width=\"284\">berline 3S\/3M\/3L\/3XL\/3XXL, SUV YM\/YL\/YXL\/YXXXL, camionnette S\/M\/L\/XL\/XXL, ou personnalis\u00e9 selon le mod\u00e8le du v\u00e9hicule<\/p>\n<p>&nbsp;<\/td>\n<\/tr>\n<tr>\n<td width=\"284\">Couleur<\/td>\n<td width=\"284\">Noir ou personnalis\u00e9<\/td>\n<\/tr>\n<tr>\n<td width=\"284\">Impression de logos<\/td>\n<td width=\"284\">disponible<\/td>\n<\/tr>\n<tr>\n<td width=\"284\">Emballage<\/td>\n<td width=\"284\">1 pi\u00e8ce par sac de m\u00eame mati\u00e8re ou emballage personnalis\u00e9<\/td>\n<\/tr>\n<tr>\n<td width=\"284\">MOQ<\/td>\n<td width=\"284\">100PCS<\/td>\n<\/tr>\n<tr>\n<td width=\"284\">Conception personnalis\u00e9e<\/td>\n<td width=\"284\">Soutien<\/td>\n<\/tr>\n<\/tbody>\n<\/table>\n<p><strong><b>Housse de voiture imperm\u00e9able personnalis\u00e9e<\/b><\/strong><strong><b>\u00a0Application<\/b><\/strong><strong><b>\u00a0Domaines : <\/b><\/strong><\/p>\n<ul>\n<li>Stationnement urbain : Protection des v\u00e9hicules contre les facteurs externes tels que la poussi\u00e8re, la pluie et les rayons ultraviolets.<\/li>\n<li>Le stationnement de longue dur\u00e9e vise \u00e0 prot\u00e9ger la carrosserie du v\u00e9hicule contre la contamination, les rayures ou le vieillissement sur de longues p\u00e9riodes.<\/li>\n<li>Parking ext\u00e9rieur en plein air : Convient aux parkings en plein air ou non surveill\u00e9s et aux parkings en bordure de route.<\/li>\n<li>Transport de v\u00e9hicules : Utilis\u00e9 pour prot\u00e9ger l'apparence du v\u00e9hicule pendant le transport afin d'\u00e9viter les dommages caus\u00e9s par le sable, le vent, la pluie et la neige.<\/li>\n<li>Exposition commerciale : Dans les lieux tels que les salons automobiles et les foires commerciales, prot\u00e9gez les v\u00e9hicules expos\u00e9s des influences ext\u00e9rieures.<\/li>\n<li>Protection saisonni\u00e8re : Mesures de protection contre le froid en hiver et contre l'exposition au soleil en \u00e9t\u00e9, r\u00e9pondant aux besoins de protection des diff\u00e9rentes saisons.<\/li>\n<li>Stockage des voitures d'occasion : Prot\u00e9ger l'apparence des voitures \u00e0 vendre et maintenir leur valeur<\/li>\n<li>Entretien et maintenance : Le propri\u00e9taire l'utilise pendant le processus de r\u00e9paration pour prot\u00e9ger la carrosserie du v\u00e9hicule contre l'intrusion de la poussi\u00e8re et de la salet\u00e9.<\/li>\n<\/ul>\n<p>NINGBO TOPRISE est une usine professionnelle sp\u00e9cialis\u00e9e dans la production de<a href=\"https:\/\/toprisesafety.com\/fr\/categorie-produit\/outdoor-goods\/waterproof-cover\/\"> couvertures imperm\u00e9ables de haute qualit\u00e9<\/a>La soci\u00e9t\u00e9 a pour objectif de fournir \u00e0 ses clients diverses solutions de protection personnalis\u00e9es. Gr\u00e2ce \u00e0 des \u00e9quipements de production avanc\u00e9s et \u00e0 une riche exp\u00e9rience industrielle, nos produits couvrent une large gamme de types tels que les housses de moto, les housses de voiture, les housses de meubles et les housses de bicyclettes. Toutes les housses imperm\u00e9ables sont fabriqu\u00e9es \u00e0 partir de tissus imperm\u00e9ables de haute qualit\u00e9, tels que le tissu Oxford 420D et le tissu Oxford 210D. Elles pr\u00e9sentent de multiples fonctions, notamment l'imperm\u00e9abilit\u00e9, la protection contre les UV, la pr\u00e9vention de la poussi\u00e8re, la r\u00e9sistance au vent et la r\u00e9sistance aux rayures, ce qui permet de prot\u00e9ger efficacement votre \u00e9quipement contre les influences environnementales externes.<br \/>\nNotre usine dispose de trois lignes de production tr\u00e8s efficaces, chacune \u00e9quip\u00e9e d'un mat\u00e9riel automatis\u00e9 de pointe, ce qui nous permet de produire diverses couvertures imperm\u00e9ables avec une grande efficacit\u00e9 et une grande stabilit\u00e9. L'usine compte actuellement environ 150 employ\u00e9s, dont des techniciens, des op\u00e9rateurs, des inspecteurs de la qualit\u00e9 et une \u00e9quipe de soutien logistique. Nous pouvons fournir des services personnalis\u00e9s en termes de tailles, de couleurs et de tissus selon les exigences des clients. En outre, nous proposons l'impression de LOGO et des emballages personnalis\u00e9s pour r\u00e9pondre aux besoins des diff\u00e9rents secteurs et march\u00e9s. Tous les produits sont soumis \u00e0 des contr\u00f4les de qualit\u00e9 stricts afin de garantir qu'ils r\u00e9pondent \u00e0 des normes \u00e9lev\u00e9es et qu'ils peuvent satisfaire les divers besoins des clients.<br \/>\nNous avons toujours adh\u00e9r\u00e9 au principe de \"la qualit\u00e9 d'abord et le service avant tout\" et nous nous engageons \u00e0 devenir un fournisseur de couverture imperm\u00e9able de confiance pour les clients du monde entier.<br \/>\nSi vous avez des questions sur les couvertures imperm\u00e9ables, <a href=\"https:\/\/toprisesafety.com\/fr\/contact-us\/\">nous contacter librement.<\/a><\/p>","protected":false},"excerpt":{"rendered":"<p>Art No.CC01<\/p>\n<p>Mati\u00e8re : tissu Oxford 210D \/420D avec enduction PA ou polyester 190T \/210T avec enduction argent\u00e9e personnalis\u00e9e<\/p>\n<p>Taille : berline 3S\/3M\/3L\/3XL\/3XXL, SUV YM\/YL\/YXL\/YXXXL, camionnette S\/M\/L\/XL\/XXL, ou personnalis\u00e9e en fonction du mod\u00e8le de v\u00e9hicule.<\/p>\n<p>Couleur : noir ou personnalis\u00e9<\/p>\n<p>Impression du logo : disponible<\/p>\n<p>MOQ : 300PCS<\/p>","protected":false},"featured_media":12963,"template":"","meta":{"_acf_changed":false},"product_brand":[],"product_cat":[371,401],"product_tag":[],"class_list":{"0":"post-12961","1":"product","2":"type-product","3":"status-publish","4":"has-post-thumbnail","6":"product_cat-outdoor-goods","7":"product_cat-waterproof-cover","9":"first","10":"instock","11":"shipping-taxable","12":"product-type-simple"},"acf":[],"_links":{"self":[{"href":"https:\/\/toprisesafety.com\/fr\/wp-json\/wp\/v2\/product\/12961"}],"collection":[{"href":"https:\/\/toprisesafety.com\/fr\/wp-json\/wp\/v2\/product"}],"about":[{"href":"https:\/\/toprisesafety.com\/fr\/wp-json\/wp\/v2\/types\/product"}],"wp:featuredmedia":[{"embeddable":true,"href":"https:\/\/toprisesafety.com\/fr\/wp-json\/wp\/v2\/media\/12963"}],"wp:attachment":[{"href":"https:\/\/toprisesafety.com\/fr\/wp-json\/wp\/v2\/media?parent=12961"}],"wp:term":[{"taxonomy":"product_brand","embeddable":true,"href":"https:\/\/toprisesafety.com\/fr\/wp-json\/wp\/v2\/product_brand?post=12961"},{"taxonomy":"product_cat","embeddable":true,"href":"https:\/\/toprisesafety.com\/fr\/wp-json\/wp\/v2\/product_cat?post=12961"},{"taxonomy":"product_tag","embeddable":true,"href":"https:\/\/toprisesafety.com\/fr\/wp-json\/wp\/v2\/product_tag?post=12961"}],"curies":[{"name":"wp","href":"https:\/\/api.w.org\/{rel}","templated":true}]}}