{"id":12946,"date":"2025-06-04T06:51:45","date_gmt":"2025-06-04T06:51:45","guid":{"rendered":"https:\/\/toprisesafety.com\/?post_type=product&#038;p=12946"},"modified":"2025-06-05T06:29:16","modified_gmt":"2025-06-05T06:29:16","slug":"class-b-rv-covers","status":"publish","type":"product","link":"https:\/\/toprisesafety.com\/fr\/produit\/class-b-rv-covers\/","title":{"rendered":"Couvertures pour camping-cars de classe B"},"content":{"rendered":"<h2>Couvertures pour camping-cars de classe B<\/h2>\n<p><strong><b>Couvertures pour camping-cars de classe B <\/b><\/strong><strong><b>Caract\u00e9ristiques :<\/b><\/strong><\/p>\n<p>1) Tissu non tiss\u00e9 : imperm\u00e9able, respirant, r\u00e9sistant aux UV ; tissu Oxford : imperm\u00e9able, r\u00e9sistant \u00e0 la pression de l'eau, r\u00e9sistant aux UV<\/p>\n<p>2) Couture \u00e0 double aiguille : Lisse et beau, robuste et durable<\/p>\n<p>3) Les bandes \u00e9lastiques \u00e0 l'avant et \u00e0 l'arri\u00e8re de la housse de voiture et la conception des bandes de tissu traversantes \u00e0 gauche et \u00e0 droite permettent \u00e0 la housse de voiture de s'ajuster plus \u00e9troitement, emp\u00eachant efficacement le sable et la poussi\u00e8re de p\u00e9n\u00e9trer dans le v\u00e9hicule, et vous n'avez plus \u00e0 vous inqui\u00e9ter que la housse soit emport\u00e9e par des vents violents.<\/p>\n<p>4) Les pi\u00e8ces triangulaires \u00e0 l'avant et \u00e0 l'arri\u00e8re sont \u00e9quip\u00e9es de boutons-pression en tissu, qui peuvent \u00eatre ajust\u00e9s \u00e0 tout moment en fonction de la taille du v\u00e9hicule pour que la housse de voiture s'adapte plus \u00e9troitement au v\u00e9hicule et ait une belle apparence.<\/p>\n<p>5) Porte \u00e0 enroulement, facilitant l'entr\u00e9e et la sortie.<\/p>\n<p>6) Sac d'emballage ext\u00e9rieur ind\u00e9pendant, pratique \u00e0 transporter et facile \u00e0 stocker.<\/p>\n<div style=\"width: 800px;\" class=\"wp-video\"><!--[if lt IE 9]><script>document.createElement('video');<\/script><![endif]-->\n<video class=\"wp-video-shortcode\" id=\"video-12946-1\" width=\"800\" height=\"450\" preload=\"metadata\" controls=\"controls\"><source type=\"video\/mp4\" src=\"https:\/\/toprisesafety.com\/wp-content\/uploads\/2025\/06\/Car-cover-produce-2.mp4?_=1\" \/><a href=\"https:\/\/toprisesafety.com\/wp-content\/uploads\/2025\/06\/Car-cover-produce-2.mp4\">https:\/\/toprisesafety.com\/wp-content\/uploads\/2025\/06\/Car-cover-produce-2.mp4<\/a><\/video><\/div>\n<table>\n<tbody>\n<tr>\n<td width=\"284\">ART NO.<\/td>\n<td width=\"284\">RVC15<\/td>\n<\/tr>\n<tr>\n<td width=\"284\">Mat\u00e9riau<\/td>\n<td width=\"284\">(1) Dessus 160 couches de tissu non tiss\u00e9 + c\u00f4t\u00e9s 100 grammes de tissu non tiss\u00e9 simple couche<\/p>\n<p>(2) Tissu non tiss\u00e9 sup\u00e9rieur 180 couches + c\u00f4t\u00e9s 100 grammes de tissu non tiss\u00e9 simple couche<\/p>\n<p>(3) Tissu Oxford 300D sup\u00e9rieur + c\u00f4t\u00e9s 160 grammes de tissu non tiss\u00e9 \u00e0 quatre couches<\/p>\n<p>(4) L'ensemble de la housse est en tissu Oxford 300D.<\/p>\n<p>&nbsp;<\/td>\n<\/tr>\n<tr>\n<td width=\"284\">Taille<\/td>\n<td width=\"284\">19.5 FT\/20.5FT\/21.5FT ou personnalis\u00e9<\/td>\n<\/tr>\n<tr>\n<td width=\"284\">Couleur<\/td>\n<td width=\"284\">Gris ou personnalis\u00e9<\/td>\n<\/tr>\n<tr>\n<td width=\"284\">Impression de logos<\/td>\n<td width=\"284\">disponible<\/td>\n<\/tr>\n<tr>\n<td width=\"284\">Emballage<\/td>\n<td width=\"284\">1 pi\u00e8ce par sac de m\u00eame mati\u00e8re ou emballage personnalis\u00e9<\/td>\n<\/tr>\n<tr>\n<td width=\"284\">MOQ<\/td>\n<td width=\"284\">50PCS<\/td>\n<\/tr>\n<tr>\n<td width=\"284\">Conception personnalis\u00e9e<\/td>\n<td width=\"284\">Soutien<\/td>\n<\/tr>\n<\/tbody>\n<\/table>\n<p><strong><b>Couvertures pour camping-cars de classe B <\/b><\/strong><strong><b>Domaines d'application : <\/b><\/strong><\/p>\n<ul>\n<li>Protection du stationnement ext\u00e9rieur : Emp\u00eache la poussi\u00e8re, la pluie, la neige et les rayons ultraviolets d'endommager la caravane.<\/li>\n<li>Protection du stationnement de longue dur\u00e9e : Protection du v\u00e9hicule de loisirs en stationnement de longue dur\u00e9e contre les dommages caus\u00e9s par le vent et l'exposition au soleil.<\/li>\n<li>Protection pendant les d\u00e9placements : Protection des v\u00e9hicules dans les campings ou les aires de stationnement contre les impacts environnementaux<\/li>\n<li>\u00c0 utiliser lors de la maintenance et de l'entretien : pour emp\u00eacher la poussi\u00e8re et les d\u00e9bris de p\u00e9n\u00e9trer \u00e0 l'int\u00e9rieur ou \u00e0 l'ext\u00e9rieur du v\u00e9hicule pendant le processus de r\u00e9paration.<\/li>\n<li>Protection de l'exposition des v\u00e9hicules : Protection de l'apparence des v\u00e9hicules lors des salons automobiles et des foires commerciales<\/li>\n<li>Stockage de voitures d'occasion : Prot\u00e9ger l'apparence des v\u00e9hicules \u00e0 vendre et les maintenir en bon \u00e9tat.<\/li>\n<li>Protection saisonni\u00e8re : Protection sp\u00e9ciale pendant l'hiver ou la saison des pluies pour \u00e9viter les dommages caus\u00e9s par le gel et l'accumulation d'eau.<\/li>\n<\/ul>\n<p>NINGBO TOPRISE est une usine professionnelle sp\u00e9cialis\u00e9e dans la production de<a href=\"https:\/\/toprisesafety.com\/fr\/categorie-produit\/outdoor-goods\/waterproof-cover\/\"> couvertures imperm\u00e9ables de haute qualit\u00e9<\/a>La soci\u00e9t\u00e9 a pour objectif de fournir \u00e0 ses clients diverses solutions de protection personnalis\u00e9es. Gr\u00e2ce \u00e0 des \u00e9quipements de production avanc\u00e9s et \u00e0 une riche exp\u00e9rience industrielle, nos produits couvrent une large gamme de types tels que les housses de moto, les housses de voiture, les housses de meubles et les housses de bicyclettes. Toutes les housses imperm\u00e9ables sont fabriqu\u00e9es \u00e0 partir de tissus imperm\u00e9ables de haute qualit\u00e9, tels que le tissu Oxford 420D et le tissu Oxford 210D. Elles pr\u00e9sentent de multiples fonctions, notamment l'imperm\u00e9abilit\u00e9, la protection contre les UV, la pr\u00e9vention de la poussi\u00e8re, la r\u00e9sistance au vent et la r\u00e9sistance aux rayures, ce qui permet de prot\u00e9ger efficacement votre \u00e9quipement contre les influences environnementales externes.<br \/>\nNotre usine dispose de trois lignes de production tr\u00e8s efficaces, chacune \u00e9quip\u00e9e d'un mat\u00e9riel automatis\u00e9 de pointe, ce qui nous permet de produire diverses couvertures imperm\u00e9ables avec une grande efficacit\u00e9 et une grande stabilit\u00e9. L'usine compte actuellement environ 150 employ\u00e9s, dont des techniciens, des op\u00e9rateurs, des inspecteurs de la qualit\u00e9 et une \u00e9quipe de soutien logistique. Nous pouvons fournir des services personnalis\u00e9s en termes de tailles, de couleurs et de tissus selon les exigences des clients. En outre, nous proposons l'impression de LOGO et des emballages personnalis\u00e9s pour r\u00e9pondre aux besoins des diff\u00e9rents secteurs et march\u00e9s. Tous les produits sont soumis \u00e0 des contr\u00f4les de qualit\u00e9 stricts afin de garantir qu'ils r\u00e9pondent \u00e0 des normes \u00e9lev\u00e9es et qu'ils peuvent satisfaire les divers besoins des clients.<br \/>\nNous avons toujours adh\u00e9r\u00e9 au principe de \"la qualit\u00e9 d'abord et le service avant tout\" et nous nous engageons \u00e0 devenir un fournisseur de couverture imperm\u00e9able de confiance pour les clients du monde entier.<br \/>\nSi vous avez des questions sur les couvertures imperm\u00e9ables, <a href=\"https:\/\/toprisesafety.com\/fr\/contact-us\/\">nous contacter librement.<\/a><\/p>","protected":false},"excerpt":{"rendered":"<p>Art No.RVC15<\/p>\n<p>Tissu :<\/p>\n<p>(1) Dessus 160 couches de tissu non tiss\u00e9 + c\u00f4t\u00e9s 100 grammes de tissu non tiss\u00e9 simple couche<\/p>\n<p>(2) Tissu non tiss\u00e9 sup\u00e9rieur 180 couches + c\u00f4t\u00e9s 100 grammes de tissu non tiss\u00e9 simple couche<\/p>\n<p>(3) Tissu Oxford 300D sup\u00e9rieur + c\u00f4t\u00e9s 160 grammes de tissu non tiss\u00e9 \u00e0 quatre couches<\/p>\n<p>(4) L'ensemble de la housse est en tissu Oxford 300D.<\/p>\n<p>Couleur : Gris ou personnalis\u00e9<\/p>\n<p>Taille : 19.5 FT\/20.5FT\/21.5FT ou personnalis\u00e9e<\/p>\n<p>Impression du logo : disponible<\/p>\n<p>MOQ : 50PCS<\/p>","protected":false},"featured_media":12952,"template":"","meta":{"_acf_changed":false},"product_brand":[],"product_cat":[371,401],"product_tag":[],"class_list":{"0":"post-12946","1":"product","2":"type-product","3":"status-publish","4":"has-post-thumbnail","6":"product_cat-outdoor-goods","7":"product_cat-waterproof-cover","9":"first","10":"instock","11":"shipping-taxable","12":"product-type-simple"},"acf":[],"_links":{"self":[{"href":"https:\/\/toprisesafety.com\/fr\/wp-json\/wp\/v2\/product\/12946"}],"collection":[{"href":"https:\/\/toprisesafety.com\/fr\/wp-json\/wp\/v2\/product"}],"about":[{"href":"https:\/\/toprisesafety.com\/fr\/wp-json\/wp\/v2\/types\/product"}],"wp:featuredmedia":[{"embeddable":true,"href":"https:\/\/toprisesafety.com\/fr\/wp-json\/wp\/v2\/media\/12952"}],"wp:attachment":[{"href":"https:\/\/toprisesafety.com\/fr\/wp-json\/wp\/v2\/media?parent=12946"}],"wp:term":[{"taxonomy":"product_brand","embeddable":true,"href":"https:\/\/toprisesafety.com\/fr\/wp-json\/wp\/v2\/product_brand?post=12946"},{"taxonomy":"product_cat","embeddable":true,"href":"https:\/\/toprisesafety.com\/fr\/wp-json\/wp\/v2\/product_cat?post=12946"},{"taxonomy":"product_tag","embeddable":true,"href":"https:\/\/toprisesafety.com\/fr\/wp-json\/wp\/v2\/product_tag?post=12946"}],"curies":[{"name":"wp","href":"https:\/\/api.w.org\/{rel}","templated":true}]}}