{"id":12919,"date":"2025-06-04T06:11:57","date_gmt":"2025-06-04T06:11:57","guid":{"rendered":"https:\/\/toprisesafety.com\/?post_type=product&#038;p=12919"},"modified":"2025-06-05T06:31:00","modified_gmt":"2025-06-05T06:31:00","slug":"bike-cover","status":"publish","type":"product","link":"https:\/\/toprisesafety.com\/fr\/produit\/bike-cover\/","title":{"rendered":"Housse de v\u00e9lo"},"content":{"rendered":"<h2>Housse de v\u00e9lo<\/h2>\n<p><strong><b>Housse de v\u00e9lo <\/b><\/strong><strong><b>Caract\u00e9ristiques : <\/b><\/strong><\/p>\n<ul>\n<li>Le mat\u00e9riau de haute densit\u00e9 peut emp\u00eacher efficacement la poussi\u00e8re de p\u00e9n\u00e9trer \u00e0 l'int\u00e9rieur de la locomotive et dans les composants internes de la machinerie de la locomotive.<\/li>\n<li>Le tissu anti-ultraviolet emp\u00eache efficacement les rayons ultraviolets du soleil de p\u00e9n\u00e9trer dans la surface et les d\u00e9corations int\u00e9rieures du v\u00e9hicule tout-terrain, offrant ainsi un certain niveau de protection.<\/li>\n<li>Tissu imperm\u00e9able, emp\u00eachant efficacement l'eau de pluie de p\u00e9n\u00e9trer dans la carrosserie du v\u00e9hicule et gardant la carrosserie de la locomotive propre.<\/li>\n<li>Il peut prot\u00e9ger la surface de la locomotive contre les rayures ou les frottements caus\u00e9s par des objets pointus ext\u00e9rieurs.<\/li>\n<li>Mat\u00e9riau tr\u00e8s souple, qui n'endommagera pas la peinture de la moto par frottement en raison du mouvement de la housse de protection.<\/li>\n<li>Le bas de la housse de voiture est con\u00e7u avec une ceinture extensible, qui peut fermement s'adapter \u00e0 la housse, et il n'y a pas besoin de s'inqui\u00e9ter que la housse soit emport\u00e9e par des vents forts. Elle est facile \u00e0 utiliser et rapide \u00e0 mettre en \u0153uvre. Elle est de petite taille et pratique \u00e0 transporter. Elle est plus facile \u00e0 utiliser que la conception traditionnelle \u00e0 trou de serrure et \u00e0 corde.<\/li>\n<li>Il est particuli\u00e8rement adapt\u00e9 aux environnements pr\u00e9sentant d'importantes variations de temp\u00e9rature. Il ne vieillit pas, m\u00eame apr\u00e8s une utilisation prolong\u00e9e dans des conditions froides. Sous le soleil br\u00fblant, il peut bloquer efficacement les rayons du soleil, offrant ainsi une excellente protection \u00e0 votre voiture. Vous n'aurez plus \u00e0 souffrir de la chaleur du soleil sur le si\u00e8ge de la voiture. 8. Le rev\u00eatement argent\u00e9 am\u00e9liore la r\u00e9flexion de haute intensit\u00e9 des rayons ultraviolets, ce qui peut emp\u00eacher la d\u00e9pr\u00e9ciation de votre voiture due aux rayons ultraviolets.<\/li>\n<li>Convient \u00e0 tous les types de bicyclettes.<\/li>\n<\/ul>\n<table>\n<tbody>\n<tr>\n<td width=\"284\">ART NO.<\/td>\n<td width=\"284\">BC01<\/td>\n<\/tr>\n<tr>\n<td width=\"284\">Mat\u00e9riau<\/td>\n<td width=\"284\">Polyester 170T\/210T avec rev\u00eatement argent\u00e9 ou oxford 210D ou 420 D avec rev\u00eatement argent\u00e9 ou personnalis\u00e9<\/td>\n<\/tr>\n<tr>\n<td width=\"284\">Taille<\/td>\n<td width=\"284\">185X63X110CM ou sur mesure<\/td>\n<\/tr>\n<tr>\n<td width=\"284\">Couleur<\/td>\n<td width=\"284\">Noir, gris, bleu ou personnalis\u00e9<\/td>\n<\/tr>\n<tr>\n<td width=\"284\">Impression de logos<\/td>\n<td width=\"284\">disponible<\/td>\n<\/tr>\n<tr>\n<td width=\"284\">Emballage<\/td>\n<td width=\"284\">1 pi\u00e8ce par sac de m\u00eame mati\u00e8re ou emballage personnalis\u00e9<\/td>\n<\/tr>\n<tr>\n<td width=\"284\">MOQ<\/td>\n<td width=\"284\">100PCS<\/td>\n<\/tr>\n<tr>\n<td width=\"284\">Conception personnalis\u00e9e<\/td>\n<td width=\"284\">Soutien<\/td>\n<\/tr>\n<\/tbody>\n<\/table>\n<p><strong><b>Application de la housse de v\u00e9lo<\/b><\/strong><strong><b>\u00a0Domaines : <\/b><\/strong><\/p>\n<ul>\n<li>Protection des parkings ext\u00e9rieurs : Emp\u00eacher les v\u00e9los d'\u00eatre endommag\u00e9s par la pluie, la neige, la poussi\u00e8re et les rayons ultraviolets.<\/li>\n<li>Stockage \u00e0 long terme : Pr\u00e9vention de la rouille et des dommages ext\u00e9rieurs pour les v\u00e9los qui n'ont pas \u00e9t\u00e9 utilis\u00e9s pendant une longue p\u00e9riode.<\/li>\n<li>Stationnement dans les lieux publics : Prot\u00e9ger les v\u00e9los des facteurs environnementaux lors du stationnement dans les lieux publics<\/li>\n<li>Voyage et camping : En voyage ou en camping, prot\u00e9gez votre v\u00e9lo contre les dommages.<\/li>\n<li>Entretien et maintenance : Emp\u00eachez la poussi\u00e8re, l'huile et d'autres substances de p\u00e9n\u00e9trer dans la carrosserie du v\u00e9hicule pendant le processus de r\u00e9paration.<\/li>\n<li>Stockage saisonnier : Utilis\u00e9 pour prot\u00e9ger les v\u00e9los pendant l'hiver ou par temps humide.<\/li>\n<li>Activit\u00e9s de plein air : Une fois les activit\u00e9s de plein air termin\u00e9es, ce produit est utilis\u00e9 pour prot\u00e9ger le v\u00e9lo contre les conditions m\u00e9t\u00e9orologiques difficiles.<\/li>\n<\/ul>\n<p>NINGBO TOPRISE est une usine professionnelle sp\u00e9cialis\u00e9e dans la production de<a href=\"https:\/\/toprisesafety.com\/fr\/categorie-produit\/outdoor-goods\/waterproof-cover\/\"> couvertures imperm\u00e9ables de haute qualit\u00e9<\/a>La soci\u00e9t\u00e9 a pour objectif de fournir \u00e0 ses clients diverses solutions de protection personnalis\u00e9es. Gr\u00e2ce \u00e0 des \u00e9quipements de production avanc\u00e9s et \u00e0 une riche exp\u00e9rience industrielle, nos produits couvrent une large gamme de types tels que les housses de moto, les housses de voiture, les housses de meubles et les housses de bicyclettes. Toutes les housses imperm\u00e9ables sont fabriqu\u00e9es \u00e0 partir de tissus imperm\u00e9ables de haute qualit\u00e9, tels que le tissu Oxford 420D et le tissu Oxford 210D. Elles pr\u00e9sentent de multiples fonctions, notamment l'imperm\u00e9abilit\u00e9, la protection contre les UV, la pr\u00e9vention de la poussi\u00e8re, la r\u00e9sistance au vent et la r\u00e9sistance aux rayures, ce qui permet de prot\u00e9ger efficacement votre \u00e9quipement contre les influences environnementales externes.<br \/>\nNotre usine dispose de trois lignes de production tr\u00e8s efficaces, chacune \u00e9quip\u00e9e d'un mat\u00e9riel automatis\u00e9 de pointe, ce qui nous permet de produire diverses couvertures imperm\u00e9ables avec une grande efficacit\u00e9 et une grande stabilit\u00e9. L'usine compte actuellement environ 150 employ\u00e9s, dont des techniciens, des op\u00e9rateurs, des inspecteurs de la qualit\u00e9 et une \u00e9quipe de soutien logistique. Nous pouvons fournir des services personnalis\u00e9s en termes de tailles, de couleurs et de tissus selon les exigences des clients. En outre, nous proposons l'impression de LOGO et des emballages personnalis\u00e9s pour r\u00e9pondre aux besoins des diff\u00e9rents secteurs et march\u00e9s. Tous les produits sont soumis \u00e0 des contr\u00f4les de qualit\u00e9 stricts afin de garantir qu'ils r\u00e9pondent \u00e0 des normes \u00e9lev\u00e9es et qu'ils peuvent satisfaire les divers besoins des clients.<br \/>\nNous avons toujours adh\u00e9r\u00e9 au principe de \"la qualit\u00e9 d'abord et le service avant tout\" et nous nous engageons \u00e0 devenir un fournisseur de couverture imperm\u00e9able de confiance pour les clients du monde entier.<br \/>\nSi vous avez des questions sur les couvertures imperm\u00e9ables, <a href=\"https:\/\/toprisesafety.com\/fr\/contact-us\/\">nous contacter librement.<\/a><\/p>","protected":false},"excerpt":{"rendered":"<p>Art No.BC01<\/p>\n<p>Mati\u00e8re : Polyester 170T\/210T avec rev\u00eatement argent\u00e9 ou oxford 210D ou 420 D avec rev\u00eatement argent\u00e9 ou personnalis\u00e9<\/p>\n<p>Taille : 185X63X110CM ou personnalis\u00e9e<\/p>\n<p>Couleur : noir, gris, bleu ou personnalis\u00e9e<\/p>\n<p>Impression du logo : disponible<\/p>\n<p>MOQ : 300PCS<\/p>","protected":false},"featured_media":12925,"template":"","meta":{"_acf_changed":false},"product_brand":[],"product_cat":[371,401],"product_tag":[],"class_list":{"0":"post-12919","1":"product","2":"type-product","3":"status-publish","4":"has-post-thumbnail","6":"product_cat-outdoor-goods","7":"product_cat-waterproof-cover","9":"first","10":"instock","11":"shipping-taxable","12":"product-type-simple"},"acf":[],"_links":{"self":[{"href":"https:\/\/toprisesafety.com\/fr\/wp-json\/wp\/v2\/product\/12919"}],"collection":[{"href":"https:\/\/toprisesafety.com\/fr\/wp-json\/wp\/v2\/product"}],"about":[{"href":"https:\/\/toprisesafety.com\/fr\/wp-json\/wp\/v2\/types\/product"}],"wp:featuredmedia":[{"embeddable":true,"href":"https:\/\/toprisesafety.com\/fr\/wp-json\/wp\/v2\/media\/12925"}],"wp:attachment":[{"href":"https:\/\/toprisesafety.com\/fr\/wp-json\/wp\/v2\/media?parent=12919"}],"wp:term":[{"taxonomy":"product_brand","embeddable":true,"href":"https:\/\/toprisesafety.com\/fr\/wp-json\/wp\/v2\/product_brand?post=12919"},{"taxonomy":"product_cat","embeddable":true,"href":"https:\/\/toprisesafety.com\/fr\/wp-json\/wp\/v2\/product_cat?post=12919"},{"taxonomy":"product_tag","embeddable":true,"href":"https:\/\/toprisesafety.com\/fr\/wp-json\/wp\/v2\/product_tag?post=12919"}],"curies":[{"name":"wp","href":"https:\/\/api.w.org\/{rel}","templated":true}]}}