{"id":12912,"date":"2025-06-04T06:02:09","date_gmt":"2025-06-04T06:02:09","guid":{"rendered":"https:\/\/toprisesafety.com\/?post_type=product&#038;p=12912"},"modified":"2025-06-05T06:32:23","modified_gmt":"2025-06-05T06:32:23","slug":"patio-furniture-cover","status":"publish","type":"product","link":"https:\/\/toprisesafety.com\/fr\/produit\/patio-furniture-cover\/","title":{"rendered":"Housse pour meubles de terrasse"},"content":{"rendered":"<h2>Housse pour meubles de terrasse<\/h2>\n<p><strong><b>Housse pour meubles de terrasse <\/b><\/strong><strong><b>Caract\u00e9ristiques<\/b><\/strong><strong><b>:<\/b><\/strong><\/p>\n<ul>\n<li>It is made of 420D Oxford fabric and is coated with silver, providing excellent waterproof and sun protection properties.<\/li>\n<li>Anti-ultraviolet, protecting the furniture from fading and aging.<\/li>\n<li>The material is wear-resistant, sturdy and durable, and suitable for various outdoor environments.<\/li>\n<li>The bottom is equipped with a tensioning rope, featuring windproof and anti-slip design.<\/li>\n<li>Support customization of colors, sizes, logos and styles to meet diverse needs.<\/li>\n<li>Installation is simple, and it is convenient for storage and carrying.<\/li>\n<\/ul>\n<div style=\"width: 800px;\" class=\"wp-video\"><video class=\"wp-video-shortcode\" id=\"video-12912-1\" width=\"800\" height=\"459\" preload=\"metadata\" controls=\"controls\"><source type=\"video\/mp4\" src=\"https:\/\/toprisesafety.com\/wp-content\/uploads\/2025\/06\/Furniture-cover.mp4?_=1\" \/><a href=\"https:\/\/toprisesafety.com\/wp-content\/uploads\/2025\/06\/Furniture-cover.mp4\">https:\/\/toprisesafety.com\/wp-content\/uploads\/2025\/06\/Furniture-cover.mp4<\/a><\/video><\/div>\n<table>\n<tbody>\n<tr>\n<td width=\"284\">ART NO.<\/td>\n<td width=\"284\">FC14<\/td>\n<\/tr>\n<tr>\n<td width=\"284\">Mat\u00e9riau<\/td>\n<td width=\"284\">Tissu Oxford 420D avec placage argent\u00e9 ou personnalis\u00e9 ou personnalis\u00e9<\/td>\n<\/tr>\n<tr>\n<td width=\"284\">Taille<\/td>\n<td width=\"284\">See below size chart\u00a0or\u00a0customized<\/td>\n<\/tr>\n<tr>\n<td width=\"284\">Couleur<\/td>\n<td width=\"284\">Noir ou personnalis\u00e9<\/td>\n<\/tr>\n<tr>\n<td width=\"284\">Impression de logos<\/td>\n<td width=\"284\">disponible<\/td>\n<\/tr>\n<tr>\n<td width=\"284\">Emballage<\/td>\n<td width=\"284\">1 pi\u00e8ce par sac de m\u00eame mati\u00e8re ou emballage personnalis\u00e9<\/td>\n<\/tr>\n<tr>\n<td width=\"284\">MOQ<\/td>\n<td width=\"284\">300PCS<\/td>\n<\/tr>\n<tr>\n<td width=\"284\">Conception personnalis\u00e9e<\/td>\n<td width=\"284\">Soutien<\/td>\n<\/tr>\n<\/tbody>\n<\/table>\n<p><img fetchpriority=\"high\" decoding=\"async\" class=\"alignnone size-medium wp-image-12914\" src=\"https:\/\/toprisesafety.com\/wp-content\/uploads\/2025\/06\/Patio-Furniture-Cover-2-300x300.jpg\" alt=\"\" width=\"300\" height=\"300\" srcset=\"https:\/\/toprisesafety.com\/wp-content\/uploads\/2025\/06\/Patio-Furniture-Cover-2-300x300.jpg 300w, https:\/\/toprisesafety.com\/wp-content\/uploads\/2025\/06\/Patio-Furniture-Cover-2-150x150.jpg 150w, https:\/\/toprisesafety.com\/wp-content\/uploads\/2025\/06\/Patio-Furniture-Cover-2-600x600.jpg 600w, https:\/\/toprisesafety.com\/wp-content\/uploads\/2025\/06\/Patio-Furniture-Cover-2-100x100.jpg 100w, https:\/\/toprisesafety.com\/wp-content\/uploads\/2025\/06\/Patio-Furniture-Cover-2.jpg 720w\" sizes=\"(max-width: 300px) 100vw, 300px\" \/> <img decoding=\"async\" class=\"alignnone size-medium wp-image-12915\" src=\"https:\/\/toprisesafety.com\/wp-content\/uploads\/2025\/06\/Patio-Furniture-Cover-3-300x300.jpg\" alt=\"\" width=\"300\" height=\"300\" srcset=\"https:\/\/toprisesafety.com\/wp-content\/uploads\/2025\/06\/Patio-Furniture-Cover-3-300x300.jpg 300w, https:\/\/toprisesafety.com\/wp-content\/uploads\/2025\/06\/Patio-Furniture-Cover-3-150x150.jpg 150w, https:\/\/toprisesafety.com\/wp-content\/uploads\/2025\/06\/Patio-Furniture-Cover-3-768x768.jpg 768w, https:\/\/toprisesafety.com\/wp-content\/uploads\/2025\/06\/Patio-Furniture-Cover-3-600x600.jpg 600w, https:\/\/toprisesafety.com\/wp-content\/uploads\/2025\/06\/Patio-Furniture-Cover-3-100x100.jpg 100w, https:\/\/toprisesafety.com\/wp-content\/uploads\/2025\/06\/Patio-Furniture-Cover-3.jpg 1000w\" sizes=\"(max-width: 300px) 100vw, 300px\" \/> <img decoding=\"async\" class=\"alignnone size-medium wp-image-12916\" src=\"https:\/\/toprisesafety.com\/wp-content\/uploads\/2025\/06\/Patio-Furniture-Cover-4-300x300.jpg\" alt=\"\" width=\"300\" height=\"300\" srcset=\"https:\/\/toprisesafety.com\/wp-content\/uploads\/2025\/06\/Patio-Furniture-Cover-4-300x300.jpg 300w, https:\/\/toprisesafety.com\/wp-content\/uploads\/2025\/06\/Patio-Furniture-Cover-4-150x150.jpg 150w, https:\/\/toprisesafety.com\/wp-content\/uploads\/2025\/06\/Patio-Furniture-Cover-4-768x768.jpg 768w, https:\/\/toprisesafety.com\/wp-content\/uploads\/2025\/06\/Patio-Furniture-Cover-4-600x600.jpg 600w, https:\/\/toprisesafety.com\/wp-content\/uploads\/2025\/06\/Patio-Furniture-Cover-4-100x100.jpg 100w, https:\/\/toprisesafety.com\/wp-content\/uploads\/2025\/06\/Patio-Furniture-Cover-4.jpg 1000w\" sizes=\"(max-width: 300px) 100vw, 300px\" \/> <img loading=\"lazy\" decoding=\"async\" class=\"alignnone size-medium wp-image-12917\" src=\"https:\/\/toprisesafety.com\/wp-content\/uploads\/2025\/06\/Patio-Furniture-Cover-5-300x300.jpg\" alt=\"\" width=\"300\" height=\"300\" srcset=\"https:\/\/toprisesafety.com\/wp-content\/uploads\/2025\/06\/Patio-Furniture-Cover-5-300x300.jpg 300w, https:\/\/toprisesafety.com\/wp-content\/uploads\/2025\/06\/Patio-Furniture-Cover-5-150x150.jpg 150w, https:\/\/toprisesafety.com\/wp-content\/uploads\/2025\/06\/Patio-Furniture-Cover-5-600x600.jpg 600w, https:\/\/toprisesafety.com\/wp-content\/uploads\/2025\/06\/Patio-Furniture-Cover-5-100x100.jpg 100w, https:\/\/toprisesafety.com\/wp-content\/uploads\/2025\/06\/Patio-Furniture-Cover-5.jpg 720w\" sizes=\"(max-width: 300px) 100vw, 300px\" \/> <img loading=\"lazy\" decoding=\"async\" class=\"alignnone size-medium wp-image-12918\" src=\"https:\/\/toprisesafety.com\/wp-content\/uploads\/2025\/06\/Patio-Furniture-Cover-6-300x258.jpg\" alt=\"\" width=\"300\" height=\"258\" srcset=\"https:\/\/toprisesafety.com\/wp-content\/uploads\/2025\/06\/Patio-Furniture-Cover-6-300x258.jpg 300w, https:\/\/toprisesafety.com\/wp-content\/uploads\/2025\/06\/Patio-Furniture-Cover-6-1024x879.jpg 1024w, https:\/\/toprisesafety.com\/wp-content\/uploads\/2025\/06\/Patio-Furniture-Cover-6-768x659.jpg 768w, https:\/\/toprisesafety.com\/wp-content\/uploads\/2025\/06\/Patio-Furniture-Cover-6-600x515.jpg 600w, https:\/\/toprisesafety.com\/wp-content\/uploads\/2025\/06\/Patio-Furniture-Cover-6.jpg 1500w\" sizes=\"(max-width: 300px) 100vw, 300px\" \/><\/p>\n<h2><strong><b>Size, Weight and Packaging Dimensions:<\/b><\/strong><\/h2>\n<table>\n<tbody>\n<tr>\n<td width=\"192\"><strong><b>Dimensions (cm)<\/b><\/strong><\/td>\n<td width=\"192\"><strong><b>Poids<\/b><\/strong><\/td>\n<td width=\"192\"><strong><b>Packaging Size (cm)<\/b><\/strong><\/td>\n<\/tr>\n<tr>\n<td width=\"192\">120*120*74cm<\/td>\n<td width=\"192\">450g<\/td>\n<td width=\"192\">23*22*8cm<\/td>\n<\/tr>\n<tr>\n<td width=\"192\">126*126*74cm<\/td>\n<td width=\"192\">480g<\/td>\n<td width=\"192\">20*20*10cm<\/td>\n<\/tr>\n<tr>\n<td width=\"192\">200*160*70cm<\/td>\n<td width=\"192\">680g<\/td>\n<td width=\"192\">29*23*10cm<\/td>\n<\/tr>\n<tr>\n<td width=\"192\">213*132*74cm<\/td>\n<td width=\"192\">700g<\/td>\n<td width=\"192\">29*23*10cm<\/td>\n<\/tr>\n<tr>\n<td width=\"192\">242*162*100cm<\/td>\n<td width=\"192\">1100g<\/td>\n<td width=\"192\">22*22*10cm<\/td>\n<\/tr>\n<tr>\n<td width=\"192\">250*250*90cm<\/td>\n<td width=\"192\">1300g<\/td>\n<td width=\"192\">25*24*7cm<\/td>\n<\/tr>\n<tr>\n<td width=\"192\">270*180*89cm<\/td>\n<td width=\"192\">1300g<\/td>\n<td width=\"192\">22*22*10cm<\/td>\n<\/tr>\n<tr>\n<td width=\"192\">123*123*74cm<\/td>\n<td width=\"192\">450g<\/td>\n<td width=\"192\">23*22*8cm<\/td>\n<\/tr>\n<tr>\n<td width=\"192\">135*135*75cm<\/td>\n<td width=\"192\">500g<\/td>\n<td width=\"192\">23*22*8cm<\/td>\n<\/tr>\n<tr>\n<td width=\"192\">170*94*70cm<\/td>\n<td width=\"192\">400g<\/td>\n<td width=\"192\">24*23*7cm<\/td>\n<\/tr>\n<tr>\n<td width=\"192\">308*138*98cm<\/td>\n<td width=\"192\">1100g<\/td>\n<td width=\"192\">25*24*9cm<\/td>\n<\/tr>\n<tr>\n<td width=\"192\">325*208*58cm<\/td>\n<td width=\"192\">1050g<\/td>\n<td width=\"192\">25*24*14cm<\/td>\n<\/tr>\n<tr>\n<td width=\"192\">180*120*74cm<\/td>\n<td width=\"192\">670g<\/td>\n<td width=\"192\">24*23*7cm<\/td>\n<\/tr>\n<tr>\n<td width=\"192\">315*160*74cm<\/td>\n<td width=\"192\">980g<\/td>\n<td width=\"192\">23*22*8cm<\/td>\n<\/tr>\n<tr>\n<td width=\"192\">127*127*74cm<\/td>\n<td width=\"192\">450g<\/td>\n<td width=\"192\">24*23*7cm<\/td>\n<\/tr>\n<tr>\n<td width=\"192\">350*260*90cm<\/td>\n<td width=\"192\">1850g<\/td>\n<td width=\"192\">25*24*14cm<\/td>\n<\/tr>\n<\/tbody>\n<\/table>\n<p><strong><b>Housse pour meubles de terrasse<\/b><\/strong><strong><b>\u00a0Domaines : <\/b><\/strong><\/p>\n<ul>\n<li>Protection of outdoor furniture in family courtyards and balconies<\/li>\n<li>Furniture coverage in the outdoor leisure areas of hotels and resorts<\/li>\n<li>Outdoor seating and tables protection for restaurants<\/li>\n<li>Protection of outdoor public leisure furniture in parks and scenic areas<\/li>\n<li>The villa area and garden furniture are dustproof and sunproof.<\/li>\n<li>Temporary furniture protection for commercial complexes and event venues<\/li>\n<\/ul>\n<p>NINGBO TOPRISE est une usine professionnelle sp\u00e9cialis\u00e9e dans la production de<a href=\"https:\/\/toprisesafety.com\/fr\/categorie-produit\/outdoor-goods\/waterproof-cover\/\"> couvertures imperm\u00e9ables de haute qualit\u00e9<\/a>La soci\u00e9t\u00e9 a pour objectif de fournir \u00e0 ses clients diverses solutions de protection personnalis\u00e9es. Gr\u00e2ce \u00e0 des \u00e9quipements de production avanc\u00e9s et \u00e0 une riche exp\u00e9rience industrielle, nos produits couvrent une large gamme de types tels que les housses de moto, les housses de voiture, les housses de meubles et les housses de bicyclettes. Toutes les housses imperm\u00e9ables sont fabriqu\u00e9es \u00e0 partir de tissus imperm\u00e9ables de haute qualit\u00e9, tels que le tissu Oxford 420D et le tissu Oxford 210D. Elles pr\u00e9sentent de multiples fonctions, notamment l'imperm\u00e9abilit\u00e9, la protection contre les UV, la pr\u00e9vention de la poussi\u00e8re, la r\u00e9sistance au vent et la r\u00e9sistance aux rayures, ce qui permet de prot\u00e9ger efficacement votre \u00e9quipement contre les influences environnementales externes.<br \/>\nNotre usine dispose de trois lignes de production tr\u00e8s efficaces, chacune \u00e9quip\u00e9e d'un mat\u00e9riel automatis\u00e9 de pointe, ce qui nous permet de produire diverses couvertures imperm\u00e9ables avec une grande efficacit\u00e9 et une grande stabilit\u00e9. L'usine compte actuellement environ 150 employ\u00e9s, dont des techniciens, des op\u00e9rateurs, des inspecteurs de la qualit\u00e9 et une \u00e9quipe de soutien logistique. Nous pouvons fournir des services personnalis\u00e9s en termes de tailles, de couleurs et de tissus selon les exigences des clients. En outre, nous proposons l'impression de LOGO et des emballages personnalis\u00e9s pour r\u00e9pondre aux besoins des diff\u00e9rents secteurs et march\u00e9s. Tous les produits sont soumis \u00e0 des contr\u00f4les de qualit\u00e9 stricts afin de garantir qu'ils r\u00e9pondent \u00e0 des normes \u00e9lev\u00e9es et qu'ils peuvent satisfaire les divers besoins des clients.<br \/>\nNous avons toujours adh\u00e9r\u00e9 au principe de \"la qualit\u00e9 d'abord et le service avant tout\" et nous nous engageons \u00e0 devenir un fournisseur de couverture imperm\u00e9able de confiance pour les clients du monde entier.<br \/>\nSi vous avez des questions sur les couvertures imperm\u00e9ables, <a href=\"https:\/\/toprisesafety.com\/fr\/contact-us\/\">nous contacter librement.<\/a><\/p>","protected":false},"excerpt":{"rendered":"<p>Art No.FC14<\/p>\n<p>Mat\u00e9riau : Tissu Oxford 420D avec placage argent\u00e9 ou personnalis\u00e9 ou personnalis\u00e9<\/p>\n<p>Size:\u00a0See below size chart\u00a0or\u00a0customized<\/p>\n<p>Couleur : noir ou personnalis\u00e9<\/p>\n<p>Impression du logo : disponible<\/p>\n<p>MOQ : 300PCS<\/p>","protected":false},"featured_media":12916,"template":"","meta":{"_acf_changed":false},"product_brand":[],"product_cat":[371,401],"product_tag":[],"class_list":{"0":"post-12912","1":"product","2":"type-product","3":"status-publish","4":"has-post-thumbnail","6":"product_cat-outdoor-goods","7":"product_cat-waterproof-cover","9":"first","10":"instock","11":"shipping-taxable","12":"product-type-simple"},"acf":[],"_links":{"self":[{"href":"https:\/\/toprisesafety.com\/fr\/wp-json\/wp\/v2\/product\/12912","targetHints":{"allow":["GET"]}}],"collection":[{"href":"https:\/\/toprisesafety.com\/fr\/wp-json\/wp\/v2\/product"}],"about":[{"href":"https:\/\/toprisesafety.com\/fr\/wp-json\/wp\/v2\/types\/product"}],"wp:featuredmedia":[{"embeddable":true,"href":"https:\/\/toprisesafety.com\/fr\/wp-json\/wp\/v2\/media\/12916"}],"wp:attachment":[{"href":"https:\/\/toprisesafety.com\/fr\/wp-json\/wp\/v2\/media?parent=12912"}],"wp:term":[{"taxonomy":"product_brand","embeddable":true,"href":"https:\/\/toprisesafety.com\/fr\/wp-json\/wp\/v2\/product_brand?post=12912"},{"taxonomy":"product_cat","embeddable":true,"href":"https:\/\/toprisesafety.com\/fr\/wp-json\/wp\/v2\/product_cat?post=12912"},{"taxonomy":"product_tag","embeddable":true,"href":"https:\/\/toprisesafety.com\/fr\/wp-json\/wp\/v2\/product_tag?post=12912"}],"curies":[{"name":"wp","href":"https:\/\/api.w.org\/{rel}","templated":true}]}}