{"id":12906,"date":"2025-06-04T05:48:47","date_gmt":"2025-06-04T05:48:47","guid":{"rendered":"https:\/\/toprisesafety.com\/?post_type=product&#038;p=12906"},"modified":"2025-06-05T06:33:12","modified_gmt":"2025-06-05T06:33:12","slug":"waterproof-motorcycle-cover","status":"publish","type":"product","link":"https:\/\/toprisesafety.com\/fr\/produit\/waterproof-motorcycle-cover\/","title":{"rendered":"Housse de moto imperm\u00e9able"},"content":{"rendered":"<h2>Housse de moto imperm\u00e9able<\/h2>\n<p><strong><b>Housse de moto imperm\u00e9able<\/b><\/strong><strong><b>\u00a0Caract\u00e9ristiques<\/b><\/strong><strong><b>:<\/b><\/strong><\/p>\n<ul>\n<li>Utilisant un tissu imperm\u00e9able de haute qualit\u00e9, il emp\u00eache efficacement la pluie et l'humidit\u00e9.<\/li>\n<li>Le design est tr\u00e8s protecteur, couvrant et prot\u00e9geant l'ensemble de la carrosserie de la moto.<\/li>\n<li>Le fond est \u00e9quip\u00e9 d'une corde, qui peut \u00eatre ajust\u00e9e pour \u00e9viter les mouvements dus au vent.<\/li>\n<li>Plusieurs options de couleurs pour r\u00e9pondre \u00e0 des besoins personnalis\u00e9s.<\/li>\n<li>Le mat\u00e9riau anti-ultraviolet prolonge la dur\u00e9e de vie des motos.<\/li>\n<li>Convient \u00e0 divers mod\u00e8les de v\u00e9hicules et facile \u00e0 installer rapidement<\/li>\n<\/ul>\n<div style=\"width: 800px;\" class=\"wp-video\"><video class=\"wp-video-shortcode\" id=\"video-12906-1\" width=\"800\" height=\"450\" preload=\"metadata\" controls=\"controls\"><source type=\"video\/mp4\" src=\"https:\/\/toprisesafety.com\/wp-content\/uploads\/2025\/06\/Waterproof-Motorcycle-Cover.mp4?_=1\" \/><a href=\"https:\/\/toprisesafety.com\/wp-content\/uploads\/2025\/06\/Waterproof-Motorcycle-Cover.mp4\">https:\/\/toprisesafety.com\/wp-content\/uploads\/2025\/06\/Waterproof-Motorcycle-Cover.mp4<\/a><\/video><\/div>\n<h1><\/h1>\n<table>\n<tbody>\n<tr>\n<td width=\"284\">ART NO.<\/td>\n<td width=\"284\">MC13<\/td>\n<\/tr>\n<tr>\n<td width=\"284\">Mat\u00e9riau<\/td>\n<td width=\"284\">Polyester 190T\/210T avec placage argent\u00e9 ou tissu Oxford 210D \/420D avec placage argent\u00e9 ou personnalis\u00e9<\/td>\n<\/tr>\n<tr>\n<td width=\"284\">Taille<\/td>\n<td width=\"284\">S-XXXXL ou sur mesure<\/td>\n<\/tr>\n<tr>\n<td width=\"284\">Couleur<\/td>\n<td width=\"284\">Noir ou personnalis\u00e9<\/td>\n<\/tr>\n<tr>\n<td width=\"284\">Impression de logos<\/td>\n<td width=\"284\">disponible<\/td>\n<\/tr>\n<tr>\n<td width=\"284\">Emballage<\/td>\n<td width=\"284\">1 pi\u00e8ce par sac de m\u00eame mati\u00e8re ou emballage personnalis\u00e9<\/td>\n<\/tr>\n<tr>\n<td width=\"284\">MOQ<\/td>\n<td width=\"284\">300PCS<\/td>\n<\/tr>\n<tr>\n<td width=\"284\">Conception personnalis\u00e9e<\/td>\n<td width=\"284\">Soutien<\/td>\n<\/tr>\n<\/tbody>\n<\/table>\n<p><img fetchpriority=\"high\" decoding=\"async\" class=\"alignnone size-medium wp-image-12908\" src=\"https:\/\/toprisesafety.com\/wp-content\/uploads\/2025\/06\/waterproof-motorcycle-cover-1-300x300.jpg\" alt=\"\" width=\"300\" height=\"300\" srcset=\"https:\/\/toprisesafety.com\/wp-content\/uploads\/2025\/06\/waterproof-motorcycle-cover-1-300x300.jpg 300w, https:\/\/toprisesafety.com\/wp-content\/uploads\/2025\/06\/waterproof-motorcycle-cover-1-150x150.jpg 150w, https:\/\/toprisesafety.com\/wp-content\/uploads\/2025\/06\/waterproof-motorcycle-cover-1-768x768.jpg 768w, https:\/\/toprisesafety.com\/wp-content\/uploads\/2025\/06\/waterproof-motorcycle-cover-1-600x600.jpg 600w, https:\/\/toprisesafety.com\/wp-content\/uploads\/2025\/06\/waterproof-motorcycle-cover-1-100x100.jpg 100w, https:\/\/toprisesafety.com\/wp-content\/uploads\/2025\/06\/waterproof-motorcycle-cover-1.jpg 800w\" sizes=\"(max-width: 300px) 100vw, 300px\" \/> <img decoding=\"async\" class=\"alignnone size-medium wp-image-12909\" src=\"https:\/\/toprisesafety.com\/wp-content\/uploads\/2025\/06\/waterproof-motorcycle-cover-2-300x300.jpg\" alt=\"\" width=\"300\" height=\"300\" srcset=\"https:\/\/toprisesafety.com\/wp-content\/uploads\/2025\/06\/waterproof-motorcycle-cover-2-300x300.jpg 300w, https:\/\/toprisesafety.com\/wp-content\/uploads\/2025\/06\/waterproof-motorcycle-cover-2-150x150.jpg 150w, https:\/\/toprisesafety.com\/wp-content\/uploads\/2025\/06\/waterproof-motorcycle-cover-2-768x768.jpg 768w, https:\/\/toprisesafety.com\/wp-content\/uploads\/2025\/06\/waterproof-motorcycle-cover-2-600x600.jpg 600w, https:\/\/toprisesafety.com\/wp-content\/uploads\/2025\/06\/waterproof-motorcycle-cover-2-100x100.jpg 100w, https:\/\/toprisesafety.com\/wp-content\/uploads\/2025\/06\/waterproof-motorcycle-cover-2.jpg 1000w\" sizes=\"(max-width: 300px) 100vw, 300px\" \/> <img decoding=\"async\" class=\"alignnone size-medium wp-image-12910\" src=\"https:\/\/toprisesafety.com\/wp-content\/uploads\/2025\/06\/waterproof-motorcycle-cover-3-300x300.jpg\" alt=\"\" width=\"300\" height=\"300\" srcset=\"https:\/\/toprisesafety.com\/wp-content\/uploads\/2025\/06\/waterproof-motorcycle-cover-3-300x300.jpg 300w, https:\/\/toprisesafety.com\/wp-content\/uploads\/2025\/06\/waterproof-motorcycle-cover-3-150x150.jpg 150w, https:\/\/toprisesafety.com\/wp-content\/uploads\/2025\/06\/waterproof-motorcycle-cover-3-768x768.jpg 768w, https:\/\/toprisesafety.com\/wp-content\/uploads\/2025\/06\/waterproof-motorcycle-cover-3-600x600.jpg 600w, https:\/\/toprisesafety.com\/wp-content\/uploads\/2025\/06\/waterproof-motorcycle-cover-3-100x100.jpg 100w, https:\/\/toprisesafety.com\/wp-content\/uploads\/2025\/06\/waterproof-motorcycle-cover-3.jpg 800w\" sizes=\"(max-width: 300px) 100vw, 300px\" \/> <img loading=\"lazy\" decoding=\"async\" class=\"alignnone size-medium wp-image-12911\" src=\"https:\/\/toprisesafety.com\/wp-content\/uploads\/2025\/06\/waterproof-motorcycle-cover-4-300x300.jpg\" alt=\"\" width=\"300\" height=\"300\" srcset=\"https:\/\/toprisesafety.com\/wp-content\/uploads\/2025\/06\/waterproof-motorcycle-cover-4-300x300.jpg 300w, https:\/\/toprisesafety.com\/wp-content\/uploads\/2025\/06\/waterproof-motorcycle-cover-4-150x150.jpg 150w, https:\/\/toprisesafety.com\/wp-content\/uploads\/2025\/06\/waterproof-motorcycle-cover-4-768x768.jpg 768w, https:\/\/toprisesafety.com\/wp-content\/uploads\/2025\/06\/waterproof-motorcycle-cover-4-600x600.jpg 600w, https:\/\/toprisesafety.com\/wp-content\/uploads\/2025\/06\/waterproof-motorcycle-cover-4-100x100.jpg 100w, https:\/\/toprisesafety.com\/wp-content\/uploads\/2025\/06\/waterproof-motorcycle-cover-4.jpg 800w\" sizes=\"(max-width: 300px) 100vw, 300px\" \/><\/p>\n<h1><strong><b>Tableau des tailles de housses de moto<\/b><\/strong><\/h1>\n<table>\n<tbody>\n<tr>\n<td width=\"192\"><strong><b>Taille<\/b><\/strong><\/td>\n<td width=\"192\"><strong><b>Longueur * Largeur * Hauteur (CM)<\/b><\/strong><\/td>\n<td width=\"192\"><strong><b>Type de v\u00e9hicule adapt\u00e9<\/b><\/strong><\/td>\n<\/tr>\n<tr>\n<td width=\"192\">S<\/td>\n<td width=\"192\">190 * 80 * 115<\/td>\n<td width=\"192\">V\u00e9lo \u00e9lectrique d'environ 1,75 m\u00e8tre de long<\/td>\n<\/tr>\n<tr>\n<td width=\"192\">M<\/td>\n<td width=\"192\">200 * 90 * 100<\/td>\n<td width=\"192\">Scooter \u00e9lectrique d'environ 1,8 m\u00e8tre de long, scooter 50CC<\/td>\n<\/tr>\n<tr>\n<td width=\"192\">L<\/td>\n<td width=\"192\">220 * 95 * 110<\/td>\n<td width=\"192\">Scooter d'environ 2 m\u00e8tres de long<\/td>\n<\/tr>\n<tr>\n<td width=\"192\">XL<\/td>\n<td width=\"192\">230 * 95 * 125<\/td>\n<td width=\"192\">Moto 125CC-150CC (sans bo\u00eete arri\u00e8re)<\/td>\n<\/tr>\n<tr>\n<td width=\"192\">XXL<\/td>\n<td width=\"192\">245 * 105 * 125<\/td>\n<td width=\"192\">Motocyclette 125CC-150CC (avec bo\u00eete arri\u00e8re)<\/td>\n<\/tr>\n<tr>\n<td width=\"192\">XXXL<\/td>\n<td width=\"192\">265 * 105 * 125<\/td>\n<td width=\"192\">250CC cruiser, grand cyclomoteur<\/td>\n<\/tr>\n<tr>\n<td width=\"192\">XXXXL<\/td>\n<td width=\"192\">295 * 110 * 140<\/td>\n<td width=\"192\">Motocyclette 400CC-1000CC, motocyclette import\u00e9e de grosse cylindr\u00e9e<\/td>\n<\/tr>\n<\/tbody>\n<\/table>\n<p><strong><b>Housse de moto imperm\u00e9able<\/b><\/strong><strong><b>\u00a0Domaines : <\/b><\/strong><\/p>\n<ul>\n<li>Protection du stationnement quotidien des motocycles en milieu urbain<\/li>\n<li>Parking ext\u00e9rieur avec protection contre la pluie et la poussi\u00e8re<\/li>\n<li>Entretien des motos et protection du stockage<\/li>\n<li>Parking ext\u00e9rieur de longue dur\u00e9e en plein air avec protection contre les UV<\/li>\n<li>Couvertures de protection pour les entreprises de location et de vente de motocycles<\/li>\n<li>Protection pendant le transport des motos<\/li>\n<li>\u00c9quipement de protection pour les voyages et les activit\u00e9s de plein air<\/li>\n<\/ul>\n<p>NINGBO TOPRISE est une usine professionnelle sp\u00e9cialis\u00e9e dans la production de<a href=\"https:\/\/toprisesafety.com\/fr\/categorie-produit\/outdoor-goods\/waterproof-cover\/\"> couvertures imperm\u00e9ables de haute qualit\u00e9<\/a>La soci\u00e9t\u00e9 a pour objectif de fournir \u00e0 ses clients diverses solutions de protection personnalis\u00e9es. Gr\u00e2ce \u00e0 des \u00e9quipements de production avanc\u00e9s et \u00e0 une riche exp\u00e9rience industrielle, nos produits couvrent une large gamme de types tels que les housses de moto, les housses de voiture, les housses de meubles et les housses de bicyclettes. Toutes les housses imperm\u00e9ables sont fabriqu\u00e9es \u00e0 partir de tissus imperm\u00e9ables de haute qualit\u00e9, tels que le tissu Oxford 420D et le tissu Oxford 210D. Elles pr\u00e9sentent de multiples fonctions, notamment l'imperm\u00e9abilit\u00e9, la protection contre les UV, la pr\u00e9vention de la poussi\u00e8re, la r\u00e9sistance au vent et la r\u00e9sistance aux rayures, ce qui permet de prot\u00e9ger efficacement votre \u00e9quipement contre les influences environnementales externes.<br \/>\nNotre usine dispose de trois lignes de production tr\u00e8s efficaces, chacune \u00e9quip\u00e9e d'un mat\u00e9riel automatis\u00e9 de pointe, ce qui nous permet de produire diverses couvertures imperm\u00e9ables avec une grande efficacit\u00e9 et une grande stabilit\u00e9. L'usine compte actuellement environ 150 employ\u00e9s, dont des techniciens, des op\u00e9rateurs, des inspecteurs de la qualit\u00e9 et une \u00e9quipe de soutien logistique. Nous pouvons fournir des services personnalis\u00e9s en termes de tailles, de couleurs et de tissus selon les exigences des clients. En outre, nous proposons l'impression de LOGO et des emballages personnalis\u00e9s pour r\u00e9pondre aux besoins des diff\u00e9rents secteurs et march\u00e9s. Tous les produits sont soumis \u00e0 des contr\u00f4les de qualit\u00e9 stricts afin de garantir qu'ils r\u00e9pondent \u00e0 des normes \u00e9lev\u00e9es et qu'ils peuvent satisfaire les divers besoins des clients.<br \/>\nNous avons toujours adh\u00e9r\u00e9 au principe de \"la qualit\u00e9 d'abord et le service avant tout\" et nous nous engageons \u00e0 devenir un fournisseur de couverture imperm\u00e9able de confiance pour les clients du monde entier.<br \/>\nSi vous avez des questions sur les couvertures imperm\u00e9ables, <a href=\"https:\/\/toprisesafety.com\/fr\/contact-us\/\">nous contacter librement.<\/a><\/p>","protected":false},"excerpt":{"rendered":"<p>Art No.MC13<\/p>\n<p>Mati\u00e8re : Polyester 190T\/210T avec placage argent\u00e9 ou tissu Oxford 210D \/420D avec placage argent\u00e9 ou personnalis\u00e9<\/p>\n<p>Taille : personne seule\uff1aS-XXXXL ou sur mesure<\/p>\n<p>Couleur : noir ou personnalis\u00e9<\/p>\n<p>Impression du logo : disponible<\/p>\n<p>MOQ : 300PCS<\/p>","protected":false},"featured_media":12908,"template":"","meta":{"_acf_changed":false},"product_brand":[],"product_cat":[371,401],"product_tag":[],"class_list":{"0":"post-12906","1":"product","2":"type-product","3":"status-publish","4":"has-post-thumbnail","6":"product_cat-outdoor-goods","7":"product_cat-waterproof-cover","9":"first","10":"instock","11":"shipping-taxable","12":"product-type-simple"},"acf":[],"_links":{"self":[{"href":"https:\/\/toprisesafety.com\/fr\/wp-json\/wp\/v2\/product\/12906","targetHints":{"allow":["GET"]}}],"collection":[{"href":"https:\/\/toprisesafety.com\/fr\/wp-json\/wp\/v2\/product"}],"about":[{"href":"https:\/\/toprisesafety.com\/fr\/wp-json\/wp\/v2\/types\/product"}],"wp:featuredmedia":[{"embeddable":true,"href":"https:\/\/toprisesafety.com\/fr\/wp-json\/wp\/v2\/media\/12908"}],"wp:attachment":[{"href":"https:\/\/toprisesafety.com\/fr\/wp-json\/wp\/v2\/media?parent=12906"}],"wp:term":[{"taxonomy":"product_brand","embeddable":true,"href":"https:\/\/toprisesafety.com\/fr\/wp-json\/wp\/v2\/product_brand?post=12906"},{"taxonomy":"product_cat","embeddable":true,"href":"https:\/\/toprisesafety.com\/fr\/wp-json\/wp\/v2\/product_cat?post=12906"},{"taxonomy":"product_tag","embeddable":true,"href":"https:\/\/toprisesafety.com\/fr\/wp-json\/wp\/v2\/product_tag?post=12906"}],"curies":[{"name":"wp","href":"https:\/\/api.w.org\/{rel}","templated":true}]}}