{"id":12901,"date":"2025-06-04T04:48:57","date_gmt":"2025-06-04T04:48:57","guid":{"rendered":"https:\/\/toprisesafety.com\/?post_type=product&#038;p=12901"},"modified":"2025-06-05T06:34:49","modified_gmt":"2025-06-05T06:34:49","slug":"waterproof-chair-cover","status":"publish","type":"product","link":"https:\/\/toprisesafety.com\/fr\/produit\/waterproof-chair-cover\/","title":{"rendered":"Housse de chaise imperm\u00e9able"},"content":{"rendered":"<h2>Housse de chaise imperm\u00e9able<\/h2>\n<p><strong><b>Chaise \u00e9tanche <\/b><\/strong><strong><b>Couverture<\/b><\/strong><strong><b>\u00a0Caract\u00e9ristiques<\/b><\/strong><strong><b>:<\/b><\/strong><\/p>\n<ul>\n<li>Le tissu 210D Oxford enduit d'argent est plus r\u00e9sistant aux d\u00e9chirures et plus durable.<\/li>\n<li>\u00c9cran solaire argent\u00e9 avec protection UV, emp\u00eachant le fauteuil de se d\u00e9colorer et de vieillir.<\/li>\n<li>\u00c9tanche \u00e0 l'eau et \u00e0 la poussi\u00e8re, il offre une protection compl\u00e8te m\u00eame par temps de pluie ou de neige.<\/li>\n<li>Anti-moisissure et anti-corrosion, adapt\u00e9 \u00e0 une utilisation ext\u00e9rieure de longue dur\u00e9e<\/li>\n<li>L\u00e9ger et facile \u00e0 ranger, pratique \u00e0 utiliser et peu encombrant.<\/li>\n<li>La fixation par cordon de serrage emp\u00eache le vent de l'emporter et garantit la stabilit\u00e9.<\/li>\n<li>Convient aux chaises empilables, ce qui permet d'\u00e9conomiser de l'espace de stockage<\/li>\n<li>Prise en charge de la personnalisation des couleurs, des tailles et des logos.<\/li>\n<\/ul>\n<table>\n<tbody>\n<tr>\n<td width=\"284\">ART NO.<\/td>\n<td width=\"284\">WC05<\/td>\n<\/tr>\n<tr>\n<td width=\"284\">Mat\u00e9riau<\/td>\n<td width=\"284\">Tissu 210D Oxford avec placage argent\u00e9 ou personnalis\u00e9 ou personnalis\u00e9<\/td>\n<\/tr>\n<tr>\n<td width=\"284\">Pression de l'eau<\/td>\n<td width=\"284\">1500-2000<\/td>\n<\/tr>\n<tr>\n<td width=\"284\">Taille<\/td>\n<td width=\"284\">65*65*80\/120cm ,chaise \u00e0 deux places 134*66*63\/89cm, chaise \u00e0 trois places ou personnalis\u00e9e<\/td>\n<\/tr>\n<tr>\n<td width=\"284\">Couleur<\/td>\n<td width=\"284\">Noir ou personnalis\u00e9<\/td>\n<\/tr>\n<tr>\n<td width=\"284\">Impression de logos<\/td>\n<td width=\"284\">disponible<\/td>\n<\/tr>\n<tr>\n<td width=\"284\">Emballage<\/td>\n<td width=\"284\">1 pi\u00e8ce par sac de m\u00eame mati\u00e8re ou emballage personnalis\u00e9<\/td>\n<\/tr>\n<tr>\n<td width=\"284\">MOQ<\/td>\n<td width=\"284\">300PCS<\/td>\n<\/tr>\n<tr>\n<td width=\"284\">Conception personnalis\u00e9e<\/td>\n<td width=\"284\">Soutien<\/td>\n<\/tr>\n<\/tbody>\n<\/table>\n<p><strong><b>Chaise \u00e9tanche <\/b><\/strong><strong><b>Couverture<\/b><\/strong><strong><b>\u00a0Domaines : <\/b><\/strong><\/p>\n<ul>\n<li><b><\/b><strong><b>Cour familiale<\/b><\/strong>: Prot\u00e8ge les chaises d'ext\u00e9rieur du soleil et de la pluie.<\/li>\n<li><b><\/b><strong><b>Balcon terrasse<\/b><\/strong>: R\u00e9sistant \u00e0 la poussi\u00e8re et \u00e0 l'humidit\u00e9, les chaises restent propres.<\/li>\n<li><b><\/b><strong><b>Caf\u00e9\/restaurant en plein air<\/b><\/strong>: Gestion uniforme des chaises empilables pour am\u00e9liorer l'image de marque<\/li>\n<li><b><\/b><strong><b>Zone de la piscine de l'h\u00f4tel<\/b><\/strong>: Prot\u00e8ge les chaises de la corrosion et de la d\u00e9coloration.<\/li>\n<li><b><\/b><strong><b>Gymnase\/Club Aire ext\u00e9rieure<\/b><\/strong>: Prolonger la dur\u00e9e de vie des chaises<\/li>\n<li><b><\/b><strong><b>Camping\/Aire de pique-nique<\/b><\/strong>: Chaises empil\u00e9es temporairement pour la protection et l'utilisation<\/li>\n<li><b><\/b><strong><b>Soci\u00e9t\u00e9 de location de chaises<\/b><\/strong>: Facilite la protection pendant le transport et le stockage<\/li>\n<li><b><\/b><strong><b>Stockage en entrep\u00f4t<\/b><\/strong>: Pour \u00e9viter que les chaises ne deviennent poussi\u00e9reuses et moisies apr\u00e8s un empilage de longue dur\u00e9e.<\/li>\n<\/ul>\n<p>NINGBO TOPRISE est une usine professionnelle sp\u00e9cialis\u00e9e dans la production de<a href=\"https:\/\/toprisesafety.com\/fr\/categorie-produit\/outdoor-goods\/waterproof-cover\/\"> couvertures imperm\u00e9ables de haute qualit\u00e9<\/a>La soci\u00e9t\u00e9 a pour objectif de fournir \u00e0 ses clients diverses solutions de protection personnalis\u00e9es. Gr\u00e2ce \u00e0 des \u00e9quipements de production avanc\u00e9s et \u00e0 une riche exp\u00e9rience industrielle, nos produits couvrent une large gamme de types tels que les housses de moto, les housses de voiture, les housses de meubles et les housses de bicyclettes. Toutes les housses imperm\u00e9ables sont fabriqu\u00e9es \u00e0 partir de tissus imperm\u00e9ables de haute qualit\u00e9, tels que le tissu Oxford 420D et le tissu Oxford 210D. Elles pr\u00e9sentent de multiples fonctions, notamment l'imperm\u00e9abilit\u00e9, la protection contre les UV, la pr\u00e9vention de la poussi\u00e8re, la r\u00e9sistance au vent et la r\u00e9sistance aux rayures, ce qui permet de prot\u00e9ger efficacement votre \u00e9quipement contre les influences environnementales externes.<br \/>\nNotre usine dispose de trois lignes de production tr\u00e8s efficaces, chacune \u00e9quip\u00e9e d'un mat\u00e9riel automatis\u00e9 de pointe, ce qui nous permet de produire diverses couvertures imperm\u00e9ables avec une grande efficacit\u00e9 et une grande stabilit\u00e9. L'usine compte actuellement environ 150 employ\u00e9s, dont des techniciens, des op\u00e9rateurs, des inspecteurs de la qualit\u00e9 et une \u00e9quipe de soutien logistique. Nous pouvons fournir des services personnalis\u00e9s en termes de tailles, de couleurs et de tissus selon les exigences des clients. En outre, nous proposons l'impression de LOGO et des emballages personnalis\u00e9s pour r\u00e9pondre aux besoins des diff\u00e9rents secteurs et march\u00e9s. Tous les produits sont soumis \u00e0 des contr\u00f4les de qualit\u00e9 stricts afin de garantir qu'ils r\u00e9pondent \u00e0 des normes \u00e9lev\u00e9es et qu'ils peuvent satisfaire les divers besoins des clients.<br \/>\nNous avons toujours adh\u00e9r\u00e9 au principe de \"la qualit\u00e9 d'abord et le service avant tout\" et nous nous engageons \u00e0 devenir un fournisseur de couverture imperm\u00e9able de confiance pour les clients du monde entier.<br \/>\nSi vous avez des questions sur les couvertures imperm\u00e9ables, <a href=\"https:\/\/toprisesafety.com\/fr\/contact-us\/\">nous contacter librement.<\/a><\/p>","protected":false},"excerpt":{"rendered":"<p>Art No.WC05<\/p>\n<p>Mat\u00e9riau : tissu Oxford 210D avec placage argent\u00e9 ou personnalis\u00e9 ou personnalis\u00e9<\/p>\n<p>Pression de l'eau : 1500 - 2000<\/p>\n<p>Taille : personne seule\uff1a65*65*80\/120cm, chaise \u00e0 deux places 134*66*63\/89cm, chaise \u00e0 trois personnes ou sur mesure.<\/p>\n<p>Couleur : noir ou personnalis\u00e9<\/p>\n<p>Impression du logo : disponible<\/p>\n<p>MOQ : 300PCS<\/p>","protected":false},"featured_media":12905,"template":"","meta":{"_acf_changed":false},"product_brand":[],"product_cat":[371,401],"product_tag":[],"class_list":{"0":"post-12901","1":"product","2":"type-product","3":"status-publish","4":"has-post-thumbnail","6":"product_cat-outdoor-goods","7":"product_cat-waterproof-cover","9":"first","10":"instock","11":"shipping-taxable","12":"product-type-simple"},"acf":[],"_links":{"self":[{"href":"https:\/\/toprisesafety.com\/fr\/wp-json\/wp\/v2\/product\/12901"}],"collection":[{"href":"https:\/\/toprisesafety.com\/fr\/wp-json\/wp\/v2\/product"}],"about":[{"href":"https:\/\/toprisesafety.com\/fr\/wp-json\/wp\/v2\/types\/product"}],"wp:featuredmedia":[{"embeddable":true,"href":"https:\/\/toprisesafety.com\/fr\/wp-json\/wp\/v2\/media\/12905"}],"wp:attachment":[{"href":"https:\/\/toprisesafety.com\/fr\/wp-json\/wp\/v2\/media?parent=12901"}],"wp:term":[{"taxonomy":"product_brand","embeddable":true,"href":"https:\/\/toprisesafety.com\/fr\/wp-json\/wp\/v2\/product_brand?post=12901"},{"taxonomy":"product_cat","embeddable":true,"href":"https:\/\/toprisesafety.com\/fr\/wp-json\/wp\/v2\/product_cat?post=12901"},{"taxonomy":"product_tag","embeddable":true,"href":"https:\/\/toprisesafety.com\/fr\/wp-json\/wp\/v2\/product_tag?post=12901"}],"curies":[{"name":"wp","href":"https:\/\/api.w.org\/{rel}","templated":true}]}}