{"id":12884,"date":"2025-06-04T04:26:35","date_gmt":"2025-06-04T04:26:35","guid":{"rendered":"https:\/\/toprisesafety.com\/?post_type=product&#038;p=12884"},"modified":"2025-06-05T06:38:27","modified_gmt":"2025-06-05T06:38:27","slug":"round-pool-cover","status":"publish","type":"product","link":"https:\/\/toprisesafety.com\/fr\/produit\/round-pool-cover\/","title":{"rendered":"Couverture de piscine ronde"},"content":{"rendered":"<h2>Couverture de piscine ronde<\/h2>\n<p><strong><b>Couverture de piscine ronde<\/b><\/strong><strong><b>\u00a0Caract\u00e9ristiques<\/b><\/strong><strong><b>:<\/b><\/strong><\/p>\n<ul>\n<li>Made of 420D Oxford fabric, it is thick, durable, and not easy to tear.<\/li>\n<li>Highly efficient waterproofing, preventing rainwater seepage and protecting the swimming pool.<\/li>\n<li>Anti-ultraviolet, reducing the impact of sunlight on the water quality of swimming pools.<\/li>\n<li>Wind-resistant and cold-resistant, suitable for use in various climate conditions.<\/li>\n<li>Customize size, color, and style to meet individual needs.<\/li>\n<li>Easy to install and disassemble, convenient and time-saving.<\/li>\n<li>Dust-proof and dirt-proof, keeping the swimming pool clean and hygienic.<\/li>\n<li>Extend the service life of the swimming pool and reduce maintenance costs.<\/li>\n<\/ul>\n<table>\n<tbody>\n<tr>\n<td width=\"284\">ART NO.<\/td>\n<td width=\"284\">PC07<\/td>\n<\/tr>\n<tr>\n<td width=\"284\">Mat\u00e9riau<\/td>\n<td width=\"284\">Tissu Oxford 420D avec placage argent\u00e9 ou personnalis\u00e9 ou personnalis\u00e9<\/td>\n<\/tr>\n<tr>\n<td width=\"284\">Taille<\/td>\n<td width=\"284\">6\/8\/10\/12\/15\/18FT or\u00a0customized<\/td>\n<\/tr>\n<tr>\n<td width=\"284\">Couleur<\/td>\n<td width=\"284\">Noir ou personnalis\u00e9<\/td>\n<\/tr>\n<tr>\n<td width=\"284\">Impression de logos<\/td>\n<td width=\"284\">disponible<\/td>\n<\/tr>\n<tr>\n<td width=\"284\">Emballage<\/td>\n<td width=\"284\">1 pi\u00e8ce par sac de m\u00eame mati\u00e8re ou emballage personnalis\u00e9<\/td>\n<\/tr>\n<tr>\n<td width=\"284\">MOQ<\/td>\n<td width=\"284\">300PCS<\/td>\n<\/tr>\n<tr>\n<td width=\"284\">Conception personnalis\u00e9e<\/td>\n<td width=\"284\">Soutien<\/td>\n<\/tr>\n<\/tbody>\n<\/table>\n<p><strong><b>Couverture de piscine ronde<\/b><\/strong><strong><b>\u00a0Domaines d'application<\/b><\/strong><strong><b>\u00a0<\/b><\/strong><strong><b>: <\/b><\/strong><\/p>\n<ul>\n<li>Home private swimming pool protection, preventing impurities and rainwater from entering.<\/li>\n<li>Seasonal Covering of Community and Residential Complex Public Swimming Pools<\/li>\n<li>Hotel and Resort Pool Maintenance and Protection<\/li>\n<li>For outdoor hot spring pools or SPA pools protection use<\/li>\n<li>Outdoor Sports Club Swimming Pool Protection<\/li>\n<li>Amusement park and water park swimming pool coverage<\/li>\n<li>Commercial swimming pool maintenance, reducing cleaning and repair costs<\/li>\n<li>Safety precautions for the swimming pool during its suspension of use<\/li>\n<\/ul>\n<p>NINGBO TOPRISE est une usine professionnelle sp\u00e9cialis\u00e9e dans la production de<a href=\"https:\/\/toprisesafety.com\/fr\/categorie-produit\/outdoor-goods\/waterproof-cover\/\"> couvertures imperm\u00e9ables de haute qualit\u00e9<\/a>La soci\u00e9t\u00e9 a pour objectif de fournir \u00e0 ses clients diverses solutions de protection personnalis\u00e9es. Gr\u00e2ce \u00e0 des \u00e9quipements de production avanc\u00e9s et \u00e0 une riche exp\u00e9rience industrielle, nos produits couvrent une large gamme de types tels que les housses de moto, les housses de voiture, les housses de meubles et les housses de bicyclettes. Toutes les housses imperm\u00e9ables sont fabriqu\u00e9es \u00e0 partir de tissus imperm\u00e9ables de haute qualit\u00e9, tels que le tissu Oxford 420D et le tissu Oxford 210D. Elles pr\u00e9sentent de multiples fonctions, notamment l'imperm\u00e9abilit\u00e9, la protection contre les UV, la pr\u00e9vention de la poussi\u00e8re, la r\u00e9sistance au vent et la r\u00e9sistance aux rayures, ce qui permet de prot\u00e9ger efficacement votre \u00e9quipement contre les influences environnementales externes.<br \/>\nNotre usine dispose de trois lignes de production tr\u00e8s efficaces, chacune \u00e9quip\u00e9e d'un mat\u00e9riel automatis\u00e9 de pointe, ce qui nous permet de produire diverses couvertures imperm\u00e9ables avec une grande efficacit\u00e9 et une grande stabilit\u00e9. L'usine compte actuellement environ 150 employ\u00e9s, dont des techniciens, des op\u00e9rateurs, des inspecteurs de la qualit\u00e9 et une \u00e9quipe de soutien logistique. Nous pouvons fournir des services personnalis\u00e9s en termes de tailles, de couleurs et de tissus selon les exigences des clients. En outre, nous proposons l'impression de LOGO et des emballages personnalis\u00e9s pour r\u00e9pondre aux besoins des diff\u00e9rents secteurs et march\u00e9s. Tous les produits sont soumis \u00e0 des contr\u00f4les de qualit\u00e9 stricts afin de garantir qu'ils r\u00e9pondent \u00e0 des normes \u00e9lev\u00e9es et qu'ils peuvent satisfaire les divers besoins des clients.<br \/>\nNous avons toujours adh\u00e9r\u00e9 au principe de \"la qualit\u00e9 d'abord et le service avant tout\" et nous nous engageons \u00e0 devenir un fournisseur de couverture imperm\u00e9able de confiance pour les clients du monde entier.<br \/>\nSi vous avez des questions sur les couvertures imperm\u00e9ables, <a href=\"https:\/\/toprisesafety.com\/fr\/contact-us\/\">nous contacter librement.<\/a><\/p>","protected":false},"excerpt":{"rendered":"<p>Art No.PC07<\/p>\n<p>Mat\u00e9riau : Tissu Oxford 420D avec placage argent\u00e9 ou personnalis\u00e9 ou personnalis\u00e9<\/p>\n<p>Size:\u00a0single person\uff1a6\/8\/10\/12\/15\/18FT or\u00a0customized<\/p>\n<p>Couleur : noir ou personnalis\u00e9<\/p>\n<p>Impression du logo : disponible<\/p>\n<p>MOQ : 300PCS<\/p>","protected":false},"featured_media":12892,"template":"","meta":{"_acf_changed":false},"product_brand":[],"product_cat":[401,371],"product_tag":[],"class_list":{"0":"post-12884","1":"product","2":"type-product","3":"status-publish","4":"has-post-thumbnail","6":"product_cat-waterproof-cover","7":"product_cat-outdoor-goods","9":"first","10":"instock","11":"shipping-taxable","12":"product-type-simple"},"acf":[],"_links":{"self":[{"href":"https:\/\/toprisesafety.com\/fr\/wp-json\/wp\/v2\/product\/12884"}],"collection":[{"href":"https:\/\/toprisesafety.com\/fr\/wp-json\/wp\/v2\/product"}],"about":[{"href":"https:\/\/toprisesafety.com\/fr\/wp-json\/wp\/v2\/types\/product"}],"wp:featuredmedia":[{"embeddable":true,"href":"https:\/\/toprisesafety.com\/fr\/wp-json\/wp\/v2\/media\/12892"}],"wp:attachment":[{"href":"https:\/\/toprisesafety.com\/fr\/wp-json\/wp\/v2\/media?parent=12884"}],"wp:term":[{"taxonomy":"product_brand","embeddable":true,"href":"https:\/\/toprisesafety.com\/fr\/wp-json\/wp\/v2\/product_brand?post=12884"},{"taxonomy":"product_cat","embeddable":true,"href":"https:\/\/toprisesafety.com\/fr\/wp-json\/wp\/v2\/product_cat?post=12884"},{"taxonomy":"product_tag","embeddable":true,"href":"https:\/\/toprisesafety.com\/fr\/wp-json\/wp\/v2\/product_tag?post=12884"}],"curies":[{"name":"wp","href":"https:\/\/api.w.org\/{rel}","templated":true}]}}