{"id":12864,"date":"2025-06-03T08:35:42","date_gmt":"2025-06-03T08:35:42","guid":{"rendered":"https:\/\/toprisesafety.com\/?post_type=product&#038;p=12864"},"modified":"2025-06-05T06:43:24","modified_gmt":"2025-06-05T06:43:24","slug":"outdoor-furniture-cover","status":"publish","type":"product","link":"https:\/\/toprisesafety.com\/fr\/produit\/outdoor-furniture-cover\/","title":{"rendered":"Housse pour meubles d'ext\u00e9rieur"},"content":{"rendered":"<h2>Housse pour meubles d'ext\u00e9rieur<\/h2>\n<p><strong><b>Housse pour meubles d'ext\u00e9rieur<\/b><\/strong>\u00a0<strong><b>Caract\u00e9ristiques<\/b><\/strong><strong><b>:<\/b><\/strong><\/p>\n<ul>\n<li>Utilisation d'un tissu imperm\u00e9able de haute densit\u00e9 pour prot\u00e9ger les meubles des dommages caus\u00e9s par la pluie.<\/li>\n<li>Emp\u00eache la poussi\u00e8re et les taches, ce qui permet de garder les meubles d'ext\u00e9rieur propres et brillants comme neufs.<\/li>\n<li>Rev\u00eatement anti-ultraviolet pour pr\u00e9venir la d\u00e9coloration et le vieillissement des mat\u00e9riaux<\/li>\n<li>La conception est raisonnable, et il est \u00e9quip\u00e9 de cordes de fixation pour l'emp\u00eacher d'\u00eatre emport\u00e9 par le vent.<\/li>\n<li>L\u00e9ger et durable, facile \u00e0 d\u00e9monter et \u00e0 ranger<\/li>\n<li>Convient \u00e0 diff\u00e9rents styles de meubles d'ext\u00e9rieur<\/li>\n<li>Prise en charge de la personnalisation des styles, des tailles, des couleurs et des logos.<\/li>\n<li>Renforcer la reconnaissance de la marque et r\u00e9pondre aux besoins individuels.<\/li>\n<\/ul>\n<table>\n<tbody>\n<tr>\n<td width=\"284\">ART NO.<\/td>\n<td width=\"284\">FC10<\/td>\n<\/tr>\n<tr>\n<td width=\"284\">Mat\u00e9riau<\/td>\n<td width=\"284\">Tissu Oxford 210D \/420D\/600D avec placage argent\u00e9 ou personnalis\u00e9 ou personnalis\u00e9<\/td>\n<\/tr>\n<tr>\n<td width=\"284\">Taille<\/td>\n<td width=\"284\">123*123*74cm, 126*126*74cm, 213*132*74cm, 213*132*74cm, 315*160*74cm ou personnalis\u00e9<\/td>\n<\/tr>\n<tr>\n<td width=\"284\">Couleur<\/td>\n<td width=\"284\">Noir ou personnalis\u00e9<\/td>\n<\/tr>\n<tr>\n<td width=\"284\">Impression de logos<\/td>\n<td width=\"284\">disponible<\/td>\n<\/tr>\n<tr>\n<td width=\"284\">Emballage<\/td>\n<td width=\"284\">1 pi\u00e8ce par sac de m\u00eame mati\u00e8re ou emballage personnalis\u00e9<\/td>\n<\/tr>\n<tr>\n<td width=\"284\">MOQ<\/td>\n<td width=\"284\">300PCS<\/td>\n<\/tr>\n<tr>\n<td width=\"284\">Conception personnalis\u00e9e<\/td>\n<td width=\"284\">Soutien<\/td>\n<\/tr>\n<\/tbody>\n<\/table>\n<p><strong><b>Housse pour meubles d'ext\u00e9rieur<\/b><\/strong><strong><b>\u00a0Domaines d'application<\/b><\/strong><strong><b>\u00a0<\/b><\/strong><strong><b>: <\/b><\/strong><\/p>\n<ul>\n<li>Protection du mobilier d'ext\u00e9rieur dans les cours et balcons familiaux<\/li>\n<li>Protection du mobilier pour le jardin et les loisirs<\/li>\n<li>Entretien du mobilier ext\u00e9rieur dans les h\u00f4tels et les centres de vill\u00e9giature<\/li>\n<li>Protection des tables et des si\u00e8ges ext\u00e9rieurs dans les restaurants et les caf\u00e9s<\/li>\n<li>Mobilier d'ext\u00e9rieur dans les parcs et les espaces publics de loisirs<\/li>\n<li>Recouvrement temporaire de mobilier d'ext\u00e9rieur pour des activit\u00e9s commerciales et des expositions<\/li>\n<li>Stockage ext\u00e9rieur et stockage du mobilier saisonnier<\/li>\n<li>Protection du mobilier de camping et d'activit\u00e9s de plein air<\/li>\n<\/ul>\n<p>NINGBO TOPRISE est une usine professionnelle sp\u00e9cialis\u00e9e dans la production de<a href=\"https:\/\/toprisesafety.com\/fr\/categorie-produit\/outdoor-goods\/waterproof-cover\/\"> couvertures imperm\u00e9ables de haute qualit\u00e9<\/a>La soci\u00e9t\u00e9 a pour objectif de fournir \u00e0 ses clients diverses solutions de protection personnalis\u00e9es. Gr\u00e2ce \u00e0 des \u00e9quipements de production avanc\u00e9s et \u00e0 une riche exp\u00e9rience industrielle, nos produits couvrent une large gamme de types tels que les housses de moto, les housses de voiture, les housses de meubles et les housses de bicyclettes. Toutes les housses imperm\u00e9ables sont fabriqu\u00e9es \u00e0 partir de tissus imperm\u00e9ables de haute qualit\u00e9, tels que le tissu Oxford 420D et le tissu Oxford 210D. Elles pr\u00e9sentent de multiples fonctions, notamment l'imperm\u00e9abilit\u00e9, la protection contre les UV, la pr\u00e9vention de la poussi\u00e8re, la r\u00e9sistance au vent et la r\u00e9sistance aux rayures, ce qui permet de prot\u00e9ger efficacement votre \u00e9quipement contre les influences environnementales externes.<br \/>\nNotre usine dispose de trois lignes de production tr\u00e8s efficaces, chacune \u00e9quip\u00e9e d'un mat\u00e9riel automatis\u00e9 de pointe, ce qui nous permet de produire diverses couvertures imperm\u00e9ables avec une grande efficacit\u00e9 et une grande stabilit\u00e9. L'usine compte actuellement environ 150 employ\u00e9s, dont des techniciens, des op\u00e9rateurs, des inspecteurs de la qualit\u00e9 et une \u00e9quipe de soutien logistique. Nous pouvons fournir des services personnalis\u00e9s en termes de tailles, de couleurs et de tissus selon les exigences des clients. En outre, nous proposons l'impression de LOGO et des emballages personnalis\u00e9s pour r\u00e9pondre aux besoins des diff\u00e9rents secteurs et march\u00e9s. Tous les produits sont soumis \u00e0 des contr\u00f4les de qualit\u00e9 stricts afin de garantir qu'ils r\u00e9pondent \u00e0 des normes \u00e9lev\u00e9es et qu'ils peuvent satisfaire les divers besoins des clients.<br \/>\nNous avons toujours adh\u00e9r\u00e9 au principe de \"la qualit\u00e9 d'abord et le service avant tout\" et nous nous engageons \u00e0 devenir un fournisseur de couverture imperm\u00e9able de confiance pour les clients du monde entier.<br \/>\nSi vous avez des questions sur les couvertures imperm\u00e9ables, <a href=\"https:\/\/toprisesafety.com\/fr\/contact-us\/\">nous contacter librement.<\/a><\/p>","protected":false},"excerpt":{"rendered":"<p>Art No.FC10<\/p>\n<p>Mat\u00e9riau : tissu Oxford 210D \/420D\/600D avec placage argent\u00e9 ou personnalis\u00e9 ou personnalis\u00e9<\/p>\n<p>Taille : personne seule\uff1a123*123*74cm , 126*126*74cm, 213*132*74cm, 213*132*74cm, 315*160*74cm ou sur mesure.<\/p>\n<p>Couleur : noir ou personnalis\u00e9<\/p>\n<p>Impression du logo : disponible<\/p>\n<p>MOQ : 300PCS<\/p>","protected":false},"featured_media":12867,"template":"","meta":{"_acf_changed":false},"product_brand":[],"product_cat":[371,401],"product_tag":[],"class_list":{"0":"post-12864","1":"product","2":"type-product","3":"status-publish","4":"has-post-thumbnail","6":"product_cat-outdoor-goods","7":"product_cat-waterproof-cover","9":"first","10":"instock","11":"shipping-taxable","12":"product-type-simple"},"acf":[],"_links":{"self":[{"href":"https:\/\/toprisesafety.com\/fr\/wp-json\/wp\/v2\/product\/12864"}],"collection":[{"href":"https:\/\/toprisesafety.com\/fr\/wp-json\/wp\/v2\/product"}],"about":[{"href":"https:\/\/toprisesafety.com\/fr\/wp-json\/wp\/v2\/types\/product"}],"wp:featuredmedia":[{"embeddable":true,"href":"https:\/\/toprisesafety.com\/fr\/wp-json\/wp\/v2\/media\/12867"}],"wp:attachment":[{"href":"https:\/\/toprisesafety.com\/fr\/wp-json\/wp\/v2\/media?parent=12864"}],"wp:term":[{"taxonomy":"product_brand","embeddable":true,"href":"https:\/\/toprisesafety.com\/fr\/wp-json\/wp\/v2\/product_brand?post=12864"},{"taxonomy":"product_cat","embeddable":true,"href":"https:\/\/toprisesafety.com\/fr\/wp-json\/wp\/v2\/product_cat?post=12864"},{"taxonomy":"product_tag","embeddable":true,"href":"https:\/\/toprisesafety.com\/fr\/wp-json\/wp\/v2\/product_tag?post=12864"}],"curies":[{"name":"wp","href":"https:\/\/api.w.org\/{rel}","templated":true}]}}