{"id":12858,"date":"2025-06-03T07:59:40","date_gmt":"2025-06-03T07:59:40","guid":{"rendered":"https:\/\/toprisesafety.com\/?post_type=product&#038;p=12858"},"modified":"2025-06-05T06:44:29","modified_gmt":"2025-06-05T06:44:29","slug":"golf-cart-cover","status":"publish","type":"product","link":"https:\/\/toprisesafety.com\/fr\/produit\/golf-cart-cover\/","title":{"rendered":"Housse pour voiturette de golf"},"content":{"rendered":"<h2>Housse pour voiturette de golf<\/h2>\n<p><strong><b>Golf Ca<\/b><\/strong><strong><b>r<\/b><\/strong><strong><b>t Couverture<\/b><\/strong><strong><b>\u00a0Caract\u00e9ristiques : <\/b><\/strong><\/p>\n<ul>\n<li>Fermeture \u00e0 glissi\u00e8re noire + boucle de la sangle de fermeture inf\u00e9rieure + \u00e9lastique du cordon de serrage inf\u00e9rieur<\/li>\n<li>Tissu 210D Oxford avec rev\u00eatement argent\u00e9 imperm\u00e9able, mat\u00e9riau \u00e0 haute densit\u00e9. Il peut prot\u00e9ger l'int\u00e9rieur et l'ext\u00e9rieur du v\u00e9hicule de la pluie, de la neige, du soleil, de la poussi\u00e8re, des fientes d'oiseaux et des feuilles.<\/li>\n<li>La bande \u00e9lastique du bas et la boucle assurent la protection.<\/li>\n<li>La fermeture \u00e0 glissi\u00e8re centrale \u00e0 l'arri\u00e8re facilite l'entr\u00e9e des invit\u00e9s dans le v\u00e9hicule.<\/li>\n<li>Convient \u00e0 tous les chariots de golf EZ GO Club Car et Yamaha standard \u00e0 4 passagers.<\/li>\n<\/ul>\n<table>\n<tbody>\n<tr>\n<td width=\"284\">ART NO.<\/td>\n<td width=\"284\">GC06<\/td>\n<\/tr>\n<tr>\n<td width=\"284\">Mat\u00e9riau<\/td>\n<td width=\"284\">Tissu 210D Oxford avec placage argent\u00e9 ou personnalis\u00e9 ou personnalis\u00e9<\/td>\n<\/tr>\n<tr>\n<td width=\"284\">Taille<\/td>\n<td width=\"284\">242*122*168 cm,275*122*168 cm , 285*122*168cm ou sur mesure<\/td>\n<\/tr>\n<tr>\n<td width=\"284\">Couleur<\/td>\n<td width=\"284\">Noir ou personnalis\u00e9<\/td>\n<\/tr>\n<tr>\n<td width=\"284\">Impression de logos<\/td>\n<td width=\"284\">disponible<\/td>\n<\/tr>\n<tr>\n<td width=\"284\">Emballage<\/td>\n<td width=\"284\">1 pi\u00e8ce par sac de m\u00eame mati\u00e8re ou emballage personnalis\u00e9<\/td>\n<\/tr>\n<tr>\n<td width=\"284\">MOQ<\/td>\n<td width=\"284\">300PCS<\/td>\n<\/tr>\n<tr>\n<td width=\"284\">Conception personnalis\u00e9e<\/td>\n<td width=\"284\">Soutien<\/td>\n<\/tr>\n<\/tbody>\n<\/table>\n<p><strong><b>Golf Ca<\/b><\/strong><strong><b>r<\/b><\/strong><strong><b>t Couverture<\/b><\/strong><strong><b>\u00a0Domaines : <\/b><\/strong><\/p>\n<ul>\n<li>Terrain de golf : Prot\u00e9gez les chariots de golf du vent, du soleil et de la pluie.<\/li>\n<li>Garage \u00e0 usage r\u00e9sidentiel : \u00e0 l'abri de la poussi\u00e8re et de l'humidit\u00e9, le v\u00e9hicule reste propre.<\/li>\n<li>Parking ext\u00e9rieur : Emp\u00eacher la poussi\u00e8re, les feuilles et les fientes d'oiseaux de contaminer la zone.<\/li>\n<li>Centres de vill\u00e9giature et clubs : Maintenir l'aspect des chariots de golf et prolonger leur dur\u00e9e de vie<\/li>\n<li>Stationnement \u00e0 long terme des v\u00e9hicules : Pr\u00e9vention des dommages caus\u00e9s par les rayons ultraviolets et les conditions m\u00e9t\u00e9orologiques<\/li>\n<li>Soci\u00e9t\u00e9 de cr\u00e9dit-bail : Gestion unifi\u00e9e de la protection, am\u00e9lioration de l'image professionnelle<\/li>\n<li>Zone d'activit\u00e9 ext\u00e9rieure : Pr\u00e9vention de l'\u00e9rosion des v\u00e9hicules par les taches de boue et d'eau<\/li>\n<li>Pendant le transport et le stockage : Pr\u00e9venir les rayures et les dommages externes.<\/li>\n<\/ul>\n<p>NINGBO TOPRISE est une usine professionnelle sp\u00e9cialis\u00e9e dans la production de<a href=\"https:\/\/toprisesafety.com\/fr\/categorie-produit\/outdoor-goods\/waterproof-cover\/\"> couvertures imperm\u00e9ables de haute qualit\u00e9<\/a>La soci\u00e9t\u00e9 a pour objectif de fournir \u00e0 ses clients diverses solutions de protection personnalis\u00e9es. Gr\u00e2ce \u00e0 des \u00e9quipements de production avanc\u00e9s et \u00e0 une riche exp\u00e9rience industrielle, nos produits couvrent une large gamme de types tels que les housses de moto, les housses de voiture, les housses de meubles et les housses de bicyclettes. Toutes les housses imperm\u00e9ables sont fabriqu\u00e9es \u00e0 partir de tissus imperm\u00e9ables de haute qualit\u00e9, tels que le tissu Oxford 420D et le tissu Oxford 210D. Elles pr\u00e9sentent de multiples fonctions, notamment l'imperm\u00e9abilit\u00e9, la protection contre les UV, la pr\u00e9vention de la poussi\u00e8re, la r\u00e9sistance au vent et la r\u00e9sistance aux rayures, ce qui permet de prot\u00e9ger efficacement votre \u00e9quipement contre les influences environnementales externes.<br \/>\nNotre usine dispose de trois lignes de production tr\u00e8s efficaces, chacune \u00e9quip\u00e9e d'un mat\u00e9riel automatis\u00e9 de pointe, ce qui nous permet de produire diverses couvertures imperm\u00e9ables avec une grande efficacit\u00e9 et une grande stabilit\u00e9. L'usine compte actuellement environ 150 employ\u00e9s, dont des techniciens, des op\u00e9rateurs, des inspecteurs de la qualit\u00e9 et une \u00e9quipe de soutien logistique. Nous pouvons fournir des services personnalis\u00e9s en termes de tailles, de couleurs et de tissus selon les exigences des clients. En outre, nous proposons l'impression de LOGO et des emballages personnalis\u00e9s pour r\u00e9pondre aux besoins des diff\u00e9rents secteurs et march\u00e9s. Tous les produits sont soumis \u00e0 des contr\u00f4les de qualit\u00e9 stricts afin de garantir qu'ils r\u00e9pondent \u00e0 des normes \u00e9lev\u00e9es et qu'ils peuvent satisfaire les divers besoins des clients.<br \/>\nNous avons toujours adh\u00e9r\u00e9 au principe de \"la qualit\u00e9 d'abord et le service avant tout\" et nous nous engageons \u00e0 devenir un fournisseur de couverture imperm\u00e9able de confiance pour les clients du monde entier.<br \/>\nSi vous avez des questions sur les couvertures imperm\u00e9ables, <a href=\"https:\/\/toprisesafety.com\/fr\/contact-us\/\">nous contacter librement.<\/a><\/p>","protected":false},"excerpt":{"rendered":"<p>Art No.GC06<\/p>\n<p>Mat\u00e9riau : tissu Oxford 210D avec placage argent\u00e9 ou personnalis\u00e9 ou personnalis\u00e9<\/p>\n<p>Taille : personne seule\uff1a242*122*168 cm,275*122*168 cm , 285*122*168cm ou sur mesure<\/p>\n<p>Couleur : noir ou personnalis\u00e9<\/p>\n<p>Impression du logo : disponible<\/p>\n<p>MOQ : 300PCS<\/p>","protected":false},"featured_media":12862,"template":"","meta":{"_acf_changed":false},"product_brand":[],"product_cat":[401,371],"product_tag":[],"class_list":{"0":"post-12858","1":"product","2":"type-product","3":"status-publish","4":"has-post-thumbnail","6":"product_cat-waterproof-cover","7":"product_cat-outdoor-goods","9":"first","10":"instock","11":"shipping-taxable","12":"product-type-simple"},"acf":[],"_links":{"self":[{"href":"https:\/\/toprisesafety.com\/fr\/wp-json\/wp\/v2\/product\/12858"}],"collection":[{"href":"https:\/\/toprisesafety.com\/fr\/wp-json\/wp\/v2\/product"}],"about":[{"href":"https:\/\/toprisesafety.com\/fr\/wp-json\/wp\/v2\/types\/product"}],"wp:featuredmedia":[{"embeddable":true,"href":"https:\/\/toprisesafety.com\/fr\/wp-json\/wp\/v2\/media\/12862"}],"wp:attachment":[{"href":"https:\/\/toprisesafety.com\/fr\/wp-json\/wp\/v2\/media?parent=12858"}],"wp:term":[{"taxonomy":"product_brand","embeddable":true,"href":"https:\/\/toprisesafety.com\/fr\/wp-json\/wp\/v2\/product_brand?post=12858"},{"taxonomy":"product_cat","embeddable":true,"href":"https:\/\/toprisesafety.com\/fr\/wp-json\/wp\/v2\/product_cat?post=12858"},{"taxonomy":"product_tag","embeddable":true,"href":"https:\/\/toprisesafety.com\/fr\/wp-json\/wp\/v2\/product_tag?post=12858"}],"curies":[{"name":"wp","href":"https:\/\/api.w.org\/{rel}","templated":true}]}}