{"id":12849,"date":"2025-06-03T07:18:54","date_gmt":"2025-06-03T07:18:54","guid":{"rendered":"https:\/\/toprisesafety.com\/?post_type=product&#038;p=12849"},"modified":"2025-06-05T06:45:16","modified_gmt":"2025-06-05T06:45:16","slug":"gas-fire-pit-cover","status":"publish","type":"product","link":"https:\/\/toprisesafety.com\/fr\/produit\/gas-fire-pit-cover\/","title":{"rendered":"Couvercle de foyer \u00e0 gaz"},"content":{"rendered":"<h2>Couvercle de foyer \u00e0 gaz<\/h2>\n<p><strong><b>Couvercle de foyer \u00e0 gaz<\/b><\/strong>\u00a0<strong><b>Caract\u00e9ristiques<\/b><\/strong><strong><b>:<\/b><\/strong><\/p>\n<ul>\n<li>L'utilisation de diff\u00e9rents tissus Oxford, tels que 210D, 420D et 600D, permet de r\u00e9pondre \u00e0 diff\u00e9rents besoins.<\/li>\n<li>\u00c9pais et durable, r\u00e9sistant aux d\u00e9chirures, prot\u00e9geant le po\u00eale des dommages.<\/li>\n<li>Hautement \u00e9tanche \u00e0 l'eau et \u00e0 la poussi\u00e8re, il convient aux diverses conditions m\u00e9t\u00e9orologiques des environnements ext\u00e9rieurs.<\/li>\n<li>Anti-ultraviolet, emp\u00eache la d\u00e9coloration et le vieillissement, prolonge la dur\u00e9e de vie.<\/li>\n<li>Conception de renfort multicouche, avec une excellente r\u00e9sistance au vent et d'excellentes performances en mati\u00e8re de protection<\/li>\n<li>Facile \u00e0 monter et \u00e0 d\u00e9monter, avec une corde d'attache pour un support fixe afin d'\u00e9viter qu'il ne soit emport\u00e9 par le vent.<\/li>\n<li>Possibilit\u00e9 de personnaliser la taille et la couleur pour r\u00e9pondre aux besoins individuels.<\/li>\n<\/ul>\n<table>\n<tbody>\n<tr>\n<td width=\"284\">ART NO.<\/td>\n<td width=\"284\">PC08<\/td>\n<\/tr>\n<tr>\n<td width=\"284\">Mat\u00e9riau<\/td>\n<td width=\"284\">Tissu Oxford 210D \/420D\/600D avec placage argent\u00e9 ou personnalis\u00e9 ou personnalis\u00e9<\/td>\n<\/tr>\n<tr>\n<td width=\"284\">Taille<\/td>\n<td width=\"284\">82*82*61CM, 76*76*63CM, 92*92*61CM, 100*56*64cm ou sur mesure<\/td>\n<\/tr>\n<tr>\n<td width=\"284\">Couleur<\/td>\n<td width=\"284\">Noir ou personnalis\u00e9<\/td>\n<\/tr>\n<tr>\n<td width=\"284\">Impression de logos<\/td>\n<td width=\"284\">disponible<\/td>\n<\/tr>\n<tr>\n<td width=\"284\">Emballage<\/td>\n<td width=\"284\">1 pi\u00e8ce par sac de m\u00eame mati\u00e8re ou emballage personnalis\u00e9<\/td>\n<\/tr>\n<tr>\n<td width=\"284\">MOQ<\/td>\n<td width=\"284\">300PCS<\/td>\n<\/tr>\n<tr>\n<td width=\"284\">Conception personnalis\u00e9e<\/td>\n<td width=\"284\">Soutien<\/td>\n<\/tr>\n<\/tbody>\n<\/table>\n<p><strong><b>Couvercle de foyer \u00e0 gaz<\/b><\/strong><strong><b>\u00a0Domaines d'application<\/b><\/strong><strong><b>\u00a0<\/b><\/strong><strong><b>: <\/b><\/strong><\/p>\n<ul>\n<li>Protection contre la poussi\u00e8re et la pluie pour le barbecue de la cour familiale<\/li>\n<li>F\u00eate barbecue en plein air, couverture temporaire pour l'utilisation<\/li>\n<li>Protection contre les incendies ext\u00e9rieurs pour les h\u00f4tels et les centres de vill\u00e9giature<\/li>\n<li>Protection des \u00e9quipements de feu en plein air dans les restaurants et les caf\u00e9s<\/li>\n<li>Stations commerciales pour barbecue, am\u00e9liorant la durabilit\u00e9 de l'\u00e9quipement<\/li>\n<li>Protection des foyers ext\u00e9rieurs dans les parcs et les espaces publics de loisirs<\/li>\n<li>Emp\u00eacher les chemin\u00e9es de rouiller et de s'ab\u00eemer en raison d'une exposition prolong\u00e9e au vent et au soleil.<\/li>\n<li>Protecteurs de po\u00eale pour les activit\u00e9s de plein air et le camping<\/li>\n<\/ul>\n<p>NINGBO TOPRISE est une usine professionnelle sp\u00e9cialis\u00e9e dans la production de<a href=\"https:\/\/toprisesafety.com\/fr\/categorie-produit\/outdoor-goods\/waterproof-cover\/\"> couvertures imperm\u00e9ables de haute qualit\u00e9<\/a>La soci\u00e9t\u00e9 a pour objectif de fournir \u00e0 ses clients diverses solutions de protection personnalis\u00e9es. Gr\u00e2ce \u00e0 des \u00e9quipements de production avanc\u00e9s et \u00e0 une riche exp\u00e9rience industrielle, nos produits couvrent une large gamme de types tels que les housses de moto, les housses de voiture, les housses de meubles et les housses de bicyclettes. Toutes les housses imperm\u00e9ables sont fabriqu\u00e9es \u00e0 partir de tissus imperm\u00e9ables de haute qualit\u00e9, tels que le tissu Oxford 420D et le tissu Oxford 210D. Elles pr\u00e9sentent de multiples fonctions, notamment l'imperm\u00e9abilit\u00e9, la protection contre les UV, la pr\u00e9vention de la poussi\u00e8re, la r\u00e9sistance au vent et la r\u00e9sistance aux rayures, ce qui permet de prot\u00e9ger efficacement votre \u00e9quipement contre les influences environnementales externes.<br \/>\nNotre usine dispose de trois lignes de production tr\u00e8s efficaces, chacune \u00e9quip\u00e9e d'un mat\u00e9riel automatis\u00e9 de pointe, ce qui nous permet de produire diverses couvertures imperm\u00e9ables avec une grande efficacit\u00e9 et une grande stabilit\u00e9. L'usine compte actuellement environ 150 employ\u00e9s, dont des techniciens, des op\u00e9rateurs, des inspecteurs de la qualit\u00e9 et une \u00e9quipe de soutien logistique. Nous pouvons fournir des services personnalis\u00e9s en termes de tailles, de couleurs et de tissus selon les exigences des clients. En outre, nous proposons l'impression de LOGO et des emballages personnalis\u00e9s pour r\u00e9pondre aux besoins des diff\u00e9rents secteurs et march\u00e9s. Tous les produits sont soumis \u00e0 des contr\u00f4les de qualit\u00e9 stricts afin de garantir qu'ils r\u00e9pondent \u00e0 des normes \u00e9lev\u00e9es et qu'ils peuvent satisfaire les divers besoins des clients.<br \/>\nNous avons toujours adh\u00e9r\u00e9 au principe de \"la qualit\u00e9 d'abord et le service avant tout\" et nous nous engageons \u00e0 devenir un fournisseur de couverture imperm\u00e9able de confiance pour les clients du monde entier.<br \/>\nSi vous avez des questions sur les couvertures imperm\u00e9ables, <a href=\"https:\/\/toprisesafety.com\/fr\/contact-us\/\">nous contacter librement.<\/a><\/p>","protected":false},"excerpt":{"rendered":"<p>Art No.PC08<\/p>\n<p>Mat\u00e9riau : tissu Oxford 210D \/420D\/600D avec placage argent\u00e9 ou personnalis\u00e9 ou personnalis\u00e9<\/p>\n<p>Taille : personne seule\uff1a82*82*61CM , 76*76*63CM,92*92*61CM,100*56*64cm ou sur mesure<\/p>\n<p>Couleur : noir ou personnalis\u00e9<\/p>\n<p>Impression du logo : disponible<\/p>\n<p>MOQ : 300PCS<\/p>","protected":false},"featured_media":12853,"template":"","meta":{"_acf_changed":false},"product_brand":[],"product_cat":[371,401],"product_tag":[],"class_list":{"0":"post-12849","1":"product","2":"type-product","3":"status-publish","4":"has-post-thumbnail","6":"product_cat-outdoor-goods","7":"product_cat-waterproof-cover","9":"first","10":"instock","11":"shipping-taxable","12":"product-type-simple"},"acf":[],"_links":{"self":[{"href":"https:\/\/toprisesafety.com\/fr\/wp-json\/wp\/v2\/product\/12849","targetHints":{"allow":["GET"]}}],"collection":[{"href":"https:\/\/toprisesafety.com\/fr\/wp-json\/wp\/v2\/product"}],"about":[{"href":"https:\/\/toprisesafety.com\/fr\/wp-json\/wp\/v2\/types\/product"}],"wp:featuredmedia":[{"embeddable":true,"href":"https:\/\/toprisesafety.com\/fr\/wp-json\/wp\/v2\/media\/12853"}],"wp:attachment":[{"href":"https:\/\/toprisesafety.com\/fr\/wp-json\/wp\/v2\/media?parent=12849"}],"wp:term":[{"taxonomy":"product_brand","embeddable":true,"href":"https:\/\/toprisesafety.com\/fr\/wp-json\/wp\/v2\/product_brand?post=12849"},{"taxonomy":"product_cat","embeddable":true,"href":"https:\/\/toprisesafety.com\/fr\/wp-json\/wp\/v2\/product_cat?post=12849"},{"taxonomy":"product_tag","embeddable":true,"href":"https:\/\/toprisesafety.com\/fr\/wp-json\/wp\/v2\/product_tag?post=12849"}],"curies":[{"name":"wp","href":"https:\/\/api.w.org\/{rel}","templated":true}]}}