{"id":12845,"date":"2025-06-03T03:38:18","date_gmt":"2025-06-03T03:38:18","guid":{"rendered":"https:\/\/toprisesafety.com\/?post_type=product&#038;p=12845"},"modified":"2025-06-05T06:46:54","modified_gmt":"2025-06-05T06:46:54","slug":"tire-storage-cover","status":"publish","type":"product","link":"https:\/\/toprisesafety.com\/fr\/produit\/tire-storage-cover\/","title":{"rendered":"Housse de rangement pour les pneus"},"content":{"rendered":"<h2>Housse de rangement pour les pneus<\/h2>\n<p><strong><b>Housse de rangement pour les pneus<\/b><\/strong><strong><b>\u00a0Caract\u00e9ristiques<\/b><\/strong><strong><b>:<\/b><\/strong><\/p>\n<ul>\n<li>Fabriqu\u00e9 en tissu Oxford 420D, il est \u00e9pais, durable et ne risque pas de se d\u00e9chirer.<\/li>\n<li>Le rev\u00eatement argent\u00e9 pr\u00e9vient efficacement les rayons ultraviolets et le vieillissement.<\/li>\n<li>Imperm\u00e9able \u00e0 l'eau et \u00e0 la poussi\u00e8re, il peut prot\u00e9ger les pneus m\u00eame par temps de pluie ou de neige.<\/li>\n<li>Propri\u00e9t\u00e9s antioxydantes et antirouille, prolongeant la dur\u00e9e de vie des pneus<\/li>\n<li>Fermeture \u00e0 glissi\u00e8re et cordon de serrage, garantissant une fixation s\u00fbre et emp\u00eachant tout d\u00e9tachement accidentel.<\/li>\n<li>Facile \u00e0 monter et \u00e0 d\u00e9monter, il peut \u00eatre pli\u00e9 pour \u00eatre rang\u00e9 sans prendre beaucoup de place.<\/li>\n<li>Convient pour le stockage des pneus dans les maisons, les garages et \u00e0 l'ext\u00e9rieur.<\/li>\n<li>Possibilit\u00e9 de personnaliser la taille, la couleur et le logo.<\/li>\n<\/ul>\n<table>\n<tbody>\n<tr>\n<td width=\"284\">ART NO.<\/td>\n<td width=\"284\">TSC04<\/td>\n<\/tr>\n<tr>\n<td width=\"284\">Mat\u00e9riau<\/td>\n<td width=\"284\">Tissu Oxford 420D avec placage argent\u00e9 ou personnalis\u00e9 ou personnalis\u00e9<\/td>\n<\/tr>\n<tr>\n<td width=\"284\">Pression de l'eau<\/td>\n<td width=\"284\">2000+<\/td>\n<\/tr>\n<tr>\n<td width=\"284\">Taille<\/td>\n<td width=\"284\">58*76cm\uff0c65*90cm\uff0c73*110cm\uff0c85*120cm ou sur mesure<\/td>\n<\/tr>\n<tr>\n<td width=\"284\">Couleur<\/td>\n<td width=\"284\">Noir ou personnalis\u00e9<\/td>\n<\/tr>\n<tr>\n<td width=\"284\">Impression de logos<\/td>\n<td width=\"284\">disponible<\/td>\n<\/tr>\n<tr>\n<td width=\"284\">Emballage<\/td>\n<td width=\"284\">1 pi\u00e8ce par sac de m\u00eame mati\u00e8re ou emballage personnalis\u00e9<\/td>\n<\/tr>\n<tr>\n<td width=\"284\">MOQ<\/td>\n<td width=\"284\">300PCS<\/td>\n<\/tr>\n<tr>\n<td width=\"284\">Conception personnalis\u00e9e<\/td>\n<td width=\"284\">Soutien<\/td>\n<\/tr>\n<\/tbody>\n<\/table>\n<p><strong><b>Housse de rangement pour les pneus<\/b><\/strong><strong><b>Domaines d'application : <\/b><\/strong><\/p>\n<ul>\n<li>Garage dans la maison : Stocke les pneus de rechange, prot\u00e8ge de la poussi\u00e8re et de l'humidit\u00e9<\/li>\n<li>Parking ext\u00e9rieur : Prot\u00e8ge les pneus du vent, du soleil et de la pluie, prolongeant ainsi leur dur\u00e9e de vie.<\/li>\n<li>Entrep\u00f4t d'un magasin de pneus : Prot\u00e9ger les pneus en stock et les garder propres et neufs comme avant.<\/li>\n<li>Zone de pi\u00e8ces d\u00e9tach\u00e9es pour ateliers de r\u00e9paration automobile : Gestion unifi\u00e9e, am\u00e9lioration de l'image professionnelle<\/li>\n<li>Stockage saisonnier des pneus : Emp\u00eachez le caoutchouc de vieillir et de se d\u00e9former.<\/li>\n<li>Protection \u00e0 long terme des pneus des v\u00e9hicules en stationnement : R\u00e9duire les dommages caus\u00e9s par les ultraviolets<\/li>\n<li>Entreprises de location de voitures et flottes : Protection des pneus en vrac et gestion de l'identification<\/li>\n<\/ul>\n<p>NINGBO TOPRISE est une usine professionnelle sp\u00e9cialis\u00e9e dans la production de<a href=\"https:\/\/toprisesafety.com\/fr\/categorie-produit\/outdoor-goods\/waterproof-cover\/\"> couvertures imperm\u00e9ables de haute qualit\u00e9<\/a>La soci\u00e9t\u00e9 a pour objectif de fournir \u00e0 ses clients diverses solutions de protection personnalis\u00e9es. Gr\u00e2ce \u00e0 des \u00e9quipements de production avanc\u00e9s et \u00e0 une riche exp\u00e9rience industrielle, nos produits couvrent une large gamme de types tels que les housses de moto, les housses de voiture, les housses de meubles et les housses de bicyclettes. Toutes les housses imperm\u00e9ables sont fabriqu\u00e9es \u00e0 partir de tissus imperm\u00e9ables de haute qualit\u00e9, tels que le tissu Oxford 420D et le tissu Oxford 210D. Elles pr\u00e9sentent de multiples fonctions, notamment l'imperm\u00e9abilit\u00e9, la protection contre les UV, la pr\u00e9vention de la poussi\u00e8re, la r\u00e9sistance au vent et la r\u00e9sistance aux rayures, ce qui permet de prot\u00e9ger efficacement votre \u00e9quipement contre les influences environnementales externes.<br \/>\nNotre usine dispose de trois lignes de production tr\u00e8s efficaces, chacune \u00e9quip\u00e9e d'un mat\u00e9riel automatis\u00e9 de pointe, ce qui nous permet de produire diverses couvertures imperm\u00e9ables avec une grande efficacit\u00e9 et une grande stabilit\u00e9. L'usine compte actuellement environ 150 employ\u00e9s, dont des techniciens, des op\u00e9rateurs, des inspecteurs de la qualit\u00e9 et une \u00e9quipe de soutien logistique. Nous pouvons fournir des services personnalis\u00e9s en termes de tailles, de couleurs et de tissus selon les exigences des clients. En outre, nous proposons l'impression de LOGO et des emballages personnalis\u00e9s pour r\u00e9pondre aux besoins des diff\u00e9rents secteurs et march\u00e9s. Tous les produits sont soumis \u00e0 des contr\u00f4les de qualit\u00e9 stricts afin de garantir qu'ils r\u00e9pondent \u00e0 des normes \u00e9lev\u00e9es et qu'ils peuvent satisfaire les divers besoins des clients.<br \/>\nNous avons toujours adh\u00e9r\u00e9 au principe de \"la qualit\u00e9 d'abord et le service avant tout\" et nous nous engageons \u00e0 devenir un fournisseur de couverture imperm\u00e9able de confiance pour les clients du monde entier.<br \/>\nSi vous avez des questions sur les couvertures imperm\u00e9ables, <a href=\"https:\/\/toprisesafety.com\/fr\/contact-us\/\">nous contacter librement.<\/a><\/p>","protected":false},"excerpt":{"rendered":"<p>Art No.TSC04<\/p>\n<p>Mat\u00e9riau : Tissu Oxford 420D avec placage argent\u00e9 ou personnalis\u00e9 ou personnalis\u00e9<\/p>\n<p>Pression de l'eau : 1500 - 2000<\/p>\n<p>Taille : 58*76cm\uff0c65*90cm\uff0c73*110cm\uff0c85*120cm ou sur mesure<\/p>\n<p>Couleur : noir ou personnalis\u00e9<\/p>\n<p>Impression du logo : disponible<\/p>\n<p>MOQ : 300PCS<\/p>","protected":false},"featured_media":12847,"template":"","meta":{"_acf_changed":false},"product_brand":[],"product_cat":[371,401],"product_tag":[],"class_list":{"0":"post-12845","1":"product","2":"type-product","3":"status-publish","4":"has-post-thumbnail","6":"product_cat-outdoor-goods","7":"product_cat-waterproof-cover","9":"first","10":"instock","11":"shipping-taxable","12":"product-type-simple"},"acf":[],"_links":{"self":[{"href":"https:\/\/toprisesafety.com\/fr\/wp-json\/wp\/v2\/product\/12845"}],"collection":[{"href":"https:\/\/toprisesafety.com\/fr\/wp-json\/wp\/v2\/product"}],"about":[{"href":"https:\/\/toprisesafety.com\/fr\/wp-json\/wp\/v2\/types\/product"}],"wp:featuredmedia":[{"embeddable":true,"href":"https:\/\/toprisesafety.com\/fr\/wp-json\/wp\/v2\/media\/12847"}],"wp:attachment":[{"href":"https:\/\/toprisesafety.com\/fr\/wp-json\/wp\/v2\/media?parent=12845"}],"wp:term":[{"taxonomy":"product_brand","embeddable":true,"href":"https:\/\/toprisesafety.com\/fr\/wp-json\/wp\/v2\/product_brand?post=12845"},{"taxonomy":"product_cat","embeddable":true,"href":"https:\/\/toprisesafety.com\/fr\/wp-json\/wp\/v2\/product_cat?post=12845"},{"taxonomy":"product_tag","embeddable":true,"href":"https:\/\/toprisesafety.com\/fr\/wp-json\/wp\/v2\/product_tag?post=12845"}],"curies":[{"name":"wp","href":"https:\/\/api.w.org\/{rel}","templated":true}]}}