{"id":12697,"date":"2025-05-21T06:46:29","date_gmt":"2025-05-21T06:46:29","guid":{"rendered":"https:\/\/toprisesafety.com\/?post_type=product&#038;p=12697"},"modified":"2025-05-21T08:01:15","modified_gmt":"2025-05-21T08:01:15","slug":"custom-flower-plant-pot","status":"publish","type":"product","link":"https:\/\/toprisesafety.com\/fr\/produit\/custom-flower-plant-pot\/","title":{"rendered":"Pot de fleurs personnalis\u00e9"},"content":{"rendered":"<h1>Pot de fleurs personnalis\u00e9<\/h1>\n<ul>\n<li>Forme unique : Le design circulaire est simple et moderne, et convient \u00e0 divers environnements int\u00e9rieurs et ext\u00e9rieurs.<\/li>\n<li>Mat\u00e9riau robuste : Le plastique renforc\u00e9 de fibre de verre est l\u00e9ger, durable et tr\u00e8s r\u00e9sistant aux chocs.<\/li>\n<li>Imperm\u00e9able et r\u00e9sistant \u00e0 la corrosion : convient \u00e0 diff\u00e9rentes conditions climatiques et peut \u00eatre utilis\u00e9 pendant longtemps.<\/li>\n<li>Facile \u00e0 nettoyer : La surface est lisse, elle n'est pas sujette \u00e0 l'accumulation de poussi\u00e8re et peut \u00eatre nettoy\u00e9e quotidiennement.<\/li>\n<li>Choix de couleurs : Une vari\u00e9t\u00e9 de couleurs est disponible pour r\u00e9pondre aux besoins des diff\u00e9rents styles de d\u00e9coration.<\/li>\n<\/ul>\n<table>\n<tbody>\n<tr>\n<td width=\"284\">ART NO.<\/td>\n<td width=\"284\">FP09<\/td>\n<\/tr>\n<tr>\n<td width=\"284\">MAT\u00c9RIAU<\/td>\n<td width=\"284\">Fibre de verre<\/td>\n<\/tr>\n<tr>\n<td width=\"284\">TAILLE<\/td>\n<td width=\"284\">voir la photo de la taille ci-dessous ou sur mesure<\/td>\n<\/tr>\n<tr>\n<td width=\"284\">MOQ<\/td>\n<td width=\"284\">3 PC<\/td>\n<\/tr>\n<tr>\n<td colspan=\"2\" width=\"568\">Nous proposons des mod\u00e8les, des tailles et des couleurs personnalis\u00e9s. Si vous avez un mod\u00e8le, nous pouvons le fabriquer en cons\u00e9quence.<\/td>\n<\/tr>\n<\/tbody>\n<\/table>\n<p><img fetchpriority=\"high\" decoding=\"async\" class=\"alignnone size-medium wp-image-12704\" src=\"https:\/\/toprisesafety.com\/wp-content\/uploads\/2025\/05\/Custom-Flower-Plant-Pot-Windowsill-Trays-6-300x205.png\" alt=\"\" width=\"300\" height=\"205\" srcset=\"https:\/\/toprisesafety.com\/wp-content\/uploads\/2025\/05\/Custom-Flower-Plant-Pot-Windowsill-Trays-6-300x205.png 300w, https:\/\/toprisesafety.com\/wp-content\/uploads\/2025\/05\/Custom-Flower-Plant-Pot-Windowsill-Trays-6-600x411.png 600w, https:\/\/toprisesafety.com\/wp-content\/uploads\/2025\/05\/Custom-Flower-Plant-Pot-Windowsill-Trays-6.png 695w\" sizes=\"(max-width: 300px) 100vw, 300px\" \/> <img decoding=\"async\" class=\"alignnone size-medium wp-image-12703\" src=\"https:\/\/toprisesafety.com\/wp-content\/uploads\/2025\/05\/Custom-Flower-Plant-Pot-Windowsill-Trays-5-300x207.png\" alt=\"\" width=\"300\" height=\"207\" srcset=\"https:\/\/toprisesafety.com\/wp-content\/uploads\/2025\/05\/Custom-Flower-Plant-Pot-Windowsill-Trays-5-300x207.png 300w, https:\/\/toprisesafety.com\/wp-content\/uploads\/2025\/05\/Custom-Flower-Plant-Pot-Windowsill-Trays-5-600x415.png 600w, https:\/\/toprisesafety.com\/wp-content\/uploads\/2025\/05\/Custom-Flower-Plant-Pot-Windowsill-Trays-5.png 707w\" sizes=\"(max-width: 300px) 100vw, 300px\" \/> \u00a0<img decoding=\"async\" class=\"alignnone size-medium wp-image-12701\" src=\"https:\/\/toprisesafety.com\/wp-content\/uploads\/2025\/05\/Custom-Flower-Plant-Pot-Windowsill-Trays-3-300x211.png\" alt=\"\" width=\"300\" height=\"211\" srcset=\"https:\/\/toprisesafety.com\/wp-content\/uploads\/2025\/05\/Custom-Flower-Plant-Pot-Windowsill-Trays-3-300x211.png 300w, https:\/\/toprisesafety.com\/wp-content\/uploads\/2025\/05\/Custom-Flower-Plant-Pot-Windowsill-Trays-3-600x422.png 600w, https:\/\/toprisesafety.com\/wp-content\/uploads\/2025\/05\/Custom-Flower-Plant-Pot-Windowsill-Trays-3.png 704w\" sizes=\"(max-width: 300px) 100vw, 300px\" \/> \u00a0<img loading=\"lazy\" decoding=\"async\" class=\"alignnone size-medium wp-image-12699\" src=\"https:\/\/toprisesafety.com\/wp-content\/uploads\/2025\/05\/Custom-Flower-Plant-Pot-Windowsill-Trays-1-300x233.png\" alt=\"\" width=\"300\" height=\"233\" srcset=\"https:\/\/toprisesafety.com\/wp-content\/uploads\/2025\/05\/Custom-Flower-Plant-Pot-Windowsill-Trays-1-300x233.png 300w, https:\/\/toprisesafety.com\/wp-content\/uploads\/2025\/05\/Custom-Flower-Plant-Pot-Windowsill-Trays-1-600x467.png 600w, https:\/\/toprisesafety.com\/wp-content\/uploads\/2025\/05\/Custom-Flower-Plant-Pot-Windowsill-Trays-1.png 699w\" sizes=\"(max-width: 300px) 100vw, 300px\" \/><img loading=\"lazy\" decoding=\"async\" class=\"alignnone size-medium wp-image-12702\" src=\"https:\/\/toprisesafety.com\/wp-content\/uploads\/2025\/05\/Custom-Flower-Plant-Pot-Windowsill-Trays-4-300x199.png\" alt=\"\" width=\"300\" height=\"199\" srcset=\"https:\/\/toprisesafety.com\/wp-content\/uploads\/2025\/05\/Custom-Flower-Plant-Pot-Windowsill-Trays-4-300x199.png 300w, https:\/\/toprisesafety.com\/wp-content\/uploads\/2025\/05\/Custom-Flower-Plant-Pot-Windowsill-Trays-4-600x398.png 600w, https:\/\/toprisesafety.com\/wp-content\/uploads\/2025\/05\/Custom-Flower-Plant-Pot-Windowsill-Trays-4.png 705w\" sizes=\"(max-width: 300px) 100vw, 300px\" \/><img loading=\"lazy\" decoding=\"async\" class=\"alignnone size-medium wp-image-12700\" src=\"https:\/\/toprisesafety.com\/wp-content\/uploads\/2025\/05\/Custom-Flower-Plant-Pot-Windowsill-Trays-2-300x221.png\" alt=\"\" width=\"300\" height=\"221\" srcset=\"https:\/\/toprisesafety.com\/wp-content\/uploads\/2025\/05\/Custom-Flower-Plant-Pot-Windowsill-Trays-2-300x221.png 300w, https:\/\/toprisesafety.com\/wp-content\/uploads\/2025\/05\/Custom-Flower-Plant-Pot-Windowsill-Trays-2-600x442.png 600w, https:\/\/toprisesafety.com\/wp-content\/uploads\/2025\/05\/Custom-Flower-Plant-Pot-Windowsill-Trays-2.png 703w\" sizes=\"(max-width: 300px) 100vw, 300px\" \/><\/p>\n<p>TOPRISE prend en charge diff\u00e9rents styles de personnalisation des jardini\u00e8res en fibre de verre ; cliquez pour <a href=\"https:\/\/toprisesafety.com\/fr\/categorie-produit\/frp-products\/fiberglass-planter\/\">voir plus de styles de jardini\u00e8res en fibre de verre.<\/a><\/p>\n<p>Si vous ne trouvez pas les jardini\u00e8res en fibre de verre dont vous avez besoin, <a href=\"https:\/\/toprisesafety.com\/fr\/contact-us\/\">nous contacter ;<\/a> Nous offrons la possibilit\u00e9 d'une personnalisation sp\u00e9ciale avec un faible MOQ.<\/p>","protected":false},"excerpt":{"rendered":"<p>ART NO. FP09<\/p>\n<p>MAT\u00c9RIAU : Fibre de verre<\/p>\n<p>Taille : voir la photo de la taille ci-dessous ou personnalis\u00e9e<\/p>\n<p>Couleur : blanc, noir ou personnalis\u00e9<\/p>\n<p>MOQ : 3 PC<\/p>","protected":false},"featured_media":12698,"template":"","meta":{"_acf_changed":false},"product_brand":[],"product_cat":[399,398],"product_tag":[],"class_list":{"0":"post-12697","1":"product","2":"type-product","3":"status-publish","4":"has-post-thumbnail","6":"product_cat-fiberglass-planter","7":"product_cat-frp-products","9":"first","10":"instock","11":"shipping-taxable","12":"product-type-simple"},"acf":[],"_links":{"self":[{"href":"https:\/\/toprisesafety.com\/fr\/wp-json\/wp\/v2\/product\/12697","targetHints":{"allow":["GET"]}}],"collection":[{"href":"https:\/\/toprisesafety.com\/fr\/wp-json\/wp\/v2\/product"}],"about":[{"href":"https:\/\/toprisesafety.com\/fr\/wp-json\/wp\/v2\/types\/product"}],"wp:featuredmedia":[{"embeddable":true,"href":"https:\/\/toprisesafety.com\/fr\/wp-json\/wp\/v2\/media\/12698"}],"wp:attachment":[{"href":"https:\/\/toprisesafety.com\/fr\/wp-json\/wp\/v2\/media?parent=12697"}],"wp:term":[{"taxonomy":"product_brand","embeddable":true,"href":"https:\/\/toprisesafety.com\/fr\/wp-json\/wp\/v2\/product_brand?post=12697"},{"taxonomy":"product_cat","embeddable":true,"href":"https:\/\/toprisesafety.com\/fr\/wp-json\/wp\/v2\/product_cat?post=12697"},{"taxonomy":"product_tag","embeddable":true,"href":"https:\/\/toprisesafety.com\/fr\/wp-json\/wp\/v2\/product_tag?post=12697"}],"curies":[{"name":"wp","href":"https:\/\/api.w.org\/{rel}","templated":true}]}}