{"id":12691,"date":"2025-05-21T06:32:45","date_gmt":"2025-05-21T06:32:45","guid":{"rendered":"https:\/\/toprisesafety.com\/?post_type=product&#038;p=12691"},"modified":"2025-05-21T08:01:41","modified_gmt":"2025-05-21T08:01:41","slug":"irregular-fiberglass-planter","status":"publish","type":"product","link":"https:\/\/toprisesafety.com\/fr\/produit\/irregular-fiberglass-planter\/","title":{"rendered":"Jardini\u00e8re irr\u00e9guli\u00e8re en fibre de verre"},"content":{"rendered":"<p>Jardini\u00e8re irr\u00e9guli\u00e8re en fibre de verre<\/p>\n<ul>\n<li>Forte durabilit\u00e9 : Le mat\u00e9riau est solide, r\u00e9sistant aux chocs et ne se casse pas facilement.<\/li>\n<li>Imperm\u00e9able et anticorrosion : Convient aux environnements int\u00e9rieurs et ext\u00e9rieurs, r\u00e9sistant \u00e0 l'eau et \u00e0 l'humidit\u00e9.<\/li>\n<li>L\u00e9ger et facile \u00e0 transporter : L\u00e9ger, il est facile \u00e0 d\u00e9placer et \u00e0 r\u00e9organiser.<\/li>\n<li>Aspect moderne : Design et couleur uniques, s'adaptant \u00e0 diff\u00e9rents styles de d\u00e9coration modernes.<\/li>\n<li>Facile \u00e0 nettoyer : surface lisse, facile \u00e0 nettoyer et non sujette \u00e0 l'accumulation de poussi\u00e8re.<\/li>\n<li>Personnalisation en petites s\u00e9ries : Permet une personnalisation avec une faible quantit\u00e9 minimale de commande pour r\u00e9pondre \u00e0 diff\u00e9rents besoins.<\/li>\n<\/ul>\n<table>\n<tbody>\n<tr>\n<td width=\"284\">ART NO.<\/td>\n<td width=\"284\">FP07<\/td>\n<\/tr>\n<tr>\n<td width=\"284\">MAT\u00c9RIAU<\/td>\n<td width=\"284\">Fibre de verre<\/td>\n<\/tr>\n<tr>\n<td width=\"284\">TAILLE<\/td>\n<td width=\"284\">voir la photo de la taille ci-dessous ou sur mesure<\/td>\n<\/tr>\n<tr>\n<td width=\"284\">MOQ<\/td>\n<td width=\"284\">3 PC<\/td>\n<\/tr>\n<tr>\n<td colspan=\"2\" width=\"568\">Nous proposons des mod\u00e8les, des tailles et des couleurs personnalis\u00e9s. Si vous avez un mod\u00e8le, nous pouvons le fabriquer en cons\u00e9quence.<\/td>\n<\/tr>\n<\/tbody>\n<\/table>\n<p>TOPRISE prend en charge diff\u00e9rents styles de personnalisation des jardini\u00e8res en fibre de verre ; cliquez pour <a href=\"https:\/\/toprisesafety.com\/fr\/categorie-produit\/frp-products\/fiberglass-planter\/\">voir plus de styles de jardini\u00e8res en fibre de verre.<\/a><\/p>\n<p>Si vous ne trouvez pas les jardini\u00e8res en fibre de verre dont vous avez besoin, <a href=\"https:\/\/toprisesafety.com\/fr\/contact-us\/\">nous contacter ;<\/a> Nous offrons la possibilit\u00e9 d'une personnalisation sp\u00e9ciale avec un faible MOQ.<\/p>","protected":false},"excerpt":{"rendered":"<p>ART NO. FP07<\/p>\n<p>MAT\u00c9RIAU : Fibre de verre<\/p>\n<p>Taille : voir la photo de la taille ci-dessous ou personnalis\u00e9e<\/p>\n<p>Couleur : blanc, noir ou personnalis\u00e9<\/p>\n<p>MOQ : 3 PC<\/p>","protected":false},"featured_media":12692,"template":"","meta":{"_acf_changed":false},"product_brand":[],"product_cat":[398,399],"product_tag":[],"class_list":{"0":"post-12691","1":"product","2":"type-product","3":"status-publish","4":"has-post-thumbnail","6":"product_cat-frp-products","7":"product_cat-fiberglass-planter","9":"first","10":"instock","11":"shipping-taxable","12":"product-type-simple"},"acf":[],"_links":{"self":[{"href":"https:\/\/toprisesafety.com\/fr\/wp-json\/wp\/v2\/product\/12691"}],"collection":[{"href":"https:\/\/toprisesafety.com\/fr\/wp-json\/wp\/v2\/product"}],"about":[{"href":"https:\/\/toprisesafety.com\/fr\/wp-json\/wp\/v2\/types\/product"}],"wp:featuredmedia":[{"embeddable":true,"href":"https:\/\/toprisesafety.com\/fr\/wp-json\/wp\/v2\/media\/12692"}],"wp:attachment":[{"href":"https:\/\/toprisesafety.com\/fr\/wp-json\/wp\/v2\/media?parent=12691"}],"wp:term":[{"taxonomy":"product_brand","embeddable":true,"href":"https:\/\/toprisesafety.com\/fr\/wp-json\/wp\/v2\/product_brand?post=12691"},{"taxonomy":"product_cat","embeddable":true,"href":"https:\/\/toprisesafety.com\/fr\/wp-json\/wp\/v2\/product_cat?post=12691"},{"taxonomy":"product_tag","embeddable":true,"href":"https:\/\/toprisesafety.com\/fr\/wp-json\/wp\/v2\/product_tag?post=12691"}],"curies":[{"name":"wp","href":"https:\/\/api.w.org\/{rel}","templated":true}]}}