{"id":12670,"date":"2025-05-21T06:02:42","date_gmt":"2025-05-21T06:02:42","guid":{"rendered":"https:\/\/toprisesafety.com\/?post_type=product&#038;p=12670"},"modified":"2025-05-21T08:02:17","modified_gmt":"2025-05-21T08:02:17","slug":"fiberglass-flower-pot","status":"publish","type":"product","link":"https:\/\/toprisesafety.com\/fr\/produit\/fiberglass-flower-pot\/","title":{"rendered":"Pot de fleurs en fibre de verre"},"content":{"rendered":"<h1>Pot de fleurs en fibre de verre<\/h1>\n<p>Pot de fleurs en fibre de verre Avantages :<\/p>\n<ul>\n<li>Forte durabilit\u00e9 : Le mat\u00e9riau est solide, r\u00e9sistant aux chocs et ne se casse pas facilement.<\/li>\n<li>Imperm\u00e9able et anticorrosion : Convient aux environnements int\u00e9rieurs et ext\u00e9rieurs, r\u00e9sistant \u00e0 l'eau et \u00e0 l'humidit\u00e9.<\/li>\n<li>L\u00e9ger et facile \u00e0 transporter : L\u00e9ger, il est facile \u00e0 d\u00e9placer et \u00e0 r\u00e9organiser.<\/li>\n<li>Aspect moderne : Design et couleur uniques, s'adaptant \u00e0 diff\u00e9rents styles de d\u00e9coration modernes.<\/li>\n<li>Facile \u00e0 nettoyer : surface lisse, facile \u00e0 nettoyer et non sujette \u00e0 l'accumulation de poussi\u00e8re.<\/li>\n<li>Personnalisation en petites s\u00e9ries : Permet une personnalisation avec une faible quantit\u00e9 minimale de commande pour r\u00e9pondre \u00e0 diff\u00e9rents besoins.<\/li>\n<\/ul>\n<table>\n<tbody>\n<tr>\n<td width=\"284\">ART NO.<\/td>\n<td width=\"284\">FP03<\/td>\n<\/tr>\n<tr>\n<td width=\"284\">MAT\u00c9RIAU<\/td>\n<td width=\"284\">Fibre de verre<\/td>\n<\/tr>\n<tr>\n<td width=\"284\">TAILLE<\/td>\n<td width=\"284\">voir la taille ci-dessous \uff0ccustomized<\/td>\n<\/tr>\n<tr>\n<td width=\"284\">MOQ<\/td>\n<td width=\"284\">3 PC<\/td>\n<\/tr>\n<tr>\n<td colspan=\"2\" width=\"568\">Nous proposons des mod\u00e8les, des tailles et des couleurs personnalis\u00e9s. Si vous avez un mod\u00e8le, nous pouvons le fabriquer en cons\u00e9quence.<\/td>\n<\/tr>\n<\/tbody>\n<\/table>\n<p><img fetchpriority=\"high\" decoding=\"async\" class=\"alignnone wp-image-12678\" src=\"https:\/\/toprisesafety.com\/wp-content\/uploads\/2025\/05\/SIZES-OF-POT-228x300.png\" alt=\"\" width=\"593\" height=\"781\" srcset=\"https:\/\/toprisesafety.com\/wp-content\/uploads\/2025\/05\/SIZES-OF-POT-228x300.png 228w, https:\/\/toprisesafety.com\/wp-content\/uploads\/2025\/05\/SIZES-OF-POT-778x1024.png 778w, https:\/\/toprisesafety.com\/wp-content\/uploads\/2025\/05\/SIZES-OF-POT-768x1011.png 768w, https:\/\/toprisesafety.com\/wp-content\/uploads\/2025\/05\/SIZES-OF-POT-1167x1536.png 1167w, https:\/\/toprisesafety.com\/wp-content\/uploads\/2025\/05\/SIZES-OF-POT-1556x2048.png 1556w, https:\/\/toprisesafety.com\/wp-content\/uploads\/2025\/05\/SIZES-OF-POT-600x790.png 600w\" sizes=\"(max-width: 593px) 100vw, 593px\" \/><\/p>\n<div style=\"width: 720px;\" class=\"wp-video\"><video class=\"wp-video-shortcode\" id=\"video-12670-1\" width=\"720\" height=\"960\" preload=\"metadata\" controls=\"controls\"><source type=\"video\/mp4\" src=\"https:\/\/toprisesafety.com\/wp-content\/uploads\/2025\/05\/\u73bb\u7483\u94a2\u82b1\u76c6\u5236\u4f5c.mp4?_=1\" \/><a href=\"https:\/\/toprisesafety.com\/wp-content\/uploads\/2025\/05\/\u73bb\u7483\u94a2\u82b1\u76c6\u5236\u4f5c.mp4\">https:\/\/toprisesafety.com\/wp-content\/uploads\/2025\/05\/\u73bb\u7483\u94a2\u82b1\u76c6\u5236\u4f5c.mp4<\/a><\/video><\/div>\n<p>TOPRISE prend en charge diff\u00e9rents styles de personnalisation des jardini\u00e8res en fibre de verre ; cliquez pour <a href=\"https:\/\/toprisesafety.com\/fr\/categorie-produit\/frp-products\/fiberglass-planter\/\">voir plus de styles de jardini\u00e8res en fibre de verre.<\/a><\/p>\n<p>Si vous ne trouvez pas les jardini\u00e8res en fibre de verre dont vous avez besoin, <a href=\"https:\/\/toprisesafety.com\/fr\/contact-us\/\">nous contacter ;<\/a> Nous offrons la possibilit\u00e9 d'une personnalisation sp\u00e9ciale avec un faible MOQ.<\/p>","protected":false},"excerpt":{"rendered":"<p>ART NO. FP03<\/p>\n<p>MAT\u00c9RIAU : Fibre de verre<\/p>\n<p>Taille : voir la photo de la taille ci-dessous ou personnalis\u00e9e<\/p>\n<p>Couleur : blanc, noir ou personnalis\u00e9<\/p>\n<p>MOQ : 3 PC<\/p>","protected":false},"featured_media":12674,"template":"","meta":{"_acf_changed":false},"product_brand":[],"product_cat":[398,399],"product_tag":[],"class_list":{"0":"post-12670","1":"product","2":"type-product","3":"status-publish","4":"has-post-thumbnail","6":"product_cat-frp-products","7":"product_cat-fiberglass-planter","9":"first","10":"instock","11":"shipping-taxable","12":"product-type-simple"},"acf":[],"_links":{"self":[{"href":"https:\/\/toprisesafety.com\/fr\/wp-json\/wp\/v2\/product\/12670","targetHints":{"allow":["GET"]}}],"collection":[{"href":"https:\/\/toprisesafety.com\/fr\/wp-json\/wp\/v2\/product"}],"about":[{"href":"https:\/\/toprisesafety.com\/fr\/wp-json\/wp\/v2\/types\/product"}],"wp:featuredmedia":[{"embeddable":true,"href":"https:\/\/toprisesafety.com\/fr\/wp-json\/wp\/v2\/media\/12674"}],"wp:attachment":[{"href":"https:\/\/toprisesafety.com\/fr\/wp-json\/wp\/v2\/media?parent=12670"}],"wp:term":[{"taxonomy":"product_brand","embeddable":true,"href":"https:\/\/toprisesafety.com\/fr\/wp-json\/wp\/v2\/product_brand?post=12670"},{"taxonomy":"product_cat","embeddable":true,"href":"https:\/\/toprisesafety.com\/fr\/wp-json\/wp\/v2\/product_cat?post=12670"},{"taxonomy":"product_tag","embeddable":true,"href":"https:\/\/toprisesafety.com\/fr\/wp-json\/wp\/v2\/product_tag?post=12670"}],"curies":[{"name":"wp","href":"https:\/\/api.w.org\/{rel}","templated":true}]}}