{"id":12660,"date":"2025-05-21T05:39:21","date_gmt":"2025-05-21T05:39:21","guid":{"rendered":"https:\/\/toprisesafety.com\/?post_type=product&#038;p=12660"},"modified":"2025-05-21T08:02:41","modified_gmt":"2025-05-21T08:02:41","slug":"fiberglass-planter-box","status":"publish","type":"product","link":"https:\/\/toprisesafety.com\/fr\/produit\/fiberglass-planter-box\/","title":{"rendered":"Jardini\u00e8re en fibre de verre"},"content":{"rendered":"<h1>Jardini\u00e8re en fibre de verre<\/h1>\n<p>Avantages des jardini\u00e8res en fibre de verre :<\/p>\n<ul>\n<li>Anti-corrosion et imperm\u00e9able : Le mat\u00e9riau poss\u00e8de d'excellentes propri\u00e9t\u00e9s d'imperm\u00e9abilit\u00e9 et d'anticorrosion, ce qui le rend adapt\u00e9 \u00e0 une utilisation en ext\u00e9rieur.<\/li>\n<li>R\u00e9sistance aux chocs : Le mat\u00e9riau plastique renforc\u00e9 de fibre de verre est solide et peut r\u00e9sister \u00e0 des chocs importants.<\/li>\n<li>Facile \u00e0 nettoyer : Surface lisse, peu propice \u00e0 l'accumulation de poussi\u00e8re et facile \u00e0 nettoyer.<\/li>\n<li>Forte r\u00e9sistance aux intemp\u00e9ries : Ne craint pas les changements climatiques et conserve un aspect esth\u00e9tique durable.<\/li>\n<li>Conception flexible : Diff\u00e9rentes formes, couleurs et tailles peuvent \u00eatre personnalis\u00e9es en fonction des besoins.<\/li>\n<\/ul>\n<table>\n<tbody>\n<tr>\n<td width=\"284\">ART NO.<\/td>\n<td width=\"284\">FP01<\/td>\n<\/tr>\n<tr>\n<td width=\"284\">MAT\u00c9RIAU<\/td>\n<td width=\"284\">Fibre de verre<\/td>\n<\/tr>\n<tr>\n<td width=\"284\">TAILLE<\/td>\n<td width=\"284\">1200 \u00d7300\u00d7500 mm ou sur mesure<\/td>\n<\/tr>\n<tr>\n<td width=\"284\">MOQ<\/td>\n<td width=\"284\">1 PC<\/td>\n<\/tr>\n<tr>\n<td colspan=\"2\" width=\"568\">Nous proposons des mod\u00e8les, des tailles et des couleurs personnalis\u00e9s. Si vous avez un mod\u00e8le, nous pouvons le fabriquer en cons\u00e9quence.<\/td>\n<\/tr>\n<\/tbody>\n<\/table>\n<p><img fetchpriority=\"high\" decoding=\"async\" class=\"alignnone wp-image-12664\" src=\"https:\/\/toprisesafety.com\/wp-content\/uploads\/2025\/05\/Fiberglass-planter-box-2-300x300.jpg\" alt=\"\" width=\"578\" height=\"578\" srcset=\"https:\/\/toprisesafety.com\/wp-content\/uploads\/2025\/05\/Fiberglass-planter-box-2-300x300.jpg 300w, https:\/\/toprisesafety.com\/wp-content\/uploads\/2025\/05\/Fiberglass-planter-box-2-150x150.jpg 150w, https:\/\/toprisesafety.com\/wp-content\/uploads\/2025\/05\/Fiberglass-planter-box-2-768x768.jpg 768w, https:\/\/toprisesafety.com\/wp-content\/uploads\/2025\/05\/Fiberglass-planter-box-2-600x600.jpg 600w, https:\/\/toprisesafety.com\/wp-content\/uploads\/2025\/05\/Fiberglass-planter-box-2-100x100.jpg 100w, https:\/\/toprisesafety.com\/wp-content\/uploads\/2025\/05\/Fiberglass-planter-box-2.jpg 800w\" sizes=\"(max-width: 578px) 100vw, 578px\" \/><\/p>\n<p>TOPRISE prend en charge diff\u00e9rents styles de personnalisation des jardini\u00e8res en fibre de verre ; cliquez pour <a href=\"https:\/\/toprisesafety.com\/fr\/categorie-produit\/frp-products\/fiberglass-planter\/\">voir plus de styles de jardini\u00e8res en fibre de verre.<\/a><\/p>\n<p>Si vous ne trouvez pas les jardini\u00e8res en fibre de verre dont vous avez besoin, <a href=\"https:\/\/toprisesafety.com\/fr\/contact-us\/\">nous contacter ;<\/a> Nous offrons la possibilit\u00e9 d'une personnalisation sp\u00e9ciale avec un faible MOQ.<\/p>","protected":false},"excerpt":{"rendered":"<p>ART NO. FP01<\/p>\n<p>MAT\u00c9RIAU : Fibre de verre<\/p>\n<p>Taille : 1200 \u00d7300\u00d7500 mm ou personnalis\u00e9e<\/p>\n<p>Couleur : blanc, noir ou personnalis\u00e9<\/p>\n<p>MOQ : 3 PC<\/p>","protected":false},"featured_media":12663,"template":"","meta":{"_acf_changed":false},"product_brand":[],"product_cat":[398,399],"product_tag":[],"class_list":{"0":"post-12660","1":"product","2":"type-product","3":"status-publish","4":"has-post-thumbnail","6":"product_cat-frp-products","7":"product_cat-fiberglass-planter","9":"first","10":"instock","11":"shipping-taxable","12":"product-type-simple"},"acf":[],"_links":{"self":[{"href":"https:\/\/toprisesafety.com\/fr\/wp-json\/wp\/v2\/product\/12660"}],"collection":[{"href":"https:\/\/toprisesafety.com\/fr\/wp-json\/wp\/v2\/product"}],"about":[{"href":"https:\/\/toprisesafety.com\/fr\/wp-json\/wp\/v2\/types\/product"}],"wp:featuredmedia":[{"embeddable":true,"href":"https:\/\/toprisesafety.com\/fr\/wp-json\/wp\/v2\/media\/12663"}],"wp:attachment":[{"href":"https:\/\/toprisesafety.com\/fr\/wp-json\/wp\/v2\/media?parent=12660"}],"wp:term":[{"taxonomy":"product_brand","embeddable":true,"href":"https:\/\/toprisesafety.com\/fr\/wp-json\/wp\/v2\/product_brand?post=12660"},{"taxonomy":"product_cat","embeddable":true,"href":"https:\/\/toprisesafety.com\/fr\/wp-json\/wp\/v2\/product_cat?post=12660"},{"taxonomy":"product_tag","embeddable":true,"href":"https:\/\/toprisesafety.com\/fr\/wp-json\/wp\/v2\/product_tag?post=12660"}],"curies":[{"name":"wp","href":"https:\/\/api.w.org\/{rel}","templated":true}]}}