{"id":12642,"date":"2025-05-20T06:15:16","date_gmt":"2025-05-20T06:15:16","guid":{"rendered":"https:\/\/toprisesafety.com\/?post_type=product&#038;p=12642"},"modified":"2025-05-21T07:02:28","modified_gmt":"2025-05-21T07:02:28","slug":"stone-lounge-chair-table","status":"publish","type":"product","link":"https:\/\/toprisesafety.com\/fr\/produit\/stone-lounge-chair-table\/","title":{"rendered":"Chaise longue en pierre Table"},"content":{"rendered":"<h1>Chaise longue en pierre Table<\/h1>\n<ul>\n<li>Design cr\u00e9atif : Le design en forme de pierre est unique et ajoute des \u00e9l\u00e9ments naturels, ce qui le rend adapt\u00e9 aux environnements ext\u00e9rieurs.<\/li>\n<li>Options de personnalisation : Possibilit\u00e9 de personnaliser la couleur et la taille pour r\u00e9pondre \u00e0 diff\u00e9rents besoins.<\/li>\n<li>Forte durabilit\u00e9 : Le mat\u00e9riau FRP est r\u00e9sistant \u00e0 la corrosion et aux intemp\u00e9ries, ce qui le rend adapt\u00e9 \u00e0 une utilisation \u00e0 long terme.<\/li>\n<li>Exp\u00e9rience de confort : Ergonomique, il offre une sensation d'assise confortable.<\/li>\n<li>Mat\u00e9riaux respectueux de l'environnement : Fabriqu\u00e9 en plastique renforc\u00e9 de fibre de verre pour r\u00e9duire l'impact sur l'environnement.<\/li>\n<\/ul>\n<table>\n<tbody>\n<tr>\n<td width=\"284\">ART NO.<\/td>\n<td width=\"284\">FB22<\/td>\n<\/tr>\n<tr>\n<td width=\"284\">MAT\u00c9RIAU<\/td>\n<td width=\"284\">Fibre de verre<\/td>\n<\/tr>\n<tr>\n<td width=\"284\">TAILLE<\/td>\n<td width=\"284\">Sur mesure<\/td>\n<\/tr>\n<tr>\n<td width=\"284\">MOQ<\/td>\n<td width=\"284\">1 PC<\/td>\n<\/tr>\n<tr>\n<td colspan=\"2\" width=\"568\">Nous proposons des mod\u00e8les, des tailles et des couleurs personnalis\u00e9s. Si vous avez un mod\u00e8le, nous pouvons le fabriquer en cons\u00e9quence.<\/td>\n<\/tr>\n<\/tbody>\n<\/table>\n<div style=\"width: 720px;\" class=\"wp-video\"><!--[if lt IE 9]><script>document.createElement('video');<\/script><![endif]-->\n<video class=\"wp-video-shortcode\" id=\"video-12642-1\" width=\"720\" height=\"720\" preload=\"metadata\" controls=\"controls\"><source type=\"video\/mp4\" src=\"https:\/\/toprisesafety.com\/wp-content\/uploads\/2025\/05\/Stone-Lounge-Chair-1.mp4?_=1\" \/><a href=\"https:\/\/toprisesafety.com\/wp-content\/uploads\/2025\/05\/Stone-Lounge-Chair-1.mp4\">https:\/\/toprisesafety.com\/wp-content\/uploads\/2025\/05\/Stone-Lounge-Chair-1.mp4<\/a><\/video><\/div>\n<p>TOPRISE prend en charge diff\u00e9rents styles de personnalisation de bancs et de chaises en fibre de verre. <a href=\"https:\/\/toprisesafety.com\/fr\/categorie-produit\/outdoor-goods\/fiberglass-bench\/\">voir plus de styles de bancs et de chaises en fibre de verre.<\/a><\/p>\n<p>Si vous ne trouvez pas les bancs et les chaises en fibre de verre dont vous avez besoin, <a href=\"https:\/\/toprisesafety.com\/fr\/contact-us\/\">nous contacter ; <\/a>Nous offrons la possibilit\u00e9 d'une personnalisation sp\u00e9ciale avec un faible MOQ.<\/p>","protected":false},"excerpt":{"rendered":"<p>&nbsp;<\/p>\n<p>ART NO. FB22<\/p>\n<p>MAT\u00c9RIAU : Fibre de verre<\/p>\n<p>Taille : Sur mesure<\/p>\n<p>Couleur : personnalis\u00e9e<\/p>\n<p>MOQ : 1 PC<\/p>","protected":false},"featured_media":12643,"template":"","meta":{"_acf_changed":false},"product_brand":[],"product_cat":[397,398],"product_tag":[],"class_list":{"0":"post-12642","1":"product","2":"type-product","3":"status-publish","4":"has-post-thumbnail","6":"product_cat-fiberglass-bench","7":"product_cat-frp-products","9":"first","10":"instock","11":"shipping-taxable","12":"product-type-simple"},"acf":[],"_links":{"self":[{"href":"https:\/\/toprisesafety.com\/fr\/wp-json\/wp\/v2\/product\/12642"}],"collection":[{"href":"https:\/\/toprisesafety.com\/fr\/wp-json\/wp\/v2\/product"}],"about":[{"href":"https:\/\/toprisesafety.com\/fr\/wp-json\/wp\/v2\/types\/product"}],"wp:featuredmedia":[{"embeddable":true,"href":"https:\/\/toprisesafety.com\/fr\/wp-json\/wp\/v2\/media\/12643"}],"wp:attachment":[{"href":"https:\/\/toprisesafety.com\/fr\/wp-json\/wp\/v2\/media?parent=12642"}],"wp:term":[{"taxonomy":"product_brand","embeddable":true,"href":"https:\/\/toprisesafety.com\/fr\/wp-json\/wp\/v2\/product_brand?post=12642"},{"taxonomy":"product_cat","embeddable":true,"href":"https:\/\/toprisesafety.com\/fr\/wp-json\/wp\/v2\/product_cat?post=12642"},{"taxonomy":"product_tag","embeddable":true,"href":"https:\/\/toprisesafety.com\/fr\/wp-json\/wp\/v2\/product_tag?post=12642"}],"curies":[{"name":"wp","href":"https:\/\/api.w.org\/{rel}","templated":true}]}}