{"id":12623,"date":"2025-05-20T05:10:37","date_gmt":"2025-05-20T05:10:37","guid":{"rendered":"https:\/\/toprisesafety.com\/?post_type=product&#038;p=12623"},"modified":"2025-05-21T07:04:04","modified_gmt":"2025-05-21T07:04:04","slug":"fiberglass-modern-rocker-chair","status":"publish","type":"product","link":"https:\/\/toprisesafety.com\/fr\/produit\/fiberglass-modern-rocker-chair\/","title":{"rendered":"Fauteuil \u00e0 bascule moderne en fibre de verre"},"content":{"rendered":"<h1>Fauteuil \u00e0 bascule moderne en fibre de verre<\/h1>\n<ul>\n<li>Design moderne : La forme unique et a\u00e9rodynamique ajoute une touche d'art moderne et s'adapte \u00e0 diff\u00e9rents styles d'int\u00e9rieur.<\/li>\n<li>Un grand confort : La fonction de balancement offre une exp\u00e9rience relaxante et confortable, et sa conception est ergonomique.<\/li>\n<li>Durabilit\u00e9 : Le mat\u00e9riau plastique renforc\u00e9 de fibre de verre est solide et durable, r\u00e9sistant \u00e0 la corrosion et adapt\u00e9 \u00e0 une utilisation \u00e0 long terme.<\/li>\n<li>L\u00e9ger et facile \u00e0 d\u00e9placer : Par rapport aux mat\u00e9riaux traditionnels, le plastique renforc\u00e9 de fibres de verre est l\u00e9ger et facile \u00e0 d\u00e9placer.<\/li>\n<li>Options de personnalisation : Les styles, les tailles et les couleurs peuvent \u00eatre personnalis\u00e9s en fonction des exigences afin de r\u00e9pondre \u00e0 des besoins particuliers.<\/li>\n<\/ul>\n<table>\n<tbody>\n<tr>\n<td width=\"284\">ART NO.<\/td>\n<td width=\"284\">FB18<\/td>\n<\/tr>\n<tr>\n<td width=\"284\">MAT\u00c9RIAU<\/td>\n<td width=\"284\">Fibre de verre<\/td>\n<\/tr>\n<tr>\n<td width=\"284\">TAILLE<\/td>\n<td width=\"284\">Sur mesure<\/td>\n<\/tr>\n<tr>\n<td width=\"284\">MOQ<\/td>\n<td width=\"284\">1 PC<\/td>\n<\/tr>\n<tr>\n<td colspan=\"2\" width=\"568\">Nous proposons des mod\u00e8les, des tailles et des couleurs personnalis\u00e9s. Si vous avez un mod\u00e8le, nous pouvons le fabriquer en cons\u00e9quence.<\/td>\n<\/tr>\n<\/tbody>\n<\/table>\n<p>TOPRISE prend en charge diff\u00e9rents styles de personnalisation de bancs et de chaises en fibre de verre. <a href=\"https:\/\/toprisesafety.com\/fr\/categorie-produit\/outdoor-goods\/fiberglass-bench\/\">voir plus de styles de bancs et de chaises en fibre de verre.<\/a><\/p>\n<p>Si vous ne trouvez pas les bancs et les chaises en fibre de verre dont vous avez besoin, <a href=\"https:\/\/toprisesafety.com\/fr\/contact-us\/\">nous contacter ; <\/a>Nous offrons la possibilit\u00e9 d'une personnalisation sp\u00e9ciale avec un faible MOQ.<\/p>","protected":false},"excerpt":{"rendered":"<p>ART NO. FB18<\/p>\n<p>MAT\u00c9RIAU : Fibre de verre<\/p>\n<p>Taille : Sur mesure<\/p>\n<p>Couleur : personnalis\u00e9e<\/p>\n<p>MOQ : 1 PC<\/p>","protected":false},"featured_media":12624,"template":"","meta":{"_acf_changed":false},"product_brand":[],"product_cat":[397,398],"product_tag":[],"class_list":{"0":"post-12623","1":"product","2":"type-product","3":"status-publish","4":"has-post-thumbnail","6":"product_cat-fiberglass-bench","7":"product_cat-frp-products","9":"first","10":"instock","11":"shipping-taxable","12":"product-type-simple"},"acf":[],"_links":{"self":[{"href":"https:\/\/toprisesafety.com\/fr\/wp-json\/wp\/v2\/product\/12623"}],"collection":[{"href":"https:\/\/toprisesafety.com\/fr\/wp-json\/wp\/v2\/product"}],"about":[{"href":"https:\/\/toprisesafety.com\/fr\/wp-json\/wp\/v2\/types\/product"}],"wp:featuredmedia":[{"embeddable":true,"href":"https:\/\/toprisesafety.com\/fr\/wp-json\/wp\/v2\/media\/12624"}],"wp:attachment":[{"href":"https:\/\/toprisesafety.com\/fr\/wp-json\/wp\/v2\/media?parent=12623"}],"wp:term":[{"taxonomy":"product_brand","embeddable":true,"href":"https:\/\/toprisesafety.com\/fr\/wp-json\/wp\/v2\/product_brand?post=12623"},{"taxonomy":"product_cat","embeddable":true,"href":"https:\/\/toprisesafety.com\/fr\/wp-json\/wp\/v2\/product_cat?post=12623"},{"taxonomy":"product_tag","embeddable":true,"href":"https:\/\/toprisesafety.com\/fr\/wp-json\/wp\/v2\/product_tag?post=12623"}],"curies":[{"name":"wp","href":"https:\/\/api.w.org\/{rel}","templated":true}]}}