{"id":12606,"date":"2025-05-20T04:09:03","date_gmt":"2025-05-20T04:09:03","guid":{"rendered":"https:\/\/toprisesafety.com\/?post_type=product&#038;p=12606"},"modified":"2025-05-21T07:04:56","modified_gmt":"2025-05-21T07:04:56","slug":"twist-fiberglass-long-benches","status":"publish","type":"product","link":"https:\/\/toprisesafety.com\/fr\/produit\/twist-fiberglass-long-benches\/","title":{"rendered":"Bancs longs en fibre de verre Twist"},"content":{"rendered":"<h1>Bancs longs en fibre de verre Twist<\/h1>\n<ul>\n<li>Design moderne et unique : forme curviligne \u00e0 la mode, adapt\u00e9e aux espaces modernes.<\/li>\n<li>Services personnalis\u00e9s : Prise en charge de la personnalisation des styles, des tailles et des couleurs en fonction des exigences des clients.<\/li>\n<li>Forte durabilit\u00e9 : Le mat\u00e9riau FRP pr\u00e9sente une excellente r\u00e9sistance \u00e0 la corrosion et convient \u00e0 une grande vari\u00e9t\u00e9 d'environnements.<\/li>\n<li>L\u00e9ger et facile \u00e0 d\u00e9placer : Par rapport aux mat\u00e9riaux traditionnels, le banc est l\u00e9ger et facile \u00e0 d\u00e9placer.<\/li>\n<li>Confort : La conception est conforme \u00e0 l'ergonomie et offre une exp\u00e9rience confortable \u00e0 l'utilisateur.<\/li>\n<\/ul>\n<table>\n<tbody>\n<tr>\n<td width=\"284\">ART NO.<\/td>\n<td width=\"284\">FB14<\/td>\n<\/tr>\n<tr>\n<td width=\"284\">MAT\u00c9RIAU<\/td>\n<td width=\"284\">Fibre de verre<\/td>\n<\/tr>\n<tr>\n<td width=\"284\">TAILLE<\/td>\n<td width=\"284\">Sur mesure<\/td>\n<\/tr>\n<tr>\n<td width=\"284\">MOQ<\/td>\n<td width=\"284\">1 PC<\/td>\n<\/tr>\n<tr>\n<td colspan=\"2\" width=\"568\">Nous proposons des mod\u00e8les, des tailles et des couleurs personnalis\u00e9s. Si vous avez un mod\u00e8le, nous pouvons le fabriquer en cons\u00e9quence.<\/td>\n<\/tr>\n<\/tbody>\n<\/table>\n<div style=\"width: 800px;\" class=\"wp-video\"><video class=\"wp-video-shortcode\" id=\"video-12606-1\" width=\"800\" height=\"450\" preload=\"metadata\" controls=\"controls\"><source type=\"video\/mp4\" src=\"https:\/\/toprisesafety.com\/wp-content\/uploads\/2025\/05\/Twist-Fiberglass-Long-Benches.mp4?_=1\" \/><a href=\"https:\/\/toprisesafety.com\/wp-content\/uploads\/2025\/05\/Twist-Fiberglass-Long-Benches.mp4\">https:\/\/toprisesafety.com\/wp-content\/uploads\/2025\/05\/Twist-Fiberglass-Long-Benches.mp4<\/a><\/video><\/div>\n<p>TOPRISE prend en charge diff\u00e9rents styles de personnalisation de bancs et de chaises en fibre de verre. <a href=\"https:\/\/toprisesafety.com\/fr\/categorie-produit\/outdoor-goods\/fiberglass-bench\/\">voir plus de styles de bancs et de chaises en fibre de verre.<\/a><\/p>\n<p>Si vous ne trouvez pas les bancs et les chaises en fibre de verre dont vous avez besoin, <a href=\"https:\/\/toprisesafety.com\/fr\/contact-us\/\">nous contacter ; <\/a>Nous offrons la possibilit\u00e9 d'une personnalisation sp\u00e9ciale avec un faible MOQ.<\/p>","protected":false},"excerpt":{"rendered":"<p>ART NO. FB14<\/p>\n<p>MAT\u00c9RIAU : Fibre de verre<\/p>\n<p>Taille : Sur mesure<\/p>\n<p>Couleur : personnalis\u00e9e<\/p>\n<p>MOQ : 1 PC<\/p>","protected":false},"featured_media":12610,"template":"","meta":{"_acf_changed":false},"product_brand":[],"product_cat":[397,398],"product_tag":[],"class_list":{"0":"post-12606","1":"product","2":"type-product","3":"status-publish","4":"has-post-thumbnail","6":"product_cat-fiberglass-bench","7":"product_cat-frp-products","9":"first","10":"instock","11":"shipping-taxable","12":"product-type-simple"},"acf":[],"_links":{"self":[{"href":"https:\/\/toprisesafety.com\/fr\/wp-json\/wp\/v2\/product\/12606","targetHints":{"allow":["GET"]}}],"collection":[{"href":"https:\/\/toprisesafety.com\/fr\/wp-json\/wp\/v2\/product"}],"about":[{"href":"https:\/\/toprisesafety.com\/fr\/wp-json\/wp\/v2\/types\/product"}],"wp:featuredmedia":[{"embeddable":true,"href":"https:\/\/toprisesafety.com\/fr\/wp-json\/wp\/v2\/media\/12610"}],"wp:attachment":[{"href":"https:\/\/toprisesafety.com\/fr\/wp-json\/wp\/v2\/media?parent=12606"}],"wp:term":[{"taxonomy":"product_brand","embeddable":true,"href":"https:\/\/toprisesafety.com\/fr\/wp-json\/wp\/v2\/product_brand?post=12606"},{"taxonomy":"product_cat","embeddable":true,"href":"https:\/\/toprisesafety.com\/fr\/wp-json\/wp\/v2\/product_cat?post=12606"},{"taxonomy":"product_tag","embeddable":true,"href":"https:\/\/toprisesafety.com\/fr\/wp-json\/wp\/v2\/product_tag?post=12606"}],"curies":[{"name":"wp","href":"https:\/\/api.w.org\/{rel}","templated":true}]}}