{"id":12600,"date":"2025-05-20T03:09:28","date_gmt":"2025-05-20T03:09:28","guid":{"rendered":"https:\/\/toprisesafety.com\/?post_type=product&#038;p=12600"},"modified":"2025-05-21T07:05:16","modified_gmt":"2025-05-21T07:05:16","slug":"fiberglass-leisure-chair","status":"publish","type":"product","link":"https:\/\/toprisesafety.com\/fr\/produit\/fiberglass-leisure-chair\/","title":{"rendered":"Chaise de loisirs en fibre de verre"},"content":{"rendered":"<h1>Chaise de loisirs en fibre de verre<\/h1>\n<ul>\n<li>Design moderne : La forme unique et l'apparence \u00e0 la mode conviennent \u00e0 la d\u00e9coration int\u00e9rieure et ext\u00e9rieure moderne.<\/li>\n<li>Options de personnalisation : Les styles, les tailles et les couleurs peuvent \u00eatre personnalis\u00e9s en fonction des besoins des clients afin de r\u00e9pondre aux exigences de diff\u00e9rents environnements.<\/li>\n<li>Grande durabilit\u00e9 : Les mat\u00e9riaux FRP pr\u00e9sentent une excellente r\u00e9sistance \u00e0 la corrosion et aux intemp\u00e9ries, ce qui les rend adapt\u00e9s \u00e0 un large \u00e9ventail d'environnements.<\/li>\n<li>Un grand confort : La conception du si\u00e8ge est conforme \u00e0 l'ergonomie et offre une exp\u00e9rience confortable \u00e0 l'utilisateur.<\/li>\n<li>L\u00e9ger et pratique : L\u00e9ger et robuste, il est facile \u00e0 d\u00e9placer et \u00e0 installer.<\/li>\n<\/ul>\n<table>\n<tbody>\n<tr>\n<td width=\"284\">ART NO.<\/td>\n<td width=\"284\">FB12<\/td>\n<\/tr>\n<tr>\n<td width=\"284\">MAT\u00c9RIAU<\/td>\n<td width=\"284\">Fibre de verre<\/td>\n<\/tr>\n<tr>\n<td width=\"284\">TAILLE<\/td>\n<td width=\"284\">Sur mesure<\/td>\n<\/tr>\n<tr>\n<td width=\"284\">MOQ<\/td>\n<td width=\"284\">1 PC<\/td>\n<\/tr>\n<tr>\n<td colspan=\"2\" width=\"568\">Nous proposons des mod\u00e8les, des tailles et des couleurs personnalis\u00e9s. Si vous avez un mod\u00e8le, nous pouvons le fabriquer en cons\u00e9quence.<\/td>\n<\/tr>\n<\/tbody>\n<\/table>\n<p>TOPRISE prend en charge diff\u00e9rents styles de personnalisation de bancs et de chaises en fibre de verre. <a href=\"https:\/\/toprisesafety.com\/fr\/categorie-produit\/outdoor-goods\/fiberglass-bench\/\">voir plus de styles de bancs et de chaises en fibre de verre.<\/a><\/p>\n<p>Si vous ne trouvez pas les bancs et les chaises en fibre de verre dont vous avez besoin, <a href=\"https:\/\/toprisesafety.com\/fr\/contact-us\/\">nous contacter ; <\/a>Nous offrons la possibilit\u00e9 d'une personnalisation sp\u00e9ciale avec un faible MOQ.<\/p>","protected":false},"excerpt":{"rendered":"<p>ART NO. FB12<\/p>\n<p>MAT\u00c9RIAU : Fibre de verre<\/p>\n<p>Taille : Sur mesure<\/p>\n<p>Couleur : personnalis\u00e9e<\/p>\n<p>MOQ : 1 PC<\/p>","protected":false},"featured_media":12601,"template":"","meta":{"_acf_changed":false},"product_brand":[],"product_cat":[397,398],"product_tag":[],"class_list":{"0":"post-12600","1":"product","2":"type-product","3":"status-publish","4":"has-post-thumbnail","6":"product_cat-fiberglass-bench","7":"product_cat-frp-products","9":"first","10":"instock","11":"shipping-taxable","12":"product-type-simple"},"acf":[],"_links":{"self":[{"href":"https:\/\/toprisesafety.com\/fr\/wp-json\/wp\/v2\/product\/12600"}],"collection":[{"href":"https:\/\/toprisesafety.com\/fr\/wp-json\/wp\/v2\/product"}],"about":[{"href":"https:\/\/toprisesafety.com\/fr\/wp-json\/wp\/v2\/types\/product"}],"wp:featuredmedia":[{"embeddable":true,"href":"https:\/\/toprisesafety.com\/fr\/wp-json\/wp\/v2\/media\/12601"}],"wp:attachment":[{"href":"https:\/\/toprisesafety.com\/fr\/wp-json\/wp\/v2\/media?parent=12600"}],"wp:term":[{"taxonomy":"product_brand","embeddable":true,"href":"https:\/\/toprisesafety.com\/fr\/wp-json\/wp\/v2\/product_brand?post=12600"},{"taxonomy":"product_cat","embeddable":true,"href":"https:\/\/toprisesafety.com\/fr\/wp-json\/wp\/v2\/product_cat?post=12600"},{"taxonomy":"product_tag","embeddable":true,"href":"https:\/\/toprisesafety.com\/fr\/wp-json\/wp\/v2\/product_tag?post=12600"}],"curies":[{"name":"wp","href":"https:\/\/api.w.org\/{rel}","templated":true}]}}