{"id":12597,"date":"2025-05-20T03:00:25","date_gmt":"2025-05-20T03:00:25","guid":{"rendered":"https:\/\/toprisesafety.com\/?post_type=product&#038;p=12597"},"modified":"2025-05-21T07:07:13","modified_gmt":"2025-05-21T07:07:13","slug":"outdoor-fiberglass-bench-chair","status":"publish","type":"product","link":"https:\/\/toprisesafety.com\/fr\/produit\/outdoor-fiberglass-bench-chair\/","title":{"rendered":"Chaise banc en fibre de verre pour l'ext\u00e9rieur"},"content":{"rendered":"<h1>Chaise banc en fibre de verre pour l'ext\u00e9rieur<\/h1>\n<ul>\n<li>Grande durabilit\u00e9 : Le mat\u00e9riau FRP poss\u00e8de des propri\u00e9t\u00e9s anticorrosion et convient \u00e0 divers environnements.<\/li>\n<li>L\u00e9ger et durable : Par rapport aux mat\u00e9riaux traditionnels, le plastique renforc\u00e9 de fibres de verre est plus l\u00e9ger et plus facile \u00e0 d\u00e9placer et \u00e0 installer.<\/li>\n<li>Conception en bois anticorrosion : Associ\u00e9 \u00e0 des panneaux de bois anticorrosion, il apporte confort et esth\u00e9tique.<\/li>\n<li>Service de personnalisation : Permet de personnaliser le style, la taille et la couleur pour r\u00e9pondre \u00e0 des besoins diff\u00e9rents.<\/li>\n<li>Respect de l'environnement : Le plastique renforc\u00e9 de fibres de verre est un mat\u00e9riau respectueux de l'environnement, conforme au concept de d\u00e9veloppement durable et r\u00e9duisant le gaspillage des ressources.<\/li>\n<\/ul>\n<table>\n<tbody>\n<tr>\n<td width=\"284\">ART NO.<\/td>\n<td width=\"284\">FB11<\/td>\n<\/tr>\n<tr>\n<td width=\"284\">MAT\u00c9RIAU<\/td>\n<td width=\"284\">Fibre de verre<\/td>\n<\/tr>\n<tr>\n<td width=\"284\">TAILLE<\/td>\n<td width=\"284\">Sur mesure<\/td>\n<\/tr>\n<tr>\n<td width=\"284\">MOQ<\/td>\n<td width=\"284\">3 PCS<\/td>\n<\/tr>\n<tr>\n<td colspan=\"2\" width=\"568\">Nous proposons des mod\u00e8les, des tailles et des couleurs personnalis\u00e9s. Si vous avez un mod\u00e8le, nous pouvons le fabriquer en cons\u00e9quence.<\/td>\n<\/tr>\n<\/tbody>\n<\/table>\n<p>TOPRISE prend en charge diff\u00e9rents styles de personnalisation de bancs et de chaises en fibre de verre. <a href=\"https:\/\/toprisesafety.com\/fr\/categorie-produit\/outdoor-goods\/fiberglass-bench\/\">voir plus de styles de bancs et de chaises en fibre de verre.<\/a><\/p>\n<p>Si vous ne trouvez pas les bancs et les chaises en fibre de verre dont vous avez besoin, <a href=\"https:\/\/toprisesafety.com\/fr\/contact-us\/\">nous contacter ; <\/a>Nous offrons la possibilit\u00e9 d'une personnalisation sp\u00e9ciale avec un faible MOQ.<\/p>","protected":false},"excerpt":{"rendered":"<p>ART NO. FB11<\/p>\n<p>MAT\u00c9RIAU : Fibre de verre<\/p>\n<p>Taille : Sur mesure<\/p>\n<p>Couleur : personnalis\u00e9e<\/p>\n<p>MOQ : 3 PCS<\/p>","protected":false},"featured_media":12598,"template":"","meta":{"_acf_changed":false},"product_brand":[],"product_cat":[397,398],"product_tag":[],"class_list":{"0":"post-12597","1":"product","2":"type-product","3":"status-publish","4":"has-post-thumbnail","6":"product_cat-fiberglass-bench","7":"product_cat-frp-products","9":"first","10":"instock","11":"shipping-taxable","12":"product-type-simple"},"acf":[],"_links":{"self":[{"href":"https:\/\/toprisesafety.com\/fr\/wp-json\/wp\/v2\/product\/12597"}],"collection":[{"href":"https:\/\/toprisesafety.com\/fr\/wp-json\/wp\/v2\/product"}],"about":[{"href":"https:\/\/toprisesafety.com\/fr\/wp-json\/wp\/v2\/types\/product"}],"wp:featuredmedia":[{"embeddable":true,"href":"https:\/\/toprisesafety.com\/fr\/wp-json\/wp\/v2\/media\/12598"}],"wp:attachment":[{"href":"https:\/\/toprisesafety.com\/fr\/wp-json\/wp\/v2\/media?parent=12597"}],"wp:term":[{"taxonomy":"product_brand","embeddable":true,"href":"https:\/\/toprisesafety.com\/fr\/wp-json\/wp\/v2\/product_brand?post=12597"},{"taxonomy":"product_cat","embeddable":true,"href":"https:\/\/toprisesafety.com\/fr\/wp-json\/wp\/v2\/product_cat?post=12597"},{"taxonomy":"product_tag","embeddable":true,"href":"https:\/\/toprisesafety.com\/fr\/wp-json\/wp\/v2\/product_tag?post=12597"}],"curies":[{"name":"wp","href":"https:\/\/api.w.org\/{rel}","templated":true}]}}