{"id":12587,"date":"2025-05-19T08:35:41","date_gmt":"2025-05-19T08:35:41","guid":{"rendered":"https:\/\/toprisesafety.com\/?post_type=product&#038;p=12587"},"modified":"2025-05-21T07:07:23","modified_gmt":"2025-05-21T07:07:23","slug":"mall-modern-fiberglass-bench","status":"publish","type":"product","link":"https:\/\/toprisesafety.com\/fr\/produit\/mall-modern-fiberglass-bench\/","title":{"rendered":"Banc moderne en fibre de verre Mall"},"content":{"rendered":"<h1>Banc moderne en fibre de verre Mall<\/h1>\n<ul>\n<li>Design unique de forme irr\u00e9guli\u00e8re : Forme cr\u00e9ative, rompant avec la tradition, apportant un impact visuel unique.<\/li>\n<li>Options de personnalisation : Permet de personnaliser la taille et la couleur pour r\u00e9pondre aux besoins de diff\u00e9rents sc\u00e9narios.<\/li>\n<li>Mat\u00e9riau tr\u00e8s r\u00e9sistant : Fabriqu\u00e9 en plastique renforc\u00e9 de fibre de verre, il est robuste et durable et pr\u00e9sente une forte r\u00e9sistance \u00e0 la compression.<\/li>\n<li>Exp\u00e9rience de confort : Le design \u00e9pur\u00e9 offre une assise confortable et convient \u00e0 une utilisation \u00e0 long terme.<\/li>\n<li>Mat\u00e9riau respectueux de l'environnement : Le plastique renforc\u00e9 de fibre de verre est recyclable, conform\u00e9ment au concept de d\u00e9veloppement durable et de protection de l'environnement.<\/li>\n<li>Facile \u00e0 nettoyer : surface lisse, entretien facile et beaut\u00e9 \u00e0 long terme.<\/li>\n<li>Large \u00e9ventail de sc\u00e9narios d'application : convient aux parcs, aux espaces commerciaux, aux zones de loisirs en plein air, etc., am\u00e9liorant le sens du design global de l'espace.<\/li>\n<\/ul>\n<table>\n<tbody>\n<tr>\n<td width=\"284\">ART NO.<\/td>\n<td width=\"284\">FB10<\/td>\n<\/tr>\n<tr>\n<td width=\"284\">MAT\u00c9RIAU<\/td>\n<td width=\"284\">Fibre de verre<\/td>\n<\/tr>\n<tr>\n<td width=\"284\">TAILLE<\/td>\n<td width=\"284\">Sur mesure<\/td>\n<\/tr>\n<tr>\n<td width=\"284\">MOQ<\/td>\n<td width=\"284\">1 PC<\/td>\n<\/tr>\n<tr>\n<td colspan=\"2\" width=\"568\">Nous proposons des mod\u00e8les, des tailles et des couleurs personnalis\u00e9s. Si vous avez un mod\u00e8le, nous pouvons le fabriquer en cons\u00e9quence.<\/td>\n<\/tr>\n<\/tbody>\n<\/table>\n<p>TOPRISE prend en charge diff\u00e9rents styles de personnalisation de bancs et de chaises en fibre de verre. <a href=\"https:\/\/toprisesafety.com\/fr\/categorie-produit\/outdoor-goods\/fiberglass-bench\/\">voir plus de styles de bancs et de chaises en fibre de verre.<\/a><\/p>\n<p>Si vous ne trouvez pas les bancs et les chaises en fibre de verre dont vous avez besoin, <a href=\"https:\/\/toprisesafety.com\/fr\/contact-us\/\">nous contacter ; <\/a>Nous offrons la possibilit\u00e9 d'une personnalisation sp\u00e9ciale avec un faible MOQ.<\/p>","protected":false},"excerpt":{"rendered":"<p>ART NO. FB10<\/p>\n<p>MAT\u00c9RIAU : Fibre de verre<\/p>\n<p>Taille : Sur mesure<\/p>\n<p>Couleur : personnalis\u00e9e<\/p>\n<p>MOQ : 1 PC<\/p>","protected":false},"featured_media":12595,"template":"","meta":{"_acf_changed":false},"product_brand":[],"product_cat":[397,398],"product_tag":[],"class_list":{"0":"post-12587","1":"product","2":"type-product","3":"status-publish","4":"has-post-thumbnail","6":"product_cat-fiberglass-bench","7":"product_cat-frp-products","9":"first","10":"instock","11":"shipping-taxable","12":"product-type-simple"},"acf":[],"_links":{"self":[{"href":"https:\/\/toprisesafety.com\/fr\/wp-json\/wp\/v2\/product\/12587","targetHints":{"allow":["GET"]}}],"collection":[{"href":"https:\/\/toprisesafety.com\/fr\/wp-json\/wp\/v2\/product"}],"about":[{"href":"https:\/\/toprisesafety.com\/fr\/wp-json\/wp\/v2\/types\/product"}],"wp:featuredmedia":[{"embeddable":true,"href":"https:\/\/toprisesafety.com\/fr\/wp-json\/wp\/v2\/media\/12595"}],"wp:attachment":[{"href":"https:\/\/toprisesafety.com\/fr\/wp-json\/wp\/v2\/media?parent=12587"}],"wp:term":[{"taxonomy":"product_brand","embeddable":true,"href":"https:\/\/toprisesafety.com\/fr\/wp-json\/wp\/v2\/product_brand?post=12587"},{"taxonomy":"product_cat","embeddable":true,"href":"https:\/\/toprisesafety.com\/fr\/wp-json\/wp\/v2\/product_cat?post=12587"},{"taxonomy":"product_tag","embeddable":true,"href":"https:\/\/toprisesafety.com\/fr\/wp-json\/wp\/v2\/product_tag?post=12587"}],"curies":[{"name":"wp","href":"https:\/\/api.w.org\/{rel}","templated":true}]}}