{"id":12580,"date":"2025-05-19T08:28:14","date_gmt":"2025-05-19T08:28:14","guid":{"rendered":"https:\/\/toprisesafety.com\/?post_type=product&#038;p=12580"},"modified":"2025-05-21T07:07:33","modified_gmt":"2025-05-21T07:07:33","slug":"wood-outdoor-fiberglass-bench","status":"publish","type":"product","link":"https:\/\/toprisesafety.com\/fr\/produit\/wood-outdoor-fiberglass-bench\/","title":{"rendered":"Banc en fibre de verre pour l'ext\u00e9rieur"},"content":{"rendered":"<h1>Banc en fibre de verre pour l'ext\u00e9rieur<\/h1>\n<ul>\n<li>Forte durabilit\u00e9 : Le mat\u00e9riau FRP est r\u00e9sistant \u00e0 la corrosion et convient \u00e0 toutes sortes d'environnements difficiles.<\/li>\n<li>L\u00e9ger : Par rapport aux mat\u00e9riaux traditionnels, les bancs en plastique renforc\u00e9 de fibre de verre sont plus l\u00e9gers et plus faciles \u00e0 d\u00e9placer.<\/li>\n<li>La combinaison du bois trait\u00e9 : L'utilisation de bois trait\u00e9 am\u00e9liore l'esth\u00e9tique et le confort tout en prolongeant la dur\u00e9e de vie.<\/li>\n<li>Services personnalis\u00e9s : Possibilit\u00e9 de personnaliser le style, la taille et la couleur pour r\u00e9pondre \u00e0 des besoins diff\u00e9rents.<\/li>\n<\/ul>\n<p>Mat\u00e9riaux respectueux de l'environnement : Les mat\u00e9riaux FRP sont respectueux de l'environnement et ne polluent pas, conform\u00e9ment au concept moderne de d\u00e9veloppement durable.<\/p>\n<table>\n<tbody>\n<tr>\n<td width=\"284\">ART NO.<\/td>\n<td width=\"284\">FB08<\/td>\n<\/tr>\n<tr>\n<td width=\"284\">MAT\u00c9RIAU<\/td>\n<td width=\"284\">Fibre de verre<\/td>\n<\/tr>\n<tr>\n<td width=\"284\">TAILLE<\/td>\n<td width=\"284\">Sur mesure<\/td>\n<\/tr>\n<tr>\n<td width=\"284\">MOQ<\/td>\n<td width=\"284\">1 SET<\/td>\n<\/tr>\n<tr>\n<td colspan=\"2\" width=\"568\">Nous proposons des mod\u00e8les, des tailles et des couleurs personnalis\u00e9s. Si vous avez un mod\u00e8le, nous pouvons le fabriquer en cons\u00e9quence.<\/td>\n<\/tr>\n<\/tbody>\n<\/table>\n<p>TOPRISE prend en charge diff\u00e9rents styles de personnalisation de bancs et de chaises en fibre de verre. <a href=\"https:\/\/toprisesafety.com\/fr\/categorie-produit\/outdoor-goods\/fiberglass-bench\/\">voir plus de styles de bancs et de chaises en fibre de verre.<\/a><\/p>\n<p>Si vous ne trouvez pas les bancs et les chaises en fibre de verre dont vous avez besoin, <a href=\"https:\/\/toprisesafety.com\/fr\/contact-us\/\">nous contacter ; <\/a>Nous offrons la possibilit\u00e9 d'une personnalisation sp\u00e9ciale avec un faible MOQ.<\/p>","protected":false},"excerpt":{"rendered":"<p>ART NO. FB09<\/p>\n<p>MAT\u00c9RIAU : Fibre de verre<\/p>\n<p>Taille : Sur mesure<\/p>\n<p>Couleur : personnalis\u00e9e<\/p>\n<p>MOQ : 1 PC<\/p>","protected":false},"featured_media":12581,"template":"","meta":{"_acf_changed":false},"product_brand":[],"product_cat":[397,398],"product_tag":[],"class_list":{"0":"post-12580","1":"product","2":"type-product","3":"status-publish","4":"has-post-thumbnail","6":"product_cat-fiberglass-bench","7":"product_cat-frp-products","9":"first","10":"instock","11":"shipping-taxable","12":"product-type-simple"},"acf":[],"_links":{"self":[{"href":"https:\/\/toprisesafety.com\/fr\/wp-json\/wp\/v2\/product\/12580"}],"collection":[{"href":"https:\/\/toprisesafety.com\/fr\/wp-json\/wp\/v2\/product"}],"about":[{"href":"https:\/\/toprisesafety.com\/fr\/wp-json\/wp\/v2\/types\/product"}],"wp:featuredmedia":[{"embeddable":true,"href":"https:\/\/toprisesafety.com\/fr\/wp-json\/wp\/v2\/media\/12581"}],"wp:attachment":[{"href":"https:\/\/toprisesafety.com\/fr\/wp-json\/wp\/v2\/media?parent=12580"}],"wp:term":[{"taxonomy":"product_brand","embeddable":true,"href":"https:\/\/toprisesafety.com\/fr\/wp-json\/wp\/v2\/product_brand?post=12580"},{"taxonomy":"product_cat","embeddable":true,"href":"https:\/\/toprisesafety.com\/fr\/wp-json\/wp\/v2\/product_cat?post=12580"},{"taxonomy":"product_tag","embeddable":true,"href":"https:\/\/toprisesafety.com\/fr\/wp-json\/wp\/v2\/product_tag?post=12580"}],"curies":[{"name":"wp","href":"https:\/\/api.w.org\/{rel}","templated":true}]}}