{"id":12572,"date":"2025-05-19T08:10:02","date_gmt":"2025-05-19T08:10:02","guid":{"rendered":"https:\/\/toprisesafety.com\/?post_type=product&#038;p=12572"},"modified":"2025-05-21T07:07:44","modified_gmt":"2025-05-21T07:07:44","slug":"fiberglass-lounge-chairs","status":"publish","type":"product","link":"https:\/\/toprisesafety.com\/fr\/produit\/fiberglass-lounge-chairs\/","title":{"rendered":"Chaises longues en fibre de verre"},"content":{"rendered":"<h1>Chaises longues en fibre de verre<\/h1>\n<ul>\n<li>Design moderne : Design unique et \u00e9pur\u00e9, simple et \u00e9l\u00e9gant, adapt\u00e9 aux bureaux modernes et aux espaces commerciaux.<\/li>\n<li>Options de personnalisation : Prise en charge de la personnalisation du style, de la couleur et de la taille pour r\u00e9pondre aux besoins individuels.<\/li>\n<li>Mat\u00e9riau durable : Fabriqu\u00e9 en plastique renforc\u00e9 de fibre de verre, il est tr\u00e8s solide, r\u00e9sistant \u00e0 l'usure et \u00e0 la pression, et convient \u00e0 une utilisation \u00e0 long terme.<\/li>\n<li>Exp\u00e9rience de confort : Le design est ergonomique, offrant une exp\u00e9rience d'assise confortable et adapt\u00e9e \u00e0 diff\u00e9rents sc\u00e9narios.<\/li>\n<li>Respect de l'environnement : Le mat\u00e9riau est recyclable, ce qui permet de r\u00e9pondre aux exigences en mati\u00e8re de protection de l'environnement et de soutenir le d\u00e9veloppement durable.<\/li>\n<li>Facile \u00e0 nettoyer : Surface lisse, pratique pour le nettoyage et l'entretien, pr\u00e9servant la beaut\u00e9 \u00e0 long terme.<\/li>\n<li>Large gamme d'applications : Convient aux espaces publics tels que les centres commerciaux, les h\u00f4tels et les bureaux.<\/li>\n<\/ul>\n<table>\n<tbody>\n<tr>\n<td width=\"284\">ART NO.<\/td>\n<td width=\"284\">FB08<\/td>\n<\/tr>\n<tr>\n<td width=\"284\">MAT\u00c9RIAU<\/td>\n<td width=\"284\">Fibre de verre<\/td>\n<\/tr>\n<tr>\n<td width=\"284\">TAILLE<\/td>\n<td width=\"284\">Sur mesure<\/td>\n<\/tr>\n<tr>\n<td width=\"284\">MOQ<\/td>\n<td width=\"284\">1 PC<\/td>\n<\/tr>\n<tr>\n<td colspan=\"2\" width=\"568\">Nous proposons des mod\u00e8les, des tailles et des couleurs personnalis\u00e9s. Si vous avez un mod\u00e8le, nous pouvons le fabriquer en cons\u00e9quence.<\/td>\n<\/tr>\n<\/tbody>\n<\/table>\n<p>TOPRISE prend en charge diff\u00e9rents styles de personnalisation de bancs et de chaises en fibre de verre. <a href=\"https:\/\/toprisesafety.com\/fr\/categorie-produit\/outdoor-goods\/fiberglass-bench\/\">voir plus de styles de bancs et de chaises en fibre de verre.<\/a><\/p>\n<p>Si vous ne trouvez pas les bancs et les chaises en fibre de verre dont vous avez besoin, <a href=\"https:\/\/toprisesafety.com\/fr\/contact-us\/\">nous contacter ; <\/a>Nous offrons la possibilit\u00e9 d'une personnalisation sp\u00e9ciale avec un faible MOQ.<\/p>","protected":false},"excerpt":{"rendered":"<p>ART NO. FB08<\/p>\n<p>MAT\u00c9RIAU : Fibre de verre<\/p>\n<p>Taille : Sur mesure<\/p>\n<p>Couleur : personnalis\u00e9e<\/p>\n<p>MOQ : 1 PC<\/p>","protected":false},"featured_media":12575,"template":"","meta":{"_acf_changed":false},"product_brand":[],"product_cat":[397,398],"product_tag":[],"class_list":{"0":"post-12572","1":"product","2":"type-product","3":"status-publish","4":"has-post-thumbnail","6":"product_cat-fiberglass-bench","7":"product_cat-frp-products","9":"first","10":"instock","11":"shipping-taxable","12":"product-type-simple"},"acf":[],"_links":{"self":[{"href":"https:\/\/toprisesafety.com\/fr\/wp-json\/wp\/v2\/product\/12572","targetHints":{"allow":["GET"]}}],"collection":[{"href":"https:\/\/toprisesafety.com\/fr\/wp-json\/wp\/v2\/product"}],"about":[{"href":"https:\/\/toprisesafety.com\/fr\/wp-json\/wp\/v2\/types\/product"}],"wp:featuredmedia":[{"embeddable":true,"href":"https:\/\/toprisesafety.com\/fr\/wp-json\/wp\/v2\/media\/12575"}],"wp:attachment":[{"href":"https:\/\/toprisesafety.com\/fr\/wp-json\/wp\/v2\/media?parent=12572"}],"wp:term":[{"taxonomy":"product_brand","embeddable":true,"href":"https:\/\/toprisesafety.com\/fr\/wp-json\/wp\/v2\/product_brand?post=12572"},{"taxonomy":"product_cat","embeddable":true,"href":"https:\/\/toprisesafety.com\/fr\/wp-json\/wp\/v2\/product_cat?post=12572"},{"taxonomy":"product_tag","embeddable":true,"href":"https:\/\/toprisesafety.com\/fr\/wp-json\/wp\/v2\/product_tag?post=12572"}],"curies":[{"name":"wp","href":"https:\/\/api.w.org\/{rel}","templated":true}]}}