{"id":12563,"date":"2025-05-19T07:32:12","date_gmt":"2025-05-19T07:32:12","guid":{"rendered":"https:\/\/toprisesafety.com\/?post_type=product&#038;p=12563"},"modified":"2025-05-21T07:08:26","modified_gmt":"2025-05-21T07:08:26","slug":"fiberglass-armchair","status":"publish","type":"product","link":"https:\/\/toprisesafety.com\/fr\/produit\/fiberglass-armchair\/","title":{"rendered":"Fauteuil en fibre de verre"},"content":{"rendered":"<h1>Fauteuil en fibre de verre<\/h1>\n<ul>\n<li>Design moderne : Aspect unique et \u00e9pur\u00e9, simple et \u00e0 la mode, adapt\u00e9 \u00e0 tous les types d'espaces modernes.<\/li>\n<li>Options de personnalisation : Prise en charge de la personnalisation de la taille et de la couleur, ce qui vous permet de cr\u00e9er un style personnalis\u00e9 en fonction de vos besoins.<\/li>\n<li>Mat\u00e9riau de haute qualit\u00e9 : Fabriqu\u00e9 en plastique renforc\u00e9 de fibre de verre, il pr\u00e9sente une grande solidit\u00e9 et une bonne r\u00e9sistance aux intemp\u00e9ries, ce qui le rend adapt\u00e9 \u00e0 une utilisation en ext\u00e9rieur.<\/li>\n<li>Confort : Conception ergonomique pour une assise confortable.<\/li>\n<li>Respect de l'environnement : Le mat\u00e9riau FRP est recyclable, respectueux de l'environnement et durable, conform\u00e9ment au concept de d\u00e9veloppement durable.<\/li>\n<li>Facile \u00e0 nettoyer : Surface lisse, facile \u00e0 nettoyer et \u00e0 entretenir, et non sujette au vieillissement apr\u00e8s une utilisation prolong\u00e9e.<\/li>\n<li>Application multi-sc\u00e9narios : Convient aux espaces ext\u00e9rieurs tels que les cours, les piscines et les terrasses, am\u00e9liorant ainsi l'attrait esth\u00e9tique g\u00e9n\u00e9ral du lieu.<\/li>\n<\/ul>\n<table>\n<tbody>\n<tr>\n<td width=\"284\">ART NO.<\/td>\n<td width=\"284\">FB06<\/td>\n<\/tr>\n<tr>\n<td width=\"284\">MAT\u00c9RIAU<\/td>\n<td width=\"284\">Fibre de verre<\/td>\n<\/tr>\n<tr>\n<td width=\"284\">TAILLE<\/td>\n<td width=\"284\">Sur mesure<\/td>\n<\/tr>\n<tr>\n<td width=\"284\">MOQ<\/td>\n<td width=\"284\">1 SET<\/td>\n<\/tr>\n<tr>\n<td colspan=\"2\" width=\"568\">Nous proposons des mod\u00e8les, des tailles et des couleurs personnalis\u00e9s. Si vous avez un mod\u00e8le, nous pouvons le fabriquer en cons\u00e9quence.<\/td>\n<\/tr>\n<\/tbody>\n<\/table>\n<p>TOPRISE prend en charge diff\u00e9rents styles de personnalisation de bancs et de chaises en fibre de verre. <a href=\"https:\/\/toprisesafety.com\/fr\/categorie-produit\/outdoor-goods\/fiberglass-bench\/\">voir plus de styles de bancs et de chaises en fibre de verre.<\/a><\/p>\n<p>Si vous ne trouvez pas les bancs et les chaises en fibre de verre dont vous avez besoin, <a href=\"https:\/\/toprisesafety.com\/fr\/contact-us\/\">nous contacter ; <\/a>Nous offrons la possibilit\u00e9 d'une personnalisation sp\u00e9ciale avec un faible MOQ.<\/p>","protected":false},"excerpt":{"rendered":"<p>ART NO. FB06<\/p>\n<p>MAT\u00c9RIAU : Fibre de verre<\/p>\n<p>Taille : Sur mesure<\/p>\n<p>Couleur : personnalis\u00e9e<\/p>\n<p>MOQ : 1 PC<\/p>","protected":false},"featured_media":12567,"template":"","meta":{"_acf_changed":false},"product_brand":[],"product_cat":[397,398],"product_tag":[],"class_list":{"0":"post-12563","1":"product","2":"type-product","3":"status-publish","4":"has-post-thumbnail","6":"product_cat-fiberglass-bench","7":"product_cat-frp-products","9":"first","10":"instock","11":"shipping-taxable","12":"product-type-simple"},"acf":[],"_links":{"self":[{"href":"https:\/\/toprisesafety.com\/fr\/wp-json\/wp\/v2\/product\/12563","targetHints":{"allow":["GET"]}}],"collection":[{"href":"https:\/\/toprisesafety.com\/fr\/wp-json\/wp\/v2\/product"}],"about":[{"href":"https:\/\/toprisesafety.com\/fr\/wp-json\/wp\/v2\/types\/product"}],"wp:featuredmedia":[{"embeddable":true,"href":"https:\/\/toprisesafety.com\/fr\/wp-json\/wp\/v2\/media\/12567"}],"wp:attachment":[{"href":"https:\/\/toprisesafety.com\/fr\/wp-json\/wp\/v2\/media?parent=12563"}],"wp:term":[{"taxonomy":"product_brand","embeddable":true,"href":"https:\/\/toprisesafety.com\/fr\/wp-json\/wp\/v2\/product_brand?post=12563"},{"taxonomy":"product_cat","embeddable":true,"href":"https:\/\/toprisesafety.com\/fr\/wp-json\/wp\/v2\/product_cat?post=12563"},{"taxonomy":"product_tag","embeddable":true,"href":"https:\/\/toprisesafety.com\/fr\/wp-json\/wp\/v2\/product_tag?post=12563"}],"curies":[{"name":"wp","href":"https:\/\/api.w.org\/{rel}","templated":true}]}}