{"id":12553,"date":"2025-05-19T07:20:45","date_gmt":"2025-05-19T07:20:45","guid":{"rendered":"https:\/\/toprisesafety.com\/?post_type=product&#038;p=12553"},"modified":"2025-05-21T07:08:40","modified_gmt":"2025-05-21T07:08:40","slug":"fiberglass-stone-chairs","status":"publish","type":"product","link":"https:\/\/toprisesafety.com\/fr\/produit\/fiberglass-stone-chairs\/","title":{"rendered":"Chaises en pierre en fibre de verre"},"content":{"rendered":"<h1>Chaises en pierre en fibre de verre<\/h1>\n<ul>\n<li>Options de personnalisation : Permet de personnaliser la taille et la couleur pour r\u00e9pondre \u00e0 des exigences de conception personnalis\u00e9es et s'adapter \u00e0 diff\u00e9rents environnements.<\/li>\n<li>Forme unique : Imitation de la forme de la pierre, moderne et simple, convenant \u00e0 la d\u00e9coration de divers endroits.<\/li>\n<li>Mat\u00e9riau durable : Fabriqu\u00e9 en plastique renforc\u00e9 de fibre de verre, il est r\u00e9sistant \u00e0 la pression et \u00e0 l'usure, et convient aussi bien \u00e0 une utilisation int\u00e9rieure qu'ext\u00e9rieure.<\/li>\n<li>Mat\u00e9riau respectueux de l'environnement : Le plastique renforc\u00e9 de fibres de verre est recyclable et r\u00e9pond aux exigences du d\u00e9veloppement durable. Il est tr\u00e8s respectueux de l'environnement.<\/li>\n<li>Confort : Surface lisse, assise confortable, convient \u00e0 une utilisation \u00e0 long terme.<\/li>\n<li>Facile \u00e0 nettoyer : Surface lisse, facile \u00e0 nettoyer, r\u00e9duisant les co\u00fbts d'entretien.<\/li>\n<li>Applicabilit\u00e9 multi-sc\u00e9narios : Convient \u00e0 divers sc\u00e9narios tels que les espaces commerciaux, les expositions et la d\u00e9coration int\u00e9rieure, am\u00e9liorant ainsi l'attrait esth\u00e9tique g\u00e9n\u00e9ral.<\/li>\n<\/ul>\n<table>\n<tbody>\n<tr>\n<td width=\"284\">ART NO.<\/td>\n<td width=\"284\">FB05<\/td>\n<\/tr>\n<tr>\n<td width=\"284\">MAT\u00c9RIAU<\/td>\n<td width=\"284\">Fibre de verre<\/td>\n<\/tr>\n<tr>\n<td width=\"284\">TAILLE<\/td>\n<td width=\"284\">Sur mesure<\/td>\n<\/tr>\n<tr>\n<td width=\"284\">MOQ<\/td>\n<td width=\"284\">3 PC<\/td>\n<\/tr>\n<tr>\n<td colspan=\"2\" width=\"568\">Nous proposons des mod\u00e8les, des tailles et des couleurs personnalis\u00e9s. Si vous avez un mod\u00e8le, nous pouvons le fabriquer en cons\u00e9quence.<\/td>\n<\/tr>\n<\/tbody>\n<\/table>\n<div style=\"width: 800px;\" class=\"wp-video\"><!--[if lt IE 9]><script>document.createElement('video');<\/script><![endif]-->\n<video class=\"wp-video-shortcode\" id=\"video-12553-1\" width=\"800\" height=\"800\" preload=\"metadata\" controls=\"controls\"><source type=\"video\/mp4\" src=\"https:\/\/toprisesafety.com\/wp-content\/uploads\/2025\/05\/fiberglass-stone-chairs.mp4?_=1\" \/><a href=\"https:\/\/toprisesafety.com\/wp-content\/uploads\/2025\/05\/fiberglass-stone-chairs.mp4\">https:\/\/toprisesafety.com\/wp-content\/uploads\/2025\/05\/fiberglass-stone-chairs.mp4<\/a><\/video><\/div>\n<p>TOPRISE prend en charge diff\u00e9rents styles de personnalisation de bancs et de chaises en fibre de verre. <a href=\"https:\/\/toprisesafety.com\/fr\/categorie-produit\/outdoor-goods\/fiberglass-bench\/\">voir plus de styles de bancs et de chaises en fibre de verre.<\/a><\/p>\n<p>Si vous ne trouvez pas les bancs et les chaises en fibre de verre dont vous avez besoin, <a href=\"https:\/\/toprisesafety.com\/fr\/contact-us\/\">nous contacter ; <\/a>Nous offrons la possibilit\u00e9 d'une personnalisation sp\u00e9ciale avec un faible MOQ.<\/p>","protected":false},"excerpt":{"rendered":"<p>ART NO. FB05<\/p>\n<p>MAT\u00c9RIAU : Fibre de verre<\/p>\n<p>Taille : Sur mesure<\/p>\n<p>Couleur : personnalis\u00e9e<\/p>\n<p>MOQ : 3 PC<\/p>","protected":false},"featured_media":12554,"template":"","meta":{"_acf_changed":false},"product_brand":[],"product_cat":[397,398],"product_tag":[],"class_list":{"0":"post-12553","1":"product","2":"type-product","3":"status-publish","4":"has-post-thumbnail","6":"product_cat-fiberglass-bench","7":"product_cat-frp-products","9":"first","10":"instock","11":"shipping-taxable","12":"product-type-simple"},"acf":[],"_links":{"self":[{"href":"https:\/\/toprisesafety.com\/fr\/wp-json\/wp\/v2\/product\/12553"}],"collection":[{"href":"https:\/\/toprisesafety.com\/fr\/wp-json\/wp\/v2\/product"}],"about":[{"href":"https:\/\/toprisesafety.com\/fr\/wp-json\/wp\/v2\/types\/product"}],"wp:featuredmedia":[{"embeddable":true,"href":"https:\/\/toprisesafety.com\/fr\/wp-json\/wp\/v2\/media\/12554"}],"wp:attachment":[{"href":"https:\/\/toprisesafety.com\/fr\/wp-json\/wp\/v2\/media?parent=12553"}],"wp:term":[{"taxonomy":"product_brand","embeddable":true,"href":"https:\/\/toprisesafety.com\/fr\/wp-json\/wp\/v2\/product_brand?post=12553"},{"taxonomy":"product_cat","embeddable":true,"href":"https:\/\/toprisesafety.com\/fr\/wp-json\/wp\/v2\/product_cat?post=12553"},{"taxonomy":"product_tag","embeddable":true,"href":"https:\/\/toprisesafety.com\/fr\/wp-json\/wp\/v2\/product_tag?post=12553"}],"curies":[{"name":"wp","href":"https:\/\/api.w.org\/{rel}","templated":true}]}}