{"id":12538,"date":"2025-05-19T06:34:20","date_gmt":"2025-05-19T06:34:20","guid":{"rendered":"https:\/\/toprisesafety.com\/?post_type=product&#038;p=12538"},"modified":"2025-05-21T07:09:01","modified_gmt":"2025-05-21T07:09:01","slug":"outdoor-potting-benches","status":"publish","type":"product","link":"https:\/\/toprisesafety.com\/fr\/produit\/outdoor-potting-benches\/","title":{"rendered":"Bancs de rempotage pour l'ext\u00e9rieur"},"content":{"rendered":"<h1>Bancs de rempotage pour l'ext\u00e9rieur<\/h1>\n<ul>\n<li>Options de personnalisation : Permet de passer une commande minimale et de personnaliser la taille, la couleur et le style pour r\u00e9pondre \u00e0 des besoins particuliers.<\/li>\n<li>Mat\u00e9riau durable : Fabriqu\u00e9 en plastique renforc\u00e9 de fibre de verre, il pr\u00e9sente une grande solidit\u00e9 et une r\u00e9sistance \u00e0 la corrosion, ce qui le rend adapt\u00e9 \u00e0 divers environnements ext\u00e9rieurs.<\/li>\n<li>Design esth\u00e9tique : Design moderne et simple, avec un si\u00e8ge rond en forme d'arbre combin\u00e9 \u00e0 des si\u00e8ges en bois, cr\u00e9ant un bon effet visuel.<\/li>\n<li>Performance environnementale : Le mat\u00e9riau FRP est recyclable, r\u00e9pond aux normes de protection de l'environnement et convient aux projets de d\u00e9veloppement durable.<\/li>\n<li>Si\u00e8ges confortables : Les si\u00e8ges en bois offrent une exp\u00e9rience d'assise confortable et conviennent \u00e0 une utilisation \u00e0 long terme.<\/li>\n<li>Entretien facile : La surface du plastique renforc\u00e9 de fibres de verre est lisse et facile \u00e0 nettoyer et \u00e0 entretenir, ce qui r\u00e9duit les co\u00fbts de maintenance lors d'une utilisation \u00e0 long terme.<\/li>\n<li>Lieux d'application : Convient aux lieux publics tels que les parcs, les places et les rues, am\u00e9liorant ainsi l'effet paysager global.<\/li>\n<\/ul>\n<table>\n<tbody>\n<tr>\n<td width=\"284\">ART NO.<\/td>\n<td width=\"284\">FB04<\/td>\n<\/tr>\n<tr>\n<td width=\"284\">MAT\u00c9RIAU<\/td>\n<td width=\"284\">Fibre de verre<\/td>\n<\/tr>\n<tr>\n<td width=\"284\">TAILLE<\/td>\n<td width=\"284\">Sur mesure<\/td>\n<\/tr>\n<tr>\n<td width=\"284\">MOQ<\/td>\n<td width=\"284\">1 PC<\/td>\n<\/tr>\n<tr>\n<td colspan=\"2\" width=\"568\">Nous proposons des mod\u00e8les, des tailles et des couleurs personnalis\u00e9s. Si vous avez un mod\u00e8le, nous pouvons le fabriquer en cons\u00e9quence.<\/td>\n<\/tr>\n<\/tbody>\n<\/table>\n<p>TOPRISE prend en charge diff\u00e9rents styles de personnalisation de bancs et de chaises en fibre de verre. <a href=\"https:\/\/toprisesafety.com\/fr\/categorie-produit\/outdoor-goods\/fiberglass-bench\/\">voir plus de styles de bancs et de chaises en fibre de verre.<\/a><\/p>\n<p>Si vous ne trouvez pas les bancs et les chaises en fibre de verre dont vous avez besoin, <a href=\"https:\/\/toprisesafety.com\/fr\/contact-us\/\">nous contacter ; <\/a>Nous offrons la possibilit\u00e9 d'une personnalisation sp\u00e9ciale avec un faible MOQ.<\/p>","protected":false},"excerpt":{"rendered":"<p>ART NO. FB04<\/p>\n<p>MAT\u00c9RIAU : Fibre de verre<\/p>\n<p>Taille : Sur mesure<\/p>\n<p>Couleur : personnalis\u00e9e<\/p>\n<p>MOQ : 1 PC<\/p>","protected":false},"featured_media":12540,"template":"","meta":{"_acf_changed":false},"product_brand":[],"product_cat":[397,398],"product_tag":[],"class_list":{"0":"post-12538","1":"product","2":"type-product","3":"status-publish","4":"has-post-thumbnail","6":"product_cat-fiberglass-bench","7":"product_cat-frp-products","9":"first","10":"instock","11":"shipping-taxable","12":"product-type-simple"},"acf":[],"_links":{"self":[{"href":"https:\/\/toprisesafety.com\/fr\/wp-json\/wp\/v2\/product\/12538"}],"collection":[{"href":"https:\/\/toprisesafety.com\/fr\/wp-json\/wp\/v2\/product"}],"about":[{"href":"https:\/\/toprisesafety.com\/fr\/wp-json\/wp\/v2\/types\/product"}],"wp:featuredmedia":[{"embeddable":true,"href":"https:\/\/toprisesafety.com\/fr\/wp-json\/wp\/v2\/media\/12540"}],"wp:attachment":[{"href":"https:\/\/toprisesafety.com\/fr\/wp-json\/wp\/v2\/media?parent=12538"}],"wp:term":[{"taxonomy":"product_brand","embeddable":true,"href":"https:\/\/toprisesafety.com\/fr\/wp-json\/wp\/v2\/product_brand?post=12538"},{"taxonomy":"product_cat","embeddable":true,"href":"https:\/\/toprisesafety.com\/fr\/wp-json\/wp\/v2\/product_cat?post=12538"},{"taxonomy":"product_tag","embeddable":true,"href":"https:\/\/toprisesafety.com\/fr\/wp-json\/wp\/v2\/product_tag?post=12538"}],"curies":[{"name":"wp","href":"https:\/\/api.w.org\/{rel}","templated":true}]}}