{"id":12532,"date":"2025-05-19T06:14:02","date_gmt":"2025-05-19T06:14:02","guid":{"rendered":"https:\/\/toprisesafety.com\/?post_type=product&#038;p=12532"},"modified":"2025-05-21T07:09:32","modified_gmt":"2025-05-21T07:09:32","slug":"circular-fiberglass-tree-planter-wooden-benches","status":"publish","type":"product","link":"https:\/\/toprisesafety.com\/fr\/produit\/circular-fiberglass-tree-planter-wooden-benches\/","title":{"rendered":"Jardini\u00e8re circulaire en fibre de verre Bancs en bois"},"content":{"rendered":"<h1>Jardini\u00e8re circulaire en fibre de verre Bancs en bois<\/h1>\n<p>Avantages :<\/p>\n<ul>\n<li>Conception circulaire : Offre un espace d'assise plus spacieux et convient \u00e0 l'utilisation par plusieurs personnes.<\/li>\n<li>Mat\u00e9riau FRP : anticorrosion, durable et adaptable \u00e0 diverses conditions m\u00e9t\u00e9orologiques.<\/li>\n<li>Options de personnalisation : Permet de personnaliser la taille, la couleur et le design pour r\u00e9pondre \u00e0 diff\u00e9rents besoins.<\/li>\n<li>Confort : Le si\u00e8ge en bois offre une assise confortable.<\/li>\n<li>Protection de l'environnement : Le mat\u00e9riau est recyclable, conform\u00e9ment aux concepts modernes de protection de l'environnement.<\/li>\n<li>Prise en charge des commandes minimales en petites quantit\u00e9s : La personnalisation est possible en fonction de la demande, avec une commande minimale d'une pi\u00e8ce.<\/li>\n<\/ul>\n<table>\n<tbody>\n<tr>\n<td width=\"284\">ART NO.<\/td>\n<td width=\"284\">FB03<\/td>\n<\/tr>\n<tr>\n<td width=\"284\">MAT\u00c9RIAU<\/td>\n<td width=\"284\">Fibre de verre<\/td>\n<\/tr>\n<tr>\n<td width=\"284\">TAILLE<\/td>\n<td width=\"284\">Sur mesure<\/td>\n<\/tr>\n<tr>\n<td width=\"284\">MOQ<\/td>\n<td width=\"284\">1 PC<\/td>\n<\/tr>\n<tr>\n<td colspan=\"2\" width=\"568\">Nous proposons des mod\u00e8les, des tailles et des couleurs personnalis\u00e9s. Si vous avez un mod\u00e8le, nous pouvons le fabriquer en cons\u00e9quence.<\/td>\n<\/tr>\n<\/tbody>\n<\/table>\n<h1><img fetchpriority=\"high\" decoding=\"async\" class=\"alignnone wp-image-12537\" src=\"https:\/\/toprisesafety.com\/wp-content\/uploads\/2025\/05\/Circular-Fiberglass-Tree-Planter-Wooden-Benches-300x268.png\" alt=\"\" width=\"580\" height=\"518\" srcset=\"https:\/\/toprisesafety.com\/wp-content\/uploads\/2025\/05\/Circular-Fiberglass-Tree-Planter-Wooden-Benches-300x268.png 300w, https:\/\/toprisesafety.com\/wp-content\/uploads\/2025\/05\/Circular-Fiberglass-Tree-Planter-Wooden-Benches-768x685.png 768w, https:\/\/toprisesafety.com\/wp-content\/uploads\/2025\/05\/Circular-Fiberglass-Tree-Planter-Wooden-Benches-600x535.png 600w, https:\/\/toprisesafety.com\/wp-content\/uploads\/2025\/05\/Circular-Fiberglass-Tree-Planter-Wooden-Benches.png 892w\" sizes=\"(max-width: 580px) 100vw, 580px\" \/><\/h1>\n<figure id=\"attachment_12544\" aria-describedby=\"caption-attachment-12544\" style=\"width: 577px\" class=\"wp-caption alignnone\"><img decoding=\"async\" class=\"wp-image-12544\" src=\"https:\/\/toprisesafety.com\/wp-content\/uploads\/2025\/05\/O1CN01fiqaZL1iqYlTsi3KO_2211864764464-0-cib-300x300.jpg\" alt=\" Circular Fiberglass Tree Planter Wooden Benches\" width=\"577\" height=\"577\" srcset=\"https:\/\/toprisesafety.com\/wp-content\/uploads\/2025\/05\/O1CN01fiqaZL1iqYlTsi3KO_2211864764464-0-cib-300x300.jpg 300w, https:\/\/toprisesafety.com\/wp-content\/uploads\/2025\/05\/O1CN01fiqaZL1iqYlTsi3KO_2211864764464-0-cib-150x150.jpg 150w, https:\/\/toprisesafety.com\/wp-content\/uploads\/2025\/05\/O1CN01fiqaZL1iqYlTsi3KO_2211864764464-0-cib-768x768.jpg 768w, https:\/\/toprisesafety.com\/wp-content\/uploads\/2025\/05\/O1CN01fiqaZL1iqYlTsi3KO_2211864764464-0-cib-600x600.jpg 600w, https:\/\/toprisesafety.com\/wp-content\/uploads\/2025\/05\/O1CN01fiqaZL1iqYlTsi3KO_2211864764464-0-cib-100x100.jpg 100w, https:\/\/toprisesafety.com\/wp-content\/uploads\/2025\/05\/O1CN01fiqaZL1iqYlTsi3KO_2211864764464-0-cib.jpg 800w\" sizes=\"(max-width: 577px) 100vw, 577px\" \/><figcaption id=\"caption-attachment-12544\" class=\"wp-caption-text\">Jardini\u00e8re circulaire en fibre de verre Bancs en bois<\/figcaption><\/figure>\n<p>TOPRISE prend en charge diff\u00e9rents styles de personnalisation de bancs et de chaises en fibre de verre. <a href=\"https:\/\/toprisesafety.com\/fr\/categorie-produit\/outdoor-goods\/fiberglass-bench\/\">voir plus de styles de bancs et de chaises en fibre de verre.<\/a><\/p>\n<p>Si vous ne trouvez pas les bancs et les chaises en fibre de verre dont vous avez besoin, <a href=\"https:\/\/toprisesafety.com\/fr\/contact-us\/\">nous contacter ; <\/a>Nous offrons la possibilit\u00e9 d'une personnalisation sp\u00e9ciale avec un faible MOQ.<\/p>","protected":false},"excerpt":{"rendered":"<p>ART NO. FB03<\/p>\n<p>MAT\u00c9RIAU : Fibre de verre<\/p>\n<p>Taille : Sur mesure<\/p>\n<p>Couleur : personnalis\u00e9e<\/p>\n<p>MOQ : 1 PC<\/p>","protected":false},"featured_media":12552,"template":"","meta":{"_acf_changed":false},"product_brand":[],"product_cat":[397,398],"product_tag":[],"class_list":{"0":"post-12532","1":"product","2":"type-product","3":"status-publish","4":"has-post-thumbnail","6":"product_cat-fiberglass-bench","7":"product_cat-frp-products","9":"first","10":"instock","11":"shipping-taxable","12":"product-type-simple"},"acf":[],"_links":{"self":[{"href":"https:\/\/toprisesafety.com\/fr\/wp-json\/wp\/v2\/product\/12532"}],"collection":[{"href":"https:\/\/toprisesafety.com\/fr\/wp-json\/wp\/v2\/product"}],"about":[{"href":"https:\/\/toprisesafety.com\/fr\/wp-json\/wp\/v2\/types\/product"}],"wp:featuredmedia":[{"embeddable":true,"href":"https:\/\/toprisesafety.com\/fr\/wp-json\/wp\/v2\/media\/12552"}],"wp:attachment":[{"href":"https:\/\/toprisesafety.com\/fr\/wp-json\/wp\/v2\/media?parent=12532"}],"wp:term":[{"taxonomy":"product_brand","embeddable":true,"href":"https:\/\/toprisesafety.com\/fr\/wp-json\/wp\/v2\/product_brand?post=12532"},{"taxonomy":"product_cat","embeddable":true,"href":"https:\/\/toprisesafety.com\/fr\/wp-json\/wp\/v2\/product_cat?post=12532"},{"taxonomy":"product_tag","embeddable":true,"href":"https:\/\/toprisesafety.com\/fr\/wp-json\/wp\/v2\/product_tag?post=12532"}],"curies":[{"name":"wp","href":"https:\/\/api.w.org\/{rel}","templated":true}]}}