{"id":12525,"date":"2025-05-19T05:50:23","date_gmt":"2025-05-19T05:50:23","guid":{"rendered":"https:\/\/toprisesafety.com\/?post_type=product&#038;p=12525"},"modified":"2025-05-21T07:10:00","modified_gmt":"2025-05-21T07:10:00","slug":"fiberglass-sun-loungers","status":"publish","type":"product","link":"https:\/\/toprisesafety.com\/fr\/produit\/fiberglass-sun-loungers\/","title":{"rendered":"Chaises longues en fibre de verre"},"content":{"rendered":"<h1>Chaises longues en fibre de verre<\/h1>\n<p>Avantages :<\/p>\n<ul>\n<li>Forte r\u00e9sistance aux intemp\u00e9ries : Le mat\u00e9riau en fibre de verre pr\u00e9sente une excellente r\u00e9sistance aux UV et aux temp\u00e9ratures \u00e9lev\u00e9es et convient \u00e0 une exposition prolong\u00e9e \u00e0 la lumi\u00e8re du soleil.<\/li>\n<li>Conception personnalis\u00e9e : Permet de personnaliser les styles, les couleurs et les tailles en fonction des besoins du client afin de r\u00e9pondre \u00e0 ses exigences.<\/li>\n<li>L\u00e9ger : La fibre de verre est plus l\u00e9g\u00e8re que les mat\u00e9riaux traditionnels, ce qui la rend facile \u00e0 d\u00e9placer et \u00e0 r\u00e9organiser.<\/li>\n<li>Forte durabilit\u00e9 : R\u00e9sistant \u00e0 la corrosion et \u00e0 l'usure, avec une longue dur\u00e9e de vie.<\/li>\n<li>Mode moderne : Le design \u00e9pur\u00e9 s'adapte \u00e0 l'esth\u00e9tique moderne et rehausse la beaut\u00e9 des espaces ext\u00e9rieurs.<\/li>\n<\/ul>\n<table>\n<tbody>\n<tr>\n<td width=\"284\">ART NO.<\/td>\n<td width=\"284\">FB02<\/td>\n<\/tr>\n<tr>\n<td width=\"284\">MAT\u00c9RIAU<\/td>\n<td width=\"284\">Fibre de verre<\/td>\n<\/tr>\n<tr>\n<td width=\"284\">TAILLE<\/td>\n<td width=\"284\">Sur mesure<\/td>\n<\/tr>\n<tr>\n<td width=\"284\">MOQ<\/td>\n<td width=\"284\">3 PC<\/td>\n<\/tr>\n<tr>\n<td colspan=\"2\" width=\"568\">Nous proposons des mod\u00e8les, des tailles et des couleurs personnalis\u00e9s. Si vous avez un mod\u00e8le, nous pouvons le fabriquer en cons\u00e9quence.<\/td>\n<\/tr>\n<\/tbody>\n<\/table>\n<p>&nbsp;<\/p>\n<figure id=\"attachment_12527\" aria-describedby=\"caption-attachment-12527\" style=\"width: 581px\" class=\"wp-caption alignnone\"><img fetchpriority=\"high\" decoding=\"async\" class=\"wp-image-12527\" src=\"https:\/\/toprisesafety.com\/wp-content\/uploads\/2025\/05\/Fiberglass-Sun-Loungers-1-298x300.png\" alt=\"Fiberglass Sun Loungers\" width=\"581\" height=\"585\" srcset=\"https:\/\/toprisesafety.com\/wp-content\/uploads\/2025\/05\/Fiberglass-Sun-Loungers-1-298x300.png 298w, https:\/\/toprisesafety.com\/wp-content\/uploads\/2025\/05\/Fiberglass-Sun-Loungers-1-1019x1024.png 1019w, https:\/\/toprisesafety.com\/wp-content\/uploads\/2025\/05\/Fiberglass-Sun-Loungers-1-150x150.png 150w, https:\/\/toprisesafety.com\/wp-content\/uploads\/2025\/05\/Fiberglass-Sun-Loungers-1-768x772.png 768w, https:\/\/toprisesafety.com\/wp-content\/uploads\/2025\/05\/Fiberglass-Sun-Loungers-1-1528x1536.png 1528w, https:\/\/toprisesafety.com\/wp-content\/uploads\/2025\/05\/Fiberglass-Sun-Loungers-1-2038x2048.png 2038w, https:\/\/toprisesafety.com\/wp-content\/uploads\/2025\/05\/Fiberglass-Sun-Loungers-1-600x603.png 600w, https:\/\/toprisesafety.com\/wp-content\/uploads\/2025\/05\/Fiberglass-Sun-Loungers-1-100x100.png 100w\" sizes=\"(max-width: 581px) 100vw, 581px\" \/><figcaption id=\"caption-attachment-12527\" class=\"wp-caption-text\">Chaises longues en fibre de verre<\/figcaption><\/figure>\n<p>TOPRISE prend en charge diff\u00e9rents styles de personnalisation de bancs et de chaises en fibre de verre. <a href=\"https:\/\/toprisesafety.com\/fr\/categorie-produit\/outdoor-goods\/fiberglass-bench\/\">voir plus de styles de bancs et de chaises en fibre de verre.<\/a><\/p>\n<p>Si vous ne trouvez pas les bancs et les chaises en fibre de verre dont vous avez besoin, <a href=\"https:\/\/toprisesafety.com\/fr\/contact-us\/\">nous contacter ; <\/a>Nous offrons la possibilit\u00e9 d'une personnalisation sp\u00e9ciale avec un faible MOQ.<\/p>","protected":false},"excerpt":{"rendered":"<p>ART NO. FB02<\/p>\n<p>MAT\u00c9RIAU : Fibre de verre<\/p>\n<p>Taille : Sur mesure<\/p>\n<p>Couleur : personnalis\u00e9e<\/p>\n<p>MOQ : 3 PC<\/p>","protected":false},"featured_media":12526,"template":"","meta":{"_acf_changed":false},"product_brand":[],"product_cat":[397,398],"product_tag":[],"class_list":{"0":"post-12525","1":"product","2":"type-product","3":"status-publish","4":"has-post-thumbnail","6":"product_cat-fiberglass-bench","7":"product_cat-frp-products","9":"first","10":"instock","11":"shipping-taxable","12":"product-type-simple"},"acf":[],"_links":{"self":[{"href":"https:\/\/toprisesafety.com\/fr\/wp-json\/wp\/v2\/product\/12525"}],"collection":[{"href":"https:\/\/toprisesafety.com\/fr\/wp-json\/wp\/v2\/product"}],"about":[{"href":"https:\/\/toprisesafety.com\/fr\/wp-json\/wp\/v2\/types\/product"}],"wp:featuredmedia":[{"embeddable":true,"href":"https:\/\/toprisesafety.com\/fr\/wp-json\/wp\/v2\/media\/12526"}],"wp:attachment":[{"href":"https:\/\/toprisesafety.com\/fr\/wp-json\/wp\/v2\/media?parent=12525"}],"wp:term":[{"taxonomy":"product_brand","embeddable":true,"href":"https:\/\/toprisesafety.com\/fr\/wp-json\/wp\/v2\/product_brand?post=12525"},{"taxonomy":"product_cat","embeddable":true,"href":"https:\/\/toprisesafety.com\/fr\/wp-json\/wp\/v2\/product_cat?post=12525"},{"taxonomy":"product_tag","embeddable":true,"href":"https:\/\/toprisesafety.com\/fr\/wp-json\/wp\/v2\/product_tag?post=12525"}],"curies":[{"name":"wp","href":"https:\/\/api.w.org\/{rel}","templated":true}]}}