{"id":12487,"date":"2025-05-14T06:33:51","date_gmt":"2025-05-14T06:33:51","guid":{"rendered":"https:\/\/toprisesafety.com\/?post_type=product&#038;p=12487"},"modified":"2025-05-19T08:21:56","modified_gmt":"2025-05-19T08:21:56","slug":"green-uniform-sweater","status":"publish","type":"product","link":"https:\/\/toprisesafety.com\/fr\/produit\/green-uniform-sweater\/","title":{"rendered":"Pull d'uniforme vert"},"content":{"rendered":"<h1>Pull d'uniforme vert<\/h1>\n<p><strong><b>Pull d'uniforme vert<\/b><\/strong>\u00a0<strong><b>Caract\u00e9ristiques<\/b><\/strong>:<\/p>\n<ul>\n<li>Fabriqu\u00e9 en tissu de haute qualit\u00e9, il est confortable et durable et peut \u00eatre port\u00e9 longtemps.<\/li>\n<li>Prise en charge de styles, de logos et d'emballages personnalis\u00e9s pour r\u00e9pondre \u00e0 des besoins particuliers.<\/li>\n<li>Des services de fabrication d'\u00e9chantillons sont disponibles pour garantir que la conception est conforme \u00e0 l'effet r\u00e9el.<\/li>\n<li>Le design est simple et pratique, adapt\u00e9 \u00e0 l'environnement de travail des soldats, des agents de s\u00e9curit\u00e9 ou des officiers de police.<\/li>\n<li>Il pr\u00e9sente une bonne r\u00e9sistance au froid et peut s'adapter \u00e0 des conditions climatiques difficiles.<\/li>\n<\/ul>\n<table>\n<tbody>\n<tr>\n<td width=\"284\">ART NO.<\/td>\n<td width=\"284\">SW12<\/td>\n<\/tr>\n<tr>\n<td width=\"284\">MAT\u00c9RIAU<\/td>\n<td width=\"284\">Laine, fibre acrylique ou sur mesure<\/td>\n<\/tr>\n<tr>\n<td width=\"284\">TAILLE<\/td>\n<td width=\"284\">S-XXXL<\/td>\n<\/tr>\n<tr>\n<td width=\"284\">COULEUR<\/td>\n<td width=\"284\">personnalis\u00e9<\/td>\n<\/tr>\n<tr>\n<td width=\"284\">LOGO<\/td>\n<td width=\"284\">Prise en charge du logo personnalis\u00e9<\/td>\n<\/tr>\n<tr>\n<td width=\"284\">MOQ<\/td>\n<td width=\"284\">1000 PCS<\/td>\n<\/tr>\n<\/tbody>\n<\/table>\n<p>TOPRISE prend en charge diff\u00e9rents styles de personnalisation des chandails d'uniforme ; cliquez pour<a href=\"https:\/\/toprisesafety.com\/fr\/categorie-produit\/personal-protective-equipment\/work-wear\/uniform-sweater\/\"> voir d'autres mod\u00e8les de pulls d'uniforme.<\/a><\/p>\n<p>Si vous ne trouvez pas votre chandail d'uniforme requis, <a href=\"https:\/\/toprisesafety.com\/fr\/contact-us\/\">nous contacter ;<\/a> nous offrons la possibilit\u00e9 d'une personnalisation sp\u00e9ciale.<\/p>","protected":false},"excerpt":{"rendered":"<p>Art No. SW12<\/p>\n<p>Mati\u00e8re : Laine, fibre acrylique ou sur mesure<\/p>\n<p>Taille : S-XXXL ou personnalis\u00e9e<\/p>\n<p>Couleur : personnalis\u00e9e.<\/p>\n<p>MOQ : 1000 PCS<\/p>","protected":false},"featured_media":12489,"template":"","meta":{"_acf_changed":false},"product_brand":[],"product_cat":[320,396,369],"product_tag":[],"class_list":{"0":"post-12487","1":"product","2":"type-product","3":"status-publish","4":"has-post-thumbnail","6":"product_cat-personal-protective-equipment","7":"product_cat-military-sweater","8":"product_cat-safety-wear","10":"first","11":"instock","12":"shipping-taxable","13":"product-type-simple"},"acf":[],"_links":{"self":[{"href":"https:\/\/toprisesafety.com\/fr\/wp-json\/wp\/v2\/product\/12487"}],"collection":[{"href":"https:\/\/toprisesafety.com\/fr\/wp-json\/wp\/v2\/product"}],"about":[{"href":"https:\/\/toprisesafety.com\/fr\/wp-json\/wp\/v2\/types\/product"}],"wp:featuredmedia":[{"embeddable":true,"href":"https:\/\/toprisesafety.com\/fr\/wp-json\/wp\/v2\/media\/12489"}],"wp:attachment":[{"href":"https:\/\/toprisesafety.com\/fr\/wp-json\/wp\/v2\/media?parent=12487"}],"wp:term":[{"taxonomy":"product_brand","embeddable":true,"href":"https:\/\/toprisesafety.com\/fr\/wp-json\/wp\/v2\/product_brand?post=12487"},{"taxonomy":"product_cat","embeddable":true,"href":"https:\/\/toprisesafety.com\/fr\/wp-json\/wp\/v2\/product_cat?post=12487"},{"taxonomy":"product_tag","embeddable":true,"href":"https:\/\/toprisesafety.com\/fr\/wp-json\/wp\/v2\/product_tag?post=12487"}],"curies":[{"name":"wp","href":"https:\/\/api.w.org\/{rel}","templated":true}]}}