{"id":12467,"date":"2025-05-14T06:18:43","date_gmt":"2025-05-14T06:18:43","guid":{"rendered":"https:\/\/toprisesafety.com\/?post_type=product&#038;p=12467"},"modified":"2025-05-19T08:33:42","modified_gmt":"2025-05-19T08:33:42","slug":"75-cm-safety-rubber-cones","status":"publish","type":"product","link":"https:\/\/toprisesafety.com\/fr\/produit\/75-cm-safety-rubber-cones\/","title":{"rendered":"C\u00f4nes de s\u00e9curit\u00e9 en caoutchouc 75 CM"},"content":{"rendered":"<h2>C\u00f4nes de s\u00e9curit\u00e9 en caoutchouc 75 CM<\/h2>\n<p>Cones de s\u00e9curit\u00e9 en caoutchouc Caract\u00e9ristiques :<\/p>\n<ul>\n<li>Fabriqu\u00e9 en caoutchouc durable, il pr\u00e9sente une r\u00e9sistance \u00e0 la compression et une \u00e9lasticit\u00e9 \u00e9lev\u00e9es.<\/li>\n<li>Le design r\u00e9fl\u00e9chissant rouge et blanc assure une grande visibilit\u00e9.<\/li>\n<li>Il pr\u00e9sente une excellente r\u00e9sistance aux UV et au vent, et convient \u00e0 divers environnements.<\/li>\n<li>L\u00e9ger et facile \u00e0 manipuler, il est pratique \u00e0 ranger et \u00e0 transporter.<\/li>\n<li>Grande stabilit\u00e9, pas de risque de basculement, assurant la s\u00e9curit\u00e9 routi\u00e8re.<\/li>\n<li>La conception de la base antid\u00e9rapante am\u00e9liore la mise \u00e0 la terre et convient \u00e0 diff\u00e9rents rev\u00eatements routiers.<\/li>\n<\/ul>\n<div style=\"width: 464px;\" class=\"wp-video\"><!--[if lt IE 9]><script>document.createElement('video');<\/script><![endif]-->\n<video class=\"wp-video-shortcode\" id=\"video-12467-1\" width=\"464\" height=\"960\" preload=\"metadata\" controls=\"controls\"><source type=\"video\/mp4\" src=\"https:\/\/toprisesafety.com\/wp-content\/uploads\/2025\/05\/Rubber-traffic-cones-.mp4?_=1\" \/><a href=\"https:\/\/toprisesafety.com\/wp-content\/uploads\/2025\/05\/Rubber-traffic-cones-.mp4\">https:\/\/toprisesafety.com\/wp-content\/uploads\/2025\/05\/Rubber-traffic-cones-.mp4<\/a><\/video><\/div>\n<table>\n<tbody>\n<tr>\n<td width=\"284\">ART NO.<\/td>\n<td width=\"284\">TCR68<\/td>\n<\/tr>\n<tr>\n<td width=\"284\">MAT\u00c9RIAU<\/td>\n<td width=\"284\">Caoutchouc<\/td>\n<\/tr>\n<tr>\n<td width=\"284\">HAUTEUR<\/td>\n<td width=\"284\">75 CM, 50\/62\/65\/68\/70\/90 CM au choix<\/td>\n<\/tr>\n<tr>\n<td width=\"284\">TAILLE DE LA BASE<\/td>\n<td width=\"284\">40\u00d740 CM<\/td>\n<\/tr>\n<tr>\n<td width=\"284\">POIDS<\/td>\n<td width=\"284\">2,0\/3,0\/4,0 KGS<\/td>\n<\/tr>\n<tr>\n<td width=\"284\">MOQ<\/td>\n<td width=\"284\">500 PCS<\/td>\n<\/tr>\n<\/tbody>\n<\/table>\n<figure id=\"attachment_12426\" aria-describedby=\"caption-attachment-12426\" style=\"width: 425px\" class=\"wp-caption alignnone\"><img fetchpriority=\"high\" decoding=\"async\" class=\"wp-image-12426\" src=\"https:\/\/toprisesafety.com\/wp-content\/uploads\/2025\/05\/rubber-traffic-cones-300x200.jpg\" alt=\"rubber traffic cones\" width=\"425\" height=\"283\" srcset=\"https:\/\/toprisesafety.com\/wp-content\/uploads\/2025\/05\/rubber-traffic-cones-300x200.jpg 300w, https:\/\/toprisesafety.com\/wp-content\/uploads\/2025\/05\/rubber-traffic-cones-1024x683.jpg 1024w, https:\/\/toprisesafety.com\/wp-content\/uploads\/2025\/05\/rubber-traffic-cones-768x512.jpg 768w, https:\/\/toprisesafety.com\/wp-content\/uploads\/2025\/05\/rubber-traffic-cones-600x400.jpg 600w, https:\/\/toprisesafety.com\/wp-content\/uploads\/2025\/05\/rubber-traffic-cones.jpg 1207w\" sizes=\"(max-width: 425px) 100vw, 425px\" \/><figcaption id=\"caption-attachment-12426\" class=\"wp-caption-text\">c\u00f4nes de signalisation en caoutchouc<\/figcaption><\/figure>\n<p>Diff\u00e9rentes tailles de c\u00f4nes de signalisation en caoutchouc :<\/p>\n<table>\n<tbody>\n<tr>\n<td width=\"82\"><strong><b>ART NO.<\/b><\/strong><\/td>\n<td width=\"117\"><strong><b>HAUTEUR\/CM<\/b><\/strong><\/td>\n<td width=\"267\"><strong><b>TAILLE DE LA BASE\/CM<\/b><\/strong><\/td>\n<td width=\"215\"><strong><b>POIDS\/CM<\/b><\/strong><\/td>\n<\/tr>\n<tr>\n<td width=\"82\">TCR50<\/td>\n<td width=\"117\">50 CM<\/td>\n<td width=\"267\">30\u00d730 CM<\/td>\n<td width=\"215\">1,0 KGS<\/td>\n<\/tr>\n<tr>\n<td width=\"82\">TCR62<\/td>\n<td width=\"117\">62 CM<\/td>\n<td width=\"267\">33\u00d733CM<\/td>\n<td width=\"215\">1,1 KGS<\/td>\n<\/tr>\n<tr>\n<td width=\"82\">TCR65<\/td>\n<td width=\"117\">65 CM<\/td>\n<td width=\"267\">34\u00d734CM<\/td>\n<td width=\"215\">1,50 KGS<\/td>\n<\/tr>\n<tr>\n<td width=\"82\">TCR68<\/td>\n<td width=\"117\">68 CM<\/td>\n<td width=\"267\">34\u00d734 CM<\/td>\n<td width=\"215\">1,50 KGS<\/td>\n<\/tr>\n<tr>\n<td width=\"82\">TCR70<\/td>\n<td width=\"117\">70 CM<\/td>\n<td width=\"267\">40\u00d740 CM ou 37\u00d737CM ou 33 \u00d733CM<\/td>\n<td width=\"215\">2,0\/3,0\/4,0 KGS<\/td>\n<\/tr>\n<tr>\n<td width=\"82\">TCR75<\/td>\n<td width=\"117\">75 CM<\/td>\n<td width=\"267\">40\u00d740 CM<\/td>\n<td width=\"215\">2,0\/3,0\/4,0 KGS<\/td>\n<\/tr>\n<tr>\n<td width=\"82\">TCR90<\/td>\n<td width=\"117\">90 CM<\/td>\n<td width=\"267\">46\u00d746 CM<\/td>\n<td width=\"215\">4.0 \/4.5 KGS<\/td>\n<\/tr>\n<\/tbody>\n<\/table>\n<p>TOPRISE prend en charge diff\u00e9rents styles de personnalisation des c\u00f4nes de signalisation ; cliquez pour <a href=\"https:\/\/toprisesafety.com\/fr\/categorie-produit\/road-safety-products\/traffic-cone\/\">voir d'autres mod\u00e8les de c\u00f4nes de signalisation.<\/a><\/p>\n<p>Si vous ne trouvez pas les c\u00f4nes de signalisation n\u00e9cessaires, <a href=\"https:\/\/toprisesafety.com\/fr\/contact-us\/\">nous contacter ;<\/a> nous offrons la possibilit\u00e9 d'une personnalisation sp\u00e9ciale.<\/p>","protected":false},"excerpt":{"rendered":"<p>Art No..: TCR75<\/p>\n<p>Mat\u00e9riau : CAOUTCHOUC<\/p>\n<p>Height: 75CM<\/p>\n<p>Base size:\u00a040\u00d740 CM<\/p>\n<p>Weight: 2.0\/3.0\/4.0 KGS<\/p>\n<p>MOQ : 500 PCS<\/p>","protected":false},"featured_media":12471,"template":"","meta":{"_acf_changed":false},"product_brand":[],"product_cat":[325,395],"product_tag":[],"class_list":{"0":"post-12467","1":"product","2":"type-product","3":"status-publish","4":"has-post-thumbnail","6":"product_cat-road-safety-products","7":"product_cat-traffic-cone","9":"first","10":"instock","11":"shipping-taxable","12":"product-type-simple"},"acf":[],"_links":{"self":[{"href":"https:\/\/toprisesafety.com\/fr\/wp-json\/wp\/v2\/product\/12467"}],"collection":[{"href":"https:\/\/toprisesafety.com\/fr\/wp-json\/wp\/v2\/product"}],"about":[{"href":"https:\/\/toprisesafety.com\/fr\/wp-json\/wp\/v2\/types\/product"}],"wp:featuredmedia":[{"embeddable":true,"href":"https:\/\/toprisesafety.com\/fr\/wp-json\/wp\/v2\/media\/12471"}],"wp:attachment":[{"href":"https:\/\/toprisesafety.com\/fr\/wp-json\/wp\/v2\/media?parent=12467"}],"wp:term":[{"taxonomy":"product_brand","embeddable":true,"href":"https:\/\/toprisesafety.com\/fr\/wp-json\/wp\/v2\/product_brand?post=12467"},{"taxonomy":"product_cat","embeddable":true,"href":"https:\/\/toprisesafety.com\/fr\/wp-json\/wp\/v2\/product_cat?post=12467"},{"taxonomy":"product_tag","embeddable":true,"href":"https:\/\/toprisesafety.com\/fr\/wp-json\/wp\/v2\/product_tag?post=12467"}],"curies":[{"name":"wp","href":"https:\/\/api.w.org\/{rel}","templated":true}]}}