{"id":12408,"date":"2025-05-13T07:57:16","date_gmt":"2025-05-13T07:57:16","guid":{"rendered":"https:\/\/toprisesafety.com\/?post_type=product&#038;p=12408"},"modified":"2025-05-21T03:16:14","modified_gmt":"2025-05-21T03:16:14","slug":"30-cm-collapsible-traffic-cone","status":"publish","type":"product","link":"https:\/\/toprisesafety.com\/fr\/produit\/30-cm-collapsible-traffic-cone\/","title":{"rendered":"C\u00f4ne de signalisation pliable 30 CM"},"content":{"rendered":"<h2>C\u00f4ne de signalisation pliable 30 CM<\/h2>\n<p><strong><b>C\u00f4nes de signalisation pliables Caract\u00e9ristiques<\/b><\/strong>:<\/p>\n<ul>\n<li>Conception pliable, pratique pour le stockage et le transport, et peu encombrante.<\/li>\n<li>Le mat\u00e9riau est souple, durable et r\u00e9sistant aux chocs, et peut s'adapter \u00e0 des environnements difficiles.<\/li>\n<li>Il est de petite taille apr\u00e8s pliage et convient au transport.<\/li>\n<li>La bande r\u00e9fl\u00e9chissante assure la visibilit\u00e9 de nuit et renforce la s\u00e9curit\u00e9 routi\u00e8re.<\/li>\n<li>Il est pratique \u00e0 utiliser, rapide \u00e0 mettre en place et permet de rappeler et de guider efficacement le trafic.<\/li>\n<li>La structure pliante \u00e9vite de prendre trop d'espace de stockage et convient \u00e0 une utilisation \u00e0 long terme.<\/li>\n<\/ul>\n<div style=\"width: 720px;\" class=\"wp-video\"><video class=\"wp-video-shortcode\" id=\"video-12408-1\" width=\"720\" height=\"1280\" preload=\"metadata\" controls=\"controls\"><source type=\"video\/mp4\" src=\"https:\/\/toprisesafety.com\/wp-content\/uploads\/2025\/05\/Collapsible-traffic-cone.mp4?_=1\" \/><a href=\"https:\/\/toprisesafety.com\/wp-content\/uploads\/2025\/05\/Collapsible-traffic-cone.mp4\">https:\/\/toprisesafety.com\/wp-content\/uploads\/2025\/05\/Collapsible-traffic-cone.mp4<\/a><\/video><\/div>\n<table>\n<tbody>\n<tr>\n<td width=\"284\">ART NO.<\/td>\n<td width=\"284\">CTC30<\/td>\n<\/tr>\n<tr>\n<td width=\"284\">MAT\u00c9RIAU<\/td>\n<td width=\"284\">Tissu Oxford + base PP<\/td>\n<\/tr>\n<tr>\n<td width=\"284\">Hauteur<\/td>\n<td width=\"284\">30 CM, 45\/70 CM au choix<\/td>\n<\/tr>\n<tr>\n<td width=\"284\">Taille de la base<\/td>\n<td width=\"284\">19\u00d719\u00d72.5 CM<\/td>\n<\/tr>\n<tr>\n<td width=\"284\">Poids<\/td>\n<td width=\"284\">0,23 KGS\/ PC<\/td>\n<\/tr>\n<tr>\n<td width=\"284\">MOQ<\/td>\n<td width=\"284\">500 PCS<\/td>\n<\/tr>\n<\/tbody>\n<\/table>\n<p>TOPRISE prend en charge diff\u00e9rents styles de personnalisation des c\u00f4nes de signalisation ; cliquez pour <a href=\"https:\/\/toprisesafety.com\/fr\/categorie-produit\/road-safety-products\/traffic-cone\/\">voir d'autres mod\u00e8les de c\u00f4nes de signalisation.<\/a><\/p>\n<p>Si vous ne trouvez pas les c\u00f4nes de signalisation n\u00e9cessaires, <a href=\"https:\/\/toprisesafety.com\/fr\/contact-us\/\">nous contacter ;<\/a> nous offrons la possibilit\u00e9 d'une personnalisation sp\u00e9ciale.<\/p>","protected":false},"excerpt":{"rendered":"<p>Art No : CTC30<\/p>\n<p>Mati\u00e8re : Tissu Oxford + base PP<\/p>\n<p>Hauteur : 30 CM<\/p>\n<p>Taille de la base : 19\u00d719\u00d72,5 CM<\/p>\n<p>Poids : 0,23 KGS\/ PC<\/p>\n<p>MOQ : 500 PCS<\/p>","protected":false},"featured_media":12410,"template":"","meta":{"_acf_changed":false},"product_brand":[],"product_cat":[395,325],"product_tag":[],"class_list":{"0":"post-12408","1":"product","2":"type-product","3":"status-publish","4":"has-post-thumbnail","6":"product_cat-traffic-cone","7":"product_cat-road-safety-products","9":"first","10":"instock","11":"shipping-taxable","12":"product-type-simple"},"acf":[],"_links":{"self":[{"href":"https:\/\/toprisesafety.com\/fr\/wp-json\/wp\/v2\/product\/12408","targetHints":{"allow":["GET"]}}],"collection":[{"href":"https:\/\/toprisesafety.com\/fr\/wp-json\/wp\/v2\/product"}],"about":[{"href":"https:\/\/toprisesafety.com\/fr\/wp-json\/wp\/v2\/types\/product"}],"wp:featuredmedia":[{"embeddable":true,"href":"https:\/\/toprisesafety.com\/fr\/wp-json\/wp\/v2\/media\/12410"}],"wp:attachment":[{"href":"https:\/\/toprisesafety.com\/fr\/wp-json\/wp\/v2\/media?parent=12408"}],"wp:term":[{"taxonomy":"product_brand","embeddable":true,"href":"https:\/\/toprisesafety.com\/fr\/wp-json\/wp\/v2\/product_brand?post=12408"},{"taxonomy":"product_cat","embeddable":true,"href":"https:\/\/toprisesafety.com\/fr\/wp-json\/wp\/v2\/product_cat?post=12408"},{"taxonomy":"product_tag","embeddable":true,"href":"https:\/\/toprisesafety.com\/fr\/wp-json\/wp\/v2\/product_tag?post=12408"}],"curies":[{"name":"wp","href":"https:\/\/api.w.org\/{rel}","templated":true}]}}