{"id":12407,"date":"2025-05-13T08:35:37","date_gmt":"2025-05-13T08:35:37","guid":{"rendered":"https:\/\/toprisesafety.com\/?post_type=product&#038;p=12407"},"modified":"2025-05-19T08:28:18","modified_gmt":"2025-05-19T08:28:18","slug":"uniform-vest-sweater","status":"publish","type":"product","link":"https:\/\/toprisesafety.com\/fr\/produit\/uniform-vest-sweater\/","title":{"rendered":"Pull gilet d'uniforme"},"content":{"rendered":"<h1>Pull gilet d'uniforme<\/h1>\n<p><strong>Pull gilet d'uniforme<b> Caract\u00e9ristiques<\/b><\/strong>:<\/p>\n<ul>\n<li>Le design est simple et \u00e9l\u00e9gant, adapt\u00e9 \u00e0 l'usage des agents de s\u00e9curit\u00e9 et d'autres professionnels, et d\u00e9gage une impression de professionnalisme.<\/li>\n<li>Possibilit\u00e9 de personnaliser les styles pour r\u00e9pondre \u00e0 des besoins diff\u00e9rents.<\/li>\n<li>Les clients peuvent personnaliser le LOGO pour am\u00e9liorer l'image de la marque.<\/li>\n<li>Offrir des options d'emballage personnalis\u00e9es pour faciliter la promotion personnalis\u00e9e par les entreprises.<\/li>\n<li>Tissu confortable, adapt\u00e9 au port \u00e0 long terme, avec une bonne respirabilit\u00e9.<\/li>\n<li>Conception ajustable, adapt\u00e9e \u00e0 diff\u00e9rents types de corps, rendant le port plus confortable.<\/li>\n<\/ul>\n<table>\n<tbody>\n<tr>\n<td width=\"284\">ART NO.<\/td>\n<td width=\"284\">SV01<\/td>\n<\/tr>\n<tr>\n<td width=\"284\">MAT\u00c9RIAU<\/td>\n<td width=\"284\">Laine, fibre acrylique ou sur mesure<\/td>\n<\/tr>\n<tr>\n<td width=\"284\">TAILLE<\/td>\n<td width=\"284\">S-XXXL<\/td>\n<\/tr>\n<tr>\n<td width=\"284\">COULEUR<\/td>\n<td width=\"284\">personnalis\u00e9<\/td>\n<\/tr>\n<tr>\n<td width=\"284\">LOGO<\/td>\n<td width=\"284\">Prise en charge du logo personnalis\u00e9<\/td>\n<\/tr>\n<tr>\n<td width=\"284\">MOQ<\/td>\n<td width=\"284\">1000 PCS<\/td>\n<\/tr>\n<\/tbody>\n<\/table>\n<p>TOPRISE prend en charge diff\u00e9rents styles de personnalisation des chandails d'uniforme ; cliquez pour<a href=\"https:\/\/toprisesafety.com\/fr\/categorie-produit\/personal-protective-equipment\/work-wear\/uniform-sweater\/\"> voir d'autres mod\u00e8les de pulls d'uniforme.<\/a><\/p>\n<p>Si vous ne trouvez pas votre chandail d'uniforme requis, <a href=\"https:\/\/toprisesafety.com\/fr\/contact-us\/\">nous contacter ;<\/a> nous offrons la possibilit\u00e9 d'une personnalisation sp\u00e9ciale.<\/p>","protected":false},"excerpt":{"rendered":"<p>Art No. SV01<\/p>\n<p>Mati\u00e8re : Laine, fibre acrylique ou sur mesure<\/p>\n<p>Taille : S-XXXL ou personnalis\u00e9e<\/p>\n<p>Couleur : personnalis\u00e9e.<\/p>\n<p>MOQ : 1000 PCS<\/p>","protected":false},"featured_media":12412,"template":"","meta":{"_acf_changed":false},"product_brand":[],"product_cat":[396,320,330],"product_tag":[],"class_list":{"0":"post-12407","1":"product","2":"type-product","3":"status-publish","4":"has-post-thumbnail","6":"product_cat-military-sweater","7":"product_cat-personal-protective-equipment","8":"product_cat-work-wear","10":"first","11":"instock","12":"shipping-taxable","13":"product-type-simple"},"acf":[],"_links":{"self":[{"href":"https:\/\/toprisesafety.com\/fr\/wp-json\/wp\/v2\/product\/12407"}],"collection":[{"href":"https:\/\/toprisesafety.com\/fr\/wp-json\/wp\/v2\/product"}],"about":[{"href":"https:\/\/toprisesafety.com\/fr\/wp-json\/wp\/v2\/types\/product"}],"wp:featuredmedia":[{"embeddable":true,"href":"https:\/\/toprisesafety.com\/fr\/wp-json\/wp\/v2\/media\/12412"}],"wp:attachment":[{"href":"https:\/\/toprisesafety.com\/fr\/wp-json\/wp\/v2\/media?parent=12407"}],"wp:term":[{"taxonomy":"product_brand","embeddable":true,"href":"https:\/\/toprisesafety.com\/fr\/wp-json\/wp\/v2\/product_brand?post=12407"},{"taxonomy":"product_cat","embeddable":true,"href":"https:\/\/toprisesafety.com\/fr\/wp-json\/wp\/v2\/product_cat?post=12407"},{"taxonomy":"product_tag","embeddable":true,"href":"https:\/\/toprisesafety.com\/fr\/wp-json\/wp\/v2\/product_tag?post=12407"}],"curies":[{"name":"wp","href":"https:\/\/api.w.org\/{rel}","templated":true}]}}