{"id":12370,"date":"2025-05-13T04:28:43","date_gmt":"2025-05-13T04:28:43","guid":{"rendered":"https:\/\/toprisesafety.com\/?post_type=product&#038;p=12370"},"modified":"2025-05-21T03:21:46","modified_gmt":"2025-05-21T03:21:46","slug":"50-cm-orange-traffic-cones","status":"publish","type":"product","link":"https:\/\/toprisesafety.com\/fr\/produit\/50-cm-orange-traffic-cones\/","title":{"rendered":"C\u00f4nes de signalisation orange 50 CM"},"content":{"rendered":"<h2>50 CM Orange\u00a0Traffic Cones<\/h2>\n<p>Les c\u00f4nes routiers en PVC sont produits par moulage par injection. Le PVC souple est form\u00e9 d'une seule pi\u00e8ce. Il pr\u00e9sente des couleurs vives, une bonne souplesse, ne se d\u00e9colore pas facilement, n'est pas endommag\u00e9 par le passage des voitures, a une longue dur\u00e9e de vie et r\u00e9siste bien aux intemp\u00e9ries. C'est pr\u00e9cis\u00e9ment parce que les c\u00f4nes de signalisation en PVC pr\u00e9sentent ces excellentes caract\u00e9ristiques qu'ils sont d\u00e9sign\u00e9s comme c\u00f4nes de signalisation pour une utilisation s\u00fbre sur les routes d'Europe et d'Am\u00e9rique.<\/p>\n<p>C\u00f4nes de signalisation en PVC Caract\u00e9ristiques :<\/p>\n<ul>\n<li>Il a une bonne flexibilit\u00e9 et peut r\u00e9sister au roulement des voitures et \u00e0 l'impact d'objets durs sans \u00eatre endommag\u00e9.<\/li>\n<li>Il pr\u00e9sente l'avantage de r\u00e9sister \u00e0 l'exposition au soleil, au vent et \u00e0 la pluie, \u00e0 la chaleur et au froid, de ne pas se fissurer et de ne pas se d\u00e9colorer.<\/li>\n<li>Les couleurs blanches et rouges altern\u00e9es attirent l'attention et peuvent refl\u00e9ter une lumi\u00e8re \u00e9blouissante la nuit, ce qui permet au conducteur d'y voir clair d'un seul coup d'\u0153il.<\/li>\n<\/ul>\n<p>Application : Il est utilis\u00e9 dans les voies d'intersection urbaines, l'entretien des voies rapides, les h\u00f4tels, les zones r\u00e9sidentielles, les sites sportifs, les zones dangereuses, les sections de construction routi\u00e8re, etc.<\/p>\n<div style=\"width: 720px;\" class=\"wp-video\"><!--[if lt IE 9]><script>document.createElement('video');<\/script><![endif]-->\n<video class=\"wp-video-shortcode\" id=\"video-12370-1\" width=\"720\" height=\"1280\" preload=\"metadata\" controls=\"controls\"><source type=\"video\/mp4\" src=\"https:\/\/toprisesafety.com\/wp-content\/uploads\/2025\/05\/50CM-RED-PVC-CONES.mp4?_=1\" \/><a href=\"https:\/\/toprisesafety.com\/wp-content\/uploads\/2025\/05\/50CM-RED-PVC-CONES.mp4\">https:\/\/toprisesafety.com\/wp-content\/uploads\/2025\/05\/50CM-RED-PVC-CONES.mp4<\/a><\/video><\/div>\n<table>\n<tbody>\n<tr>\n<td width=\"284\">ART NO.<\/td>\n<td width=\"284\">TCP50<\/td>\n<\/tr>\n<tr>\n<td width=\"284\">MAT\u00c9RIAU<\/td>\n<td width=\"284\">PVC<\/td>\n<\/tr>\n<tr>\n<td width=\"284\">Hauteur<\/td>\n<td width=\"284\">50\u00a0CM, 28\/30\/42\/45\/47\/66\/70\/90 CM for choice<\/td>\n<\/tr>\n<tr>\n<td width=\"284\">Taille de la base<\/td>\n<td width=\"284\">28\u00d728 CM<\/td>\n<\/tr>\n<tr>\n<td width=\"284\">Poids<\/td>\n<td width=\"284\">1.10\u00a0KG\/PC<\/td>\n<\/tr>\n<tr>\n<td width=\"284\">BANDE R\u00c9FL\u00c9CHISSANTE<\/td>\n<td width=\"284\">10\u00a0+ 10 \u00a0CM<\/td>\n<\/tr>\n<tr>\n<td width=\"284\">MOQ<\/td>\n<td width=\"284\">500 PCS<\/td>\n<\/tr>\n<\/tbody>\n<\/table>\n<figure id=\"attachment_12358\" aria-describedby=\"caption-attachment-12358\" style=\"width: 502px\" class=\"wp-caption alignnone\"><img fetchpriority=\"high\" decoding=\"async\" class=\"wp-image-12358\" src=\"https:\/\/toprisesafety.com\/wp-content\/uploads\/2025\/05\/PVC-TRAFFIC-CONES-300x162.png\" alt=\"PVC TRAFFIC CONES\" width=\"502\" height=\"271\" srcset=\"https:\/\/toprisesafety.com\/wp-content\/uploads\/2025\/05\/PVC-TRAFFIC-CONES-300x162.png 300w, https:\/\/toprisesafety.com\/wp-content\/uploads\/2025\/05\/PVC-TRAFFIC-CONES-768x415.png 768w, https:\/\/toprisesafety.com\/wp-content\/uploads\/2025\/05\/PVC-TRAFFIC-CONES-600x325.png 600w, https:\/\/toprisesafety.com\/wp-content\/uploads\/2025\/05\/PVC-TRAFFIC-CONES.png 782w\" sizes=\"(max-width: 502px) 100vw, 502px\" \/><figcaption id=\"caption-attachment-12358\" class=\"wp-caption-text\">C\u00d4NES DE SIGNALISATION EN PVC<\/figcaption><\/figure>\n<p>Diff\u00e9rentes tailles de c\u00f4nes de signalisation en PVC orang pour le choix :<\/p>\n<table>\n<tbody>\n<tr>\n<td width=\"82\"><strong><b>ART NO.<\/b><\/strong><\/td>\n<td width=\"117\"><strong><b>HAUTEUR\/CM<\/b><\/strong><\/td>\n<td width=\"141\"><strong><b>TAILLE DE LA BASE\/CM<\/b><\/strong><\/td>\n<td width=\"198\"><strong><b>TAILLE DE R\u00c9FLEXION \/CM<\/b><\/strong><\/td>\n<td width=\"136\"><strong><b>POIDS\/CM<\/b><\/strong><\/td>\n<\/tr>\n<tr>\n<td width=\"82\">TCP28<\/td>\n<td width=\"117\">28 CM<\/td>\n<td width=\"141\">21\u00d721 CM<\/td>\n<td width=\"198\">10 CM<\/td>\n<td width=\"136\">0,40 KGS<\/td>\n<\/tr>\n<tr>\n<td width=\"82\">TCP30<\/td>\n<td width=\"117\">30 CM<\/td>\n<td width=\"141\">21\u00d721 CM<\/td>\n<td width=\"198\">10 CM<\/td>\n<td width=\"136\">0,50 KGS<\/td>\n<\/tr>\n<tr>\n<td width=\"82\">TCP42<\/td>\n<td width=\"117\">42 CM<\/td>\n<td width=\"141\">27\u00d727 CM<\/td>\n<td width=\"198\">10 CM<\/td>\n<td width=\"136\">0,85 KGS<\/td>\n<\/tr>\n<tr>\n<td width=\"82\">TCP45<\/td>\n<td width=\"117\">45 CM<\/td>\n<td width=\"141\">28\u00d728 CM<\/td>\n<td width=\"198\">10 CM<\/td>\n<td width=\"136\">0,90\/1,1 KGS<\/td>\n<\/tr>\n<tr>\n<td width=\"82\">TCP47<\/td>\n<td width=\"117\">47 CM<\/td>\n<td width=\"141\">30\u00d730 CM<\/td>\n<td width=\"198\">10 + 10 CM<\/td>\n<td width=\"136\">0,90 KGS<\/td>\n<\/tr>\n<tr>\n<td width=\"82\">TCP50<\/td>\n<td width=\"117\">50 CM<\/td>\n<td width=\"141\">28\u00d728 CM<\/td>\n<td width=\"198\">10 + 10 CM<\/td>\n<td width=\"136\">1,10 KGS\/ PC<\/td>\n<\/tr>\n<tr>\n<td width=\"82\">TCP66<\/td>\n<td width=\"117\">66 CM<\/td>\n<td width=\"141\">33 \u00d7 33 CM<\/td>\n<td width=\"198\">10+15 CM<\/td>\n<td width=\"136\">1,55 KGS\/ PC<\/td>\n<\/tr>\n<tr>\n<td width=\"82\">TCP70<\/td>\n<td width=\"117\">70 CM<\/td>\n<td width=\"141\">34 \u00d7 34 CM<\/td>\n<td width=\"198\">10+15 CM<\/td>\n<td width=\"136\">1.80\/2.0\/2.30 KGS\/ PC<\/td>\n<\/tr>\n<tr>\n<td width=\"82\">TCP90<\/td>\n<td width=\"117\">90 CM<\/td>\n<td width=\"141\">37 \u00d7 37 CM<\/td>\n<td width=\"198\">10+15 CM<\/td>\n<td width=\"136\">3.0\/4.5 KGS\/ PC<\/td>\n<\/tr>\n<\/tbody>\n<\/table>\n<p>TOPRISE prend en charge diff\u00e9rents styles de personnalisation des c\u00f4nes de signalisation ; cliquez pour <a href=\"https:\/\/toprisesafety.com\/fr\/categorie-produit\/road-safety-products\/traffic-cone\/\">voir d'autres mod\u00e8les de c\u00f4nes de signalisation.<\/a><\/p>\n<p>Si vous ne trouvez pas les c\u00f4nes de signalisation n\u00e9cessaires, <a href=\"https:\/\/toprisesafety.com\/fr\/contact-us\/\">nous contacter ;<\/a> nous offrons la possibilit\u00e9 d'une personnalisation sp\u00e9ciale.<\/p>","protected":false},"excerpt":{"rendered":"<p>Art No..:\u00a0TCP50<\/p>\n<p>Mat\u00e9riau : PVC<\/p>\n<p>Height: 50\u00a0CM<\/p>\n<p>Base size: 28 \u00d728\u00a0CM<\/p>\n<p>Weight: 1.10 KGS\/ PC<\/p>\n<p>Reflective tape size: 10+10 CM<\/p>\n<p>MOQ : 500 PCS<\/p>","protected":false},"featured_media":12372,"template":"","meta":{"_acf_changed":false},"product_brand":[],"product_cat":[395,325],"product_tag":[],"class_list":{"0":"post-12370","1":"product","2":"type-product","3":"status-publish","4":"has-post-thumbnail","6":"product_cat-traffic-cone","7":"product_cat-road-safety-products","9":"first","10":"instock","11":"shipping-taxable","12":"product-type-simple"},"acf":[],"_links":{"self":[{"href":"https:\/\/toprisesafety.com\/fr\/wp-json\/wp\/v2\/product\/12370"}],"collection":[{"href":"https:\/\/toprisesafety.com\/fr\/wp-json\/wp\/v2\/product"}],"about":[{"href":"https:\/\/toprisesafety.com\/fr\/wp-json\/wp\/v2\/types\/product"}],"wp:featuredmedia":[{"embeddable":true,"href":"https:\/\/toprisesafety.com\/fr\/wp-json\/wp\/v2\/media\/12372"}],"wp:attachment":[{"href":"https:\/\/toprisesafety.com\/fr\/wp-json\/wp\/v2\/media?parent=12370"}],"wp:term":[{"taxonomy":"product_brand","embeddable":true,"href":"https:\/\/toprisesafety.com\/fr\/wp-json\/wp\/v2\/product_brand?post=12370"},{"taxonomy":"product_cat","embeddable":true,"href":"https:\/\/toprisesafety.com\/fr\/wp-json\/wp\/v2\/product_cat?post=12370"},{"taxonomy":"product_tag","embeddable":true,"href":"https:\/\/toprisesafety.com\/fr\/wp-json\/wp\/v2\/product_tag?post=12370"}],"curies":[{"name":"wp","href":"https:\/\/api.w.org\/{rel}","templated":true}]}}