{"id":12338,"date":"2025-05-13T02:42:34","date_gmt":"2025-05-13T02:42:34","guid":{"rendered":"https:\/\/toprisesafety.com\/?post_type=product&#038;p=12338"},"modified":"2025-05-21T03:25:56","modified_gmt":"2025-05-21T03:25:56","slug":"45cm-pvc-traffic-cones","status":"publish","type":"product","link":"https:\/\/toprisesafety.com\/fr\/produit\/45cm-pvc-traffic-cones\/","title":{"rendered":"C\u00f4nes de signalisation en PVC 45CM"},"content":{"rendered":"<h2>C\u00f4nes de signalisation en PVC 45CM<\/h2>\n<p>Les c\u00f4nes routiers en PVC sont produits par moulage par injection. Le PVC souple est form\u00e9 d'une seule pi\u00e8ce. Il pr\u00e9sente des couleurs vives, une bonne souplesse, ne se d\u00e9colore pas facilement, n'est pas endommag\u00e9 par le passage des voitures, a une longue dur\u00e9e de vie et r\u00e9siste bien aux intemp\u00e9ries. C'est pr\u00e9cis\u00e9ment parce que les c\u00f4nes de signalisation en PVC pr\u00e9sentent ces excellentes caract\u00e9ristiques qu'ils sont d\u00e9sign\u00e9s comme c\u00f4nes de signalisation pour une utilisation s\u00fbre sur les routes d'Europe et d'Am\u00e9rique.<\/p>\n<p>C\u00f4nes de signalisation en PVC Caract\u00e9ristiques :<\/p>\n<ul>\n<li>Il a une bonne flexibilit\u00e9 et peut r\u00e9sister au roulement des voitures et \u00e0 l'impact d'objets durs sans \u00eatre endommag\u00e9.<\/li>\n<li>Il pr\u00e9sente l'avantage de r\u00e9sister \u00e0 l'exposition au soleil, au vent et \u00e0 la pluie, \u00e0 la chaleur et au froid, de ne pas se fissurer et de ne pas se d\u00e9colorer.<\/li>\n<li>Les couleurs blanches et rouges altern\u00e9es attirent l'attention et peuvent refl\u00e9ter une lumi\u00e8re \u00e9blouissante la nuit, ce qui permet au conducteur d'y voir clair d'un seul coup d'\u0153il.<\/li>\n<\/ul>\n<p>Application : Il est utilis\u00e9 dans les voies d'intersection urbaines, l'entretien des voies rapides, les h\u00f4tels, les zones r\u00e9sidentielles, les sites sportifs, les zones dangereuses, les sections de construction routi\u00e8re, etc.<\/p>\n<div style=\"width: 720px;\" class=\"wp-video\"><!--[if lt IE 9]><script>document.createElement('video');<\/script><![endif]-->\n<video class=\"wp-video-shortcode\" id=\"video-12338-1\" width=\"720\" height=\"1280\" preload=\"metadata\" controls=\"controls\"><source type=\"video\/mp4\" src=\"https:\/\/toprisesafety.com\/wp-content\/uploads\/2025\/05\/45CM-CONE.mp4?_=1\" \/><a href=\"https:\/\/toprisesafety.com\/wp-content\/uploads\/2025\/05\/45CM-CONE.mp4\">https:\/\/toprisesafety.com\/wp-content\/uploads\/2025\/05\/45CM-CONE.mp4<\/a><\/video><\/div>\n<table>\n<tbody>\n<tr>\n<td width=\"284\">ART NO.<\/td>\n<td width=\"284\">TCRB-45<\/td>\n<\/tr>\n<tr>\n<td width=\"284\">MAT\u00c9RIAU<\/td>\n<td width=\"284\">PVC<\/td>\n<\/tr>\n<tr>\n<td width=\"284\">Hauteur<\/td>\n<td width=\"284\">45 CM, 30\/70\/75\/90 CM au choix<\/td>\n<\/tr>\n<tr>\n<td width=\"284\">Taille de la base<\/td>\n<td width=\"284\">28*28 CM<\/td>\n<\/tr>\n<tr>\n<td width=\"284\">Poids<\/td>\n<td width=\"284\">1,3 KG\/PC ou 1,6 KG\/ PC au choix<\/td>\n<\/tr>\n<tr>\n<td width=\"284\">BANDE R\u00c9FL\u00c9CHISSANTE<\/td>\n<td width=\"284\">10 CM<\/td>\n<\/tr>\n<tr>\n<td width=\"284\">Couleur<\/td>\n<td width=\"284\">Orange\/noir<\/td>\n<\/tr>\n<tr>\n<td width=\"284\">MOQ<\/td>\n<td width=\"284\">500 PCS<\/td>\n<\/tr>\n<\/tbody>\n<\/table>\n<figure id=\"attachment_12333\" aria-describedby=\"caption-attachment-12333\" style=\"width: 300px\" class=\"wp-caption alignnone\"><img fetchpriority=\"high\" decoding=\"async\" class=\"size-medium wp-image-12333\" src=\"https:\/\/toprisesafety.com\/wp-content\/uploads\/2025\/05\/PVC-TRAFFIC-CONE--300x300.png\" alt=\"PVC TRAFFIC CONE\" width=\"300\" height=\"300\" srcset=\"https:\/\/toprisesafety.com\/wp-content\/uploads\/2025\/05\/PVC-TRAFFIC-CONE--300x300.png 300w, https:\/\/toprisesafety.com\/wp-content\/uploads\/2025\/05\/PVC-TRAFFIC-CONE--150x150.png 150w, https:\/\/toprisesafety.com\/wp-content\/uploads\/2025\/05\/PVC-TRAFFIC-CONE--768x768.png 768w, https:\/\/toprisesafety.com\/wp-content\/uploads\/2025\/05\/PVC-TRAFFIC-CONE--600x600.png 600w, https:\/\/toprisesafety.com\/wp-content\/uploads\/2025\/05\/PVC-TRAFFIC-CONE--100x100.png 100w, https:\/\/toprisesafety.com\/wp-content\/uploads\/2025\/05\/PVC-TRAFFIC-CONE-.png 800w\" sizes=\"(max-width: 300px) 100vw, 300px\" \/><figcaption id=\"caption-attachment-12333\" class=\"wp-caption-text\">C\u00d4NE DE CIRCULATION EN PVC<\/figcaption><\/figure>\n<p>Diff\u00e9rentes tailles de c\u00f4nes de signalisation en PVC orange\/noir :<\/p>\n<table>\n<tbody>\n<tr>\n<td width=\"82\"><strong><b>ART NO.<\/b><\/strong><\/td>\n<td width=\"117\"><strong><b>HAUTEUR\/CM<\/b><\/strong><\/td>\n<td width=\"141\"><strong><b>TAILLE DE LA BASE\/CM<\/b><\/strong><\/td>\n<td width=\"198\"><strong><b>TAILLE DE R\u00c9FLEXION \/CM<\/b><\/strong><\/td>\n<td width=\"136\"><strong><b>POIDS\/CM<\/b><\/strong><\/td>\n<\/tr>\n<tr>\n<td width=\"82\">TCRB-30<\/td>\n<td width=\"117\">30 CM<\/td>\n<td width=\"141\">22\u00d722CM<\/td>\n<td width=\"198\">10 CM<\/td>\n<td width=\"136\">1 KGS<\/td>\n<\/tr>\n<tr>\n<td width=\"82\">TCRB-45<\/td>\n<td width=\"117\">45 CM<\/td>\n<td width=\"141\">28\u00d728 CM<\/td>\n<td width=\"198\">10 CM<\/td>\n<td width=\"136\">1,3 \/1,6 KGS<\/td>\n<\/tr>\n<tr>\n<td width=\"82\">TCRB-70<\/td>\n<td width=\"117\">70 CM<\/td>\n<td width=\"141\">36\u00d736 CM<\/td>\n<td width=\"198\">15+10 CM<\/td>\n<td width=\"136\">2,3\/3,2 KGS<\/td>\n<\/tr>\n<tr>\n<td width=\"82\">TCRB-75<\/td>\n<td width=\"117\">75 CM<\/td>\n<td width=\"141\">36\u00d736 CM<\/td>\n<td width=\"198\">15 + 10 CM<\/td>\n<td width=\"136\">3.2 KGS<\/td>\n<\/tr>\n<tr>\n<td width=\"82\">TCRB-90<\/td>\n<td width=\"117\">90 CM<\/td>\n<td width=\"141\">36\u00d736 CM<\/td>\n<td width=\"198\">15 + 10 CM<\/td>\n<td width=\"136\">3,4\/4,1\/4,3 KGS<\/td>\n<\/tr>\n<\/tbody>\n<\/table>\n<p>TOPRISE prend en charge diff\u00e9rents styles de personnalisation des c\u00f4nes de signalisation ; cliquez pour <a href=\"https:\/\/toprisesafety.com\/fr\/categorie-produit\/road-safety-products\/traffic-cone\/\">voir d'autres mod\u00e8les de c\u00f4nes de signalisation.<\/a><\/p>\n<p>Si vous ne trouvez pas les c\u00f4nes de signalisation n\u00e9cessaires, <a href=\"https:\/\/toprisesafety.com\/fr\/contact-us\/\">nous contacter ;<\/a> nous offrons la possibilit\u00e9 d'une personnalisation sp\u00e9ciale.<\/p>","protected":false},"excerpt":{"rendered":"<p>N\u00b0 d'art : TCRB-45<\/p>\n<p>Mat\u00e9riau : PVC<\/p>\n<p>Hauteur : 30 CM<\/p>\n<p>Taille de la base : 28*28 CM<\/p>\n<p>Poids : 1,3 KG\/PC ou 1,6 KG\/PC au choix<\/p>\n<p>Taille de la bande r\u00e9fl\u00e9chissante : 10 CM<\/p>\n<p>Couleur : orange\/noir<\/p>\n<p>MOQ : 500 PCS<\/p>","protected":false},"featured_media":12340,"template":"","meta":{"_acf_changed":false},"product_brand":[],"product_cat":[395,325],"product_tag":[],"class_list":{"0":"post-12338","1":"product","2":"type-product","3":"status-publish","4":"has-post-thumbnail","6":"product_cat-traffic-cone","7":"product_cat-road-safety-products","9":"first","10":"instock","11":"shipping-taxable","12":"product-type-simple"},"acf":[],"_links":{"self":[{"href":"https:\/\/toprisesafety.com\/fr\/wp-json\/wp\/v2\/product\/12338"}],"collection":[{"href":"https:\/\/toprisesafety.com\/fr\/wp-json\/wp\/v2\/product"}],"about":[{"href":"https:\/\/toprisesafety.com\/fr\/wp-json\/wp\/v2\/types\/product"}],"wp:featuredmedia":[{"embeddable":true,"href":"https:\/\/toprisesafety.com\/fr\/wp-json\/wp\/v2\/media\/12340"}],"wp:attachment":[{"href":"https:\/\/toprisesafety.com\/fr\/wp-json\/wp\/v2\/media?parent=12338"}],"wp:term":[{"taxonomy":"product_brand","embeddable":true,"href":"https:\/\/toprisesafety.com\/fr\/wp-json\/wp\/v2\/product_brand?post=12338"},{"taxonomy":"product_cat","embeddable":true,"href":"https:\/\/toprisesafety.com\/fr\/wp-json\/wp\/v2\/product_cat?post=12338"},{"taxonomy":"product_tag","embeddable":true,"href":"https:\/\/toprisesafety.com\/fr\/wp-json\/wp\/v2\/product_tag?post=12338"}],"curies":[{"name":"wp","href":"https:\/\/api.w.org\/{rel}","templated":true}]}}