{"id":12319,"date":"2025-05-12T08:18:03","date_gmt":"2025-05-12T08:18:03","guid":{"rendered":"https:\/\/toprisesafety.com\/?post_type=product&#038;p=12319"},"modified":"2025-05-21T03:32:47","modified_gmt":"2025-05-21T03:32:47","slug":"pe-traffic-cone-3","status":"publish","type":"product","link":"https:\/\/toprisesafety.com\/fr\/produit\/pe-traffic-cone-3\/","title":{"rendered":"C\u00f4ne de circulation PE 75 CM"},"content":{"rendered":"<h2>C\u00f4ne de circulation PE 75 CM<\/h2>\n<p>75 CM PE c\u00f4ne de circulation caract\u00e9ristiques :<\/p>\n<ul>\n<li>Les c\u00f4nes routiers en plastique sont fabriqu\u00e9s \u00e0 partir d'un tout nouveau mat\u00e9riau PE, int\u00e9grant la robustesse du plastique. Ils r\u00e9sistent au vieillissement, \u00e0 la pression et aux chutes et sont l\u00e9gers et durables. Lorsqu'ils sont associ\u00e9s \u00e0 des mat\u00e9riaux hautement r\u00e9fl\u00e9chissants, l'effet r\u00e9fl\u00e9chissant est excellent.<\/li>\n<li>Il a une bonne flexibilit\u00e9 et peut r\u00e9sister au roulement des voitures et \u00e0 l'impact d'objets durs sans \u00eatre endommag\u00e9.<\/li>\n<li>Il pr\u00e9sente l'avantage de r\u00e9sister \u00e0 l'exposition au soleil, au vent et \u00e0 la pluie, \u00e0 la chaleur et au froid, de ne pas se fissurer et d'offrir une protection contre les UV.<\/li>\n<li>Les couleurs blanches et rouges altern\u00e9es attirent l'attention et peuvent refl\u00e9ter une lumi\u00e8re \u00e9blouissante la nuit, ce qui permet au conducteur d'y voir clair d'un seul coup d'\u0153il.<\/li>\n<\/ul>\n<p>Application de c\u00f4nes de signalisation :<\/p>\n<p>Il est utilis\u00e9 dans les voies d'intersection urbaines, l'entretien des voies rapides, les h\u00f4tels, les zones r\u00e9sidentielles, les sites sportifs, les zones dangereuses, les sections de construction routi\u00e8re, etc.<\/p>\n<table>\n<tbody>\n<tr>\n<td width=\"284\">ART NO.<\/td>\n<td width=\"284\">TC75PE<\/td>\n<\/tr>\n<tr>\n<td width=\"284\">MAT\u00c9RIAU<\/td>\n<td width=\"284\">PE+ caoutchouc<\/td>\n<\/tr>\n<tr>\n<td width=\"284\">Hauteur<\/td>\n<td width=\"284\">75 CM, 50\/100 CM au choix<\/td>\n<\/tr>\n<tr>\n<td width=\"284\">Taille de la base<\/td>\n<td width=\"284\">38*38 CM<\/td>\n<\/tr>\n<tr>\n<td width=\"284\">Poids<\/td>\n<td width=\"284\">2,5 KG\/PC<\/td>\n<\/tr>\n<tr>\n<td width=\"284\">BANDE R\u00c9FL\u00c9CHISSANTE<\/td>\n<td width=\"284\">22 CM<\/td>\n<\/tr>\n<tr>\n<td width=\"284\">COULEUR<\/td>\n<td width=\"284\">ROUGE\/NOIR<\/td>\n<\/tr>\n<tr>\n<td width=\"284\">20GP QT\u00c9<\/td>\n<td width=\"284\">5700 PCS<\/td>\n<\/tr>\n<tr>\n<td width=\"284\">MOQ<\/td>\n<td width=\"284\">500 PCS<\/td>\n<\/tr>\n<\/tbody>\n<\/table>\n<p><img fetchpriority=\"high\" decoding=\"async\" class=\"alignnone wp-image-12327\" src=\"https:\/\/toprisesafety.com\/wp-content\/uploads\/2025\/05\/PE-TRAFFIC-CONE-4-300x300.png\" alt=\"\" width=\"577\" height=\"577\" srcset=\"https:\/\/toprisesafety.com\/wp-content\/uploads\/2025\/05\/PE-TRAFFIC-CONE-4-300x300.png 300w, https:\/\/toprisesafety.com\/wp-content\/uploads\/2025\/05\/PE-TRAFFIC-CONE-4-1024x1024.png 1024w, https:\/\/toprisesafety.com\/wp-content\/uploads\/2025\/05\/PE-TRAFFIC-CONE-4-150x150.png 150w, https:\/\/toprisesafety.com\/wp-content\/uploads\/2025\/05\/PE-TRAFFIC-CONE-4-768x768.png 768w, https:\/\/toprisesafety.com\/wp-content\/uploads\/2025\/05\/PE-TRAFFIC-CONE-4-1536x1536.png 1536w, https:\/\/toprisesafety.com\/wp-content\/uploads\/2025\/05\/PE-TRAFFIC-CONE-4-2048x2048.png 2048w, https:\/\/toprisesafety.com\/wp-content\/uploads\/2025\/05\/PE-TRAFFIC-CONE-4-600x600.png 600w, https:\/\/toprisesafety.com\/wp-content\/uploads\/2025\/05\/PE-TRAFFIC-CONE-4-100x100.png 100w\" sizes=\"(max-width: 577px) 100vw, 577px\" \/><\/p>\n<table>\n<tbody>\n<tr>\n<td width=\"81\"><strong><b>ART NO.<\/b><\/strong><\/td>\n<td width=\"103\"><strong><b>HAUTEUR \/CM<\/b><\/strong><\/td>\n<td width=\"127\"><strong><b>TAILLE DE LA BASE \/CM<\/b><\/strong><\/td>\n<td width=\"174\"><strong><b>TAILLE DE R\u00c9FLEXION \/CM<\/b><\/strong><\/td>\n<td width=\"125\"><strong><b>POIDS\/KGS<\/b><\/strong><\/td>\n<\/tr>\n<tr>\n<td width=\"81\">TC50PE<\/td>\n<td width=\"103\">50<\/td>\n<td width=\"127\">28\u00d728<\/td>\n<td width=\"174\">11<\/td>\n<td width=\"125\">1.5<\/td>\n<\/tr>\n<tr>\n<td width=\"81\">TC75PE<\/td>\n<td width=\"103\">75<\/td>\n<td width=\"127\">38\u00d738<\/td>\n<td width=\"174\">22<\/td>\n<td width=\"125\">2.5<\/td>\n<\/tr>\n<tr>\n<td width=\"81\">TC100PE<\/td>\n<td width=\"103\">100<\/td>\n<td width=\"127\">49\u00d749<\/td>\n<td width=\"174\">32<\/td>\n<td width=\"125\">5.0<\/td>\n<\/tr>\n<\/tbody>\n<\/table>\n<p>TOPRISE prend en charge diff\u00e9rents styles de personnalisation des c\u00f4nes de signalisation ; cliquez pour <a href=\"https:\/\/toprisesafety.com\/fr\/categorie-produit\/road-safety-products\/traffic-cone\/\">voir d'autres mod\u00e8les de c\u00f4nes de signalisation.<\/a><\/p>\n<p>Si vous ne trouvez pas les c\u00f4nes de signalisation n\u00e9cessaires, <a href=\"https:\/\/toprisesafety.com\/fr\/contact-us\/\">nous contacter ;<\/a> nous offrons la possibilit\u00e9 d'une personnalisation sp\u00e9ciale.<\/p>","protected":false},"excerpt":{"rendered":"<p>No. d'art : TC75PE<\/p>\n<p>Mat\u00e9riau : PE+RUBBER<\/p>\n<p>Hauteur : 70 CM<\/p>\n<p>Taille de la base : 38*38 CM<\/p>\n<p>Poids : 2,5 KGS\/ PC<\/p>\n<p>Taille de la bande r\u00e9fl\u00e9chissante : 22 CM<\/p>\n<p>MOQ : 500 PCS<\/p>","protected":false},"featured_media":12321,"template":"","meta":{"_acf_changed":false},"product_brand":[],"product_cat":[395,325],"product_tag":[],"class_list":{"0":"post-12319","1":"product","2":"type-product","3":"status-publish","4":"has-post-thumbnail","6":"product_cat-traffic-cone","7":"product_cat-road-safety-products","9":"first","10":"instock","11":"shipping-taxable","12":"product-type-simple"},"acf":[],"_links":{"self":[{"href":"https:\/\/toprisesafety.com\/fr\/wp-json\/wp\/v2\/product\/12319","targetHints":{"allow":["GET"]}}],"collection":[{"href":"https:\/\/toprisesafety.com\/fr\/wp-json\/wp\/v2\/product"}],"about":[{"href":"https:\/\/toprisesafety.com\/fr\/wp-json\/wp\/v2\/types\/product"}],"wp:featuredmedia":[{"embeddable":true,"href":"https:\/\/toprisesafety.com\/fr\/wp-json\/wp\/v2\/media\/12321"}],"wp:attachment":[{"href":"https:\/\/toprisesafety.com\/fr\/wp-json\/wp\/v2\/media?parent=12319"}],"wp:term":[{"taxonomy":"product_brand","embeddable":true,"href":"https:\/\/toprisesafety.com\/fr\/wp-json\/wp\/v2\/product_brand?post=12319"},{"taxonomy":"product_cat","embeddable":true,"href":"https:\/\/toprisesafety.com\/fr\/wp-json\/wp\/v2\/product_cat?post=12319"},{"taxonomy":"product_tag","embeddable":true,"href":"https:\/\/toprisesafety.com\/fr\/wp-json\/wp\/v2\/product_tag?post=12319"}],"curies":[{"name":"wp","href":"https:\/\/api.w.org\/{rel}","templated":true}]}}