{"id":12316,"date":"2025-05-12T08:12:41","date_gmt":"2025-05-12T08:12:41","guid":{"rendered":"https:\/\/toprisesafety.com\/?post_type=product&#038;p=12316"},"modified":"2025-05-21T03:32:59","modified_gmt":"2025-05-21T03:32:59","slug":"pe-traffic-cone-2","status":"publish","type":"product","link":"https:\/\/toprisesafety.com\/fr\/produit\/pe-traffic-cone-2\/","title":{"rendered":"C\u00f4ne de signalisation PE 50 CM"},"content":{"rendered":"<h2>C\u00f4ne de signalisation PE 50 CM<\/h2>\n<p>50 CM PE traffic cone features:<\/p>\n<ul>\n<li>Mat\u00e9riau PE haute r\u00e9sistance : r\u00e9sistant \u00e0 la pression et aux chocs, avec une longue dur\u00e9e de vie.<\/li>\n<li>Des couleurs qui attirent l'attention : La combinaison du rouge et du blanc a un effet d'avertissement important.<\/li>\n<li>Reflective film design: Strong visibility at night, enhancing safety.<\/li>\n<li>Poids de base : R\u00e9sistant au vent et stable, il ne risque pas de basculer.<\/li>\n<li>L\u00e9ger et facile \u00e0 transporter : Convient pour un d\u00e9ploiement et un d\u00e9placement rapides.<\/li>\n<li>Forte r\u00e9sistance aux intemp\u00e9ries : Protection contre le soleil et la pluie, adapt\u00e9e \u00e0 divers environnements ext\u00e9rieurs.<\/li>\n<\/ul>\n<table>\n<tbody>\n<tr>\n<td width=\"284\">ART NO.<\/td>\n<td width=\"284\">TC50PE<\/td>\n<\/tr>\n<tr>\n<td width=\"284\">MAT\u00c9RIAU<\/td>\n<td width=\"284\">PE+ caoutchouc<\/td>\n<\/tr>\n<tr>\n<td width=\"284\">Hauteur<\/td>\n<td width=\"284\">50 CM, 75\/100 CM for choice<\/td>\n<\/tr>\n<tr>\n<td width=\"284\">Taille de la base<\/td>\n<td width=\"284\">28*28 CM<\/td>\n<\/tr>\n<tr>\n<td width=\"284\">Poids<\/td>\n<td width=\"284\">1.5 KG\/PC<\/td>\n<\/tr>\n<tr>\n<td width=\"284\">BANDE R\u00c9FL\u00c9CHISSANTE<\/td>\n<td width=\"284\">11 CM<\/td>\n<\/tr>\n<tr>\n<td width=\"284\">COULEUR<\/td>\n<td width=\"284\">ROUGE\/NOIR<\/td>\n<\/tr>\n<tr>\n<td width=\"284\">20GP QT\u00c9<\/td>\n<td width=\"284\">11000 PCS<\/td>\n<\/tr>\n<tr>\n<td width=\"284\">MOQ<\/td>\n<td width=\"284\">500 PCS<\/td>\n<\/tr>\n<\/tbody>\n<\/table>\n<p><img fetchpriority=\"high\" decoding=\"async\" class=\"alignnone wp-image-12327\" src=\"https:\/\/toprisesafety.com\/wp-content\/uploads\/2025\/05\/PE-TRAFFIC-CONE-4-300x300.png\" alt=\"\" width=\"579\" height=\"579\" srcset=\"https:\/\/toprisesafety.com\/wp-content\/uploads\/2025\/05\/PE-TRAFFIC-CONE-4-300x300.png 300w, https:\/\/toprisesafety.com\/wp-content\/uploads\/2025\/05\/PE-TRAFFIC-CONE-4-1024x1024.png 1024w, https:\/\/toprisesafety.com\/wp-content\/uploads\/2025\/05\/PE-TRAFFIC-CONE-4-150x150.png 150w, https:\/\/toprisesafety.com\/wp-content\/uploads\/2025\/05\/PE-TRAFFIC-CONE-4-768x768.png 768w, https:\/\/toprisesafety.com\/wp-content\/uploads\/2025\/05\/PE-TRAFFIC-CONE-4-1536x1536.png 1536w, https:\/\/toprisesafety.com\/wp-content\/uploads\/2025\/05\/PE-TRAFFIC-CONE-4-2048x2048.png 2048w, https:\/\/toprisesafety.com\/wp-content\/uploads\/2025\/05\/PE-TRAFFIC-CONE-4-600x600.png 600w, https:\/\/toprisesafety.com\/wp-content\/uploads\/2025\/05\/PE-TRAFFIC-CONE-4-100x100.png 100w\" sizes=\"(max-width: 579px) 100vw, 579px\" \/><\/p>\n<table>\n<tbody>\n<tr>\n<td width=\"81\"><strong><b>ART NO.<\/b><\/strong><\/td>\n<td width=\"103\"><strong><b>HAUTEUR \/CM<\/b><\/strong><\/td>\n<td width=\"127\"><strong><b>TAILLE DE LA BASE \/CM<\/b><\/strong><\/td>\n<td width=\"174\"><strong><b>TAILLE DE R\u00c9FLEXION \/CM<\/b><\/strong><\/td>\n<td width=\"125\"><strong><b>POIDS\/KGS<\/b><\/strong><\/td>\n<\/tr>\n<tr>\n<td width=\"81\">TC50PE<\/td>\n<td width=\"103\">50<\/td>\n<td width=\"127\">28\u00d728<\/td>\n<td width=\"174\">11<\/td>\n<td width=\"125\">1.5<\/td>\n<\/tr>\n<tr>\n<td width=\"81\">TC75PE<\/td>\n<td width=\"103\">75<\/td>\n<td width=\"127\">38\u00d738<\/td>\n<td width=\"174\">22<\/td>\n<td width=\"125\">2.5<\/td>\n<\/tr>\n<tr>\n<td width=\"81\">TC100PE<\/td>\n<td width=\"103\">100<\/td>\n<td width=\"127\">49\u00d749<\/td>\n<td width=\"174\">32<\/td>\n<td width=\"125\">5.0<\/td>\n<\/tr>\n<\/tbody>\n<\/table>\n<p>TOPRISE prend en charge diff\u00e9rents styles de personnalisation des c\u00f4nes de signalisation ; cliquez pour <a href=\"https:\/\/toprisesafety.com\/fr\/categorie-produit\/road-safety-products\/traffic-cone\/\">voir d'autres mod\u00e8les de c\u00f4nes de signalisation.<\/a><\/p>\n<p>Si vous ne trouvez pas les c\u00f4nes de signalisation n\u00e9cessaires, <a href=\"https:\/\/toprisesafety.com\/fr\/contact-us\/\">nous contacter ;<\/a> nous offrons la possibilit\u00e9 d'une personnalisation sp\u00e9ciale.<\/p>","protected":false},"excerpt":{"rendered":"<p>C\u00f4ne de signalisation PE 50 CM<\/p>\n<p>&nbsp;<\/p>\n<p>Art No..: TC50PE<\/p>\n<p>Mat\u00e9riau : PE+RUBBER<\/p>\n<p>Hauteur : 50 CM<\/p>\n<p>Taille de la base : 28*28 CM<\/p>\n<p>Weight: 1.5 KGS\/ PC<\/p>\n<p>Reflective tape size: 11 CM<\/p>\n<p>MOQ : 500 PCS<\/p>","protected":false},"featured_media":12318,"template":"","meta":{"_acf_changed":false},"product_brand":[],"product_cat":[325,395],"product_tag":[],"class_list":{"0":"post-12316","1":"product","2":"type-product","3":"status-publish","4":"has-post-thumbnail","6":"product_cat-road-safety-products","7":"product_cat-traffic-cone","9":"first","10":"instock","11":"shipping-taxable","12":"product-type-simple"},"acf":[],"_links":{"self":[{"href":"https:\/\/toprisesafety.com\/fr\/wp-json\/wp\/v2\/product\/12316","targetHints":{"allow":["GET"]}}],"collection":[{"href":"https:\/\/toprisesafety.com\/fr\/wp-json\/wp\/v2\/product"}],"about":[{"href":"https:\/\/toprisesafety.com\/fr\/wp-json\/wp\/v2\/types\/product"}],"wp:featuredmedia":[{"embeddable":true,"href":"https:\/\/toprisesafety.com\/fr\/wp-json\/wp\/v2\/media\/12318"}],"wp:attachment":[{"href":"https:\/\/toprisesafety.com\/fr\/wp-json\/wp\/v2\/media?parent=12316"}],"wp:term":[{"taxonomy":"product_brand","embeddable":true,"href":"https:\/\/toprisesafety.com\/fr\/wp-json\/wp\/v2\/product_brand?post=12316"},{"taxonomy":"product_cat","embeddable":true,"href":"https:\/\/toprisesafety.com\/fr\/wp-json\/wp\/v2\/product_cat?post=12316"},{"taxonomy":"product_tag","embeddable":true,"href":"https:\/\/toprisesafety.com\/fr\/wp-json\/wp\/v2\/product_tag?post=12316"}],"curies":[{"name":"wp","href":"https:\/\/api.w.org\/{rel}","templated":true}]}}