{"id":12294,"date":"2025-05-10T02:54:37","date_gmt":"2025-05-10T02:54:37","guid":{"rendered":"https:\/\/toprisesafety.com\/?post_type=product&#038;p=12294"},"modified":"2025-05-12T02:42:40","modified_gmt":"2025-05-12T02:42:40","slug":"round-solar-led-warning-light","status":"publish","type":"product","link":"https:\/\/toprisesafety.com\/fr\/produit\/round-solar-led-warning-light\/","title":{"rendered":"Lampe d'avertissement solaire LED ronde"},"content":{"rendered":"<p>Lampe d'avertissement solaire LED ronde<\/p>\n<p>Lampe d'avertissement solaire LED ronde Caract\u00e9ristiques :<\/p>\n<ul>\n<li>Aliment\u00e9 par l'\u00e9nergie solaire : Aliment\u00e9 par l'\u00e9nergie solaire, il n'est pas n\u00e9cessaire de remplacer les piles, ce qui le rend respectueux de l'environnement et permet d'\u00e9conomiser de l'\u00e9nergie.<\/li>\n<li>Magn\u00e9tisme puissant : La conception magn\u00e9tique inf\u00e9rieure facilite la fixation rapide sur la surface m\u00e9tallique, garantissant stabilit\u00e9 et fiabilit\u00e9.<\/li>\n<li>Haute luminosit\u00e9 : La lumi\u00e8re clignotante \u00e0 LED rouge fournit des avertissements clairs la nuit ou dans des environnements \u00e0 faible visibilit\u00e9.<\/li>\n<li>Conception durable : coque robuste, \u00e9tanche \u00e0 l'eau et \u00e0 la poussi\u00e8re, adapt\u00e9e aux environnements difficiles.<\/li>\n<li>Polyvalence : convient \u00e0 divers sc\u00e9narios tels que l'orientation du trafic et l'alerte en cas d'urgence, ce qui renforce la s\u00e9curit\u00e9.<\/li>\n<\/ul>\n<table>\n<tbody>\n<tr>\n<td width=\"426\">ART NO.<\/td>\n<td width=\"426\">WL20<\/td>\n<\/tr>\n<tr>\n<td width=\"426\">TAILLE<\/td>\n<td width=\"426\">13,2 MM de hauteur * 100 MM de largeur<\/td>\n<\/tr>\n<tr>\n<td width=\"426\">MAT\u00c9RIAU<\/td>\n<td width=\"426\">ABS<\/td>\n<\/tr>\n<tr>\n<td width=\"426\">MODE DE TRAVAIL<\/td>\n<td width=\"426\">Il est possible de s\u00e9lectionner le flash, le flash en rafale et le flash permanent.<\/td>\n<\/tr>\n<tr>\n<td width=\"426\">SOURCE LUMINEUSE<\/td>\n<td width=\"426\">Diam\u00e8tre 5 MM * 6 PCS led<\/td>\n<\/tr>\n<tr>\n<td width=\"426\">Luminescence<\/td>\n<td width=\"426\">10000 MCD<\/td>\n<\/tr>\n<tr>\n<td width=\"426\">BATTERIE RECHARGEABLE<\/td>\n<td width=\"426\">Batterie rechargeable au nickel-m\u00e9tal-hydrure<\/td>\n<\/tr>\n<tr>\n<td width=\"426\">FR\u00c9QUENCE DU FLASH<\/td>\n<td width=\"426\">60+\/-5% fois\/minute, flash en rafale - la fr\u00e9quence des flashs est de 120+\/-5% fois par minute<\/td>\n<\/tr>\n<tr>\n<td width=\"426\">PUISSANCE<\/td>\n<td width=\"426\">0.3W<\/td>\n<\/tr>\n<tr>\n<td width=\"426\">NIVEAU DE PROTECTION<\/td>\n<td width=\"426\">IP64<\/td>\n<\/tr>\n<tr>\n<td width=\"426\">GAMME VISUELLE<\/td>\n<td width=\"426\">600-800M (la nuit)<\/td>\n<\/tr>\n<tr>\n<td width=\"426\">INSTRUCTIONS D'UTILISATION<\/td>\n<td width=\"426\">Allumez l'interrupteur et passez en mode automatique. Il clignotera automatiquement la nuit et s'\u00e9teindra automatiquement le jour.<\/td>\n<\/tr>\n<tr>\n<td width=\"426\">CANDIDATURE<\/td>\n<td width=\"426\">Protection de la s\u00e9curit\u00e9, travail sur les chantiers, etc.<\/td>\n<\/tr>\n<tr>\n<td width=\"426\">EMBALLAGE<\/td>\n<td width=\"426\">50 PCS\/CTN, 69*28*55 CM, 16 KGS<\/td>\n<\/tr>\n<\/tbody>\n<\/table>\n<p>TOPRISE prend en charge diff\u00e9rents styles de personnalisation des feux de signalisation. <a href=\"https:\/\/toprisesafety.com\/fr\/categorie-produit\/road-safety-products\/warning-lamp\/\">voir d'autres mod\u00e8les de feux de signalisation.<\/a><\/p>\n<p>Si vous ne trouvez pas le t\u00e9moin d'avertissement requis,<a href=\"https:\/\/toprisesafety.com\/fr\/contact-us\/\"> nous contacter ;<\/a> nous offrons la possibilit\u00e9 d'une personnalisation sp\u00e9ciale.<\/p>","protected":false},"excerpt":{"rendered":"<p>N\u00b0 d'art : WL20<\/p>\n<p>Couleur : transparent\/rouge\/jaune<\/p>\n<p>Source lumineuse : diam\u00e8tre 5mm * 6 PCS led, luminance : 10000 MCD<\/p>\n<p>Type de batterie rechargeable : Batterie rechargeable au nickel-m\u00e9tal-hydrure<\/p>\n<p>MOQ : 100 PCS<\/p>","protected":false},"featured_media":12298,"template":"","meta":{"_acf_changed":false},"product_brand":[],"product_cat":[325,337],"product_tag":[],"class_list":{"0":"post-12294","1":"product","2":"type-product","3":"status-publish","4":"has-post-thumbnail","6":"product_cat-road-safety-products","7":"product_cat-warning-lamp","9":"first","10":"instock","11":"shipping-taxable","12":"product-type-simple"},"acf":[],"_links":{"self":[{"href":"https:\/\/toprisesafety.com\/fr\/wp-json\/wp\/v2\/product\/12294"}],"collection":[{"href":"https:\/\/toprisesafety.com\/fr\/wp-json\/wp\/v2\/product"}],"about":[{"href":"https:\/\/toprisesafety.com\/fr\/wp-json\/wp\/v2\/types\/product"}],"wp:featuredmedia":[{"embeddable":true,"href":"https:\/\/toprisesafety.com\/fr\/wp-json\/wp\/v2\/media\/12298"}],"wp:attachment":[{"href":"https:\/\/toprisesafety.com\/fr\/wp-json\/wp\/v2\/media?parent=12294"}],"wp:term":[{"taxonomy":"product_brand","embeddable":true,"href":"https:\/\/toprisesafety.com\/fr\/wp-json\/wp\/v2\/product_brand?post=12294"},{"taxonomy":"product_cat","embeddable":true,"href":"https:\/\/toprisesafety.com\/fr\/wp-json\/wp\/v2\/product_cat?post=12294"},{"taxonomy":"product_tag","embeddable":true,"href":"https:\/\/toprisesafety.com\/fr\/wp-json\/wp\/v2\/product_tag?post=12294"}],"curies":[{"name":"wp","href":"https:\/\/api.w.org\/{rel}","templated":true}]}}