{"id":12291,"date":"2025-05-10T02:49:58","date_gmt":"2025-05-10T02:49:58","guid":{"rendered":"https:\/\/toprisesafety.com\/?post_type=product&#038;p=12291"},"modified":"2025-05-12T02:44:48","modified_gmt":"2025-05-12T02:44:48","slug":"led-traffic-flash-light","status":"publish","type":"product","link":"https:\/\/toprisesafety.com\/fr\/produit\/led-traffic-flash-light\/","title":{"rendered":"Feu \u00e0 \u00e9clats LED pour le trafic"},"content":{"rendered":"<h1>LED Traffic Flashlight<\/h1>\n<p>LED Traffic Flashlight Details of Different Sizes:<\/p>\n<ul>\n<li>54 cm\/41 cm Function: Shining, constantly on (single button control)<\/li>\n<li>36 cm\/26 cm Functions: flashing light, constantly lit, top lighting, tail magnet (single button control);<\/li>\n<li>29cm Functions: Flashing light, constantly lit, top lighting, tail magnet, electronic whistle (controlled by dual buttons);<\/li>\n<li>For lengths of 54 cm\/41 cm, two AA batteries are used; for lengths of 26 cm\/29 cm\/36 cm, three AA batteries are used.<\/li>\n<\/ul>\n<table>\n<tbody>\n<tr>\n<td width=\"426\">ART NO.<\/td>\n<td width=\"426\">WL19<\/td>\n<\/tr>\n<tr>\n<td width=\"426\">TAILLE<\/td>\n<td width=\"426\">26\/29\/36\/41\/54 CM length, 4 CM diameter<\/td>\n<\/tr>\n<tr>\n<td width=\"426\">MAT\u00c9RIAU<\/td>\n<td width=\"426\">PC+ABS<\/td>\n<\/tr>\n<tr>\n<td width=\"426\">MODE DE TRAVAIL<\/td>\n<td width=\"426\">Brillante, constamment allum\u00e9e, proche<\/td>\n<\/tr>\n<tr>\n<td width=\"426\">BATTERIE<\/td>\n<td width=\"426\">Two D batteries of size 41\/54 cm and 3 PCS AA batteries for 26\/29\/36cm.<\/td>\n<\/tr>\n<tr>\n<td width=\"426\">LED<\/td>\n<td width=\"426\">Diameter 5mm, 6 PCS\u00a0 led<\/td>\n<\/tr>\n<tr>\n<td width=\"426\">COULEUR<\/td>\n<td width=\"426\">Red\/Yellow\/Blue\/Green<\/td>\n<\/tr>\n<tr>\n<td width=\"426\">FR\u00c9QUENCE DU FLASH<\/td>\n<td width=\"426\">4 Hz<\/td>\n<\/tr>\n<tr>\n<td width=\"426\">CANDIDATURE<\/td>\n<td width=\"426\">Protection de la s\u00e9curit\u00e9, r\u00e9gulation du trafic, etc.<\/td>\n<\/tr>\n<\/tbody>\n<\/table>\n<p>TOPRISE prend en charge diff\u00e9rents styles de personnalisation des feux de signalisation. <a href=\"https:\/\/toprisesafety.com\/fr\/categorie-produit\/road-safety-products\/warning-lamp\/\">voir d'autres mod\u00e8les de feux de signalisation.<\/a><\/p>\n<p>Si vous ne trouvez pas le t\u00e9moin d'avertissement requis,<a href=\"https:\/\/toprisesafety.com\/fr\/contact-us\/\"> nous contacter ;<\/a> nous offrons la possibilit\u00e9 d'une personnalisation sp\u00e9ciale.<\/p>","protected":false},"excerpt":{"rendered":"<p>Art No.: WL19<\/p>\n<p>Couleur : rouge\/jaune\/bleu\/vert<\/p>\n<p>Size: 26\/29\/36\/41\/54 CM length, 4 CM diameter<\/p>\n<p>Mat\u00e9riau : PC+ABS<\/p>\n<p>Battery: Two D batteries of size 41\/54 cm, 3 PCS AA batteries for 26\/29\/36cm.<\/p>\n<p>MOQ : 500 PCS<\/p>","protected":false},"featured_media":12292,"template":"","meta":{"_acf_changed":false},"product_brand":[],"product_cat":[325,337],"product_tag":[],"class_list":{"0":"post-12291","1":"product","2":"type-product","3":"status-publish","4":"has-post-thumbnail","6":"product_cat-road-safety-products","7":"product_cat-warning-lamp","9":"first","10":"instock","11":"shipping-taxable","12":"product-type-simple"},"acf":[],"_links":{"self":[{"href":"https:\/\/toprisesafety.com\/fr\/wp-json\/wp\/v2\/product\/12291"}],"collection":[{"href":"https:\/\/toprisesafety.com\/fr\/wp-json\/wp\/v2\/product"}],"about":[{"href":"https:\/\/toprisesafety.com\/fr\/wp-json\/wp\/v2\/types\/product"}],"wp:featuredmedia":[{"embeddable":true,"href":"https:\/\/toprisesafety.com\/fr\/wp-json\/wp\/v2\/media\/12292"}],"wp:attachment":[{"href":"https:\/\/toprisesafety.com\/fr\/wp-json\/wp\/v2\/media?parent=12291"}],"wp:term":[{"taxonomy":"product_brand","embeddable":true,"href":"https:\/\/toprisesafety.com\/fr\/wp-json\/wp\/v2\/product_brand?post=12291"},{"taxonomy":"product_cat","embeddable":true,"href":"https:\/\/toprisesafety.com\/fr\/wp-json\/wp\/v2\/product_cat?post=12291"},{"taxonomy":"product_tag","embeddable":true,"href":"https:\/\/toprisesafety.com\/fr\/wp-json\/wp\/v2\/product_tag?post=12291"}],"curies":[{"name":"wp","href":"https:\/\/api.w.org\/{rel}","templated":true}]}}