{"id":12274,"date":"2025-05-10T02:28:24","date_gmt":"2025-05-10T02:28:24","guid":{"rendered":"https:\/\/toprisesafety.com\/?post_type=product&#038;p=12274"},"modified":"2025-05-12T02:56:54","modified_gmt":"2025-05-12T02:56:54","slug":"solar-powered-pathway-driveway-lights","status":"publish","type":"product","link":"https:\/\/toprisesafety.com\/fr\/produit\/solar-powered-pathway-driveway-lights\/","title":{"rendered":"Lampes solaires pour all\u00e9es et chemins"},"content":{"rendered":"<h1>Lampes solaires pour all\u00e9es et chemins<\/h1>\n<p>Lampes solaires pour chemins d'acc\u00e8s Caract\u00e9ristiques :<\/p>\n<ul>\n<li>LED \u00e0 haute luminosit\u00e9, clairement visible la nuit.<\/li>\n<li>L'alimentation en \u00e9nergie solaire est \u00e9conome en \u00e9nergie et respectueuse de l'environnement.<\/li>\n<li>Coque en alliage d'aluminium, r\u00e9sistante \u00e0 la pression et durable.<\/li>\n<li>Contr\u00f4le automatique de la luminosit\u00e9, ouverture intelligente.<\/li>\n<li>Plusieurs couleurs sont disponibles pour r\u00e9pondre aux besoins des diff\u00e9rentes routes.<\/li>\n<li>Facilit\u00e9 d'installation et faible co\u00fbt d'entretien.<\/li>\n<\/ul>\n<table>\n<tbody>\n<tr>\n<td width=\"426\">ART NO.<\/td>\n<td width=\"426\">WL15<\/td>\n<\/tr>\n<tr>\n<td width=\"426\">TAILLE<\/td>\n<td width=\"426\">105*105*23MM<\/td>\n<\/tr>\n<tr>\n<td width=\"426\">MAT\u00c9RIAU<\/td>\n<td width=\"426\">Coque en aluminium moul\u00e9<\/td>\n<\/tr>\n<tr>\n<td width=\"426\">MODE DE TRAVAIL<\/td>\n<td width=\"426\">Brillant, constamment allum\u00e9<\/td>\n<\/tr>\n<tr>\n<td width=\"426\">POIDS DU PRODUIT<\/td>\n<td width=\"426\">292G<\/td>\n<\/tr>\n<tr>\n<td width=\"426\">BATTERIE<\/td>\n<td width=\"426\">Batterie 1,2V\/600mAh au nickel-m\u00e9tal-hydrure r\u00e9sistant aux temp\u00e9ratures \u00e9lev\u00e9es<\/td>\n<\/tr>\n<tr>\n<td width=\"426\">COULEUR<\/td>\n<td width=\"426\">blanc, jaune, rouge, vert, bleu<\/td>\n<\/tr>\n<tr>\n<td width=\"426\">HEURES DE TRAVAIL<\/td>\n<td width=\"426\">72 heures<\/td>\n<\/tr>\n<tr>\n<td width=\"426\">PUISSANCE<\/td>\n<td width=\"426\">monocristallin, 0,3 W, 2 V\/150 mA<\/td>\n<\/tr>\n<tr>\n<td width=\"426\">NIVEAU DE PROTECTION<\/td>\n<td width=\"426\">IP68<\/td>\n<\/tr>\n<tr>\n<td width=\"426\">GAMME VISUELLE<\/td>\n<td width=\"426\">&gt;1000M (la nuit)<\/td>\n<\/tr>\n<tr>\n<td width=\"426\">R\u00c9SISTANCE \u00c0 L'\u00c9CRASEMENT<\/td>\n<td width=\"426\">&gt;20 tonnes<\/td>\n<\/tr>\n<tr>\n<td width=\"426\">TEMPS DE TRAVAIL<\/td>\n<td width=\"426\">Il peut fonctionner pendant 72 heures sous une intensit\u00e9 lumineuse standard.<\/td>\n<\/tr>\n<tr>\n<td width=\"426\">MODE DE TRAVAIL<\/td>\n<td width=\"426\">Contr\u00f4le de la lumi\u00e8re<\/td>\n<\/tr>\n<tr>\n<td width=\"426\">CANDIDATURE<\/td>\n<td width=\"426\">Protection de la s\u00e9curit\u00e9, r\u00e9gulation du trafic, etc.<\/td>\n<\/tr>\n<\/tbody>\n<\/table>\n<p>TOPRISE prend en charge diff\u00e9rents styles de personnalisation des feux de signalisation. <a href=\"https:\/\/toprisesafety.com\/fr\/categorie-produit\/road-safety-products\/warning-lamp\/\">voir d'autres mod\u00e8les de feux de signalisation.<\/a><\/p>\n<p>Si vous ne trouvez pas le t\u00e9moin d'avertissement requis,<a href=\"https:\/\/toprisesafety.com\/fr\/contact-us\/\"> nous contacter ;<\/a> nous offrons la possibilit\u00e9 d'une personnalisation sp\u00e9ciale.<\/p>","protected":false},"excerpt":{"rendered":"<p>No. d'art : WL15<\/p>\n<p>Couleur : blanc, jaune, rouge, vert, bleu<\/p>\n<p>Taille : 105*105*23 MM<\/p>\n<p>Mat\u00e9riau : Coque en aluminium moul\u00e9<\/p>\n<p>MOQ : 500 PCS<\/p>","protected":false},"featured_media":12276,"template":"","meta":{"_acf_changed":false},"product_brand":[],"product_cat":[325,337],"product_tag":[],"class_list":{"0":"post-12274","1":"product","2":"type-product","3":"status-publish","4":"has-post-thumbnail","6":"product_cat-road-safety-products","7":"product_cat-warning-lamp","9":"first","10":"instock","11":"shipping-taxable","12":"product-type-simple"},"acf":[],"_links":{"self":[{"href":"https:\/\/toprisesafety.com\/fr\/wp-json\/wp\/v2\/product\/12274","targetHints":{"allow":["GET"]}}],"collection":[{"href":"https:\/\/toprisesafety.com\/fr\/wp-json\/wp\/v2\/product"}],"about":[{"href":"https:\/\/toprisesafety.com\/fr\/wp-json\/wp\/v2\/types\/product"}],"wp:featuredmedia":[{"embeddable":true,"href":"https:\/\/toprisesafety.com\/fr\/wp-json\/wp\/v2\/media\/12276"}],"wp:attachment":[{"href":"https:\/\/toprisesafety.com\/fr\/wp-json\/wp\/v2\/media?parent=12274"}],"wp:term":[{"taxonomy":"product_brand","embeddable":true,"href":"https:\/\/toprisesafety.com\/fr\/wp-json\/wp\/v2\/product_brand?post=12274"},{"taxonomy":"product_cat","embeddable":true,"href":"https:\/\/toprisesafety.com\/fr\/wp-json\/wp\/v2\/product_cat?post=12274"},{"taxonomy":"product_tag","embeddable":true,"href":"https:\/\/toprisesafety.com\/fr\/wp-json\/wp\/v2\/product_tag?post=12274"}],"curies":[{"name":"wp","href":"https:\/\/api.w.org\/{rel}","templated":true}]}}