{"id":12267,"date":"2025-05-10T02:16:42","date_gmt":"2025-05-10T02:16:42","guid":{"rendered":"https:\/\/toprisesafety.com\/?post_type=product&#038;p=12267"},"modified":"2025-05-12T03:01:37","modified_gmt":"2025-05-12T03:01:37","slug":"traffic-baton","status":"publish","type":"product","link":"https:\/\/toprisesafety.com\/fr\/produit\/traffic-baton\/","title":{"rendered":"Baton de la circulation"},"content":{"rendered":"<h1>Baton de la circulation<\/h1>\n<p>Traffic Baton Main Functions:<\/p>\n<ul>\n<li>The tube body has a lanyard and a magnet at the bottom<\/li>\n<li>The top of the baton is designed with a window breaker for emergency use.<\/li>\n<li>With a whistle warning sound<\/li>\n<li>Light source: LED light source, strobe, white light illumination.<\/li>\n<\/ul>\n<table>\n<tbody>\n<tr>\n<td width=\"426\">ART NO.<\/td>\n<td width=\"426\">WL13<\/td>\n<\/tr>\n<tr>\n<td width=\"426\">TAILLE<\/td>\n<td width=\"426\">30\/36\/54 CM length, 4 CM diameter<\/td>\n<\/tr>\n<tr>\n<td width=\"426\">MAT\u00c9RIAU<\/td>\n<td width=\"426\">PC+ABS<\/td>\n<\/tr>\n<tr>\n<td width=\"426\">MODE DE TRAVAIL<\/td>\n<td width=\"426\">Shining, constantly on, top lighting, siren warning<\/td>\n<\/tr>\n<tr>\n<td width=\"426\">BATTERIE<\/td>\n<td width=\"426\">Three AA batteries<\/td>\n<\/tr>\n<tr>\n<td width=\"426\">LUMINANCE<\/td>\n<td width=\"426\">10000 MCD<\/td>\n<\/tr>\n<tr>\n<td width=\"426\">COULEUR<\/td>\n<td width=\"426\">Red\/yellow\/blue\/green\/clear or multi-colors for choice.<\/td>\n<\/tr>\n<tr>\n<td width=\"426\">SIFFLET \u00c9LECTRONIQUE<\/td>\n<td width=\"426\">Greater than 120 dB<\/td>\n<\/tr>\n<tr>\n<td width=\"426\">HEURES DE TRAVAIL<\/td>\n<td width=\"426\">15 heures<\/td>\n<\/tr>\n<tr>\n<td width=\"426\">PUISSANCE<\/td>\n<td width=\"426\">0.3W<\/td>\n<\/tr>\n<tr>\n<td width=\"426\">NIVEAU DE PROTECTION<\/td>\n<td width=\"426\">IP64<\/td>\n<\/tr>\n<tr>\n<td width=\"426\">GAMME VISUELLE<\/td>\n<td width=\"426\">400-600M (la nuit)<\/td>\n<\/tr>\n<tr>\n<td width=\"426\">CANDIDATURE<\/td>\n<td width=\"426\">Protection de la s\u00e9curit\u00e9, r\u00e9gulation du trafic, etc.<\/td>\n<\/tr>\n<\/tbody>\n<\/table>\n<p>TOPRISE prend en charge diff\u00e9rents styles de personnalisation des feux de signalisation. <a href=\"https:\/\/toprisesafety.com\/fr\/categorie-produit\/road-safety-products\/warning-lamp\/\">voir d'autres mod\u00e8les de feux de signalisation.<\/a><\/p>\n<p>Si vous ne trouvez pas le t\u00e9moin d'avertissement requis,<a href=\"https:\/\/toprisesafety.com\/fr\/contact-us\/\"> nous contacter ;<\/a> nous offrons la possibilit\u00e9 d'une personnalisation sp\u00e9ciale.<\/p>","protected":false},"excerpt":{"rendered":"<p>Art No.: WL13<\/p>\n<p>Color: Blue\/red or other multi-colors for choice.<\/p>\n<p>Size: 30\/36\/54 CM length, 4 CM diameter<\/p>\n<p>Mat\u00e9riau : PC+ABS<\/p>\n<p>Battery: Three AA batteries<\/p>\n<p>MOQ : 500 PCS<\/p>","protected":false},"featured_media":12270,"template":"","meta":{"_acf_changed":false},"product_brand":[],"product_cat":[325,337],"product_tag":[],"class_list":{"0":"post-12267","1":"product","2":"type-product","3":"status-publish","4":"has-post-thumbnail","6":"product_cat-road-safety-products","7":"product_cat-warning-lamp","9":"first","10":"instock","11":"shipping-taxable","12":"product-type-simple"},"acf":[],"_links":{"self":[{"href":"https:\/\/toprisesafety.com\/fr\/wp-json\/wp\/v2\/product\/12267","targetHints":{"allow":["GET"]}}],"collection":[{"href":"https:\/\/toprisesafety.com\/fr\/wp-json\/wp\/v2\/product"}],"about":[{"href":"https:\/\/toprisesafety.com\/fr\/wp-json\/wp\/v2\/types\/product"}],"wp:featuredmedia":[{"embeddable":true,"href":"https:\/\/toprisesafety.com\/fr\/wp-json\/wp\/v2\/media\/12270"}],"wp:attachment":[{"href":"https:\/\/toprisesafety.com\/fr\/wp-json\/wp\/v2\/media?parent=12267"}],"wp:term":[{"taxonomy":"product_brand","embeddable":true,"href":"https:\/\/toprisesafety.com\/fr\/wp-json\/wp\/v2\/product_brand?post=12267"},{"taxonomy":"product_cat","embeddable":true,"href":"https:\/\/toprisesafety.com\/fr\/wp-json\/wp\/v2\/product_cat?post=12267"},{"taxonomy":"product_tag","embeddable":true,"href":"https:\/\/toprisesafety.com\/fr\/wp-json\/wp\/v2\/product_tag?post=12267"}],"curies":[{"name":"wp","href":"https:\/\/api.w.org\/{rel}","templated":true}]}}