{"id":12257,"date":"2025-05-10T01:59:38","date_gmt":"2025-05-10T01:59:38","guid":{"rendered":"https:\/\/toprisesafety.com\/?post_type=product&#038;p=12257"},"modified":"2025-05-12T03:04:02","modified_gmt":"2025-05-12T03:04:02","slug":"traffic-flashing-solar-warning-lamp","status":"publish","type":"product","link":"https:\/\/toprisesafety.com\/fr\/produit\/traffic-flashing-solar-warning-lamp\/","title":{"rendered":"Feu d'avertissement solaire clignotant pour la circulation"},"content":{"rendered":"<h1>Feu d'avertissement solaire clignotant pour la circulation<\/h1>\n<p>Lampe d'avertissement solaire clignotante pour la circulation Caract\u00e9ristiques :<\/p>\n<ul>\n<li>Interrupteur int\u00e9gr\u00e9 : 1. le mode flash s'\u00e9teint automatiquement le jour et clignote la nuit. 2. Passez en mode arr\u00eat et coupez l'alimentation \u00e9lectrique.<\/li>\n<li>Crochets en plastique tr\u00e8s r\u00e9sistants : faciles \u00e0 fixer et r\u00e9sistants au vol. Le manchon du c\u00f4ne de route peut \u00eatre fix\u00e9 facilement sur le c\u00f4ne de route.<\/li>\n<li>Large champ d'application : utilis\u00e9 pour la s\u00e9curit\u00e9 routi\u00e8re, la construction de routes et les fonctions d'avertissement.<\/li>\n<li>La couleur, le nombre de LED et le mode de fonctionnement peuvent \u00eatre personnalis\u00e9s en fonction des besoins du client.<\/li>\n<\/ul>\n<table>\n<tbody>\n<tr>\n<td width=\"426\">ART NO.<\/td>\n<td width=\"426\">WL10<\/td>\n<\/tr>\n<tr>\n<td width=\"426\">TAILLE<\/td>\n<td width=\"426\">34 CM de hauteur * 18,5 CM de diam\u00e8tre<\/td>\n<\/tr>\n<tr>\n<td width=\"426\">MAT\u00c9RIAU<\/td>\n<td width=\"426\">PC<\/td>\n<\/tr>\n<tr>\n<td width=\"426\">MODE DE TRAVAIL<\/td>\n<td width=\"426\">Brillant ou constamment allum\u00e9<\/td>\n<\/tr>\n<tr>\n<td width=\"426\">SOURCE LUMINEUSE<\/td>\n<td width=\"426\">Diam\u00e8tre 5 MM * 6 PCS led<\/td>\n<\/tr>\n<tr>\n<td width=\"426\">Luminescence<\/td>\n<td width=\"426\">10000 MCD<\/td>\n<\/tr>\n<tr>\n<td width=\"426\">BATTERIE RECHARGEABLE<\/td>\n<td width=\"426\">Batterie rechargeable au nickel-m\u00e9tal-hydrure<\/td>\n<\/tr>\n<tr>\n<td width=\"426\">PUISSANCE<\/td>\n<td width=\"426\">0.3W<\/td>\n<\/tr>\n<tr>\n<td width=\"426\">NIVEAU DE PROTECTION<\/td>\n<td width=\"426\">IP64<\/td>\n<\/tr>\n<tr>\n<td width=\"426\">GAMME VISUELLE<\/td>\n<td width=\"426\">650-700M (la nuit)<\/td>\n<\/tr>\n<tr>\n<td width=\"426\">INSTRUCTIONS D'UTILISATION<\/td>\n<td width=\"426\">Mode flash : S'\u00e9teint automatiquement le jour et clignote automatiquement la nuit. \u00c9teindre l'appareil et couper l'alimentation \u00e9lectrique.<\/td>\n<\/tr>\n<tr>\n<td width=\"426\">CANDIDATURE<\/td>\n<td width=\"426\">Protection de la s\u00e9curit\u00e9, travail sur les chantiers, etc.<\/td>\n<\/tr>\n<tr>\n<td width=\"426\">EMBALLAGE<\/td>\n<td width=\"426\">12 PCS\/CTN, 48*34*37 CM , 8 KGS<\/td>\n<\/tr>\n<\/tbody>\n<\/table>\n<p>TOPRISE prend en charge diff\u00e9rents styles de personnalisation des feux de signalisation. <a href=\"https:\/\/toprisesafety.com\/fr\/categorie-produit\/road-safety-products\/warning-lamp\/\">voir d'autres mod\u00e8les de feux de signalisation.<\/a><\/p>\n<p>Si vous ne trouvez pas le t\u00e9moin d'avertissement requis,<a href=\"https:\/\/toprisesafety.com\/fr\/contact-us\/\"> nous contacter ;<\/a> nous offrons la possibilit\u00e9 d'une personnalisation sp\u00e9ciale.<\/p>","protected":false},"excerpt":{"rendered":"<p>No. d'art : WL10<\/p>\n<p>Couleur : Rouge\/Orange<\/p>\n<p>Taille : 34 CM de hauteur * 18,5 CM de diam\u00e8tre<\/p>\n<p>Type de batterie rechargeable : Batterie rechargeable au nickel-m\u00e9tal-hydrure<\/p>\n<p>MOQ : 100 PCS<\/p>","protected":false},"featured_media":12258,"template":"","meta":{"_acf_changed":false},"product_brand":[],"product_cat":[325,337],"product_tag":[],"class_list":{"0":"post-12257","1":"product","2":"type-product","3":"status-publish","4":"has-post-thumbnail","6":"product_cat-road-safety-products","7":"product_cat-warning-lamp","9":"first","10":"instock","11":"shipping-taxable","12":"product-type-simple"},"acf":[],"_links":{"self":[{"href":"https:\/\/toprisesafety.com\/fr\/wp-json\/wp\/v2\/product\/12257"}],"collection":[{"href":"https:\/\/toprisesafety.com\/fr\/wp-json\/wp\/v2\/product"}],"about":[{"href":"https:\/\/toprisesafety.com\/fr\/wp-json\/wp\/v2\/types\/product"}],"wp:featuredmedia":[{"embeddable":true,"href":"https:\/\/toprisesafety.com\/fr\/wp-json\/wp\/v2\/media\/12258"}],"wp:attachment":[{"href":"https:\/\/toprisesafety.com\/fr\/wp-json\/wp\/v2\/media?parent=12257"}],"wp:term":[{"taxonomy":"product_brand","embeddable":true,"href":"https:\/\/toprisesafety.com\/fr\/wp-json\/wp\/v2\/product_brand?post=12257"},{"taxonomy":"product_cat","embeddable":true,"href":"https:\/\/toprisesafety.com\/fr\/wp-json\/wp\/v2\/product_cat?post=12257"},{"taxonomy":"product_tag","embeddable":true,"href":"https:\/\/toprisesafety.com\/fr\/wp-json\/wp\/v2\/product_tag?post=12257"}],"curies":[{"name":"wp","href":"https:\/\/api.w.org\/{rel}","templated":true}]}}