{"id":12244,"date":"2025-05-10T01:42:08","date_gmt":"2025-05-10T01:42:08","guid":{"rendered":"https:\/\/toprisesafety.com\/?post_type=product&#038;p=12244"},"modified":"2025-05-12T03:05:44","modified_gmt":"2025-05-12T03:05:44","slug":"solar-energy-led-beacon-light","status":"publish","type":"product","link":"https:\/\/toprisesafety.com\/fr\/produit\/solar-energy-led-beacon-light\/","title":{"rendered":"Feu \u00e0 Led \u00e0 \u00e9nergie solaire"},"content":{"rendered":"<h1>Feu \u00e0 Led \u00e0 \u00e9nergie solaire<\/h1>\n<p>Lampe de poche LED \u00e0 \u00e9nergie solaire Caract\u00e9ristiques :<\/p>\n<ul>\n<li>Alimentation en \u00e9nergie solaire : \u00c9quip\u00e9 de panneaux solaires, \u00e9conomes en \u00e9nergie et respectueux de l'environnement.<\/li>\n<li>Haute visibilit\u00e9 : La coque rouge et orange offre une tr\u00e8s grande visibilit\u00e9.<\/li>\n<li>Forte durabilit\u00e9 : Il est dot\u00e9 d'une coque en plastique de haute qualit\u00e9, r\u00e9sistante \u00e0 la pression et aux chocs, et peut s'adapter \u00e0 divers environnements.<\/li>\n<li>Imperm\u00e9able \u00e0 l'eau et \u00e0 la poussi\u00e8re : Il poss\u00e8de d'excellentes fonctions d'\u00e9tanch\u00e9it\u00e9 \u00e0 l'eau et \u00e0 la poussi\u00e8re et convient \u00e0 une utilisation en ext\u00e9rieur.<\/li>\n<li>Effet d'avertissement clignotant : haute luminosit\u00e9, la fonction clignotante renforce efficacement l'effet d'avertissement.<\/li>\n<li>Facile \u00e0 installer : La conception structurelle est simple et s'adapte \u00e0 diverses exigences d'installation.<\/li>\n<\/ul>\n<table>\n<tbody>\n<tr>\n<td width=\"426\">ART NO.<\/td>\n<td width=\"426\">WL07<\/td>\n<\/tr>\n<tr>\n<td width=\"426\">TAILLE<\/td>\n<td width=\"426\">22,5 CM de longueur * 17,5 CM de largeur<\/td>\n<\/tr>\n<tr>\n<td width=\"426\">MAT\u00c9RIAU<\/td>\n<td width=\"426\">PC<\/td>\n<\/tr>\n<tr>\n<td width=\"426\">MODE DE TRAVAIL<\/td>\n<td width=\"426\">Rotation ou flash<\/td>\n<\/tr>\n<tr>\n<td width=\"426\">SOURCE LUMINEUSE<\/td>\n<td width=\"426\">Diam\u00e8tre 5 MM * 20 PCS led<\/td>\n<\/tr>\n<tr>\n<td width=\"426\">Luminescence<\/td>\n<td width=\"426\">10000 MCD<\/td>\n<\/tr>\n<tr>\n<td width=\"426\">BATTERIE RECHARGEABLE<\/td>\n<td width=\"426\">Batterie rechargeable au nickel-m\u00e9tal-hydrure ; elle peut fonctionner en continu pendant plus de 20 heures lorsqu'elle est compl\u00e8tement charg\u00e9e.<\/td>\n<\/tr>\n<tr>\n<td width=\"426\">PUISSANCE<\/td>\n<td width=\"426\">0.3W<\/td>\n<\/tr>\n<tr>\n<td width=\"426\">NIVEAU DE PROTECTION<\/td>\n<td width=\"426\">IP64<\/td>\n<\/tr>\n<tr>\n<td width=\"426\">GAMME VISUELLE<\/td>\n<td width=\"426\">400-600M (la nuit)<\/td>\n<\/tr>\n<tr>\n<td width=\"426\">INSTRUCTIONS D'UTILISATION<\/td>\n<td width=\"426\">Le mode flash s'\u00e9teint automatiquement le jour et se rallume automatiquement la nuit. \u00c9teignez l'appareil et coupez l'alimentation \u00e9lectrique. Aimant en fer \u00e0 haute r\u00e9sistance en option : peut \u00eatre fix\u00e9 sur des objets en fer.<\/td>\n<\/tr>\n<tr>\n<td width=\"426\">CANDIDATURE<\/td>\n<td width=\"426\">Protection de la s\u00e9curit\u00e9, travail sur les chantiers, etc.<\/td>\n<\/tr>\n<tr>\n<td width=\"426\">EMBALLAGE<\/td>\n<td width=\"426\">30 PCS\/CTN, 56.5*32.5*29 CM<\/td>\n<\/tr>\n<\/tbody>\n<\/table>\n<p>TOPRISE prend en charge diff\u00e9rents styles de personnalisation des feux de signalisation. <a href=\"https:\/\/toprisesafety.com\/fr\/categorie-produit\/road-safety-products\/warning-lamp\/\">voir d'autres mod\u00e8les de feux de signalisation.<\/a><\/p>\n<p>Si vous ne trouvez pas le t\u00e9moin d'avertissement requis,<a href=\"https:\/\/toprisesafety.com\/fr\/contact-us\/\"> nous contacter ;<\/a> nous offrons la possibilit\u00e9 d'une personnalisation sp\u00e9ciale.<\/p>","protected":false},"excerpt":{"rendered":"<p>N\u00b0 d'art : WL07<\/p>\n<p>Couleur : Rouge\/Orange<\/p>\n<p>Source lumineuse : diam\u00e8tre 5mm * 20 PCS LED, luminance : 10000 MCD<\/p>\n<p>Type de batterie rechargeable : Batterie rechargeable au nickel-m\u00e9tal-hydrure<\/p>\n<p>MOQ : 100 PCS<\/p>","protected":false},"featured_media":12247,"template":"","meta":{"_acf_changed":false},"product_brand":[],"product_cat":[325,337],"product_tag":[],"class_list":{"0":"post-12244","1":"product","2":"type-product","3":"status-publish","4":"has-post-thumbnail","6":"product_cat-road-safety-products","7":"product_cat-warning-lamp","9":"first","10":"instock","11":"shipping-taxable","12":"product-type-simple"},"acf":[],"_links":{"self":[{"href":"https:\/\/toprisesafety.com\/fr\/wp-json\/wp\/v2\/product\/12244"}],"collection":[{"href":"https:\/\/toprisesafety.com\/fr\/wp-json\/wp\/v2\/product"}],"about":[{"href":"https:\/\/toprisesafety.com\/fr\/wp-json\/wp\/v2\/types\/product"}],"wp:featuredmedia":[{"embeddable":true,"href":"https:\/\/toprisesafety.com\/fr\/wp-json\/wp\/v2\/media\/12247"}],"wp:attachment":[{"href":"https:\/\/toprisesafety.com\/fr\/wp-json\/wp\/v2\/media?parent=12244"}],"wp:term":[{"taxonomy":"product_brand","embeddable":true,"href":"https:\/\/toprisesafety.com\/fr\/wp-json\/wp\/v2\/product_brand?post=12244"},{"taxonomy":"product_cat","embeddable":true,"href":"https:\/\/toprisesafety.com\/fr\/wp-json\/wp\/v2\/product_cat?post=12244"},{"taxonomy":"product_tag","embeddable":true,"href":"https:\/\/toprisesafety.com\/fr\/wp-json\/wp\/v2\/product_tag?post=12244"}],"curies":[{"name":"wp","href":"https:\/\/api.w.org\/{rel}","templated":true}]}}