{"id":12236,"date":"2025-05-10T01:27:27","date_gmt":"2025-05-10T01:27:27","guid":{"rendered":"https:\/\/toprisesafety.com\/?post_type=product&#038;p=12236"},"modified":"2025-05-12T03:09:04","modified_gmt":"2025-05-12T03:09:04","slug":"solar-traffic-alarm-lamp","status":"publish","type":"product","link":"https:\/\/toprisesafety.com\/fr\/produit\/solar-traffic-alarm-lamp\/","title":{"rendered":"Lampe solaire d'alarme de trafic"},"content":{"rendered":"<h1>Lampe solaire d'alarme de trafic<\/h1>\n<p>Solar Traffic Alarm Lamp features:<\/p>\n<ul>\n<li>Fonctionne \u00e0 l'\u00e9nergie solaire : Utilisant l'\u00e9nergie solaire, il est respectueux de l'environnement et \u00e9conome en \u00e9nergie, et aucun remplacement de batterie n'est n\u00e9cessaire.<\/li>\n<li>Mat\u00e9riaux durables : Fabriqu\u00e9 en plastique durable et en structures m\u00e9talliques, il peut s'adapter \u00e0 divers environnements.<\/li>\n<li>Haute visibilit\u00e9 : haute luminosit\u00e9, ce qui permet d'am\u00e9liorer consid\u00e9rablement la visibilit\u00e9 dans les environnements \u00e0 faible luminosit\u00e9.<\/li>\n<li>Personnalisation du LOGO : Permet de personnaliser le LOGO, adapt\u00e9 \u00e0 la promotion des entreprises.<\/li>\n<li>Personnalisation de l'emballage : Nous proposons des options d'emballage personnalis\u00e9es pour r\u00e9pondre aux diverses demandes du march\u00e9.<\/li>\n<\/ul>\n<table style=\"height: 791px;\" width=\"866\">\n<tbody>\n<tr>\n<td width=\"426\">ART NO.<\/td>\n<td width=\"426\">WL05<\/td>\n<\/tr>\n<tr>\n<td width=\"426\">TAILLE<\/td>\n<td width=\"426\">23 CM de longueur * 18 CM de largeur<\/td>\n<\/tr>\n<tr>\n<td width=\"426\">MAT\u00c9RIAU<\/td>\n<td width=\"426\">L'objectif est en PS et la base en ABS<\/td>\n<\/tr>\n<tr>\n<td width=\"426\">MODE DE TRAVAIL<\/td>\n<td width=\"426\">Brillant ou toujours allum\u00e9<\/td>\n<\/tr>\n<tr>\n<td width=\"426\">SOURCE LUMINEUSE<\/td>\n<td width=\"426\">Diam\u00e8tre 5 MM * 6 PCS led<\/td>\n<\/tr>\n<tr>\n<td width=\"426\">Luminescence<\/td>\n<td width=\"426\">10000 MCD<\/td>\n<\/tr>\n<tr>\n<td width=\"426\">BATTERIE RECHARGEABLE<\/td>\n<td width=\"426\">Batterie rechargeable au nickel-m\u00e9tal-hydrure<\/td>\n<\/tr>\n<tr>\n<td width=\"426\">FR\u00c9QUENCE DU FLASH<\/td>\n<td width=\"426\">60+\/-5% fois\/minute<\/td>\n<\/tr>\n<tr>\n<td width=\"426\">PUISSANCE<\/td>\n<td width=\"426\">0.3W<\/td>\n<\/tr>\n<tr>\n<td width=\"426\">NIVEAU DE PROTECTION<\/td>\n<td width=\"426\">IP64<\/td>\n<\/tr>\n<tr>\n<td width=\"426\">GAMME VISUELLE<\/td>\n<td width=\"426\">400-600M (la nuit)<\/td>\n<\/tr>\n<tr>\n<td width=\"426\">INSTRUCTIONS D'UTILISATION<\/td>\n<td width=\"426\">Actionner l'interrupteur d'alimentation : Entrez dans le mode de d\u00e9tection du contr\u00f4le de la lumi\u00e8re. L'appareil s'\u00e9teint automatiquement le jour et clignote la nuit.<\/td>\n<\/tr>\n<tr>\n<td width=\"426\">CANDIDATURE<\/td>\n<td width=\"426\">Protection de la s\u00e9curit\u00e9, travail sur les chantiers, etc.<\/td>\n<\/tr>\n<tr>\n<td width=\"426\">EMBALLAGE<\/td>\n<td width=\"426\">30 PCS\/CTN, 56.5*32.5*29 CM<\/td>\n<\/tr>\n<\/tbody>\n<\/table>\n<p>TOPRISE prend en charge diff\u00e9rents styles de personnalisation des feux de signalisation. <a href=\"https:\/\/toprisesafety.com\/fr\/categorie-produit\/road-safety-products\/warning-lamp\/\">voir d'autres mod\u00e8les de feux de signalisation.<\/a><\/p>\n<p>Si vous ne trouvez pas le t\u00e9moin d'avertissement requis,<a href=\"https:\/\/toprisesafety.com\/fr\/contact-us\/\"> nous contacter ;<\/a> nous offrons la possibilit\u00e9 d'une personnalisation sp\u00e9ciale.<\/p>","protected":false},"excerpt":{"rendered":"<p>Art No.: WL05<\/p>\n<p>Couleur : Rouge<\/p>\n<p>Luminous source: diameter 5mm * 6PCS led , luminance: 10000 MCD<\/p>\n<p>Type de batterie rechargeable : Batterie rechargeable au nickel-m\u00e9tal-hydrure<\/p>\n<p>MOQ: 100PCS<\/p>","protected":false},"featured_media":12238,"template":"","meta":{"_acf_changed":false},"product_brand":[],"product_cat":[325,337],"product_tag":[391,392,181],"class_list":{"0":"post-12236","1":"product","2":"type-product","3":"status-publish","4":"has-post-thumbnail","6":"product_cat-road-safety-products","7":"product_cat-warning-lamp","8":"product_tag-solar-traffic-alarm-lamp","9":"product_tag-warning-lamp","10":"product_tag-warning-light","12":"first","13":"instock","14":"shipping-taxable","15":"product-type-simple"},"acf":[],"_links":{"self":[{"href":"https:\/\/toprisesafety.com\/fr\/wp-json\/wp\/v2\/product\/12236"}],"collection":[{"href":"https:\/\/toprisesafety.com\/fr\/wp-json\/wp\/v2\/product"}],"about":[{"href":"https:\/\/toprisesafety.com\/fr\/wp-json\/wp\/v2\/types\/product"}],"wp:featuredmedia":[{"embeddable":true,"href":"https:\/\/toprisesafety.com\/fr\/wp-json\/wp\/v2\/media\/12238"}],"wp:attachment":[{"href":"https:\/\/toprisesafety.com\/fr\/wp-json\/wp\/v2\/media?parent=12236"}],"wp:term":[{"taxonomy":"product_brand","embeddable":true,"href":"https:\/\/toprisesafety.com\/fr\/wp-json\/wp\/v2\/product_brand?post=12236"},{"taxonomy":"product_cat","embeddable":true,"href":"https:\/\/toprisesafety.com\/fr\/wp-json\/wp\/v2\/product_cat?post=12236"},{"taxonomy":"product_tag","embeddable":true,"href":"https:\/\/toprisesafety.com\/fr\/wp-json\/wp\/v2\/product_tag?post=12236"}],"curies":[{"name":"wp","href":"https:\/\/api.w.org\/{rel}","templated":true}]}}